{"id":9095,"date":"2020-02-11T07:51:54","date_gmt":"2020-02-11T06:51:54","guid":{"rendered":"http:\/\/barcelonagolfdestination.com\/?page_id=9095"},"modified":"2026-01-19T07:28:05","modified_gmt":"2026-01-19T06:28:05","slug":"home","status":"publish","type":"page","link":"https:\/\/barcelonagolfdestination.com\/fr\/","title":{"rendered":"Home"},"content":{"rendered":"<div class=\"wpb-content-wrapper\"><p>[vc_row full_width=\u00a0\u00bbstretch_row_content_no_spaces\u00a0\u00bb content_placement=\u00a0\u00bbmiddle\u00a0\u00bb content_text_aligment=\u00a0\u00bbcenter\u00a0\u00bb css=\u00a0\u00bb.vc_custom_1739219825641{margin-bottom: 20px !important;background-color: #00374c !important;}\u00a0\u00bb parallax_background_image=\u00a0\u00bb8183&Prime; parallax_bg_speed=\u00a0\u00bb0&Prime; parallax_bg_height=\u00a0\u00bb450&Prime; el_class=\u00a0\u00bbhome-golf-pass\u00a0\u00bb][vc_column]<div class=\"mkdf-call-to-action-holder boton-reservar mkdf-simple-layout \">\n\t<div class=\"mkdf-cta-inner \">\n\t\t<div class=\"mkdf-cta-text-holder\">\n\t\t\t<div class=\"mkdf-cta-text\">\n<h3 style=\"text-align: center;\"><span style=\"color: #ffffff;\"><strong>R\u00c9SERVEZ VOTRE GOLF PASS ET PROFITEZ DES MEILLEURS GOLFS<\/strong><\/span><\/h3>\n<p>&nbsp;<\/p>\n<div class=\"text-golf-pass\">\n<h5 class=\"golf-pass-prices\">3 parcours &#8211; 275\u20ac \/ Joueur<\/h5>\n<h5 class=\"golf-pass-prices\">4 parcours &#8211; 366\u20ac \/ Joueur<\/h5>\n<h5 class=\"golf-pass-prices\">5 parcours &#8211; 457\u20ac \/ Joueur<\/h5>\n<\/div>\n<\/div>\n\t\t<\/div>\n\t\t<div class=\"mkdf-cta-button-holder\" >\n\t\t\t<div class=\"mkdf-cta-button\"><a itemprop=\"url\" href=\"https:\/\/bookings.barcelonagolfdestination.com\/book\" target=\"_blank\" style=\"color: #ffffff;background-color: #00374c\" class=\"mkdf-btn mkdf-btn-large mkdf-btn-solid mkdf-btn-custom-hover-bg mkdf-btn-custom-border-hover mkdf-btn-custom-hover-color\" data-hover-color=\"#ffffff\" data-hover-bg-color=\"#00374c\" data-hover-border-color=\"#ffffff\" >    <span class=\"mkdf-btn-text\">R\u00c9SERVEZ VOTRE GOLF PASS BCN<\/span>    <\/a><\/div>\n\t\t<\/div>\n\t<\/div>\n<\/div>[vc_empty_space height=\u00a0\u00bb100&Prime;][\/vc_column][\/vc_row][vc_row row_content_width=\u00a0\u00bbgrid\u00a0\u00bb css=\u00a0\u00bb.vc_custom_1565543394502{margin-top: 50px !important;margin-bottom: 50px !important;}\u00a0\u00bb][vc_column]<div class=\"mkdf-section-title-holder titulo-home \" style=\"text-align: center\">\n\t<div class=\"mkdf-st-inner\">\n\t\t\t\t\t<h5 class=\"mkdf-st-subtitle\" style=\"color: #00374c\">\n\t\t\t\tSite officiel du\t\t\t<\/h5>\n\t\t\t\t\t\t\t<h1 class=\"mkdf-st-title\" >\n\t\t\t\tBarcelona Golf Destination\t\t\t<\/h1>\n\t\t\t\t\t<\/div>\n<\/div>[vc_column_text css=\u00a0\u00bb.vc_custom_1767964669962{margin-top: 20px !important;}\u00a0\u00bb]<\/p>\n<p style=\"text-align: center;\"><strong>Barcelona Golf Destination<\/strong> est l&rsquo;association de <strong>sept terrains de golf de la province de Barcelone<\/strong>.<\/p>\n<p style=\"text-align: center;\">Jouez au golf \u00e0 proximit\u00e9 d&rsquo;une des villes les plus cosmopolites et les plus visit\u00e9es au monde, et dont le climat vous permet de profiter du golf toute l&rsquo;ann\u00e9e. B\u00e9n\u00e9ficiez \u00e9galement d&rsquo;une offre d&rsquo;h\u00e9bergement vari\u00e9e et de terrains de golf de premi\u00e8re classe situ\u00e9s au sein d&rsquo;environnements divers qui accueillent les tournois nationaux et internationaux les plus prestigieux.<\/p>\n<p>[\/vc_column_text][\/vc_column][\/vc_row][vc_row row_content_width=\u00a0\u00bbgrid\u00a0\u00bb][vc_column width=\u00a0\u00bb1\/3&Prime;]<div class=\"mkdf-banner-holder banner_clubs mkdf-banner-one-column\">\n        <div class=\"mkdf-single-banner-holder\">\n        <div class=\"mkdf-banner-image\">\n            <img loading=\"lazy\" decoding=\"async\" width=\"800\" height=\"500\" src=\"https:\/\/barcelonagolfdestination.com\/wp-content\/uploads\/2020\/11\/real-club-golf-el-prat-banner-clubs.jpg\" class=\"attachment-full size-full\" alt=\"\" srcset=\"https:\/\/barcelonagolfdestination.com\/wp-content\/uploads\/2020\/11\/real-club-golf-el-prat-banner-clubs.jpg 800w, https:\/\/barcelonagolfdestination.com\/wp-content\/uploads\/2020\/11\/real-club-golf-el-prat-banner-clubs-300x188.jpg 300w, https:\/\/barcelonagolfdestination.com\/wp-content\/uploads\/2020\/11\/real-club-golf-el-prat-banner-clubs-768x480.jpg 768w\" sizes=\"auto, (max-width: 800px) 100vw, 800px\" \/>        <\/div>\n        <div class=\"mkdf-banner-text-holder\">\n            <div class=\"mkdf-banner-text-outer\">\n                <div class=\"mkdf-banner-text-inner\">\n                                        <div class=\"mkdf-banner-text-inner-image\">\n                        <img loading=\"lazy\" decoding=\"async\" width=\"800\" height=\"500\" src=\"https:\/\/barcelonagolfdestination.com\/wp-content\/uploads\/2020\/11\/logo-el-prat-banner-home.png\" class=\"attachment-full size-full\" alt=\"\" srcset=\"https:\/\/barcelonagolfdestination.com\/wp-content\/uploads\/2020\/11\/logo-el-prat-banner-home.png 800w, https:\/\/barcelonagolfdestination.com\/wp-content\/uploads\/2020\/11\/logo-el-prat-banner-home-300x188.png 300w, https:\/\/barcelonagolfdestination.com\/wp-content\/uploads\/2020\/11\/logo-el-prat-banner-home-768x480.png 768w\" sizes=\"auto, (max-width: 800px) 100vw, 800px\" \/>                    <\/div>\n                                    <\/div>\n            <\/div>\n        <\/div>\n                    <a itemprop=\"url\" class=\"mkdf-banner-link\" href=\"http:\/\/barcelonagolfdestination.com\/fr\/real-club-de-golf-el-prat\/\" target=\"_self\"><\/a>\n            <\/div>\n    <\/div>[vc_btn title=\u00a0\u00bbR\u00c9SERVER\u00a0\u00bb style=\u00a0\u00bbflat\u00a0\u00bb shape=\u00a0\u00bbsquare\u00a0\u00bb color=\u00a0\u00bbsuccess\u00a0\u00bb align=\u00a0\u00bbcenter\u00a0\u00bb button_block=\u00a0\u00bbtrue\u00a0\u00bb link=\u00a0\u00bburl:https%3A%2F%2Fopen.teeone.golf%2Fen%2Fprat|target:_blank\u00a0\u00bb][\/vc_column][vc_column width=\u00a0\u00bb1\/3&Prime;]<div class=\"mkdf-banner-holder banner_clubs mkdf-banner-one-column\">\n        <div class=\"mkdf-single-banner-holder\">\n        <div class=\"mkdf-banner-image\">\n            <img loading=\"lazy\" decoding=\"async\" width=\"800\" height=\"500\" src=\"https:\/\/barcelonagolfdestination.com\/wp-content\/uploads\/2022\/12\/club-golf-llavaneras-banner-clubs-2022-3.jpg\" class=\"attachment-full size-full\" alt=\"\" srcset=\"https:\/\/barcelonagolfdestination.com\/wp-content\/uploads\/2022\/12\/club-golf-llavaneras-banner-clubs-2022-3.jpg 800w, https:\/\/barcelonagolfdestination.com\/wp-content\/uploads\/2022\/12\/club-golf-llavaneras-banner-clubs-2022-3-300x188.jpg 300w, https:\/\/barcelonagolfdestination.com\/wp-content\/uploads\/2022\/12\/club-golf-llavaneras-banner-clubs-2022-3-768x480.jpg 768w\" sizes=\"auto, (max-width: 800px) 100vw, 800px\" \/>        <\/div>\n        <div class=\"mkdf-banner-text-holder\">\n            <div class=\"mkdf-banner-text-outer\">\n                <div class=\"mkdf-banner-text-inner\">\n                                        <div class=\"mkdf-banner-text-inner-image\">\n                        <img loading=\"lazy\" decoding=\"async\" width=\"800\" height=\"500\" src=\"https:\/\/barcelonagolfdestination.com\/wp-content\/uploads\/2022\/12\/logo-llavaneras-banner-home-2022-white.png\" class=\"attachment-full size-full\" alt=\"\" srcset=\"https:\/\/barcelonagolfdestination.com\/wp-content\/uploads\/2022\/12\/logo-llavaneras-banner-home-2022-white.png 800w, https:\/\/barcelonagolfdestination.com\/wp-content\/uploads\/2022\/12\/logo-llavaneras-banner-home-2022-white-300x188.png 300w, https:\/\/barcelonagolfdestination.com\/wp-content\/uploads\/2022\/12\/logo-llavaneras-banner-home-2022-white-768x480.png 768w\" sizes=\"auto, (max-width: 800px) 100vw, 800px\" \/>                    <\/div>\n                                    <\/div>\n            <\/div>\n        <\/div>\n                    <a itemprop=\"url\" class=\"mkdf-banner-link\" href=\"http:\/\/barcelonagolfdestination.com\/fr\/club-de-golf-llavaneras\/\" target=\"_self\"><\/a>\n            <\/div>\n    <\/div>[vc_btn title=\u00a0\u00bbR\u00c9SERVER\u00a0\u00bb style=\u00a0\u00bbflat\u00a0\u00bb shape=\u00a0\u00bbsquare\u00a0\u00bb color=\u00a0\u00bbsuccess\u00a0\u00bb align=\u00a0\u00bbcenter\u00a0\u00bb button_block=\u00a0\u00bbtrue\u00a0\u00bb link=\u00a0\u00bburl:https%3A%2F%2Fopen.teeone.golf%2Fen%2Fllavaneras|target:_blank\u00a0\u00bb][\/vc_column][vc_column width=\u00a0\u00bb1\/3&Prime;]<div class=\"mkdf-banner-holder banner_clubs mkdf-banner-one-column\">\n        <div class=\"mkdf-single-banner-holder\">\n        <div class=\"mkdf-banner-image\">\n            <img loading=\"lazy\" decoding=\"async\" width=\"800\" height=\"500\" src=\"https:\/\/barcelonagolfdestination.com\/wp-content\/uploads\/2020\/11\/club-golf-vallromanes-banner-clubs.jpg\" class=\"attachment-full size-full\" alt=\"\" srcset=\"https:\/\/barcelonagolfdestination.com\/wp-content\/uploads\/2020\/11\/club-golf-vallromanes-banner-clubs.jpg 800w, https:\/\/barcelonagolfdestination.com\/wp-content\/uploads\/2020\/11\/club-golf-vallromanes-banner-clubs-300x188.jpg 300w, https:\/\/barcelonagolfdestination.com\/wp-content\/uploads\/2020\/11\/club-golf-vallromanes-banner-clubs-768x480.jpg 768w\" sizes=\"auto, (max-width: 800px) 100vw, 800px\" \/>        <\/div>\n        <div class=\"mkdf-banner-text-holder\">\n            <div class=\"mkdf-banner-text-outer\">\n                <div class=\"mkdf-banner-text-inner\">\n                                        <div class=\"mkdf-banner-text-inner-image\">\n                        <img loading=\"lazy\" decoding=\"async\" width=\"800\" height=\"500\" src=\"https:\/\/barcelonagolfdestination.com\/wp-content\/uploads\/2020\/11\/logo-vallromanes-banner-home.png\" class=\"attachment-full size-full\" alt=\"\" srcset=\"https:\/\/barcelonagolfdestination.com\/wp-content\/uploads\/2020\/11\/logo-vallromanes-banner-home.png 800w, https:\/\/barcelonagolfdestination.com\/wp-content\/uploads\/2020\/11\/logo-vallromanes-banner-home-300x188.png 300w, https:\/\/barcelonagolfdestination.com\/wp-content\/uploads\/2020\/11\/logo-vallromanes-banner-home-768x480.png 768w\" sizes=\"auto, (max-width: 800px) 100vw, 800px\" \/>                    <\/div>\n                                    <\/div>\n            <\/div>\n        <\/div>\n                    <a itemprop=\"url\" class=\"mkdf-banner-link\" href=\"http:\/\/barcelonagolfdestination.com\/fr\/club-de-golf-vallromanes\" target=\"_self\"><\/a>\n            <\/div>\n    <\/div>[vc_btn title=\u00a0\u00bbR\u00c9SERVER\u00a0\u00bb style=\u00a0\u00bbflat\u00a0\u00bb shape=\u00a0\u00bbsquare\u00a0\u00bb color=\u00a0\u00bbsuccess\u00a0\u00bb align=\u00a0\u00bbcenter\u00a0\u00bb button_block=\u00a0\u00bbtrue\u00a0\u00bb link=\u00a0\u00bburl:https%3A%2F%2Fopen.teeone.golf%2Fen%2Fvallromanes|target:_blank\u00a0\u00bb][\/vc_column][\/vc_row][vc_row row_content_width=\u00a0\u00bbgrid\u00a0\u00bb][vc_column width=\u00a0\u00bb1\/3&Prime;]<div class=\"mkdf-banner-holder banner_clubs mkdf-banner-one-column\">\n        <div class=\"mkdf-single-banner-holder\">\n        <div class=\"mkdf-banner-image\">\n            <img loading=\"lazy\" decoding=\"async\" width=\"800\" height=\"500\" src=\"https:\/\/barcelonagolfdestination.com\/wp-content\/uploads\/2020\/11\/club-golf-barcelona-banner-clubs.jpg\" class=\"attachment-full size-full\" alt=\"\" srcset=\"https:\/\/barcelonagolfdestination.com\/wp-content\/uploads\/2020\/11\/club-golf-barcelona-banner-clubs.jpg 800w, https:\/\/barcelonagolfdestination.com\/wp-content\/uploads\/2020\/11\/club-golf-barcelona-banner-clubs-300x188.jpg 300w, https:\/\/barcelonagolfdestination.com\/wp-content\/uploads\/2020\/11\/club-golf-barcelona-banner-clubs-768x480.jpg 768w\" sizes=\"auto, (max-width: 800px) 100vw, 800px\" \/>        <\/div>\n        <div class=\"mkdf-banner-text-holder\">\n            <div class=\"mkdf-banner-text-outer\">\n                <div class=\"mkdf-banner-text-inner\">\n                                        <div class=\"mkdf-banner-text-inner-image\">\n                        <img loading=\"lazy\" decoding=\"async\" width=\"800\" height=\"500\" src=\"https:\/\/barcelonagolfdestination.com\/wp-content\/uploads\/2020\/11\/logo-barcelona-banner-home.png\" class=\"attachment-full size-full\" alt=\"\" srcset=\"https:\/\/barcelonagolfdestination.com\/wp-content\/uploads\/2020\/11\/logo-barcelona-banner-home.png 800w, https:\/\/barcelonagolfdestination.com\/wp-content\/uploads\/2020\/11\/logo-barcelona-banner-home-300x188.png 300w, https:\/\/barcelonagolfdestination.com\/wp-content\/uploads\/2020\/11\/logo-barcelona-banner-home-768x480.png 768w\" sizes=\"auto, (max-width: 800px) 100vw, 800px\" \/>                    <\/div>\n                                    <\/div>\n            <\/div>\n        <\/div>\n                    <a itemprop=\"url\" class=\"mkdf-banner-link\" href=\"http:\/\/barcelonagolfdestination.com\/fr\/club-de-golf-barcelona\/\" target=\"_self\"><\/a>\n            <\/div>\n    <\/div>[vc_btn title=\u00a0\u00bbR\u00c9SERVER\u00a0\u00bb style=\u00a0\u00bbflat\u00a0\u00bb shape=\u00a0\u00bbsquare\u00a0\u00bb color=\u00a0\u00bbsuccess\u00a0\u00bb align=\u00a0\u00bbcenter\u00a0\u00bb button_block=\u00a0\u00bbtrue\u00a0\u00bb link=\u00a0\u00bburl:https%3A%2F%2Fopen.teeone.golf%2Fen%2Fbarcelona|target:_blank\u00a0\u00bb][\/vc_column][vc_column width=\u00a0\u00bb1\/3&Prime;]<div class=\"mkdf-banner-holder banner_clubs mkdf-banner-one-column\">\n        <div class=\"mkdf-single-banner-holder\">\n        <div class=\"mkdf-banner-image\">\n            <img loading=\"lazy\" decoding=\"async\" width=\"800\" height=\"500\" src=\"https:\/\/barcelonagolfdestination.com\/wp-content\/uploads\/2020\/11\/golf-montanya-banner-clubs.jpg\" class=\"attachment-full size-full\" alt=\"\" srcset=\"https:\/\/barcelonagolfdestination.com\/wp-content\/uploads\/2020\/11\/golf-montanya-banner-clubs.jpg 800w, https:\/\/barcelonagolfdestination.com\/wp-content\/uploads\/2020\/11\/golf-montanya-banner-clubs-300x188.jpg 300w, https:\/\/barcelonagolfdestination.com\/wp-content\/uploads\/2020\/11\/golf-montanya-banner-clubs-768x480.jpg 768w\" sizes=\"auto, (max-width: 800px) 100vw, 800px\" \/>        <\/div>\n        <div class=\"mkdf-banner-text-holder\">\n            <div class=\"mkdf-banner-text-outer\">\n                <div class=\"mkdf-banner-text-inner\">\n                                        <div class=\"mkdf-banner-text-inner-image\">\n                        <img loading=\"lazy\" decoding=\"async\" width=\"800\" height=\"500\" src=\"https:\/\/barcelonagolfdestination.com\/wp-content\/uploads\/2020\/11\/logo-montanya-banner-home.png\" class=\"attachment-full size-full\" alt=\"\" srcset=\"https:\/\/barcelonagolfdestination.com\/wp-content\/uploads\/2020\/11\/logo-montanya-banner-home.png 800w, https:\/\/barcelonagolfdestination.com\/wp-content\/uploads\/2020\/11\/logo-montanya-banner-home-300x188.png 300w, https:\/\/barcelonagolfdestination.com\/wp-content\/uploads\/2020\/11\/logo-montanya-banner-home-768x480.png 768w\" sizes=\"auto, (max-width: 800px) 100vw, 800px\" \/>                    <\/div>\n                                    <\/div>\n            <\/div>\n        <\/div>\n                    <a itemprop=\"url\" class=\"mkdf-banner-link\" href=\"http:\/\/barcelonagolfdestination.com\/fr\/golf-montanya\/\" target=\"_self\"><\/a>\n            <\/div>\n    <\/div>[vc_btn title=\u00a0\u00bbR\u00c9SERVER\u00a0\u00bb style=\u00a0\u00bbflat\u00a0\u00bb shape=\u00a0\u00bbsquare\u00a0\u00bb color=\u00a0\u00bbsuccess\u00a0\u00bb align=\u00a0\u00bbcenter\u00a0\u00bb button_block=\u00a0\u00bbtrue\u00a0\u00bb link=\u00a0\u00bburl:https%3A%2F%2Fopen.teeone.golf%2Fen%2Fmontanya|target:_blank\u00a0\u00bb][\/vc_column][vc_column width=\u00a0\u00bb1\/3&Prime;]<div class=\"mkdf-banner-holder banner_clubs mkdf-banner-one-column\">\n        <div class=\"mkdf-single-banner-holder\">\n        <div class=\"mkdf-banner-image\">\n            <img loading=\"lazy\" decoding=\"async\" width=\"800\" height=\"500\" src=\"https:\/\/barcelonagolfdestination.com\/wp-content\/uploads\/2020\/11\/golf-la-roca-banner-clubs.jpg\" class=\"attachment-full size-full\" alt=\"\" srcset=\"https:\/\/barcelonagolfdestination.com\/wp-content\/uploads\/2020\/11\/golf-la-roca-banner-clubs.jpg 800w, https:\/\/barcelonagolfdestination.com\/wp-content\/uploads\/2020\/11\/golf-la-roca-banner-clubs-300x188.jpg 300w, https:\/\/barcelonagolfdestination.com\/wp-content\/uploads\/2020\/11\/golf-la-roca-banner-clubs-768x480.jpg 768w\" sizes=\"auto, (max-width: 800px) 100vw, 800px\" \/>        <\/div>\n        <div class=\"mkdf-banner-text-holder\">\n            <div class=\"mkdf-banner-text-outer\">\n                <div class=\"mkdf-banner-text-inner\">\n                                        <div class=\"mkdf-banner-text-inner-image\">\n                        <img loading=\"lazy\" decoding=\"async\" width=\"800\" height=\"500\" src=\"https:\/\/barcelonagolfdestination.com\/wp-content\/uploads\/2026\/01\/logo-la-roca-banner-home-2.png\" class=\"attachment-full size-full\" alt=\"\" srcset=\"https:\/\/barcelonagolfdestination.com\/wp-content\/uploads\/2026\/01\/logo-la-roca-banner-home-2.png 800w, https:\/\/barcelonagolfdestination.com\/wp-content\/uploads\/2026\/01\/logo-la-roca-banner-home-2-300x188.png 300w, https:\/\/barcelonagolfdestination.com\/wp-content\/uploads\/2026\/01\/logo-la-roca-banner-home-2-768x480.png 768w\" sizes=\"auto, (max-width: 800px) 100vw, 800px\" \/>                    <\/div>\n                                    <\/div>\n            <\/div>\n        <\/div>\n                    <a itemprop=\"url\" class=\"mkdf-banner-link\" href=\"http:\/\/barcelonagolfdestination.com\/fr\/la-roca-golf\" target=\"_self\"><\/a>\n            <\/div>\n    <\/div>[vc_btn title=\u00a0\u00bbR\u00c9SERVER\u00a0\u00bb style=\u00a0\u00bbflat\u00a0\u00bb shape=\u00a0\u00bbsquare\u00a0\u00bb color=\u00a0\u00bbsuccess\u00a0\u00bb align=\u00a0\u00bbcenter\u00a0\u00bb button_block=\u00a0\u00bbtrue\u00a0\u00bb link=\u00a0\u00bburl:https%3A%2F%2Fopen.teeone.golf%2Fen%2Froca%2F|target:_blank\u00a0\u00bb][\/vc_column][\/vc_row][vc_row row_content_width=\u00a0\u00bbgrid\u00a0\u00bb][vc_column width=\u00a0\u00bb1\/3&Prime;]<div class=\"mkdf-banner-holder banner_clubs mkdf-banner-one-column\">\n        <div class=\"mkdf-single-banner-holder\">\n        <div class=\"mkdf-banner-image\">\n            <img loading=\"lazy\" decoding=\"async\" width=\"800\" height=\"500\" src=\"https:\/\/barcelonagolfdestination.com\/wp-content\/uploads\/2026\/01\/club-golf-sant-cugat-banner-clubs.jpg\" class=\"attachment-full size-full\" alt=\"\" srcset=\"https:\/\/barcelonagolfdestination.com\/wp-content\/uploads\/2026\/01\/club-golf-sant-cugat-banner-clubs.jpg 800w, https:\/\/barcelonagolfdestination.com\/wp-content\/uploads\/2026\/01\/club-golf-sant-cugat-banner-clubs-300x188.jpg 300w, https:\/\/barcelonagolfdestination.com\/wp-content\/uploads\/2026\/01\/club-golf-sant-cugat-banner-clubs-768x480.jpg 768w\" sizes=\"auto, (max-width: 800px) 100vw, 800px\" \/>        <\/div>\n        <div class=\"mkdf-banner-text-holder\">\n            <div class=\"mkdf-banner-text-outer\">\n                <div class=\"mkdf-banner-text-inner\">\n                                        <div class=\"mkdf-banner-text-inner-image\">\n                        <img loading=\"lazy\" decoding=\"async\" width=\"800\" height=\"500\" src=\"https:\/\/barcelonagolfdestination.com\/wp-content\/uploads\/2026\/01\/logo-sant-cugat-banner-home.png\" class=\"attachment-full size-full\" alt=\"\" srcset=\"https:\/\/barcelonagolfdestination.com\/wp-content\/uploads\/2026\/01\/logo-sant-cugat-banner-home.png 800w, https:\/\/barcelonagolfdestination.com\/wp-content\/uploads\/2026\/01\/logo-sant-cugat-banner-home-300x188.png 300w, https:\/\/barcelonagolfdestination.com\/wp-content\/uploads\/2026\/01\/logo-sant-cugat-banner-home-768x480.png 768w\" sizes=\"auto, (max-width: 800px) 100vw, 800px\" \/>                    <\/div>\n                                    <\/div>\n            <\/div>\n        <\/div>\n                    <a itemprop=\"url\" class=\"mkdf-banner-link\" href=\"http:\/\/barcelonagolfdestination.com\/fr\/club-de-golf-santcugat\/\" target=\"_self\"><\/a>\n            <\/div>\n    <\/div>[vc_btn title=\u00a0\u00bbR\u00c9SERVER\u00a0\u00bb style=\u00a0\u00bbflat\u00a0\u00bb shape=\u00a0\u00bbsquare\u00a0\u00bb color=\u00a0\u00bbsuccess\u00a0\u00bb align=\u00a0\u00bbcenter\u00a0\u00bb button_block=\u00a0\u00bbtrue\u00a0\u00bb link=\u00a0\u00bburl:https%3A%2F%2Fopen.teeone.golf%2Fen%2Fsantcugat|target:_blank\u00a0\u00bb][\/vc_column][vc_column width=\u00a0\u00bb1\/3&Prime;]<div class=\"mkdf-banner-holder banner_clubs mkdf-banner-one-column\">\n        <div class=\"mkdf-single-banner-holder\">\n        <div class=\"mkdf-banner-image\">\n            <img loading=\"lazy\" decoding=\"async\" width=\"800\" height=\"500\" src=\"https:\/\/barcelonagolfdestination.com\/wp-content\/uploads\/2020\/11\/stay-play-packages-banner-clubs.jpg\" class=\"attachment-full size-full\" alt=\"\" srcset=\"https:\/\/barcelonagolfdestination.com\/wp-content\/uploads\/2020\/11\/stay-play-packages-banner-clubs.jpg 800w, https:\/\/barcelonagolfdestination.com\/wp-content\/uploads\/2020\/11\/stay-play-packages-banner-clubs-300x188.jpg 300w, https:\/\/barcelonagolfdestination.com\/wp-content\/uploads\/2020\/11\/stay-play-packages-banner-clubs-768x480.jpg 768w\" sizes=\"auto, (max-width: 800px) 100vw, 800px\" \/>        <\/div>\n        <div class=\"mkdf-banner-text-holder\">\n            <div class=\"mkdf-banner-text-outer\">\n                <div class=\"mkdf-banner-text-inner\">\n                                                                                                                                <\/div>\n            <\/div>\n        <\/div>\n                    <a itemprop=\"url\" class=\"mkdf-banner-link\" href=\"http:\/\/barcelonagolfdestination.com\/fr\/paquetes\/\" target=\"_self\"><\/a>\n            <\/div>\n    <\/div>[vc_btn title=\u00a0\u00bbGOLFS &amp; H\u00c9BERGEMENTS\u00a0\u00bb style=\u00a0\u00bbflat\u00a0\u00bb shape=\u00a0\u00bbsquare\u00a0\u00bb color=\u00a0\u00bbpink\u00a0\u00bb align=\u00a0\u00bbcenter\u00a0\u00bb button_block=\u00a0\u00bbtrue\u00a0\u00bb link=\u00a0\u00bburl:https%3A%2F%2Fbarcelonagolfdestination.com%2Ffr%2Fsejours%2F|title:S%C3%A9jours||\u00a0\u00bb][\/vc_column][\/vc_row][vc_row][vc_column width=\u00a0\u00bb1\/6&Prime;][\/vc_column][vc_column width=\u00a0\u00bb2\/3&Prime;][vc_empty_space][vc_video link=\u00a0\u00bbhttps:\/\/youtu.be\/cqC-L4n57bQ\u00a0\u00bb][vc_empty_space][\/vc_column][vc_column width=\u00a0\u00bb1\/6&Prime;][\/vc_column][\/vc_row][vc_row css=\u00a0\u00bb.vc_custom_1579725479253{margin-top: 0px !important;margin-bottom: 0px !important;}\u00a0\u00bb][vc_column][vc_gmaps link=\u00a0\u00bb#E-8_JTNDaWZyYW1lJTIwc3JjJTNEJTIyaHR0cHMlM0ElMkYlMkZ3d3cuZ29vZ2xlLmNvbSUyRm1hcHMlMkZkJTJGZW1iZWQlM0ZtaWQlM0QxWGFOZUFVdEFQUkNQd0lfTEhTUU12TjlJSndMX2czbGolMjIlMjB3aWR0aCUzRCUyMjY0MCUyMiUyMGhlaWdodCUzRCUyMjQ4MCUyMiUzRSUzQyUyRmlmcmFtZSUzRQ==\u00a0\u00bb][\/vc_column][\/vc_row]<\/p>\n<\/div>","protected":false},"excerpt":{"rendered":"<p>[vc_row full_width=\u00a0\u00bbstretch_row_content_no_spaces\u00a0\u00bb content_placement=\u00a0\u00bbmiddle\u00a0\u00bb content_text_aligment=\u00a0\u00bbcenter\u00a0\u00bb css=\u00a0\u00bb.vc_custom_1739219825641{margin-bottom: 20px !important;background-color: #00374c !important;}\u00a0\u00bb parallax_background_image=\u00a0\u00bb8183&Prime; parallax_bg_speed=\u00a0\u00bb0&Prime; parallax_bg_height=\u00a0\u00bb450&Prime; el_class=\u00a0\u00bbhome-golf-pass\u00a0\u00bb][vc_column][vc_empty_space height=\u00a0\u00bb100&Prime;][\/vc_column][\/vc_row][vc_row row_content_width=\u00a0\u00bbgrid\u00a0\u00bb css=\u00a0\u00bb.vc_custom_1565543394502{margin-top: 50px !important;margin-bottom: 50px !important;}\u00a0\u00bb][vc_column][vc_column_text css=\u00a0\u00bb.vc_custom_1767964669962{margin-top: 20px !important;}\u00a0\u00bb] Barcelona Golf Destination est l&rsquo;association de sept terrains de golf de la province de Barcelone. Jouez au golf \u00e0 proximit\u00e9 d&rsquo;une des villes les plus cosmopolites et les plus visit\u00e9es au monde, et dont le climat vous permet de profiter du golf toute l&rsquo;ann\u00e9e. B\u00e9n\u00e9ficiez \u00e9galement d&rsquo;une offre d&rsquo;h\u00e9bergement vari\u00e9e et de terrains de golf de premi\u00e8re [&hellip;]<\/p>\n","protected":false},"author":1,"featured_media":0,"parent":0,"menu_order":0,"comment_status":"closed","ping_status":"closed","template":"full-width.php","meta":{"footnotes":""},"class_list":["post-9095","page","type-page","status-publish","hentry"],"aioseo_notices":[],"_links":{"self":[{"href":"https:\/\/barcelonagolfdestination.com\/fr\/wp-json\/wp\/v2\/pages\/9095","targetHints":{"allow":["GET"]}}],"collection":[{"href":"https:\/\/barcelonagolfdestination.com\/fr\/wp-json\/wp\/v2\/pages"}],"about":[{"href":"https:\/\/barcelonagolfdestination.com\/fr\/wp-json\/wp\/v2\/types\/page"}],"author":[{"embeddable":true,"href":"https:\/\/barcelonagolfdestination.com\/fr\/wp-json\/wp\/v2\/users\/1"}],"replies":[{"embeddable":true,"href":"https:\/\/barcelonagolfdestination.com\/fr\/wp-json\/wp\/v2\/comments?post=9095"}],"version-history":[{"count":45,"href":"https:\/\/barcelonagolfdestination.com\/fr\/wp-json\/wp\/v2\/pages\/9095\/revisions"}],"predecessor-version":[{"id":52787,"href":"https:\/\/barcelonagolfdestination.com\/fr\/wp-json\/wp\/v2\/pages\/9095\/revisions\/52787"}],"wp:attachment":[{"href":"https:\/\/barcelonagolfdestination.com\/fr\/wp-json\/wp\/v2\/media?parent=9095"}],"curies":[{"name":"wp","href":"https:\/\/api.w.org\/{rel}","templated":true}]}}