{"id":9089,"date":"2020-02-11T07:46:36","date_gmt":"2020-02-11T06:46:36","guid":{"rendered":"http:\/\/barcelonagolfdestination.com\/?page_id=9089"},"modified":"2026-01-16T16:00:15","modified_gmt":"2026-01-16T15:00:15","slug":"la-roca-golf","status":"publish","type":"page","link":"https:\/\/barcelonagolfdestination.com\/fr\/la-roca-golf\/","title":{"rendered":"La Roca Golf"},"content":{"rendered":"<div class=\"wpb-content-wrapper\"><p>[vc_row css=\u00a0\u00bb.vc_custom_1574289887075{margin-top: 50px !important;}\u00a0\u00bb][vc_column]<div class=\"mkdf-section-title-holder titulo_ficha_club \" style=\"text-align: left\">\n\t<div class=\"mkdf-st-inner\">\n\t\t\t\t\t\t\t<h1 class=\"mkdf-st-title\" >\n\t\t\t\tLa Roca Golf\t\t\t<\/h1>\n\t\t\t\t\t<\/div>\n<\/div>[vc_column_text css=\u00a0\u00bb.vc_custom_1582239714556{margin-top: 30px !important;}\u00a0\u00bb]<\/p>\n<p style=\"text-align: justify;\">\u00c0 moins de 30 km de Barcelone, vous profiterez d&rsquo;un terrain de golf tr\u00e8s divertissant et bien entretenu, comprenant 18 trous sur green plat que vous pouvez jouer \u00e0 pied. Venez d\u00e9couvrir et red\u00e9couvrir nos 5 terrains de golf agr\u00e9\u00e9s aux multiples attraits et \u00e0 l&rsquo;esth\u00e9tique tr\u00e8s polyvalente o\u00f9 le soleil est de la partie sur pratiquement tous les tees et greens.<\/p>\n<p>[\/vc_column_text][\/vc_column][\/vc_row][vc_row full_width=\u00a0\u00bbstretch_row_content_no_spaces\u00a0\u00bb css=\u00a0\u00bb.vc_custom_1571608732328{margin-top: 30px !important;border-top-width: 0px !important;padding-top: 0px !important;background-color: #00374c !important;}\u00a0\u00bb][vc_column]<div class=\"mkdf-call-to-action-holder boton-reservar mkdf-simple-layout \">\n\t<div class=\"mkdf-cta-inner \">\n\t\t<div class=\"mkdf-cta-text-holder\">\n\t\t\t<div class=\"mkdf-cta-text\">\n<h4>R\u00e9servez au LA ROCA\u00a0GOLF<\/h4>\n<\/div>\n\t\t<\/div>\n\t\t<div class=\"mkdf-cta-button-holder\" >\n\t\t\t<div class=\"mkdf-cta-button\"><a itemprop=\"url\" href=\"https:\/\/open.teeone.golf\/en\/roca\" target=\"_blank\" style=\"color: #00374c;background-color: #ffffff\" class=\"mkdf-btn mkdf-btn-large mkdf-btn-solid mkdf-btn-custom-hover-bg mkdf-btn-custom-border-hover\" data-hover-bg-color=\"#00374c\" data-hover-border-color=\"#ffffff\" >    <span class=\"mkdf-btn-text\">R\u00c9SERVER<\/span>    <\/a><\/div>\n\t\t<\/div>\n\t<\/div>\n<\/div>[\/vc_column][\/vc_row][vc_row css=\u00a0\u00bb.vc_custom_1571608816529{margin-top: 30px !important;margin-bottom: 30px !important;margin-left: 4px !important;}\u00a0\u00bb][vc_column css=\u00a0\u00bb.vc_custom_1571608799875{margin-top: 0px !important;padding-top: 0px !important;}\u00a0\u00bb]<div class=\"mkdf-section-title-holder subtitulo_ficha_club \" style=\"text-align: left\">\n\t<div class=\"mkdf-st-inner\">\n\t\t\t\t\t<h5 class=\"mkdf-st-subtitle\" >\n\t\t\t\tCoordonn\u00e9es du club\t\t\t<\/h5>\n\t\t\t\t\t\t\t<\/div>\n<\/div>[vc_column_text]<\/p>\n<ul class=\"datos_club\">\n<li><span class=\"titulo_datos_club\">Nom du club:<\/span><br \/>\n<span class=\"datos_club\">La Roca Golf <\/span><\/li>\n<li><span class=\"titulo_datos_club\">Adresse:<\/span><br \/>\n<span class=\"datos_club\">Carretera de La Roca a Cardedeu, Km 4.5, 08430 La Roca del Vall\u00e8s, Barcelona<\/span><\/li>\n<li><span class=\"titulo_datos_club\">Ann\u00e9e de fondation:<\/span><br \/>\n<span class=\"datos_club\">2006<\/span><\/li>\n<li><span class=\"titulo_datos_club\">Site web:<\/span><br \/>\n<span class=\"datos_club\"><a href=\"https:\/\/www.larocagolf.com\/\" target=\"_blank\" rel=\"noopener\">www.larocagolf.com\/<\/a><\/span><\/li>\n<li><span class=\"titulo_datos_club\">E-mail pour contacter le Club (commerciaux\/r\u00e9servations):<\/span><br \/>\n<span class=\"datos_club\"><a href=\"mailto:hola@larocagolf.com\">hola@larocagolf.com<\/a><\/span><\/li>\n<li><span class=\"titulo_datos_club\">T\u00e9l\u00e9phone:<\/span><br \/>\n<span class=\"datos_club\">0034 93 844 48 86<\/span><\/li>\n<li><span class=\"titulo_datos_club\">Jours de fermeture:<\/span><br \/>\n<span class=\"datos_club\">Ouvert tous les jours de l\u2019ann\u00e9e (sauf les 25 et 26 d\u00e9cembre et les 1er et 6 janvier). Le restaurant est ferm\u00e9 le lundi. Le practice de golf est ferm\u00e9 le lundi \u00e0 partir de 14h00.<\/span><\/li>\n<\/ul>\n<p>[\/vc_column_text][\/vc_column][\/vc_row][vc_row full_width=\u00a0\u00bbstretch_row_content_no_spaces\u00a0\u00bb css=\u00a0\u00bb.vc_custom_1571119486385{margin-bottom: 0px !important;border-bottom-width: 0px !important;padding-bottom: 0px !important;}\u00a0\u00bb][vc_column]<div class=\"mkdf-image-gallery  mkdf-ig-masonry-type mkdf-no-space  mkdf-image-behavior-lightbox\">\n\t<div class=\"mkdf-ig-inner mkdf-outer-space mkdf-ig-masonry mkdf-ig-three-columns\">\n\t\t<div class=\"mkdf-ig-grid-sizer\"><\/div>\n\t\t<div class=\"mkdf-ig-grid-gutter\"><\/div>\n\t\t\t\t\t\t\t\t<div class=\"mkdf-ig-image mkdf-item-space \">\n\t\t\t\t<div class=\"mkdf-ig-image-inner\">\n\t\t\t\t\t\t\t\t\t\t\t<a itemprop=\"image\" class=\"mkdf-ig-lightbox\" href=\"https:\/\/barcelonagolfdestination.com\/wp-content\/uploads\/2020\/11\/golf-la-roca-01.jpg\" data-rel=\"prettyPhoto[image_gallery_pretty_photo-183]\" title=\"golf-la-roca-01\">\n\t\t\t\t\t\t\t\t\t\t\t<img loading=\"lazy\" decoding=\"async\" width=\"1920\" height=\"1080\" src=\"https:\/\/barcelonagolfdestination.com\/wp-content\/uploads\/2020\/11\/golf-la-roca-01.jpg\" class=\"attachment- size-\" alt=\"\" srcset=\"https:\/\/barcelonagolfdestination.com\/wp-content\/uploads\/2020\/11\/golf-la-roca-01.jpg 1920w, https:\/\/barcelonagolfdestination.com\/wp-content\/uploads\/2020\/11\/golf-la-roca-01-300x169.jpg 300w, https:\/\/barcelonagolfdestination.com\/wp-content\/uploads\/2020\/11\/golf-la-roca-01-1024x576.jpg 1024w, https:\/\/barcelonagolfdestination.com\/wp-content\/uploads\/2020\/11\/golf-la-roca-01-768x432.jpg 768w, https:\/\/barcelonagolfdestination.com\/wp-content\/uploads\/2020\/11\/golf-la-roca-01-1536x864.jpg 1536w\" sizes=\"auto, (max-width: 1920px) 100vw, 1920px\" \/>\t\t\t\t\t\t\t\t\t\t\t<\/a>\n\t\t\t\t\t\t\t\t\t<\/div>\n\t\t\t<\/div>\n\t\t\t\t\t\t\t\t<div class=\"mkdf-ig-image mkdf-item-space \">\n\t\t\t\t<div class=\"mkdf-ig-image-inner\">\n\t\t\t\t\t\t\t\t\t\t\t<a itemprop=\"image\" class=\"mkdf-ig-lightbox\" href=\"https:\/\/barcelonagolfdestination.com\/wp-content\/uploads\/2020\/11\/golf-la-roca-02.jpg\" data-rel=\"prettyPhoto[image_gallery_pretty_photo-183]\" title=\"golf-la-roca-02\">\n\t\t\t\t\t\t\t\t\t\t\t<img loading=\"lazy\" decoding=\"async\" width=\"1920\" height=\"1080\" src=\"https:\/\/barcelonagolfdestination.com\/wp-content\/uploads\/2020\/11\/golf-la-roca-02.jpg\" class=\"attachment- size-\" alt=\"\" srcset=\"https:\/\/barcelonagolfdestination.com\/wp-content\/uploads\/2020\/11\/golf-la-roca-02.jpg 1920w, https:\/\/barcelonagolfdestination.com\/wp-content\/uploads\/2020\/11\/golf-la-roca-02-300x169.jpg 300w, https:\/\/barcelonagolfdestination.com\/wp-content\/uploads\/2020\/11\/golf-la-roca-02-1024x576.jpg 1024w, https:\/\/barcelonagolfdestination.com\/wp-content\/uploads\/2020\/11\/golf-la-roca-02-768x432.jpg 768w, https:\/\/barcelonagolfdestination.com\/wp-content\/uploads\/2020\/11\/golf-la-roca-02-1536x864.jpg 1536w\" sizes=\"auto, (max-width: 1920px) 100vw, 1920px\" \/>\t\t\t\t\t\t\t\t\t\t\t<\/a>\n\t\t\t\t\t\t\t\t\t<\/div>\n\t\t\t<\/div>\n\t\t\t\t\t\t\t\t<div class=\"mkdf-ig-image mkdf-item-space \">\n\t\t\t\t<div class=\"mkdf-ig-image-inner\">\n\t\t\t\t\t\t\t\t\t\t\t<a itemprop=\"image\" class=\"mkdf-ig-lightbox\" href=\"https:\/\/barcelonagolfdestination.com\/wp-content\/uploads\/2020\/11\/golf-la-roca-03.jpg\" data-rel=\"prettyPhoto[image_gallery_pretty_photo-183]\" title=\"golf-la-roca-03\">\n\t\t\t\t\t\t\t\t\t\t\t<img loading=\"lazy\" decoding=\"async\" width=\"1920\" height=\"1080\" src=\"https:\/\/barcelonagolfdestination.com\/wp-content\/uploads\/2020\/11\/golf-la-roca-03.jpg\" class=\"attachment- size-\" alt=\"\" srcset=\"https:\/\/barcelonagolfdestination.com\/wp-content\/uploads\/2020\/11\/golf-la-roca-03.jpg 1920w, https:\/\/barcelonagolfdestination.com\/wp-content\/uploads\/2020\/11\/golf-la-roca-03-300x169.jpg 300w, https:\/\/barcelonagolfdestination.com\/wp-content\/uploads\/2020\/11\/golf-la-roca-03-1024x576.jpg 1024w, https:\/\/barcelonagolfdestination.com\/wp-content\/uploads\/2020\/11\/golf-la-roca-03-768x432.jpg 768w, https:\/\/barcelonagolfdestination.com\/wp-content\/uploads\/2020\/11\/golf-la-roca-03-1536x864.jpg 1536w\" sizes=\"auto, (max-width: 1920px) 100vw, 1920px\" \/>\t\t\t\t\t\t\t\t\t\t\t<\/a>\n\t\t\t\t\t\t\t\t\t<\/div>\n\t\t\t<\/div>\n\t\t\t\t\t\t\t\t<div class=\"mkdf-ig-image mkdf-item-space \">\n\t\t\t\t<div class=\"mkdf-ig-image-inner\">\n\t\t\t\t\t\t\t\t\t\t\t<a itemprop=\"image\" class=\"mkdf-ig-lightbox\" href=\"https:\/\/barcelonagolfdestination.com\/wp-content\/uploads\/2020\/11\/golf-la-roca-04.jpg\" data-rel=\"prettyPhoto[image_gallery_pretty_photo-183]\" title=\"golf-la-roca-04\">\n\t\t\t\t\t\t\t\t\t\t\t<img loading=\"lazy\" decoding=\"async\" width=\"1920\" height=\"1080\" src=\"https:\/\/barcelonagolfdestination.com\/wp-content\/uploads\/2020\/11\/golf-la-roca-04.jpg\" class=\"attachment- size-\" alt=\"\" srcset=\"https:\/\/barcelonagolfdestination.com\/wp-content\/uploads\/2020\/11\/golf-la-roca-04.jpg 1920w, https:\/\/barcelonagolfdestination.com\/wp-content\/uploads\/2020\/11\/golf-la-roca-04-300x169.jpg 300w, https:\/\/barcelonagolfdestination.com\/wp-content\/uploads\/2020\/11\/golf-la-roca-04-1024x576.jpg 1024w, https:\/\/barcelonagolfdestination.com\/wp-content\/uploads\/2020\/11\/golf-la-roca-04-768x432.jpg 768w, https:\/\/barcelonagolfdestination.com\/wp-content\/uploads\/2020\/11\/golf-la-roca-04-1536x864.jpg 1536w\" sizes=\"auto, (max-width: 1920px) 100vw, 1920px\" \/>\t\t\t\t\t\t\t\t\t\t\t<\/a>\n\t\t\t\t\t\t\t\t\t<\/div>\n\t\t\t<\/div>\n\t\t\t\t\t\t\t\t<div class=\"mkdf-ig-image mkdf-item-space \">\n\t\t\t\t<div class=\"mkdf-ig-image-inner\">\n\t\t\t\t\t\t\t\t\t\t\t<a itemprop=\"image\" class=\"mkdf-ig-lightbox\" href=\"https:\/\/barcelonagolfdestination.com\/wp-content\/uploads\/2020\/11\/golf-la-roca-05.jpg\" data-rel=\"prettyPhoto[image_gallery_pretty_photo-183]\" title=\"golf-la-roca-05\">\n\t\t\t\t\t\t\t\t\t\t\t<img loading=\"lazy\" decoding=\"async\" width=\"1920\" height=\"1080\" src=\"https:\/\/barcelonagolfdestination.com\/wp-content\/uploads\/2020\/11\/golf-la-roca-05.jpg\" class=\"attachment- size-\" alt=\"\" srcset=\"https:\/\/barcelonagolfdestination.com\/wp-content\/uploads\/2020\/11\/golf-la-roca-05.jpg 1920w, https:\/\/barcelonagolfdestination.com\/wp-content\/uploads\/2020\/11\/golf-la-roca-05-300x169.jpg 300w, https:\/\/barcelonagolfdestination.com\/wp-content\/uploads\/2020\/11\/golf-la-roca-05-1024x576.jpg 1024w, https:\/\/barcelonagolfdestination.com\/wp-content\/uploads\/2020\/11\/golf-la-roca-05-768x432.jpg 768w, https:\/\/barcelonagolfdestination.com\/wp-content\/uploads\/2020\/11\/golf-la-roca-05-1536x864.jpg 1536w\" sizes=\"auto, (max-width: 1920px) 100vw, 1920px\" \/>\t\t\t\t\t\t\t\t\t\t\t<\/a>\n\t\t\t\t\t\t\t\t\t<\/div>\n\t\t\t<\/div>\n\t\t\t\t\t\t\t\t<div class=\"mkdf-ig-image mkdf-item-space \">\n\t\t\t\t<div class=\"mkdf-ig-image-inner\">\n\t\t\t\t\t\t\t\t\t\t\t<a itemprop=\"image\" class=\"mkdf-ig-lightbox\" href=\"https:\/\/barcelonagolfdestination.com\/wp-content\/uploads\/2020\/11\/golf-la-roca-10.jpg\" data-rel=\"prettyPhoto[image_gallery_pretty_photo-183]\" title=\"golf-la-roca-10\">\n\t\t\t\t\t\t\t\t\t\t\t<img loading=\"lazy\" decoding=\"async\" width=\"1920\" height=\"1080\" src=\"https:\/\/barcelonagolfdestination.com\/wp-content\/uploads\/2020\/11\/golf-la-roca-10.jpg\" class=\"attachment- size-\" alt=\"\" srcset=\"https:\/\/barcelonagolfdestination.com\/wp-content\/uploads\/2020\/11\/golf-la-roca-10.jpg 1920w, https:\/\/barcelonagolfdestination.com\/wp-content\/uploads\/2020\/11\/golf-la-roca-10-300x169.jpg 300w, https:\/\/barcelonagolfdestination.com\/wp-content\/uploads\/2020\/11\/golf-la-roca-10-1024x576.jpg 1024w, https:\/\/barcelonagolfdestination.com\/wp-content\/uploads\/2020\/11\/golf-la-roca-10-768x432.jpg 768w, https:\/\/barcelonagolfdestination.com\/wp-content\/uploads\/2020\/11\/golf-la-roca-10-1536x864.jpg 1536w\" sizes=\"auto, (max-width: 1920px) 100vw, 1920px\" \/>\t\t\t\t\t\t\t\t\t\t\t<\/a>\n\t\t\t\t\t\t\t\t\t<\/div>\n\t\t\t<\/div>\n\t\t\t<\/div>\n<\/div>[\/vc_column][\/vc_row][vc_row css=\u00a0\u00bb.vc_custom_1571608838449{margin-top: 30px !important;margin-bottom: 50px !important;}\u00a0\u00bb][vc_column]<div class=\"mkdf-section-title-holder subtitulo_ficha_club \" style=\"text-align: left\">\n\t<div class=\"mkdf-st-inner\">\n\t\t\t\t\t<h5 class=\"mkdf-st-subtitle\" >\n\t\t\t\t\u00c0 propos du terrain de golf\t\t\t<\/h5>\n\t\t\t\t\t\t\t<\/div>\n<\/div>[vc_row_inner css=\u00a0\u00bb.vc_custom_1569168007294{margin-top: 30px !important;}\u00a0\u00bb][vc_column_inner width=\u00a0\u00bb1\/5&Prime;][vc_column_text]<\/p>\n<p class=\"titulo_sobre_el_campo\">Concepteurs<\/p>\n<p>[\/vc_column_text][vc_separator color=\u00a0\u00bbcustom\u00a0\u00bb accent_color=\u00a0\u00bb#00374c\u00a0\u00bb][vc_column_text]<\/p>\n<p style=\"text-align: center;\">Alfonso Vidaor et Mag\u00ed Sard\u00e0<\/p>\n<p>[\/vc_column_text][\/vc_column_inner][vc_column_inner width=\u00a0\u00bb1\/5&Prime;][vc_column_text]<\/p>\n<p class=\"titulo_sobre_el_campo\">Nombre de trous<\/p>\n<p>[\/vc_column_text][vc_separator color=\u00a0\u00bbcustom\u00a0\u00bb accent_color=\u00a0\u00bb#00374c\u00a0\u00bb][vc_column_text]<\/p>\n<p style=\"text-align: center;\">18<\/p>\n<p>[\/vc_column_text][\/vc_column_inner][vc_column_inner width=\u00a0\u00bb1\/5&Prime;][vc_column_text]<\/p>\n<p class=\"titulo_sobre_el_campo\">Par<\/p>\n<p>[\/vc_column_text][vc_separator color=\u00a0\u00bbcustom\u00a0\u00bb accent_color=\u00a0\u00bb#00374c\u00a0\u00bb][vc_column_text]<\/p>\n<p style=\"text-align: center;\">71<\/p>\n<p>[\/vc_column_text][\/vc_column_inner][vc_column_inner width=\u00a0\u00bb1\/5&Prime;][vc_column_text]<\/p>\n<p class=\"titulo_sobre_el_campo\">M\u00e8tres<\/p>\n<p>[\/vc_column_text][vc_separator color=\u00a0\u00bbcustom\u00a0\u00bb accent_color=\u00a0\u00bb#2c4938&Prime;][vc_column_text]<\/p>\n<p style=\"text-align: center;\"><img decoding=\"async\" src=\"https:\/\/barcelonagolfdestination.com\/wp-content\/uploads\/2017\/08\/blancas-1.png\" alt=\"\" \/> 5.997 m<\/p>\n<p style=\"text-align: center;\">Valor campo: 72,4. Slope: 132 (hombres)<\/p>\n<p style=\"text-align: center;\"><img decoding=\"async\" src=\"https:\/\/barcelonagolfdestination.com\/wp-content\/uploads\/2017\/08\/amarillas-1.png\" alt=\"\" \/> 5.621m<\/p>\n<p style=\"text-align: center;\">Valor campo: 70,7. Slope: 129 (hombres)<\/p>\n<p style=\"text-align: center;\"><img decoding=\"async\" src=\"https:\/\/barcelonagolfdestination.com\/wp-content\/uploads\/2017\/08\/naranjas.png\" alt=\"\" \/> 5.226 m<\/p>\n<p style=\"text-align: center;\">Valor campo: 68,6. Slope: 125 (hombres)<\/p>\n<p style=\"text-align: center;\">Valor campo: 73,7. Slope: 133 (mujeres)<\/p>\n<p style=\"text-align: center;\"><img decoding=\"async\" src=\"https:\/\/barcelonagolfdestination.com\/wp-content\/uploads\/2017\/08\/azules-1.png\" alt=\"\" \/> 4.953 m<\/p>\n<p style=\"text-align: center;\">Valor campo: 67,0. Slope: 119 (hombres)<\/p>\n<p style=\"text-align: center;\">Valor campo: 71,9. Slope: 127 (mujeres)<\/p>\n<p style=\"text-align: center;\"><img decoding=\"async\" src=\"https:\/\/barcelonagolfdestination.com\/wp-content\/uploads\/2017\/08\/rojas-1.png\" alt=\"\" \/> 4.857 m<\/p>\n<p style=\"text-align: center;\">Valor campo: 65,0. Slope: 113 (hombres)<\/p>\n<p style=\"text-align: center;\">Valor campo: 69,7. Slope: 123 (mujeres)<\/p>\n<p>[\/vc_column_text][\/vc_column_inner][vc_column_inner width=\u00a0\u00bb1\/5&Prime;][vc_column_text]<\/p>\n<p class=\"titulo_sobre_el_campo\">Ann\u00e9e de construction<\/p>\n<p>[\/vc_column_text][vc_separator color=\u00a0\u00bbcustom\u00a0\u00bb accent_color=\u00a0\u00bb#00374c\u00a0\u00bb][vc_column_text]<\/p>\n<p style=\"text-align: center;\">2005-2006<\/p>\n<p>[\/vc_column_text][\/vc_column_inner][\/vc_row_inner][\/vc_column][\/vc_row][vc_row css=\u00a0\u00bb.vc_custom_1569187772478{margin-top: 30px !important;margin-bottom: 30px !important;}\u00a0\u00bb][vc_column][vc_column_text css=\u00a0\u00bb.vc_custom_1768575611499{margin-bottom: 30px !important;}\u00a0\u00bb]<span class=\"titulo_datos_club\">Services:<\/span><\/p>\n<ul class=\"lista_servicios\">\n<li><i class=\"fa fa-check\"><\/i><span class=\"titulo_servicio\"> Green Fee<\/span> (74 \u20ac en semaine \/ 94 \u20ac le week-end)<\/li>\n<li><i class=\"fa fa-check\"><\/i><span class=\"titulo_servicio\"> Green Fee Twilight <\/span><span class=\"atributo_servicio\"> (\u00e0 partir de 13h)<\/span><\/li>\n<li><i class=\"fa fa-check\"><\/i><span class=\"titulo_servicio\"> Terrain de pratique<\/span> <span class=\"atributo_servicio\"> (14\u20ac)<\/span><\/li>\n<li><i class=\"fa fa-check\"><\/i><span class=\"titulo_servicio\"> Vestiaires visiteurs\u00a0avec casiers disponibles<\/span><\/li>\n<li><i class=\"fa fa-check\"><\/i><span class=\"titulo_servicio\"> Bar &#8211; Snack<\/span><\/li>\n<li><i class=\"fa fa-check\"><\/i><span class=\"titulo_servicio\"> Restaurant <\/span> <span class=\"atributo_servicio\"> (Prix du menu du jour: 2 plats + dessert + boisson. Jours ouvrables 19,50\u20ac \/ week-end 28\u20ac)<\/span><\/li>\n<li><i class=\"fa fa-check\"><\/i><span class=\"titulo_servicio\"> Location de clubs de golf<\/span> <span class=\"atributo_servicio\"> (35\u20ac)<\/span><\/li>\n<li><i class=\"fa fa-check\"><\/i><span class=\"titulo_servicio\"> Location de buggy<\/span> <span class=\"atributo_servicio\"> (46\u20ac)<\/span><\/li>\n<li><i class=\"fa fa-check\"><\/i><span class=\"titulo_servicio\"> Boutique de golf<\/span><\/li>\n<li><i class=\"fa fa-check\"><\/i><span class=\"titulo_servicio\"> Toptracer range<\/span><\/li>\n<li><i class=\"fa fa-check\"><\/i><span class=\"titulo_servicio\"> Cours de golf<\/span><\/li>\n<\/ul>\n<p>[\/vc_column_text][\/vc_column][\/vc_row][vc_row row_content_width=\u00a0\u00bbgrid\u00a0\u00bb][vc_column][vc_column_text css=\u00a0\u00bb.vc_custom_1582239970042{margin-bottom: 30px !important;}\u00a0\u00bb]<span class=\"titulo_datos_club\">Langues parl\u00e9es \u00e0 la r\u00e9ception:<\/span><br \/>\n<span style=\"font-weight: 400;\">Catalan, Spanish, French, English<\/span>[\/vc_column_text][vc_column_text]<span class=\"titulo_datos_club\">Code vestimentaire:<\/span><br \/>\n<span class=\"datos_club\">Le haut doit \u00eatre de type \u00ab polo \u00bb avec col ou col montant; les dames peuvent en choisir un sans manches. Le pantalon doit \u00eatre adapt\u00e9 \u00e0 la pratique du golf. Les jeans, leggings, surv\u00eatements, v\u00eatements militaires et maillots de bain ne sont pas autoris\u00e9s. Les chaussures doivent \u00eatre adapt\u00e9es \u00e0 la pratique du golf. De mani\u00e8re g\u00e9n\u00e9rale, il doit s&rsquo;agir de chaussures sans crampons, \u00e0 moins que le comit\u00e9 de comp\u00e9tition n&rsquo;en d\u00e9cide autrement.<\/span>[\/vc_column_text][\/vc_column][\/vc_row][vc_row css=\u00a0\u00bb.vc_custom_1569184012248{margin-top: 50px !important;margin-bottom: 50px !important;}\u00a0\u00bb][vc_column]<div class=\"mkdf-section-title-holder subtitulo_ficha_club \" style=\"text-align: left\">\n\t<div class=\"mkdf-st-inner\">\n\t\t\t\t\t<h5 class=\"mkdf-st-subtitle\" >\n\t\t\t\tLogement\t\t\t<\/h5>\n\t\t\t\t\t\t\t<\/div>\n<\/div>[vc_column_text css=\u00a0\u00bb.vc_custom_1582240011553{margin-top: 30px !important;margin-bottom: 30px !important;}\u00a0\u00bb]H\u00d4TEL LE PLUS PROCHE:<\/p>\n<ul class=\"hoteles_ficha\">\n<li><i class=\"fa fa-check\"><\/i> <a href=\"https:\/\/www.hotelciutatgranollers.com\" target=\"_blank\" rel=\"noopener noreferrer\"> Hotel Ciutat de Granollers 4* (a 5 km del club de golf)<\/a><\/li>\n<li><i class=\"fa fa-check\"><\/i> <a href=\"http:\/\/www.hotelblancafort.com\/\" target=\"_blank\" rel=\"noopener noreferrer\"> Hotel Blancafort Spa Termal 4* (a 7 km del club de golf)<\/a><\/li>\n<\/ul>\n<p>[\/vc_column_text][vc_column_text]H\u00d4TELS CONSEILL\u00c9S:<\/p>\n<ul class=\"hoteles_ficha\">\n<li><i class=\"fa fa-check\"><\/i> La Roca Village a 1 km del Club de golf: Centro comercial descubierto con calles peatonales, ambiente chic y tiendas de firmas de moda con descuentos<\/li>\n<\/ul>\n<p>[\/vc_column_text][\/vc_column][\/vc_row][vc_row css=\u00a0\u00bb.vc_custom_1569174189333{margin-top: 50px !important;margin-bottom: 30px !important;}\u00a0\u00bb][vc_column]<div class=\"mkdf-section-title-holder subtitulo_ficha_club \" style=\"text-align: left\">\n\t<div class=\"mkdf-st-inner\">\n\t\t\t\t\t<h5 class=\"mkdf-st-subtitle\" >\n\t\t\t\tNous trouver\t\t\t<\/h5>\n\t\t\t\t\t\t\t<\/div>\n<\/div>[\/vc_column][\/vc_row][vc_row full_width=\u00a0\u00bbstretch_row_content_no_spaces\u00a0\u00bb][vc_column][vc_gmaps link=\u00a0\u00bb#E-8_JTNDaWZyYW1lJTIwc3JjJTNEJTIyaHR0cHMlM0ElMkYlMkZ3d3cuZ29vZ2xlLmNvbSUyRm1hcHMlMkZlbWJlZCUzRnBiJTNEJTIxMW0xNCUyMTFtOCUyMTFtMyUyMTFkMTE5MjkuMjk4ODAxMTc5Nzg0JTIxMmQyLjM0NjkzMjUlMjEzZDQxLjYyNzExMjUlMjEzbTIlMjExaTEwMjQlMjEyaTc2OCUyMTRmMTMuMSUyMTNtMyUyMTFtMiUyMTFzMHgwJTI1M0EweDNmYTM3NjgwNTUwNjlkODklMjEyc0dvbGYlMjUyMExhJTI1MjBSb2NhJTIxNWUwJTIxM20yJTIxMXNlcyUyMTJzZXMlMjE0djE1NzQyODk2MTUwNjQlMjE1bTIlMjExc2VzJTIxMnNlcyUyMiUyMHdpZHRoJTNEJTIyNjAwJTIyJTIwaGVpZ2h0JTNEJTIyNDUwJTIyJTIwZnJhbWVib3JkZXIlM0QlMjIwJTIyJTIwc3R5bGUlM0QlMjJib3JkZXIlM0EwJTNCJTIyJTIwYWxsb3dmdWxsc2NyZWVuJTNEJTIyJTIyJTNFJTNDJTJGaWZyYW1lJTNF\u00a0\u00bb][\/vc_column][\/vc_row]<\/p>\n<\/div>","protected":false},"excerpt":{"rendered":"<p>[vc_row css=\u00a0\u00bb.vc_custom_1574289887075{margin-top: 50px !important;}\u00a0\u00bb][vc_column][vc_column_text css=\u00a0\u00bb.vc_custom_1582239714556{margin-top: 30px !important;}\u00a0\u00bb] \u00c0 moins de 30 km de Barcelone, vous profiterez d&rsquo;un terrain de golf tr\u00e8s divertissant et bien entretenu, comprenant 18 trous sur green plat que vous pouvez jouer \u00e0 pied. Venez d\u00e9couvrir et red\u00e9couvrir nos 5 terrains de golf agr\u00e9\u00e9s aux multiples attraits et \u00e0 l&rsquo;esth\u00e9tique tr\u00e8s polyvalente o\u00f9 le soleil est de la partie sur pratiquement tous les tees et greens. [\/vc_column_text][\/vc_column][\/vc_row][vc_row full_width=\u00a0\u00bbstretch_row_content_no_spaces\u00a0\u00bb css=\u00a0\u00bb.vc_custom_1571608732328{margin-top: 30px !important;border-top-width: 0px !important;padding-top: 0px !important;background-color: #00374c !important;}\u00a0\u00bb][vc_column][\/vc_column][\/vc_row][vc_row [&hellip;]<\/p>\n","protected":false},"author":1,"featured_media":0,"parent":0,"menu_order":0,"comment_status":"closed","ping_status":"closed","template":"","meta":{"footnotes":""},"class_list":["post-9089","page","type-page","status-publish","hentry"],"aioseo_notices":[],"_links":{"self":[{"href":"https:\/\/barcelonagolfdestination.com\/fr\/wp-json\/wp\/v2\/pages\/9089","targetHints":{"allow":["GET"]}}],"collection":[{"href":"https:\/\/barcelonagolfdestination.com\/fr\/wp-json\/wp\/v2\/pages"}],"about":[{"href":"https:\/\/barcelonagolfdestination.com\/fr\/wp-json\/wp\/v2\/types\/page"}],"author":[{"embeddable":true,"href":"https:\/\/barcelonagolfdestination.com\/fr\/wp-json\/wp\/v2\/users\/1"}],"replies":[{"embeddable":true,"href":"https:\/\/barcelonagolfdestination.com\/fr\/wp-json\/wp\/v2\/comments?post=9089"}],"version-history":[{"count":22,"href":"https:\/\/barcelonagolfdestination.com\/fr\/wp-json\/wp\/v2\/pages\/9089\/revisions"}],"predecessor-version":[{"id":52715,"href":"https:\/\/barcelonagolfdestination.com\/fr\/wp-json\/wp\/v2\/pages\/9089\/revisions\/52715"}],"wp:attachment":[{"href":"https:\/\/barcelonagolfdestination.com\/fr\/wp-json\/wp\/v2\/media?parent=9089"}],"curies":[{"name":"wp","href":"https:\/\/api.w.org\/{rel}","templated":true}]}}