{"id":9082,"date":"2020-02-11T07:42:25","date_gmt":"2020-02-11T06:42:25","guid":{"rendered":"http:\/\/barcelonagolfdestination.com\/?page_id=9082"},"modified":"2026-01-10T01:26:40","modified_gmt":"2026-01-10T00:26:40","slug":"golf-montanya","status":"publish","type":"page","link":"https:\/\/barcelonagolfdestination.com\/fr\/golf-montanya\/","title":{"rendered":"Golf Montany\u00e0"},"content":{"rendered":"<div class=\"wpb-content-wrapper\"><p>[vc_row css=\u00a0\u00bb.vc_custom_1571957559230{margin-top: 50px !important;}\u00a0\u00bb][vc_column]<div class=\"mkdf-section-title-holder titulo_ficha_club \" style=\"text-align: left\">\n\t<div class=\"mkdf-st-inner\">\n\t\t\t\t\t\t\t<h1 class=\"mkdf-st-title\" >\n\t\t\t\tGolf Montany\u00e0\t\t\t<\/h1>\n\t\t\t\t\t<\/div>\n<\/div>[vc_column_text css=\u00a0\u00bb.vc_custom_1582236548093{margin-top: 30px !important;}\u00a0\u00bb]<\/p>\n<p style=\"text-align: justify;\">Le Golf Montany\u00e0 est une belle installation construite au c\u0153ur du Parc naturel du Montseny; la plupart des for\u00eats du parc font partie de l&rsquo;enceinte du golf. Con\u00e7ue par David Thomas, l&rsquo;installation convie les golfeurs les plus exigeants \u00e0 partager un parcours de golf en 18 trous tout en profitant d&rsquo;un cadre merveilleux. Pour terminer votre parcours en beaut\u00e9, vous pourrez d\u00e9guster la cuisine savoureuse propos\u00e9e par notre club house. La renomm\u00e9e de notre cuisine r\u00e9unit deux plaisirs diff\u00e9rents mais compl\u00e9mentaires: golf et gastronomie.<\/p>\n<p>[\/vc_column_text][\/vc_column][\/vc_row][vc_row full_width=\u00a0\u00bbstretch_row_content_no_spaces\u00a0\u00bb css=\u00a0\u00bb.vc_custom_1571608732328{margin-top: 30px !important;border-top-width: 0px !important;padding-top: 0px !important;background-color: #00374c !important;}\u00a0\u00bb][vc_column]<div class=\"mkdf-call-to-action-holder boton-reservar mkdf-simple-layout \">\n\t<div class=\"mkdf-cta-inner \">\n\t\t<div class=\"mkdf-cta-text-holder\">\n\t\t\t<div class=\"mkdf-cta-text\">\n<h4>R\u00e9servez au GOLF MONTANY\u00c0<\/h4>\n<\/div>\n\t\t<\/div>\n\t\t<div class=\"mkdf-cta-button-holder\" >\n\t\t\t<div class=\"mkdf-cta-button\"><a itemprop=\"url\" href=\"https:\/\/open.teeone.golf\/en\/montanya\" target=\"_blank\" style=\"color: #00374c;background-color: #ffffff\" class=\"mkdf-btn mkdf-btn-large mkdf-btn-solid mkdf-btn-custom-hover-bg mkdf-btn-custom-border-hover\" data-hover-bg-color=\"#00374c\" data-hover-border-color=\"#ffffff\" >    <span class=\"mkdf-btn-text\">R\u00c9SERVER<\/span>    <\/a><\/div>\n\t\t<\/div>\n\t<\/div>\n<\/div>[\/vc_column][\/vc_row][vc_row css=\u00a0\u00bb.vc_custom_1571608816529{margin-top: 30px !important;margin-bottom: 30px !important;margin-left: 4px !important;}\u00a0\u00bb][vc_column css=\u00a0\u00bb.vc_custom_1571608799875{margin-top: 0px !important;padding-top: 0px !important;}\u00a0\u00bb]<div class=\"mkdf-section-title-holder subtitulo_ficha_club \" style=\"text-align: left\">\n\t<div class=\"mkdf-st-inner\">\n\t\t\t\t\t<h5 class=\"mkdf-st-subtitle\" >\n\t\t\t\tCoordonn\u00e9es du club\t\t\t<\/h5>\n\t\t\t\t\t\t\t<\/div>\n<\/div>[vc_column_text]<\/p>\n<ul class=\"datos_club\">\n<li><span class=\"titulo_datos_club\">Nom du club:<\/span><br \/>\n<span class=\"datos_club\">Golf Montany\u00e0<\/span><\/li>\n<li><span class=\"titulo_datos_club\">Adresse:<\/span><br \/>\n<span class=\"datos_club\">Masia l&rsquo;Estanyol s\/n 08559 El Brull (Barcelona)<\/span><\/li>\n<li><span class=\"titulo_datos_club\">Ann\u00e9e de fondation:<\/span><br \/>\n<span class=\"datos_club\">1989<\/span><\/li>\n<li><span class=\"titulo_datos_club\">Site web:<\/span><br \/>\n<span class=\"datos_club\"><a href=\"http:\/\/golfmontanya.com\/\" target=\"_blank\" rel=\"noopener noreferrer\">www.golfmontanya.com<\/a><\/span><\/li>\n<li><span class=\"titulo_datos_club\">E-mail pour contacter le Club (commerciaux\/r\u00e9servations):<\/span><br \/>\n<span class=\"datos_club\"><a href=\"mailto:info@golfmontanya.com\">info@golfmontanya.com<\/a><\/span><\/li>\n<li><span class=\"titulo_datos_club\">T\u00e9l\u00e9phone:<\/span><br \/>\n<span class=\"datos_club\">+34938840170<\/span><\/li>\n<li><span class=\"titulo_datos_club\">Jours de fermeture:<\/span><\/li>\n<\/ul>\n<p>[\/vc_column_text][\/vc_column][\/vc_row][vc_row full_width=\u00a0\u00bbstretch_row_content_no_spaces\u00a0\u00bb css=\u00a0\u00bb.vc_custom_1571119486385{margin-bottom: 0px !important;border-bottom-width: 0px !important;padding-bottom: 0px !important;}\u00a0\u00bb][vc_column]<div class=\"mkdf-image-gallery  mkdf-ig-masonry-type mkdf-no-space  mkdf-image-behavior-lightbox\">\n\t<div class=\"mkdf-ig-inner mkdf-outer-space mkdf-ig-masonry mkdf-ig-three-columns\">\n\t\t<div class=\"mkdf-ig-grid-sizer\"><\/div>\n\t\t<div class=\"mkdf-ig-grid-gutter\"><\/div>\n\t\t\t\t\t\t\t\t<div class=\"mkdf-ig-image mkdf-item-space \">\n\t\t\t\t<div class=\"mkdf-ig-image-inner\">\n\t\t\t\t\t\t\t\t\t\t\t<a itemprop=\"image\" class=\"mkdf-ig-lightbox\" href=\"https:\/\/barcelonagolfdestination.com\/wp-content\/uploads\/2020\/11\/golf-montanya-01.jpg\" data-rel=\"prettyPhoto[image_gallery_pretty_photo-246]\" title=\"golf-montanya-01\">\n\t\t\t\t\t\t\t\t\t\t\t<img loading=\"lazy\" decoding=\"async\" width=\"1920\" height=\"1080\" src=\"https:\/\/barcelonagolfdestination.com\/wp-content\/uploads\/2020\/11\/golf-montanya-01.jpg\" class=\"attachment- size-\" alt=\"campo de golf montanya arboles\" srcset=\"https:\/\/barcelonagolfdestination.com\/wp-content\/uploads\/2020\/11\/golf-montanya-01.jpg 1920w, https:\/\/barcelonagolfdestination.com\/wp-content\/uploads\/2020\/11\/golf-montanya-01-300x169.jpg 300w, https:\/\/barcelonagolfdestination.com\/wp-content\/uploads\/2020\/11\/golf-montanya-01-1024x576.jpg 1024w, https:\/\/barcelonagolfdestination.com\/wp-content\/uploads\/2020\/11\/golf-montanya-01-768x432.jpg 768w, https:\/\/barcelonagolfdestination.com\/wp-content\/uploads\/2020\/11\/golf-montanya-01-1536x864.jpg 1536w\" sizes=\"auto, (max-width: 1920px) 100vw, 1920px\" \/>\t\t\t\t\t\t\t\t\t\t\t<\/a>\n\t\t\t\t\t\t\t\t\t<\/div>\n\t\t\t<\/div>\n\t\t\t\t\t\t\t\t<div class=\"mkdf-ig-image mkdf-item-space \">\n\t\t\t\t<div class=\"mkdf-ig-image-inner\">\n\t\t\t\t\t\t\t\t\t\t\t<a itemprop=\"image\" class=\"mkdf-ig-lightbox\" href=\"https:\/\/barcelonagolfdestination.com\/wp-content\/uploads\/2020\/11\/golf-montanya-02.jpg\" data-rel=\"prettyPhoto[image_gallery_pretty_photo-246]\" title=\"golf-montanya-02\">\n\t\t\t\t\t\t\t\t\t\t\t<img loading=\"lazy\" decoding=\"async\" width=\"1920\" height=\"1080\" src=\"https:\/\/barcelonagolfdestination.com\/wp-content\/uploads\/2020\/11\/golf-montanya-02.jpg\" class=\"attachment- size-\" alt=\"campo de golf montanya bunker\" srcset=\"https:\/\/barcelonagolfdestination.com\/wp-content\/uploads\/2020\/11\/golf-montanya-02.jpg 1920w, https:\/\/barcelonagolfdestination.com\/wp-content\/uploads\/2020\/11\/golf-montanya-02-300x169.jpg 300w, https:\/\/barcelonagolfdestination.com\/wp-content\/uploads\/2020\/11\/golf-montanya-02-1024x576.jpg 1024w, https:\/\/barcelonagolfdestination.com\/wp-content\/uploads\/2020\/11\/golf-montanya-02-768x432.jpg 768w, https:\/\/barcelonagolfdestination.com\/wp-content\/uploads\/2020\/11\/golf-montanya-02-1536x864.jpg 1536w\" sizes=\"auto, (max-width: 1920px) 100vw, 1920px\" \/>\t\t\t\t\t\t\t\t\t\t\t<\/a>\n\t\t\t\t\t\t\t\t\t<\/div>\n\t\t\t<\/div>\n\t\t\t\t\t\t\t\t<div class=\"mkdf-ig-image mkdf-item-space \">\n\t\t\t\t<div class=\"mkdf-ig-image-inner\">\n\t\t\t\t\t\t\t\t\t\t\t<a itemprop=\"image\" class=\"mkdf-ig-lightbox\" href=\"https:\/\/barcelonagolfdestination.com\/wp-content\/uploads\/2020\/11\/golf-montanya-03.jpg\" data-rel=\"prettyPhoto[image_gallery_pretty_photo-246]\" title=\"golf-montanya-03\">\n\t\t\t\t\t\t\t\t\t\t\t<img loading=\"lazy\" decoding=\"async\" width=\"1920\" height=\"1080\" src=\"https:\/\/barcelonagolfdestination.com\/wp-content\/uploads\/2020\/11\/golf-montanya-03.jpg\" class=\"attachment- size-\" alt=\"campo de golf montanya bandera\" srcset=\"https:\/\/barcelonagolfdestination.com\/wp-content\/uploads\/2020\/11\/golf-montanya-03.jpg 1920w, https:\/\/barcelonagolfdestination.com\/wp-content\/uploads\/2020\/11\/golf-montanya-03-300x169.jpg 300w, https:\/\/barcelonagolfdestination.com\/wp-content\/uploads\/2020\/11\/golf-montanya-03-1024x576.jpg 1024w, https:\/\/barcelonagolfdestination.com\/wp-content\/uploads\/2020\/11\/golf-montanya-03-768x432.jpg 768w, https:\/\/barcelonagolfdestination.com\/wp-content\/uploads\/2020\/11\/golf-montanya-03-1536x864.jpg 1536w\" sizes=\"auto, (max-width: 1920px) 100vw, 1920px\" \/>\t\t\t\t\t\t\t\t\t\t\t<\/a>\n\t\t\t\t\t\t\t\t\t<\/div>\n\t\t\t<\/div>\n\t\t\t\t\t\t\t\t<div class=\"mkdf-ig-image mkdf-item-space \">\n\t\t\t\t<div class=\"mkdf-ig-image-inner\">\n\t\t\t\t\t\t\t\t\t\t\t<a itemprop=\"image\" class=\"mkdf-ig-lightbox\" href=\"https:\/\/barcelonagolfdestination.com\/wp-content\/uploads\/2020\/11\/golf-montanya-04.jpg\" data-rel=\"prettyPhoto[image_gallery_pretty_photo-246]\" title=\"golf-montanya-04\">\n\t\t\t\t\t\t\t\t\t\t\t<img loading=\"lazy\" decoding=\"async\" width=\"1920\" height=\"1080\" src=\"https:\/\/barcelonagolfdestination.com\/wp-content\/uploads\/2020\/11\/golf-montanya-04.jpg\" class=\"attachment- size-\" alt=\"campo de golf montanya lago y bosques\" srcset=\"https:\/\/barcelonagolfdestination.com\/wp-content\/uploads\/2020\/11\/golf-montanya-04.jpg 1920w, https:\/\/barcelonagolfdestination.com\/wp-content\/uploads\/2020\/11\/golf-montanya-04-300x169.jpg 300w, https:\/\/barcelonagolfdestination.com\/wp-content\/uploads\/2020\/11\/golf-montanya-04-1024x576.jpg 1024w, https:\/\/barcelonagolfdestination.com\/wp-content\/uploads\/2020\/11\/golf-montanya-04-768x432.jpg 768w, https:\/\/barcelonagolfdestination.com\/wp-content\/uploads\/2020\/11\/golf-montanya-04-1536x864.jpg 1536w\" sizes=\"auto, (max-width: 1920px) 100vw, 1920px\" \/>\t\t\t\t\t\t\t\t\t\t\t<\/a>\n\t\t\t\t\t\t\t\t\t<\/div>\n\t\t\t<\/div>\n\t\t\t\t\t\t\t\t<div class=\"mkdf-ig-image mkdf-item-space \">\n\t\t\t\t<div class=\"mkdf-ig-image-inner\">\n\t\t\t\t\t\t\t\t\t\t\t<a itemprop=\"image\" class=\"mkdf-ig-lightbox\" href=\"https:\/\/barcelonagolfdestination.com\/wp-content\/uploads\/2020\/11\/golf-montanya-05.jpg\" data-rel=\"prettyPhoto[image_gallery_pretty_photo-246]\" title=\"golf-montanya-05\">\n\t\t\t\t\t\t\t\t\t\t\t<img loading=\"lazy\" decoding=\"async\" width=\"1920\" height=\"1080\" src=\"https:\/\/barcelonagolfdestination.com\/wp-content\/uploads\/2020\/11\/golf-montanya-05.jpg\" class=\"attachment- size-\" alt=\"campo de golf montanya casa club\" srcset=\"https:\/\/barcelonagolfdestination.com\/wp-content\/uploads\/2020\/11\/golf-montanya-05.jpg 1920w, https:\/\/barcelonagolfdestination.com\/wp-content\/uploads\/2020\/11\/golf-montanya-05-300x169.jpg 300w, https:\/\/barcelonagolfdestination.com\/wp-content\/uploads\/2020\/11\/golf-montanya-05-1024x576.jpg 1024w, https:\/\/barcelonagolfdestination.com\/wp-content\/uploads\/2020\/11\/golf-montanya-05-768x432.jpg 768w, https:\/\/barcelonagolfdestination.com\/wp-content\/uploads\/2020\/11\/golf-montanya-05-1536x864.jpg 1536w\" sizes=\"auto, (max-width: 1920px) 100vw, 1920px\" \/>\t\t\t\t\t\t\t\t\t\t\t<\/a>\n\t\t\t\t\t\t\t\t\t<\/div>\n\t\t\t<\/div>\n\t\t\t\t\t\t\t\t<div class=\"mkdf-ig-image mkdf-item-space \">\n\t\t\t\t<div class=\"mkdf-ig-image-inner\">\n\t\t\t\t\t\t\t\t\t\t\t<a itemprop=\"image\" class=\"mkdf-ig-lightbox\" href=\"https:\/\/barcelonagolfdestination.com\/wp-content\/uploads\/2020\/11\/golf-montanya-06.jpg\" data-rel=\"prettyPhoto[image_gallery_pretty_photo-246]\" title=\"golf-montanya-06\">\n\t\t\t\t\t\t\t\t\t\t\t<img loading=\"lazy\" decoding=\"async\" width=\"1920\" height=\"1080\" src=\"https:\/\/barcelonagolfdestination.com\/wp-content\/uploads\/2020\/11\/golf-montanya-06.jpg\" class=\"attachment- size-\" alt=\"campo de golf montanya jugador\" srcset=\"https:\/\/barcelonagolfdestination.com\/wp-content\/uploads\/2020\/11\/golf-montanya-06.jpg 1920w, https:\/\/barcelonagolfdestination.com\/wp-content\/uploads\/2020\/11\/golf-montanya-06-300x169.jpg 300w, https:\/\/barcelonagolfdestination.com\/wp-content\/uploads\/2020\/11\/golf-montanya-06-1024x576.jpg 1024w, https:\/\/barcelonagolfdestination.com\/wp-content\/uploads\/2020\/11\/golf-montanya-06-768x432.jpg 768w, https:\/\/barcelonagolfdestination.com\/wp-content\/uploads\/2020\/11\/golf-montanya-06-1536x864.jpg 1536w\" sizes=\"auto, (max-width: 1920px) 100vw, 1920px\" \/>\t\t\t\t\t\t\t\t\t\t\t<\/a>\n\t\t\t\t\t\t\t\t\t<\/div>\n\t\t\t<\/div>\n\t\t\t<\/div>\n<\/div>[\/vc_column][\/vc_row][vc_row css=\u00a0\u00bb.vc_custom_1571608838449{margin-top: 30px !important;margin-bottom: 50px !important;}\u00a0\u00bb][vc_column]<div class=\"mkdf-section-title-holder subtitulo_ficha_club \" style=\"text-align: left\">\n\t<div class=\"mkdf-st-inner\">\n\t\t\t\t\t<h5 class=\"mkdf-st-subtitle\" >\n\t\t\t\t\u00c0 propos du terrain de golf\t\t\t<\/h5>\n\t\t\t\t\t\t\t<\/div>\n<\/div>[vc_row_inner css=\u00a0\u00bb.vc_custom_1569168007294{margin-top: 30px !important;}\u00a0\u00bb][vc_column_inner width=\u00a0\u00bb1\/5&Prime;][vc_column_text]<\/p>\n<p class=\"titulo_sobre_el_campo\">Concepteurs<\/p>\n<p>[\/vc_column_text][vc_separator color=\u00a0\u00bbcustom\u00a0\u00bb accent_color=\u00a0\u00bb#00374c\u00a0\u00bb][vc_column_text]<\/p>\n<p style=\"text-align: center;\">David Thomas<\/p>\n<p>[\/vc_column_text][\/vc_column_inner][vc_column_inner width=\u00a0\u00bb1\/5&Prime;][vc_column_text]<\/p>\n<p class=\"titulo_sobre_el_campo\">Nombre de trous<\/p>\n<p>[\/vc_column_text][vc_separator color=\u00a0\u00bbcustom\u00a0\u00bb accent_color=\u00a0\u00bb#00374c\u00a0\u00bb][vc_column_text]<\/p>\n<p style=\"text-align: center;\">18<\/p>\n<p>[\/vc_column_text][\/vc_column_inner][vc_column_inner width=\u00a0\u00bb1\/5&Prime;][vc_column_text]<\/p>\n<p class=\"titulo_sobre_el_campo\">Par<\/p>\n<p>[\/vc_column_text][vc_separator color=\u00a0\u00bbcustom\u00a0\u00bb accent_color=\u00a0\u00bb#00374c\u00a0\u00bb][vc_column_text]<\/p>\n<p style=\"text-align: center;\">72<\/p>\n<p>[\/vc_column_text][\/vc_column_inner][vc_column_inner width=\u00a0\u00bb1\/5&Prime;][vc_column_text]<\/p>\n<p class=\"titulo_sobre_el_campo\">M\u00e8tres<\/p>\n<p>[\/vc_column_text][vc_separator color=\u00a0\u00bbcustom\u00a0\u00bb accent_color=\u00a0\u00bb#2c4938&Prime;][vc_column_text]<\/p>\n<p style=\"text-align: center;\"><img decoding=\"async\" src=\"https:\/\/barcelonagolfdestination.com\/wp-content\/uploads\/2017\/08\/blancas-1.png\" alt=\"\" \/> 6053 m<\/p>\n<p style=\"text-align: center;\"><img decoding=\"async\" src=\"https:\/\/barcelonagolfdestination.com\/wp-content\/uploads\/2017\/08\/amarillas-1.png\" alt=\"\" \/> 5730 m<\/p>\n<p style=\"text-align: center;\"><img decoding=\"async\" src=\"https:\/\/barcelonagolfdestination.com\/wp-content\/uploads\/2017\/08\/azules-1.png\" alt=\"\" \/> 5362 m<\/p>\n<p style=\"text-align: center;\"><img decoding=\"async\" src=\"https:\/\/barcelonagolfdestination.com\/wp-content\/uploads\/2017\/08\/rojas-1.png\" alt=\"\" \/> 5095m<\/p>\n<p>[\/vc_column_text][\/vc_column_inner][vc_column_inner width=\u00a0\u00bb1\/5&Prime;][vc_column_text]<\/p>\n<p class=\"titulo_sobre_el_campo\">Ann\u00e9e de construction<\/p>\n<p>[\/vc_column_text][vc_separator color=\u00a0\u00bbcustom\u00a0\u00bb accent_color=\u00a0\u00bb#00374c\u00a0\u00bb][vc_column_text]<\/p>\n<p style=\"text-align: center;\">1990<\/p>\n<p>[\/vc_column_text][\/vc_column_inner][\/vc_row_inner][\/vc_column][\/vc_row][vc_row css=\u00a0\u00bb.vc_custom_1569187772478{margin-top: 30px !important;margin-bottom: 30px !important;}\u00a0\u00bb][vc_column][vc_column_text css=\u00a0\u00bb.vc_custom_1582236735342{margin-bottom: 30px !important;}\u00a0\u00bb]<span class=\"titulo_datos_club\">Services:<\/span><\/p>\n<ul class=\"lista_servicios\">\n<li><i class=\"fa fa-check\"><\/i><span class=\"titulo_servicio\"> Terrain de pratique<\/span> <span class=\"atributo_servicio\"> (1,2\u20ac)<\/span><\/li>\n<li><i class=\"fa fa-check\"><\/i><span class=\"titulo_servicio\"> Vestiaires visiteurs<\/span><\/li>\n<li><i class=\"fa fa-check\"><\/i><span class=\"titulo_servicio\"> Bar &#8211; Snack<\/span><\/li>\n<li><i class=\"fa fa-check\"><\/i><span class=\"titulo_servicio\"> Restaurant <\/span> <span class=\"atributo_servicio\"> (20\u20ac)<\/span><\/li>\n<li><i class=\"fa fa-check\"><\/i><span class=\"titulo_servicio\"> Location de clubs de golf<\/span><\/li>\n<li><i class=\"fa fa-check\"><\/i><span class=\"titulo_servicio\"> Location de buggy<\/span><\/li>\n<li><i class=\"fa fa-check\"><\/i><span class=\"titulo_servicio\"> Boutique de golf<\/span><\/li>\n<li><i class=\"fa fa-check\"><\/i><span class=\"titulo_servicio\"> Caddie<\/span> <span class=\"atributo_servicio\"> (on request)<\/span><\/li>\n<li><i class=\"fa fa-check\"><\/i><span class=\"titulo_servicio\"> Cours de golf<\/span> <span class=\"atributo_servicio\"> (on request)<\/span><\/li>\n<\/ul>\n<p>[\/vc_column_text][\/vc_column][\/vc_row][vc_row row_content_width=\u00a0\u00bbgrid\u00a0\u00bb][vc_column][vc_column_text css=\u00a0\u00bb.vc_custom_1582236747884{margin-bottom: 30px !important;}\u00a0\u00bb]<span class=\"titulo_datos_club\">Langues parl\u00e9es \u00e0 la r\u00e9ception:<\/span><br \/>\n<span class=\"datos_club\">English, french, castellano, catal\u00e0<\/span>[\/vc_column_text][vc_column_text]<span class=\"titulo_datos_club\">Code vestimentaire:<\/span><br \/>\n<span class=\"datos_club\"><span style=\"font-weight: 400;\">Le haut doit \u00eatre de type \u00ab polo \u00bb avec col ou col montant ; les dames peuvent en choisir un sans manches. Le pantalon doit \u00eatre adapt\u00e9 \u00e0 la pratique du golf. Les jeans, leggings, surv\u00eatements, v\u00eatements militaires et maillots de bain ne sont pas autoris\u00e9s. Les chaussures doivent \u00eatre adapt\u00e9es \u00e0 la pratique du golf. De mani\u00e8re g\u00e9n\u00e9rale, il doit s&rsquo;agir de chaussures sans crampons, \u00e0 moins que le comit\u00e9 de comp\u00e9tition n&rsquo;en d\u00e9cide autrement.<\/span><\/span>[\/vc_column_text][\/vc_column][\/vc_row][vc_row css=\u00a0\u00bb.vc_custom_1569184012248{margin-top: 50px !important;margin-bottom: 50px !important;}\u00a0\u00bb][vc_column]<div class=\"mkdf-section-title-holder subtitulo_ficha_club \" style=\"text-align: left\">\n\t<div class=\"mkdf-st-inner\">\n\t\t\t\t\t<h5 class=\"mkdf-st-subtitle\" >\n\t\t\t\tLogement\t\t\t<\/h5>\n\t\t\t\t\t\t\t<\/div>\n<\/div>[vc_column_text css=\u00a0\u00bb.vc_custom_1582236776502{margin-top: 30px !important;margin-bottom: 30px !important;}\u00a0\u00bb]H\u00d4TEL LE PLUS PROCHE:<\/p>\n<ul class=\"hoteles_ficha\">\n<li><i class=\"fa fa-check\"><\/i> <a href=\"http:\/\/montanyahotel.com\/\" target=\"_blank\" rel=\"noopener noreferrer\"> Montany\u00e0 Hotel &amp; Lodge <\/a><\/li>\n<\/ul>\n<p>[\/vc_column_text][vc_column_text]H\u00d4TELS CONSEILL\u00c9S:<\/p>\n<ul class=\"hoteles_ficha\">\n<li><i class=\"fa fa-check\"><\/i> <a href=\"http:\/\/lesclarisses.com\" target=\"_blank\" rel=\"noopener noreferrer\"> Hotel Les Clarisses (Vic) <\/a><\/li>\n<\/ul>\n<p>[\/vc_column_text][\/vc_column][\/vc_row][vc_row css=\u00a0\u00bb.vc_custom_1569174189333{margin-top: 50px !important;margin-bottom: 30px !important;}\u00a0\u00bb][vc_column]<div class=\"mkdf-section-title-holder subtitulo_ficha_club \" style=\"text-align: left\">\n\t<div class=\"mkdf-st-inner\">\n\t\t\t\t\t<h5 class=\"mkdf-st-subtitle\" >\n\t\t\t\tNous trouver\t\t\t<\/h5>\n\t\t\t\t\t\t\t<\/div>\n<\/div>[\/vc_column][\/vc_row][vc_row full_width=\u00a0\u00bbstretch_row_content_no_spaces\u00a0\u00bb][vc_column][vc_gmaps link=\u00a0\u00bb#E-8_JTNDaWZyYW1lJTIwc3JjJTNEJTIyaHR0cHMlM0ElMkYlMkZ3d3cuZ29vZ2xlLmNvbSUyRm1hcHMlMkZlbWJlZCUzRnBiJTNEJTIxMW0xOCUyMTFtMTIlMjExbTMlMjExZDU5NDcuMDAyNDU1NDYzNTI4JTIxMmQyLjI3NjU2MDQyMzMxMTAzOCUyMTNkNDEuODE3NTAzOTY3NjMzMTIlMjEybTMlMjExZjAlMjEyZjAlMjEzZjAlMjEzbTIlMjExaTEwMjQlMjEyaTc2OCUyMTRmMTMuMSUyMTNtMyUyMTFtMiUyMTFzMHgxMmE0ZDBhYWQ3ZjVkMjlmJTI1M0EweDk1ZmRmYjZiMWU5NjlhYmYlMjEyc0NsdWIlMjUyMGRlJTI1MjBHb2xmJTI1MjBNb250YW55YSUyMTVlMCUyMTNtMiUyMTFzZXMlMjEyc2VzJTIxNHYxNTcxNzgzOTU5MjY2JTIxNW0yJTIxMXNlcyUyMTJzZXMlMjIlMjB3aWR0aCUzRCUyMjYwMCUyMiUyMGhlaWdodCUzRCUyMjQ1MCUyMiUyMGZyYW1lYm9yZGVyJTNEJTIyMCUyMiUyMHN0eWxlJTNEJTIyYm9yZGVyJTNBMCUzQiUyMiUyMGFsbG93ZnVsbHNjcmVlbiUzRCUyMiUyMiUzRSUzQyUyRmlmcmFtZSUzRQ==\u00a0\u00bb][\/vc_column][\/vc_row]<\/p>\n<\/div>","protected":false},"excerpt":{"rendered":"<p>[vc_row css=\u00a0\u00bb.vc_custom_1571957559230{margin-top: 50px !important;}\u00a0\u00bb][vc_column][vc_column_text css=\u00a0\u00bb.vc_custom_1582236548093{margin-top: 30px !important;}\u00a0\u00bb] Le Golf Montany\u00e0 est une belle installation construite au c\u0153ur du Parc naturel du Montseny; la plupart des for\u00eats du parc font partie de l&rsquo;enceinte du golf. Con\u00e7ue par David Thomas, l&rsquo;installation convie les golfeurs les plus exigeants \u00e0 partager un parcours de golf en 18 trous tout en profitant d&rsquo;un cadre merveilleux. Pour terminer votre parcours en beaut\u00e9, vous pourrez d\u00e9guster la cuisine savoureuse propos\u00e9e par notre club house. La renomm\u00e9e de [&hellip;]<\/p>\n","protected":false},"author":1,"featured_media":0,"parent":0,"menu_order":0,"comment_status":"closed","ping_status":"closed","template":"","meta":{"footnotes":""},"class_list":["post-9082","page","type-page","status-publish","hentry"],"aioseo_notices":[],"_links":{"self":[{"href":"https:\/\/barcelonagolfdestination.com\/fr\/wp-json\/wp\/v2\/pages\/9082","targetHints":{"allow":["GET"]}}],"collection":[{"href":"https:\/\/barcelonagolfdestination.com\/fr\/wp-json\/wp\/v2\/pages"}],"about":[{"href":"https:\/\/barcelonagolfdestination.com\/fr\/wp-json\/wp\/v2\/types\/page"}],"author":[{"embeddable":true,"href":"https:\/\/barcelonagolfdestination.com\/fr\/wp-json\/wp\/v2\/users\/1"}],"replies":[{"embeddable":true,"href":"https:\/\/barcelonagolfdestination.com\/fr\/wp-json\/wp\/v2\/comments?post=9082"}],"version-history":[{"count":7,"href":"https:\/\/barcelonagolfdestination.com\/fr\/wp-json\/wp\/v2\/pages\/9082\/revisions"}],"predecessor-version":[{"id":52484,"href":"https:\/\/barcelonagolfdestination.com\/fr\/wp-json\/wp\/v2\/pages\/9082\/revisions\/52484"}],"wp:attachment":[{"href":"https:\/\/barcelonagolfdestination.com\/fr\/wp-json\/wp\/v2\/media?parent=9082"}],"curies":[{"name":"wp","href":"https:\/\/api.w.org\/{rel}","templated":true}]}}