{"id":9063,"date":"2020-02-11T07:03:55","date_gmt":"2020-02-11T06:03:55","guid":{"rendered":"http:\/\/barcelonagolfdestination.com\/?page_id=9063"},"modified":"2026-01-10T01:20:52","modified_gmt":"2026-01-10T00:20:52","slug":"club-de-golf-llavaneras","status":"publish","type":"page","link":"https:\/\/barcelonagolfdestination.com\/fr\/club-de-golf-llavaneras\/","title":{"rendered":"Club de Golf Llavaneras"},"content":{"rendered":"<div class=\"wpb-content-wrapper\"><p>[vc_row css=\u00a0\u00bb.vc_custom_1571957489270{margin-top: 50px !important;}\u00a0\u00bb][vc_column]<div class=\"mkdf-section-title-holder titulo_ficha_club \" style=\"text-align: left\">\n\t<div class=\"mkdf-st-inner\">\n\t\t\t\t\t\t\t<h1 class=\"mkdf-st-title\" >\n\t\t\t\tClub de Golf Llavaneras\t\t\t<\/h1>\n\t\t\t\t\t<\/div>\n<\/div>[vc_column_text css=\u00a0\u00bb.vc_custom_1582230196577{margin-top: 30px !important;}\u00a0\u00bb]<\/p>\n<p style=\"text-align: justify;\"><span style=\"font-weight: 400;\">D\u00e9couvrez l&rsquo;un des meilleurs clubs de golf de Barcelone en profitant de vues magnifiques sur la mer M\u00e9diterran\u00e9e tout au long du parcours 18 trous. Ce club priv\u00e9 est le 4\u00e8me plus ancien de Catalogne. S&rsquo;inspirant du style britannique, il propose un jeu stimulant et divertissant, quel que soit votre niveau. Le microclimat et la v\u00e9g\u00e9tation de la r\u00e9gion transforment ce club, situ\u00e9 dans le Maresme \u00e0 30 minutes de Barcelone, en un v\u00e9ritable jardin naturel.\u00a0<\/span><\/p>\n<p>[\/vc_column_text][\/vc_column][\/vc_row][vc_row full_width=\u00a0\u00bbstretch_row_content_no_spaces\u00a0\u00bb css=\u00a0\u00bb.vc_custom_1571608732328{margin-top: 30px !important;border-top-width: 0px !important;padding-top: 0px !important;background-color: #00374c !important;}\u00a0\u00bb][vc_column]<div class=\"mkdf-call-to-action-holder boton-reservar mkdf-simple-layout \">\n\t<div class=\"mkdf-cta-inner \">\n\t\t<div class=\"mkdf-cta-text-holder\">\n\t\t\t<div class=\"mkdf-cta-text\">\n<h4>R\u00e9servez au CLUB DE GOLF LLAVANERAS<\/h4>\n<\/div>\n\t\t<\/div>\n\t\t<div class=\"mkdf-cta-button-holder\" >\n\t\t\t<div class=\"mkdf-cta-button\"><a itemprop=\"url\" href=\"https:\/\/open.teeone.golf\/en\/llavaneras\" target=\"_blank\" style=\"color: #00374c;background-color: #ffffff\" class=\"mkdf-btn mkdf-btn-large mkdf-btn-solid mkdf-btn-custom-hover-bg mkdf-btn-custom-border-hover\" data-hover-bg-color=\"#00374c\" data-hover-border-color=\"#ffffff\" >    <span class=\"mkdf-btn-text\">R\u00c9SERVER<\/span>    <\/a><\/div>\n\t\t<\/div>\n\t<\/div>\n<\/div>[\/vc_column][\/vc_row][vc_row css=\u00a0\u00bb.vc_custom_1571608816529{margin-top: 30px !important;margin-bottom: 30px !important;margin-left: 4px !important;}\u00a0\u00bb][vc_column css=\u00a0\u00bb.vc_custom_1571608799875{margin-top: 0px !important;padding-top: 0px !important;}\u00a0\u00bb]<div class=\"mkdf-section-title-holder subtitulo_ficha_club \" style=\"text-align: left\">\n\t<div class=\"mkdf-st-inner\">\n\t\t\t\t\t<h5 class=\"mkdf-st-subtitle\" >\n\t\t\t\tCoordonn\u00e9es du club\t\t\t<\/h5>\n\t\t\t\t\t\t\t<\/div>\n<\/div>[vc_column_text]<\/p>\n<ul class=\"datos_club\">\n<li><span class=\"titulo_datos_club\">Nom du club:<\/span><br \/>\n<span class=\"datos_club\">Club de Golf Llavaneras<\/span><\/li>\n<li><span class=\"titulo_datos_club\">Adresse:<\/span><br \/>\n<span class=\"datos_club\">Cam\u00ed del Golf, 49-51, 08392 Sant Andreu de Llavaneras (Barcelona) <\/span><\/li>\n<li><span class=\"titulo_datos_club\">Ann\u00e9e de fondation:<\/span><br \/>\n<span class=\"datos_club\">1945<\/span><\/li>\n<li><span class=\"titulo_datos_club\">Site web:<\/span><br \/>\n<span class=\"datos_club\"><a href=\"https:\/\/golfllavaneras.com\/\" target=\"_blank\" rel=\"noopener noreferrer\">www.golfllavaneras.com<\/a><\/span><\/li>\n<li><span class=\"titulo_datos_club\">E-mail pour contacter le Club (commerciaux\/r\u00e9servations):<\/span><br \/>\n<span class=\"datos_club\"><a href=\"mailto:club@golfllavaneras.com\">club@golfllavaneras.com<\/a><\/span><\/li>\n<li><span class=\"titulo_datos_club\">T\u00e9l\u00e9phone:<\/span><br \/>\n<span class=\"datos_club\">0034 93 792 60 50 <\/span><\/li>\n<li><span class=\"titulo_datos_club\">Jours de fermeture:<\/span><br \/>\n<span class=\"datos_club\">Todos los lunes, excepto de 15 de julio hasta 31 de agosto, 25 de diciembre, 1 de enero<\/span><\/li>\n<\/ul>\n<p>[\/vc_column_text][\/vc_column][\/vc_row][vc_row full_width=\u00a0\u00bbstretch_row_content_no_spaces\u00a0\u00bb css=\u00a0\u00bb.vc_custom_1571119486385{margin-bottom: 0px !important;border-bottom-width: 0px !important;padding-bottom: 0px !important;}\u00a0\u00bb][vc_column]<div class=\"mkdf-image-gallery  mkdf-ig-masonry-type mkdf-no-space  mkdf-image-behavior-lightbox\">\n\t<div class=\"mkdf-ig-inner mkdf-outer-space mkdf-ig-masonry mkdf-ig-three-columns\">\n\t\t<div class=\"mkdf-ig-grid-sizer\"><\/div>\n\t\t<div class=\"mkdf-ig-grid-gutter\"><\/div>\n\t\t\t\t\t\t\t\t<div class=\"mkdf-ig-image mkdf-item-space \">\n\t\t\t\t<div class=\"mkdf-ig-image-inner\">\n\t\t\t\t\t\t\t\t\t\t\t<a itemprop=\"image\" class=\"mkdf-ig-lightbox\" href=\"https:\/\/barcelonagolfdestination.com\/wp-content\/uploads\/2020\/11\/club-golf-llavaneras-08.jpg\" data-rel=\"prettyPhoto[image_gallery_pretty_photo-599]\" title=\"club-golf-llavaneras-08\">\n\t\t\t\t\t\t\t\t\t\t\t<img loading=\"lazy\" decoding=\"async\" width=\"1920\" height=\"1080\" src=\"https:\/\/barcelonagolfdestination.com\/wp-content\/uploads\/2020\/11\/club-golf-llavaneras-08.jpg\" class=\"attachment- size-\" alt=\"campo de golf llavaneras vista zenital bunker\" srcset=\"https:\/\/barcelonagolfdestination.com\/wp-content\/uploads\/2020\/11\/club-golf-llavaneras-08.jpg 1920w, https:\/\/barcelonagolfdestination.com\/wp-content\/uploads\/2020\/11\/club-golf-llavaneras-08-300x169.jpg 300w, https:\/\/barcelonagolfdestination.com\/wp-content\/uploads\/2020\/11\/club-golf-llavaneras-08-1024x576.jpg 1024w, https:\/\/barcelonagolfdestination.com\/wp-content\/uploads\/2020\/11\/club-golf-llavaneras-08-768x432.jpg 768w, https:\/\/barcelonagolfdestination.com\/wp-content\/uploads\/2020\/11\/club-golf-llavaneras-08-1536x864.jpg 1536w\" sizes=\"auto, (max-width: 1920px) 100vw, 1920px\" \/>\t\t\t\t\t\t\t\t\t\t\t<\/a>\n\t\t\t\t\t\t\t\t\t<\/div>\n\t\t\t<\/div>\n\t\t\t\t\t\t\t\t<div class=\"mkdf-ig-image mkdf-item-space \">\n\t\t\t\t<div class=\"mkdf-ig-image-inner\">\n\t\t\t\t\t\t\t\t\t\t\t<a itemprop=\"image\" class=\"mkdf-ig-lightbox\" href=\"https:\/\/barcelonagolfdestination.com\/wp-content\/uploads\/2020\/11\/club-golf-llavaneras-11.jpg\" data-rel=\"prettyPhoto[image_gallery_pretty_photo-599]\" title=\"club-golf-llavaneras-11\">\n\t\t\t\t\t\t\t\t\t\t\t<img loading=\"lazy\" decoding=\"async\" width=\"1920\" height=\"1080\" src=\"https:\/\/barcelonagolfdestination.com\/wp-content\/uploads\/2020\/11\/club-golf-llavaneras-11.jpg\" class=\"attachment- size-\" alt=\"campo de golf llavaneras bunkers lago y mar mediterraneo\" srcset=\"https:\/\/barcelonagolfdestination.com\/wp-content\/uploads\/2020\/11\/club-golf-llavaneras-11.jpg 1920w, https:\/\/barcelonagolfdestination.com\/wp-content\/uploads\/2020\/11\/club-golf-llavaneras-11-300x169.jpg 300w, https:\/\/barcelonagolfdestination.com\/wp-content\/uploads\/2020\/11\/club-golf-llavaneras-11-1024x576.jpg 1024w, https:\/\/barcelonagolfdestination.com\/wp-content\/uploads\/2020\/11\/club-golf-llavaneras-11-768x432.jpg 768w, https:\/\/barcelonagolfdestination.com\/wp-content\/uploads\/2020\/11\/club-golf-llavaneras-11-1536x864.jpg 1536w\" sizes=\"auto, (max-width: 1920px) 100vw, 1920px\" \/>\t\t\t\t\t\t\t\t\t\t\t<\/a>\n\t\t\t\t\t\t\t\t\t<\/div>\n\t\t\t<\/div>\n\t\t\t\t\t\t\t\t<div class=\"mkdf-ig-image mkdf-item-space \">\n\t\t\t\t<div class=\"mkdf-ig-image-inner\">\n\t\t\t\t\t\t\t\t\t\t\t<a itemprop=\"image\" class=\"mkdf-ig-lightbox\" href=\"https:\/\/barcelonagolfdestination.com\/wp-content\/uploads\/2020\/11\/club-golf-llavaneras-12.jpg\" data-rel=\"prettyPhoto[image_gallery_pretty_photo-599]\" title=\"club-golf-llavaneras-12\">\n\t\t\t\t\t\t\t\t\t\t\t<img loading=\"lazy\" decoding=\"async\" width=\"1920\" height=\"1080\" src=\"https:\/\/barcelonagolfdestination.com\/wp-content\/uploads\/2020\/11\/club-golf-llavaneras-12.jpg\" class=\"attachment- size-\" alt=\"campo de golf llavaneras bunkers atardecer\" srcset=\"https:\/\/barcelonagolfdestination.com\/wp-content\/uploads\/2020\/11\/club-golf-llavaneras-12.jpg 1920w, https:\/\/barcelonagolfdestination.com\/wp-content\/uploads\/2020\/11\/club-golf-llavaneras-12-300x169.jpg 300w, https:\/\/barcelonagolfdestination.com\/wp-content\/uploads\/2020\/11\/club-golf-llavaneras-12-1024x576.jpg 1024w, https:\/\/barcelonagolfdestination.com\/wp-content\/uploads\/2020\/11\/club-golf-llavaneras-12-768x432.jpg 768w, https:\/\/barcelonagolfdestination.com\/wp-content\/uploads\/2020\/11\/club-golf-llavaneras-12-1536x864.jpg 1536w\" sizes=\"auto, (max-width: 1920px) 100vw, 1920px\" \/>\t\t\t\t\t\t\t\t\t\t\t<\/a>\n\t\t\t\t\t\t\t\t\t<\/div>\n\t\t\t<\/div>\n\t\t\t\t\t\t\t\t<div class=\"mkdf-ig-image mkdf-item-space \">\n\t\t\t\t<div class=\"mkdf-ig-image-inner\">\n\t\t\t\t\t\t\t\t\t\t\t<a itemprop=\"image\" class=\"mkdf-ig-lightbox\" href=\"https:\/\/barcelonagolfdestination.com\/wp-content\/uploads\/2020\/11\/club-golf-llavaneras-04.jpg\" data-rel=\"prettyPhoto[image_gallery_pretty_photo-599]\" title=\"club-golf-llavaneras-04\">\n\t\t\t\t\t\t\t\t\t\t\t<img loading=\"lazy\" decoding=\"async\" width=\"1920\" height=\"1080\" src=\"https:\/\/barcelonagolfdestination.com\/wp-content\/uploads\/2020\/11\/club-golf-llavaneras-04.jpg\" class=\"attachment- size-\" alt=\"campo de golf llavaneras palmeras y lago con cisne\" srcset=\"https:\/\/barcelonagolfdestination.com\/wp-content\/uploads\/2020\/11\/club-golf-llavaneras-04.jpg 1920w, https:\/\/barcelonagolfdestination.com\/wp-content\/uploads\/2020\/11\/club-golf-llavaneras-04-300x169.jpg 300w, https:\/\/barcelonagolfdestination.com\/wp-content\/uploads\/2020\/11\/club-golf-llavaneras-04-1024x576.jpg 1024w, https:\/\/barcelonagolfdestination.com\/wp-content\/uploads\/2020\/11\/club-golf-llavaneras-04-768x432.jpg 768w, https:\/\/barcelonagolfdestination.com\/wp-content\/uploads\/2020\/11\/club-golf-llavaneras-04-1536x864.jpg 1536w\" sizes=\"auto, (max-width: 1920px) 100vw, 1920px\" \/>\t\t\t\t\t\t\t\t\t\t\t<\/a>\n\t\t\t\t\t\t\t\t\t<\/div>\n\t\t\t<\/div>\n\t\t\t\t\t\t\t\t<div class=\"mkdf-ig-image mkdf-item-space \">\n\t\t\t\t<div class=\"mkdf-ig-image-inner\">\n\t\t\t\t\t\t\t\t\t\t\t<a itemprop=\"image\" class=\"mkdf-ig-lightbox\" href=\"https:\/\/barcelonagolfdestination.com\/wp-content\/uploads\/2020\/11\/club-golf-llavaneras-07.jpg\" data-rel=\"prettyPhoto[image_gallery_pretty_photo-599]\" title=\"club-golf-llavaneras-07\">\n\t\t\t\t\t\t\t\t\t\t\t<img loading=\"lazy\" decoding=\"async\" width=\"1920\" height=\"1080\" src=\"https:\/\/barcelonagolfdestination.com\/wp-content\/uploads\/2020\/11\/club-golf-llavaneras-07.jpg\" class=\"attachment- size-\" alt=\"club de golf llavaneras interior sala casa club\" srcset=\"https:\/\/barcelonagolfdestination.com\/wp-content\/uploads\/2020\/11\/club-golf-llavaneras-07.jpg 1920w, https:\/\/barcelonagolfdestination.com\/wp-content\/uploads\/2020\/11\/club-golf-llavaneras-07-300x169.jpg 300w, https:\/\/barcelonagolfdestination.com\/wp-content\/uploads\/2020\/11\/club-golf-llavaneras-07-1024x576.jpg 1024w, https:\/\/barcelonagolfdestination.com\/wp-content\/uploads\/2020\/11\/club-golf-llavaneras-07-768x432.jpg 768w, https:\/\/barcelonagolfdestination.com\/wp-content\/uploads\/2020\/11\/club-golf-llavaneras-07-1536x864.jpg 1536w\" sizes=\"auto, (max-width: 1920px) 100vw, 1920px\" \/>\t\t\t\t\t\t\t\t\t\t\t<\/a>\n\t\t\t\t\t\t\t\t\t<\/div>\n\t\t\t<\/div>\n\t\t\t\t\t\t\t\t<div class=\"mkdf-ig-image mkdf-item-space \">\n\t\t\t\t<div class=\"mkdf-ig-image-inner\">\n\t\t\t\t\t\t\t\t\t\t\t<a itemprop=\"image\" class=\"mkdf-ig-lightbox\" href=\"https:\/\/barcelonagolfdestination.com\/wp-content\/uploads\/2020\/11\/club-golf-llavaneras-03.jpg\" data-rel=\"prettyPhoto[image_gallery_pretty_photo-599]\" title=\"club-golf-llavaneras-03\">\n\t\t\t\t\t\t\t\t\t\t\t<img loading=\"lazy\" decoding=\"async\" width=\"1920\" height=\"1080\" src=\"https:\/\/barcelonagolfdestination.com\/wp-content\/uploads\/2020\/11\/club-golf-llavaneras-03.jpg\" class=\"attachment- size-\" alt=\"club de golf llavaneras visrtas al campo y casa club con buggies\" srcset=\"https:\/\/barcelonagolfdestination.com\/wp-content\/uploads\/2020\/11\/club-golf-llavaneras-03.jpg 1920w, https:\/\/barcelonagolfdestination.com\/wp-content\/uploads\/2020\/11\/club-golf-llavaneras-03-300x169.jpg 300w, https:\/\/barcelonagolfdestination.com\/wp-content\/uploads\/2020\/11\/club-golf-llavaneras-03-1024x576.jpg 1024w, https:\/\/barcelonagolfdestination.com\/wp-content\/uploads\/2020\/11\/club-golf-llavaneras-03-768x432.jpg 768w, https:\/\/barcelonagolfdestination.com\/wp-content\/uploads\/2020\/11\/club-golf-llavaneras-03-1536x864.jpg 1536w\" sizes=\"auto, (max-width: 1920px) 100vw, 1920px\" \/>\t\t\t\t\t\t\t\t\t\t\t<\/a>\n\t\t\t\t\t\t\t\t\t<\/div>\n\t\t\t<\/div>\n\t\t\t<\/div>\n<\/div>[\/vc_column][\/vc_row][vc_row css=\u00a0\u00bb.vc_custom_1571608838449{margin-top: 30px !important;margin-bottom: 50px !important;}\u00a0\u00bb][vc_column]<div class=\"mkdf-section-title-holder subtitulo_ficha_club \" style=\"text-align: left\">\n\t<div class=\"mkdf-st-inner\">\n\t\t\t\t\t<h5 class=\"mkdf-st-subtitle\" >\n\t\t\t\t\u00c0 propos du terrain de golf\t\t\t<\/h5>\n\t\t\t\t\t\t\t<\/div>\n<\/div>[vc_row_inner css=\u00a0\u00bb.vc_custom_1569168007294{margin-top: 30px !important;}\u00a0\u00bb][vc_column_inner width=\u00a0\u00bb1\/5&Prime;][vc_column_text]<\/p>\n<p class=\"titulo_sobre_el_campo\">Concepteurs<\/p>\n<p>[\/vc_column_text][vc_separator color=\u00a0\u00bbcustom\u00a0\u00bb accent_color=\u00a0\u00bb#00374c\u00a0\u00bb][vc_column_text]<\/p>\n<p style=\"text-align: center;\"><span style=\"font-weight: 400;\">F. W. Hawtree <\/span><\/p>\n<p style=\"text-align: center;\"><span style=\"font-weight: 400;\">Ram\u00f3n Espinosa<\/span><\/p>\n<p>[\/vc_column_text][\/vc_column_inner][vc_column_inner width=\u00a0\u00bb1\/5&Prime;][vc_column_text]<\/p>\n<p class=\"titulo_sobre_el_campo\">Nombre de trous<\/p>\n<p>[\/vc_column_text][vc_separator color=\u00a0\u00bbcustom\u00a0\u00bb accent_color=\u00a0\u00bb#00374c\u00a0\u00bb][vc_column_text]<\/p>\n<p style=\"text-align: center;\">18<\/p>\n<p>[\/vc_column_text][\/vc_column_inner][vc_column_inner width=\u00a0\u00bb1\/5&Prime;][vc_column_text]<\/p>\n<p class=\"titulo_sobre_el_campo\">Par<\/p>\n<p>[\/vc_column_text][vc_separator color=\u00a0\u00bbcustom\u00a0\u00bb accent_color=\u00a0\u00bb#00374c\u00a0\u00bb][vc_column_text]<\/p>\n<p style=\"text-align: center;\">70<\/p>\n<p>[\/vc_column_text][\/vc_column_inner][vc_column_inner width=\u00a0\u00bb1\/5&Prime;][vc_column_text]<\/p>\n<p class=\"titulo_sobre_el_campo\">M\u00e8tres<\/p>\n<p>[\/vc_column_text][vc_separator color=\u00a0\u00bbcustom\u00a0\u00bb accent_color=\u00a0\u00bb#2c4938&Prime;][vc_column_text]<\/p>\n<p style=\"text-align: center;\"><img decoding=\"async\" src=\"https:\/\/barcelonagolfdestination.com\/wp-content\/uploads\/2017\/08\/blancas-1.png\" alt=\"\" \/> 5024m<\/p>\n<p style=\"text-align: center;\"><img decoding=\"async\" src=\"https:\/\/barcelonagolfdestination.com\/wp-content\/uploads\/2017\/08\/amarillas-1.png\" alt=\"\" \/> 4787m<\/p>\n<p style=\"text-align: center;\"><img decoding=\"async\" src=\"https:\/\/barcelonagolfdestination.com\/wp-content\/uploads\/2017\/08\/azules-1.png\" alt=\"\" \/> 4507m<\/p>\n<p style=\"text-align: center;\"><img decoding=\"async\" src=\"https:\/\/barcelonagolfdestination.com\/wp-content\/uploads\/2017\/08\/rojas-1.png\" alt=\"\" \/> 4262m<\/p>\n<p>[\/vc_column_text][\/vc_column_inner][vc_column_inner width=\u00a0\u00bb1\/5&Prime;][vc_column_text]<\/p>\n<p class=\"titulo_sobre_el_campo\">Ann\u00e9e de construction<\/p>\n<p>[\/vc_column_text][vc_separator color=\u00a0\u00bbcustom\u00a0\u00bb accent_color=\u00a0\u00bb#00374c\u00a0\u00bb][vc_column_text]<\/p>\n<p style=\"text-align: center;\">1945<\/p>\n<p>[\/vc_column_text][\/vc_column_inner][\/vc_row_inner][\/vc_column][\/vc_row][vc_row css=\u00a0\u00bb.vc_custom_1569187772478{margin-top: 30px !important;margin-bottom: 30px !important;}\u00a0\u00bb][vc_column][vc_column_text css=\u00a0\u00bb.vc_custom_1582230915781{margin-bottom: 30px !important;}\u00a0\u00bb]<span class=\"titulo_datos_club\">Services:<\/span><\/p>\n<ul class=\"lista_servicios\">\n<li><i class=\"fa fa-check\"><\/i><span class=\"titulo_servicio\"> Terrain de pratique<\/span> <span class=\"atributo_servicio\"> (2\u20ac &#8211; 35 balls)<\/span><\/li>\n<li><i class=\"fa fa-check\"><\/i><span class=\"titulo_servicio\"> Vestiaires visiteurs<\/span><\/li>\n<li><i class=\"fa fa-check\"><\/i><span class=\"titulo_servicio\"> Bar &#8211; Snack<\/span><\/li>\n<li><i class=\"fa fa-check\"><\/i><span class=\"titulo_servicio\"> Restaurant <\/span> <span class=\"atributo_servicio\"> (Precio men\u00fa del d\u00eda 3 platos + bebida Laborables 18\u20ac Fin de semana 27\u20ac)<\/span><\/li>\n<li><i class=\"fa fa-check\"><\/i><span class=\"titulo_servicio\"> Location de clubs de golf<\/span> <span class=\"atributo_servicio\"> (40\u20ac)<\/span><\/li>\n<li><i class=\"fa fa-check\"><\/i><span class=\"titulo_servicio\"> Location de buggy<\/span> <span class=\"atributo_servicio\"> (47\u20ac)<\/span><\/li>\n<li><i class=\"fa fa-check\"><\/i><span class=\"titulo_servicio\"> Boutique de golf<\/span><\/li>\n<li><i class=\"fa fa-check\"><\/i><span class=\"titulo_servicio\"> Caddie<\/span> <span class=\"atributo_servicio\"> (100\u20ac)<\/span><\/li>\n<li><i class=\"fa fa-check\"><\/i><span class=\"titulo_servicio\"> Cours de golf<\/span> <span class=\"atributo_servicio\"> (40\u20ac \/ hora)<\/span><\/li>\n<\/ul>\n<p>[\/vc_column_text][\/vc_column][\/vc_row][vc_row row_content_width=\u00a0\u00bbgrid\u00a0\u00bb][vc_column][vc_column_text css=\u00a0\u00bb.vc_custom_1582230927740{margin-bottom: 30px !important;}\u00a0\u00bb]<span class=\"titulo_datos_club\">Langues parl\u00e9es \u00e0 la r\u00e9ception:<\/span><br \/>\n<span style=\"font-weight: 400;\">Catalan, Spanish, French, English, German, Checo <\/span>[\/vc_column_text][vc_column_text]<span class=\"titulo_datos_club\">Code vestimentaire:<\/span><br \/>\n<span class=\"datos_club\">Le haut doit \u00eatre de type \u00ab polo \u00bb avec col ou col montant ; les dames peuvent en choisir un sans manches. Le pantalon doit \u00eatre adapt\u00e9 \u00e0 la pratique du golf. Les jeans, leggings, surv\u00eatements, v\u00eatements militaires et maillots de bain ne sont pas autoris\u00e9s. Les chaussures doivent \u00eatre adapt\u00e9es \u00e0 la pratique du golf. De mani\u00e8re g\u00e9n\u00e9rale, il doit s&rsquo;agir de chaussures sans crampons, \u00e0 moins que le comit\u00e9 de comp\u00e9tition n&rsquo;en d\u00e9cide autrement.<\/span>[\/vc_column_text][\/vc_column][\/vc_row][vc_row css=\u00a0\u00bb.vc_custom_1569184012248{margin-top: 50px !important;margin-bottom: 50px !important;}\u00a0\u00bb][vc_column]<div class=\"mkdf-section-title-holder subtitulo_ficha_club \" style=\"text-align: left\">\n\t<div class=\"mkdf-st-inner\">\n\t\t\t\t\t<h5 class=\"mkdf-st-subtitle\" >\n\t\t\t\tLogement\t\t\t<\/h5>\n\t\t\t\t\t\t\t<\/div>\n<\/div>[vc_column_text css=\u00a0\u00bb.vc_custom_1582230989912{margin-top: 30px !important;margin-bottom: 30px !important;}\u00a0\u00bb]H\u00d4TEL LE PLUS PROCHE:<\/p>\n<ul class=\"hoteles_ficha\">\n<li><i class=\"fa fa-check\"><\/i> <a href=\"https:\/\/www.santaromana.es\/\" target=\"_blank\" rel=\"noopener noreferrer\"> Resort Apartamentos Santa Romana Suites 4*<\/a> (3 km al club de golf)<\/li>\n<li><i class=\"fa fa-check\"><\/i> <a href=\"https:\/\/www.hotelateneaport.com\/es\/\" target=\"_blank\" rel=\"noopener noreferrer\"> Hotel Atenea Port Matar\u00f3 4*<\/a> (4 km al club de golf)<\/li>\n<\/ul>\n<p>[\/vc_column_text][vc_column_text]H\u00d4TELS CONSEILL\u00c9S:<\/p>\n<ul class=\"hoteles_ficha\">\n<li><i class=\"fa fa-check\"><\/i> <a href=\"https:\/\/www.aquahotel.com\/golf\/\" target=\"_blank\" rel=\"noopener noreferrer\"> Aqua Hotels<\/a><\/li>\n<li><i class=\"fa fa-check\"><\/i> <a href=\"https:\/\/www.hotelkaktusplaya.es\/\" target=\"_blank\" rel=\"noopener noreferrer\"> Hotel Kaktus Playa 4* Superior<\/a> (15 km al club de golf)<\/li>\n<li><i class=\"fa fa-check\"><\/i> <a href=\"https:\/\/www.ohlabarcelona.com\/en\/\" target=\"_blank\" rel=\"noopener noreferrer\"> Ohla Barcelona 5*<\/a> (33 km al club de golf)<\/li>\n<\/ul>\n<p>[\/vc_column_text][\/vc_column][\/vc_row][vc_row css=\u00a0\u00bb.vc_custom_1569174189333{margin-top: 50px !important;margin-bottom: 30px !important;}\u00a0\u00bb][vc_column]<div class=\"mkdf-section-title-holder subtitulo_ficha_club \" style=\"text-align: left\">\n\t<div class=\"mkdf-st-inner\">\n\t\t\t\t\t<h5 class=\"mkdf-st-subtitle\" >\n\t\t\t\tNous trouver\t\t\t<\/h5>\n\t\t\t\t\t\t\t<\/div>\n<\/div>[\/vc_column][\/vc_row][vc_row full_width=\u00a0\u00bbstretch_row_content_no_spaces\u00a0\u00bb][vc_column][vc_gmaps link=\u00a0\u00bb#E-8_JTNDaWZyYW1lJTIwc3JjJTNEJTIyaHR0cHMlM0ElMkYlMkZ3d3cuZ29vZ2xlLmNvbSUyRm1hcHMlMkZlbWJlZCUzRnBiJTNEJTIxMW0xOCUyMTFtMTIlMjExbTMlMjExZDI5ODUuMjI0MjQ0OTU2NDY0NiUyMTJkMi40ODI3NTkzMTU2NzgxNzQ0JTIxM2Q0MS41NjQzOTEwOTI5NjU4MyUyMTJtMyUyMTFmMCUyMTJmMCUyMTNmMCUyMTNtMiUyMTFpMTAyNCUyMTJpNzY4JTIxNGYxMy4xJTIxM20zJTIxMW0yJTIxMXMweDEyYmI0YTk3MDYwNmJjYWYlMjUzQTB4NzhmYThhNjEyMWMzN2IxNiUyMTJzQ2x1YiUyNTIwZGUlMjUyMEdvbGYlMjUyMExsYXZhbmVyYXMlMjUyMC0lMjUyMEJhcmNlbG9uYSUyMTVlMCUyMTNtMiUyMTFzZXMlMjEyc2VzJTIxNHYxNTcxNzgzMjIzMDg3JTIxNW0yJTIxMXNlcyUyMTJzZXMlMjIlMjB3aWR0aCUzRCUyMjYwMCUyMiUyMGhlaWdodCUzRCUyMjQ1MCUyMiUyMGZyYW1lYm9yZGVyJTNEJTIyMCUyMiUyMHN0eWxlJTNEJTIyYm9yZGVyJTNBMCUzQiUyMiUyMGFsbG93ZnVsbHNjcmVlbiUzRCUyMiUyMiUzRSUzQyUyRmlmcmFtZSUzRQ==\u00a0\u00bb][\/vc_column][\/vc_row]<\/p>\n<\/div>","protected":false},"excerpt":{"rendered":"<p>[vc_row css=\u00a0\u00bb.vc_custom_1571957489270{margin-top: 50px !important;}\u00a0\u00bb][vc_column][vc_column_text css=\u00a0\u00bb.vc_custom_1582230196577{margin-top: 30px !important;}\u00a0\u00bb] D\u00e9couvrez l&rsquo;un des meilleurs clubs de golf de Barcelone en profitant de vues magnifiques sur la mer M\u00e9diterran\u00e9e tout au long du parcours 18 trous. Ce club priv\u00e9 est le 4\u00e8me plus ancien de Catalogne. S&rsquo;inspirant du style britannique, il propose un jeu stimulant et divertissant, quel que soit votre niveau. Le microclimat et la v\u00e9g\u00e9tation de la r\u00e9gion transforment ce club, situ\u00e9 dans le Maresme \u00e0 30 minutes de Barcelone, en un [&hellip;]<\/p>\n","protected":false},"author":1,"featured_media":0,"parent":0,"menu_order":0,"comment_status":"closed","ping_status":"closed","template":"","meta":{"footnotes":""},"class_list":["post-9063","page","type-page","status-publish","hentry"],"aioseo_notices":[],"_links":{"self":[{"href":"https:\/\/barcelonagolfdestination.com\/fr\/wp-json\/wp\/v2\/pages\/9063","targetHints":{"allow":["GET"]}}],"collection":[{"href":"https:\/\/barcelonagolfdestination.com\/fr\/wp-json\/wp\/v2\/pages"}],"about":[{"href":"https:\/\/barcelonagolfdestination.com\/fr\/wp-json\/wp\/v2\/types\/page"}],"author":[{"embeddable":true,"href":"https:\/\/barcelonagolfdestination.com\/fr\/wp-json\/wp\/v2\/users\/1"}],"replies":[{"embeddable":true,"href":"https:\/\/barcelonagolfdestination.com\/fr\/wp-json\/wp\/v2\/comments?post=9063"}],"version-history":[{"count":6,"href":"https:\/\/barcelonagolfdestination.com\/fr\/wp-json\/wp\/v2\/pages\/9063\/revisions"}],"predecessor-version":[{"id":52477,"href":"https:\/\/barcelonagolfdestination.com\/fr\/wp-json\/wp\/v2\/pages\/9063\/revisions\/52477"}],"wp:attachment":[{"href":"https:\/\/barcelonagolfdestination.com\/fr\/wp-json\/wp\/v2\/media?parent=9063"}],"curies":[{"name":"wp","href":"https:\/\/api.w.org\/{rel}","templated":true}]}}