{"id":9055,"date":"2020-02-11T00:48:10","date_gmt":"2020-02-10T23:48:10","guid":{"rendered":"http:\/\/barcelonagolfdestination.com\/?page_id=9055"},"modified":"2026-01-10T01:22:13","modified_gmt":"2026-01-10T00:22:13","slug":"club-de-golf-vallromanes","status":"publish","type":"page","link":"https:\/\/barcelonagolfdestination.com\/fr\/club-de-golf-vallromanes\/","title":{"rendered":"Club de Golf Vallromanes"},"content":{"rendered":"<div class=\"wpb-content-wrapper\"><p>[vc_row css=\u00a0\u00bb.vc_custom_1571957549753{margin-top: 50px !important;}\u00a0\u00bb][vc_column]<div class=\"mkdf-section-title-holder titulo_ficha_club \" style=\"text-align: left\">\n\t<div class=\"mkdf-st-inner\">\n\t\t\t\t\t\t\t<h1 class=\"mkdf-st-title\" >\n\t\t\t\tClub de Golf Vallromanes\t\t\t<\/h1>\n\t\t\t\t\t<\/div>\n<\/div>[vc_column_text css=\u00a0\u00bb.vc_custom_1582235656729{margin-top: 30px !important;}\u00a0\u00bb]<\/p>\n<p style=\"text-align: justify;\">Depuis toujours, le Vallromanes Golf Club est un club empreint de tradition, capable de vous faire ressentir l&rsquo;atmosph\u00e8re authentique caract\u00e9ristique d&rsquo;un club de golf. Situ\u00e9 \u00e0 seulement 25 minutes en voiture du centre de Barcelone, n&rsquo;h\u00e9sitez pas \u00e0 venir partager l&rsquo;une des plus grandes exp\u00e9riences de golf de Catalogne. Le parcours a \u00e9t\u00e9 con\u00e7u et construit par F.W. Hawtree en 1972, l&rsquo;une des figures embl\u00e9matiques en mati\u00e8re de conception de parcours de golf. Mais la tradition ne se limite pas au parcours. Venez d\u00e9couvrir le club house situ\u00e9 dans la Torre Tabernera, une imposante demeure seigneuriale construite en 1718, l\u00e0 o\u00f9 se tenait auparavant le Ch\u00e2teau Castell Vell dels Montornes.<\/p>\n<p>[\/vc_column_text][\/vc_column][\/vc_row][vc_row full_width=\u00a0\u00bbstretch_row_content_no_spaces\u00a0\u00bb css=\u00a0\u00bb.vc_custom_1571608732328{margin-top: 30px !important;border-top-width: 0px !important;padding-top: 0px !important;background-color: #00374c !important;}\u00a0\u00bb][vc_column]<div class=\"mkdf-call-to-action-holder boton-reservar mkdf-simple-layout \">\n\t<div class=\"mkdf-cta-inner \">\n\t\t<div class=\"mkdf-cta-text-holder\">\n\t\t\t<div class=\"mkdf-cta-text\">\n<h4>R\u00e9servez au CLUB DE GOLF VALLROMANES<\/h4>\n<\/div>\n\t\t<\/div>\n\t\t<div class=\"mkdf-cta-button-holder\" >\n\t\t\t<div class=\"mkdf-cta-button\"><a itemprop=\"url\" href=\"https:\/\/open.teeone.golf\/es\/vallromanes\" target=\"_blank\" style=\"color: #00374c;background-color: #ffffff\" class=\"mkdf-btn mkdf-btn-large mkdf-btn-solid mkdf-btn-custom-hover-bg mkdf-btn-custom-border-hover\" data-hover-bg-color=\"#00374c\" data-hover-border-color=\"#ffffff\" >    <span class=\"mkdf-btn-text\">R\u00c9SERVER<\/span>    <\/a><\/div>\n\t\t<\/div>\n\t<\/div>\n<\/div>[\/vc_column][\/vc_row][vc_row css=\u00a0\u00bb.vc_custom_1571608816529{margin-top: 30px !important;margin-bottom: 30px !important;margin-left: 4px !important;}\u00a0\u00bb][vc_column css=\u00a0\u00bb.vc_custom_1571608799875{margin-top: 0px !important;padding-top: 0px !important;}\u00a0\u00bb]<div class=\"mkdf-section-title-holder subtitulo_ficha_club \" style=\"text-align: left\">\n\t<div class=\"mkdf-st-inner\">\n\t\t\t\t\t<h5 class=\"mkdf-st-subtitle\" >\n\t\t\t\tCoordonn\u00e9es du club\t\t\t<\/h5>\n\t\t\t\t\t\t\t<\/div>\n<\/div>[vc_column_text]<\/p>\n<ul class=\"datos_club\">\n<li><span class=\"titulo_datos_club\">Nom du club:<\/span><br \/>\n<span class=\"datos_club\">Club de Golf Vallromanes<\/span><\/li>\n<li><span class=\"titulo_datos_club\">Adresse:<\/span><br \/>\n<span class=\"datos_club\">Passeig de la Torre Tabernera, s\/n, 08188 Vallromanes, Barcelona<\/span><\/li>\n<li><span class=\"titulo_datos_club\">Ann\u00e9e de fondation:<\/span><br \/>\n<span class=\"datos_club\">1972<\/span><\/li>\n<li><span class=\"titulo_datos_club\">Site web:<\/span><br \/>\n<span class=\"datos_club\"><a href=\"https:\/\/www.clubdegolfvallromanes.com\/\" target=\"_blank\" rel=\"noopener noreferrer\">www.golfvallromanes.com<\/a><\/span><\/li>\n<li><span class=\"titulo_datos_club\">E-mail pour contacter le Club (commerciaux\/r\u00e9servations):<\/span><br \/>\n<span class=\"datos_club\"><a href=\"mailto:info@golfvallromanes.com\">info@golfvallromanes.com<\/a><\/span><\/li>\n<li><span class=\"titulo_datos_club\">T\u00e9l\u00e9phone:<\/span><br \/>\n<span class=\"datos_club\">935 729 330<\/span><\/li>\n<li><span class=\"titulo_datos_club\">Jours de fermeture:<\/span><br \/>\n<span class=\"datos_club\">Todos los martes, 1 de enero, 25 de diciembre<\/span><\/li>\n<\/ul>\n<p>[\/vc_column_text][\/vc_column][\/vc_row][vc_row full_width=\u00a0\u00bbstretch_row_content_no_spaces\u00a0\u00bb css=\u00a0\u00bb.vc_custom_1571119486385{margin-bottom: 0px !important;border-bottom-width: 0px !important;padding-bottom: 0px !important;}\u00a0\u00bb][vc_column]<div class=\"mkdf-image-gallery  mkdf-ig-masonry-type mkdf-no-space  mkdf-image-behavior-lightbox\">\n\t<div class=\"mkdf-ig-inner mkdf-outer-space mkdf-ig-masonry mkdf-ig-three-columns\">\n\t\t<div class=\"mkdf-ig-grid-sizer\"><\/div>\n\t\t<div class=\"mkdf-ig-grid-gutter\"><\/div>\n\t\t\t\t\t\t\t\t<div class=\"mkdf-ig-image mkdf-item-space \">\n\t\t\t\t<div class=\"mkdf-ig-image-inner\">\n\t\t\t\t\t\t\t\t\t\t\t<a itemprop=\"image\" class=\"mkdf-ig-lightbox\" href=\"https:\/\/barcelonagolfdestination.com\/wp-content\/uploads\/2020\/11\/club-golf-vallromanes-2.jpg\" data-rel=\"prettyPhoto[image_gallery_pretty_photo-486]\" title=\"club-golf-vallromanes-2\">\n\t\t\t\t\t\t\t\t\t\t\t<img loading=\"lazy\" decoding=\"async\" width=\"1920\" height=\"1080\" src=\"https:\/\/barcelonagolfdestination.com\/wp-content\/uploads\/2020\/11\/club-golf-vallromanes-2.jpg\" class=\"attachment- size-\" alt=\"clubde golf vallromanes casa club torre tavernera\" srcset=\"https:\/\/barcelonagolfdestination.com\/wp-content\/uploads\/2020\/11\/club-golf-vallromanes-2.jpg 1920w, https:\/\/barcelonagolfdestination.com\/wp-content\/uploads\/2020\/11\/club-golf-vallromanes-2-300x169.jpg 300w, https:\/\/barcelonagolfdestination.com\/wp-content\/uploads\/2020\/11\/club-golf-vallromanes-2-1024x576.jpg 1024w, https:\/\/barcelonagolfdestination.com\/wp-content\/uploads\/2020\/11\/club-golf-vallromanes-2-768x432.jpg 768w, https:\/\/barcelonagolfdestination.com\/wp-content\/uploads\/2020\/11\/club-golf-vallromanes-2-1536x864.jpg 1536w\" sizes=\"auto, (max-width: 1920px) 100vw, 1920px\" \/>\t\t\t\t\t\t\t\t\t\t\t<\/a>\n\t\t\t\t\t\t\t\t\t<\/div>\n\t\t\t<\/div>\n\t\t\t\t\t\t\t\t<div class=\"mkdf-ig-image mkdf-item-space \">\n\t\t\t\t<div class=\"mkdf-ig-image-inner\">\n\t\t\t\t\t\t\t\t\t\t\t<a itemprop=\"image\" class=\"mkdf-ig-lightbox\" href=\"https:\/\/barcelonagolfdestination.com\/wp-content\/uploads\/2020\/11\/club-golf-vallromanes-3.jpg\" data-rel=\"prettyPhoto[image_gallery_pretty_photo-486]\" title=\"club-golf-vallromanes-3\">\n\t\t\t\t\t\t\t\t\t\t\t<img loading=\"lazy\" decoding=\"async\" width=\"1920\" height=\"1080\" src=\"https:\/\/barcelonagolfdestination.com\/wp-content\/uploads\/2020\/11\/club-golf-vallromanes-3.jpg\" class=\"attachment- size-\" alt=\"campo de golf vallromanes vistas bunkers y arboles\" srcset=\"https:\/\/barcelonagolfdestination.com\/wp-content\/uploads\/2020\/11\/club-golf-vallromanes-3.jpg 1920w, https:\/\/barcelonagolfdestination.com\/wp-content\/uploads\/2020\/11\/club-golf-vallromanes-3-300x169.jpg 300w, https:\/\/barcelonagolfdestination.com\/wp-content\/uploads\/2020\/11\/club-golf-vallromanes-3-1024x576.jpg 1024w, https:\/\/barcelonagolfdestination.com\/wp-content\/uploads\/2020\/11\/club-golf-vallromanes-3-768x432.jpg 768w, https:\/\/barcelonagolfdestination.com\/wp-content\/uploads\/2020\/11\/club-golf-vallromanes-3-1536x864.jpg 1536w\" sizes=\"auto, (max-width: 1920px) 100vw, 1920px\" \/>\t\t\t\t\t\t\t\t\t\t\t<\/a>\n\t\t\t\t\t\t\t\t\t<\/div>\n\t\t\t<\/div>\n\t\t\t\t\t\t\t\t<div class=\"mkdf-ig-image mkdf-item-space \">\n\t\t\t\t<div class=\"mkdf-ig-image-inner\">\n\t\t\t\t\t\t\t\t\t\t\t<a itemprop=\"image\" class=\"mkdf-ig-lightbox\" href=\"https:\/\/barcelonagolfdestination.com\/wp-content\/uploads\/2020\/11\/club-golf-vallromanes-4.jpg\" data-rel=\"prettyPhoto[image_gallery_pretty_photo-486]\" title=\"club-golf-vallromanes-4\">\n\t\t\t\t\t\t\t\t\t\t\t<img loading=\"lazy\" decoding=\"async\" width=\"1920\" height=\"1080\" src=\"https:\/\/barcelonagolfdestination.com\/wp-content\/uploads\/2020\/11\/club-golf-vallromanes-4.jpg\" class=\"attachment- size-\" alt=\"campo de golf vallromanes vistas bunkers y arboles\" srcset=\"https:\/\/barcelonagolfdestination.com\/wp-content\/uploads\/2020\/11\/club-golf-vallromanes-4.jpg 1920w, https:\/\/barcelonagolfdestination.com\/wp-content\/uploads\/2020\/11\/club-golf-vallromanes-4-300x169.jpg 300w, https:\/\/barcelonagolfdestination.com\/wp-content\/uploads\/2020\/11\/club-golf-vallromanes-4-1024x576.jpg 1024w, https:\/\/barcelonagolfdestination.com\/wp-content\/uploads\/2020\/11\/club-golf-vallromanes-4-768x432.jpg 768w, https:\/\/barcelonagolfdestination.com\/wp-content\/uploads\/2020\/11\/club-golf-vallromanes-4-1536x864.jpg 1536w\" sizes=\"auto, (max-width: 1920px) 100vw, 1920px\" \/>\t\t\t\t\t\t\t\t\t\t\t<\/a>\n\t\t\t\t\t\t\t\t\t<\/div>\n\t\t\t<\/div>\n\t\t\t\t\t\t\t\t<div class=\"mkdf-ig-image mkdf-item-space \">\n\t\t\t\t<div class=\"mkdf-ig-image-inner\">\n\t\t\t\t\t\t\t\t\t\t\t<a itemprop=\"image\" class=\"mkdf-ig-lightbox\" href=\"https:\/\/barcelonagolfdestination.com\/wp-content\/uploads\/2020\/11\/club-golf-vallromanes-5.jpg\" data-rel=\"prettyPhoto[image_gallery_pretty_photo-486]\" title=\"club-golf-vallromanes-5\">\n\t\t\t\t\t\t\t\t\t\t\t<img loading=\"lazy\" decoding=\"async\" width=\"1920\" height=\"1080\" src=\"https:\/\/barcelonagolfdestination.com\/wp-content\/uploads\/2020\/11\/club-golf-vallromanes-5.jpg\" class=\"attachment- size-\" alt=\"campo de golf vallromanes bunkers y casa club torre tavernera\" srcset=\"https:\/\/barcelonagolfdestination.com\/wp-content\/uploads\/2020\/11\/club-golf-vallromanes-5.jpg 1920w, https:\/\/barcelonagolfdestination.com\/wp-content\/uploads\/2020\/11\/club-golf-vallromanes-5-300x169.jpg 300w, https:\/\/barcelonagolfdestination.com\/wp-content\/uploads\/2020\/11\/club-golf-vallromanes-5-1024x576.jpg 1024w, https:\/\/barcelonagolfdestination.com\/wp-content\/uploads\/2020\/11\/club-golf-vallromanes-5-768x432.jpg 768w, https:\/\/barcelonagolfdestination.com\/wp-content\/uploads\/2020\/11\/club-golf-vallromanes-5-1536x864.jpg 1536w\" sizes=\"auto, (max-width: 1920px) 100vw, 1920px\" \/>\t\t\t\t\t\t\t\t\t\t\t<\/a>\n\t\t\t\t\t\t\t\t\t<\/div>\n\t\t\t<\/div>\n\t\t\t\t\t\t\t\t<div class=\"mkdf-ig-image mkdf-item-space \">\n\t\t\t\t<div class=\"mkdf-ig-image-inner\">\n\t\t\t\t\t\t\t\t\t\t\t<a itemprop=\"image\" class=\"mkdf-ig-lightbox\" href=\"https:\/\/barcelonagolfdestination.com\/wp-content\/uploads\/2020\/11\/club-golf-vallromanes-6.jpg\" data-rel=\"prettyPhoto[image_gallery_pretty_photo-486]\" title=\"club-golf-vallromanes-6\">\n\t\t\t\t\t\t\t\t\t\t\t<img loading=\"lazy\" decoding=\"async\" width=\"1920\" height=\"1080\" src=\"https:\/\/barcelonagolfdestination.com\/wp-content\/uploads\/2020\/11\/club-golf-vallromanes-6.jpg\" class=\"attachment- size-\" alt=\"campo de golf vallromanes bunkers y casa club torre tavernera\" srcset=\"https:\/\/barcelonagolfdestination.com\/wp-content\/uploads\/2020\/11\/club-golf-vallromanes-6.jpg 1920w, https:\/\/barcelonagolfdestination.com\/wp-content\/uploads\/2020\/11\/club-golf-vallromanes-6-300x169.jpg 300w, https:\/\/barcelonagolfdestination.com\/wp-content\/uploads\/2020\/11\/club-golf-vallromanes-6-1024x576.jpg 1024w, https:\/\/barcelonagolfdestination.com\/wp-content\/uploads\/2020\/11\/club-golf-vallromanes-6-768x432.jpg 768w, https:\/\/barcelonagolfdestination.com\/wp-content\/uploads\/2020\/11\/club-golf-vallromanes-6-1536x864.jpg 1536w\" sizes=\"auto, (max-width: 1920px) 100vw, 1920px\" \/>\t\t\t\t\t\t\t\t\t\t\t<\/a>\n\t\t\t\t\t\t\t\t\t<\/div>\n\t\t\t<\/div>\n\t\t\t\t\t\t\t\t<div class=\"mkdf-ig-image mkdf-item-space \">\n\t\t\t\t<div class=\"mkdf-ig-image-inner\">\n\t\t\t\t\t\t\t\t\t\t\t<a itemprop=\"image\" class=\"mkdf-ig-lightbox\" href=\"https:\/\/barcelonagolfdestination.com\/wp-content\/uploads\/2020\/11\/club-golf-vallromanes-1.jpg\" data-rel=\"prettyPhoto[image_gallery_pretty_photo-486]\" title=\"club-golf-vallromanes-1\">\n\t\t\t\t\t\t\t\t\t\t\t<img loading=\"lazy\" decoding=\"async\" width=\"1920\" height=\"1080\" src=\"https:\/\/barcelonagolfdestination.com\/wp-content\/uploads\/2020\/11\/club-golf-vallromanes-1.jpg\" class=\"attachment- size-\" alt=\"club de golf vallromanes casa club torre tavernera\" srcset=\"https:\/\/barcelonagolfdestination.com\/wp-content\/uploads\/2020\/11\/club-golf-vallromanes-1.jpg 1920w, https:\/\/barcelonagolfdestination.com\/wp-content\/uploads\/2020\/11\/club-golf-vallromanes-1-300x169.jpg 300w, https:\/\/barcelonagolfdestination.com\/wp-content\/uploads\/2020\/11\/club-golf-vallromanes-1-1024x576.jpg 1024w, https:\/\/barcelonagolfdestination.com\/wp-content\/uploads\/2020\/11\/club-golf-vallromanes-1-768x432.jpg 768w, https:\/\/barcelonagolfdestination.com\/wp-content\/uploads\/2020\/11\/club-golf-vallromanes-1-1536x864.jpg 1536w\" sizes=\"auto, (max-width: 1920px) 100vw, 1920px\" \/>\t\t\t\t\t\t\t\t\t\t\t<\/a>\n\t\t\t\t\t\t\t\t\t<\/div>\n\t\t\t<\/div>\n\t\t\t<\/div>\n<\/div>[\/vc_column][\/vc_row][vc_row css=\u00a0\u00bb.vc_custom_1571608838449{margin-top: 30px !important;margin-bottom: 50px !important;}\u00a0\u00bb][vc_column]<div class=\"mkdf-section-title-holder subtitulo_ficha_club \" style=\"text-align: left\">\n\t<div class=\"mkdf-st-inner\">\n\t\t\t\t\t<h5 class=\"mkdf-st-subtitle\" >\n\t\t\t\t\u00c0 propos du terrain de golf\t\t\t<\/h5>\n\t\t\t\t\t\t\t<\/div>\n<\/div>[vc_row_inner css=\u00a0\u00bb.vc_custom_1569168007294{margin-top: 30px !important;}\u00a0\u00bb][vc_column_inner width=\u00a0\u00bb1\/5&Prime;][vc_column_text]<\/p>\n<p class=\"titulo_sobre_el_campo\">Concepteurs<\/p>\n<p>[\/vc_column_text][vc_separator color=\u00a0\u00bbcustom\u00a0\u00bb accent_color=\u00a0\u00bb#00374c\u00a0\u00bb][vc_column_text]<\/p>\n<p style=\"text-align: center;\">F. W. Hawtree<\/p>\n<p>[\/vc_column_text][\/vc_column_inner][vc_column_inner width=\u00a0\u00bb1\/5&Prime;][vc_column_text]<\/p>\n<p class=\"titulo_sobre_el_campo\">Nombre de trous<\/p>\n<p>[\/vc_column_text][vc_separator color=\u00a0\u00bbcustom\u00a0\u00bb accent_color=\u00a0\u00bb#00374c\u00a0\u00bb][vc_column_text]<\/p>\n<p style=\"text-align: center;\">18<\/p>\n<p>[\/vc_column_text][\/vc_column_inner][vc_column_inner width=\u00a0\u00bb1\/5&Prime;][vc_column_text]<\/p>\n<p class=\"titulo_sobre_el_campo\">Par<\/p>\n<p>[\/vc_column_text][vc_separator color=\u00a0\u00bbcustom\u00a0\u00bb accent_color=\u00a0\u00bb#00374c\u00a0\u00bb][vc_column_text]<\/p>\n<p style=\"text-align: center;\">72<\/p>\n<p>[\/vc_column_text][\/vc_column_inner][vc_column_inner width=\u00a0\u00bb1\/5&Prime;][vc_column_text]<\/p>\n<p class=\"titulo_sobre_el_campo\">M\u00e8tres<\/p>\n<p>[\/vc_column_text][vc_separator color=\u00a0\u00bbcustom\u00a0\u00bb accent_color=\u00a0\u00bb#2c4938&Prime;][vc_column_text]<\/p>\n<p style=\"text-align: center;\"><img decoding=\"async\" src=\"https:\/\/barcelonagolfdestination.com\/wp-content\/uploads\/2017\/08\/blancas-1.png\" alt=\"\" \/> 6044m<\/p>\n<p style=\"text-align: center;\"><img decoding=\"async\" src=\"https:\/\/barcelonagolfdestination.com\/wp-content\/uploads\/2017\/08\/amarillas-1.png\" alt=\"\" \/> 5857m<\/p>\n<p style=\"text-align: center;\"><img decoding=\"async\" src=\"https:\/\/barcelonagolfdestination.com\/wp-content\/uploads\/2017\/08\/azules-1.png\" alt=\"\" \/> 5244m<\/p>\n<p style=\"text-align: center;\"><img decoding=\"async\" src=\"https:\/\/barcelonagolfdestination.com\/wp-content\/uploads\/2017\/08\/rojas-1.png\" alt=\"\" \/> 5075m<\/p>\n<p>[\/vc_column_text][\/vc_column_inner][vc_column_inner width=\u00a0\u00bb1\/5&Prime;][vc_column_text]<\/p>\n<p class=\"titulo_sobre_el_campo\">Ann\u00e9e de construction<\/p>\n<p>[\/vc_column_text][vc_separator color=\u00a0\u00bbcustom\u00a0\u00bb accent_color=\u00a0\u00bb#00374c\u00a0\u00bb][vc_column_text]<\/p>\n<p style=\"text-align: center;\">1972<\/p>\n<p>[\/vc_column_text][\/vc_column_inner][\/vc_row_inner][\/vc_column][\/vc_row][vc_row][vc_column][vc_column_text css=\u00a0\u00bb.vc_custom_1582235823949{margin-bottom: 30px !important;}\u00a0\u00bb]<span class=\"titulo_datos_club\">Services:<\/span><\/p>\n<ul class=\"lista_servicios\">\n<li><i class=\"fa fa-check\"><\/i><span class=\"titulo_servicio\"> Terrain de pratique<\/span> <span class=\"atributo_servicio\"> (1\u20ac 25 balls)<\/span><\/li>\n<li><i class=\"fa fa-check\"><\/i><span class=\"titulo_servicio\"> Vestiaires visiteurs<\/span><\/li>\n<li><i class=\"fa fa-check\"><\/i><span class=\"titulo_servicio\"> Bar &#8211; Snack<\/span><\/li>\n<li><i class=\"fa fa-check\"><\/i><span class=\"titulo_servicio\"> Restaurant <\/span> <span class=\"atributo_servicio\"> (17\u20ac &#8211; 26\u20ac)<\/span><\/li>\n<li><i class=\"fa fa-check\"><\/i><span class=\"titulo_servicio\"> Location de clubs de golf<\/span> <span class=\"atributo_servicio\"> (35\u20ac)<\/span><\/li>\n<li><i class=\"fa fa-check\"><\/i><span class=\"titulo_servicio\"> Location de buggy<\/span> <span class=\"atributo_servicio\"> (34\u20ac)<\/span><\/li>\n<li><i class=\"fa fa-check\"><\/i><span class=\"titulo_servicio\"> Boutique de golf<\/span><\/li>\n<li><i class=\"fa fa-check\"><\/i><span class=\"titulo_servicio\"> Caddie<\/span> <span class=\"atributo_servicio\"> (150\u20ac)<\/span><\/li>\n<li><i class=\"fa fa-check\"><\/i><span class=\"titulo_servicio\"> Cours de golf<\/span> <span class=\"atributo_servicio\"> (40\u20ac\/h)<\/span><\/li>\n<\/ul>\n<p>[\/vc_column_text][\/vc_column][\/vc_row][vc_row row_content_width=\u00a0\u00bbgrid\u00a0\u00bb][vc_column][vc_column_text css=\u00a0\u00bb.vc_custom_1582235830576{margin-bottom: 30px !important;}\u00a0\u00bb]<span class=\"titulo_datos_club\">Langues parl\u00e9es \u00e0 la r\u00e9ception:<\/span><br \/>\n<span class=\"datos_club\">English, french, spanish, catalan<\/span>[\/vc_column_text][vc_column_text]<span class=\"titulo_datos_club\">Code vestimentaire:<\/span><br \/>\n<span class=\"datos_club\">Le haut doit \u00eatre de type \u00ab polo \u00bb avec col ou col montant ; les dames peuvent en choisir un sans manches. Le pantalon doit \u00eatre adapt\u00e9 \u00e0 la pratique du golf. Les jeans, leggings, surv\u00eatements, v\u00eatements militaires et maillots de bain ne sont pas autoris\u00e9s. Les chaussures doivent \u00eatre adapt\u00e9es \u00e0 la pratique du golf. De mani\u00e8re g\u00e9n\u00e9rale, il doit s&rsquo;agir de chaussures sans crampons, \u00e0 moins que le comit\u00e9 de comp\u00e9tition n&rsquo;en d\u00e9cide autrement.<br \/>\n<\/span>[\/vc_column_text][\/vc_column][\/vc_row][vc_row css=\u00a0\u00bb.vc_custom_1569184012248{margin-top: 50px !important;margin-bottom: 50px !important;}\u00a0\u00bb][vc_column]<div class=\"mkdf-section-title-holder subtitulo_ficha_club \" style=\"text-align: left\">\n\t<div class=\"mkdf-st-inner\">\n\t\t\t\t\t<h5 class=\"mkdf-st-subtitle\" >\n\t\t\t\tLogement\t\t\t<\/h5>\n\t\t\t\t\t\t\t<\/div>\n<\/div>[vc_column_text css=\u00a0\u00bb.vc_custom_1634122758786{margin-top: 30px !important;margin-bottom: 30px !important;}\u00a0\u00bb]H\u00d4TEL LE PLUS PROCHE:<\/p>\n<ul class=\"hoteles_ficha\">\n<li><i class=\"fa fa-check\"><\/i> <a href=\"https:\/\/www.massalagros.com\/ecoresort\/\" target=\"_blank\" rel=\"noopener noreferrer\"> Ecoresort Mas Salagros 5*****<\/a><\/li>\n<\/ul>\n<p>[\/vc_column_text][vc_column_text]H\u00d4TELS CONSEILL\u00c9S:<\/p>\n<ul class=\"hoteles_ficha\">\n<li><i class=\"fa fa-check\"><\/i> <a href=\"https:\/\/www.massalagros.com\/ecoresort\/\" target=\"_blank\" rel=\"noopener noreferrer\"> Ecoresort Mas Salagros 5*****<\/a><\/li>\n<li><i class=\"fa fa-check\"><\/i> <a href=\"https:\/\/www.hotelaugustavalles.com\/\" target=\"_blank\" rel=\"noopener noreferrer\"> Hotel Augusta 4****<\/a><\/li>\n<\/ul>\n<p>[\/vc_column_text][\/vc_column][\/vc_row][vc_row css=\u00a0\u00bb.vc_custom_1569174189333{margin-top: 50px !important;margin-bottom: 30px !important;}\u00a0\u00bb][vc_column]<div class=\"mkdf-section-title-holder subtitulo_ficha_club \" style=\"text-align: left\">\n\t<div class=\"mkdf-st-inner\">\n\t\t\t\t\t<h5 class=\"mkdf-st-subtitle\" >\n\t\t\t\tNous trouver\t\t\t<\/h5>\n\t\t\t\t\t\t\t<\/div>\n<\/div>[\/vc_column][\/vc_row][vc_row full_width=\u00a0\u00bbstretch_row_content_no_spaces\u00a0\u00bb][vc_column][vc_gmaps link=\u00a0\u00bb#E-8_JTNDaWZyYW1lJTIwc3JjJTNEJTIyaHR0cHMlM0ElMkYlMkZ3d3cuZ29vZ2xlLmNvbSUyRm1hcHMlMkZlbWJlZCUzRnBiJTNEJTIxMW0xNCUyMTFtOCUyMTFtMyUyMTFkMTE5NDcuMDEyNjgwOTUzMTg3JTIxMmQyLjI4NTgyNCUyMTNkNDEuNTMxMjg3JTIxM20yJTIxMWkxMDI0JTIxMmk3NjglMjE0ZjEzLjElMjEzbTMlMjExbTIlMjExczB4MCUyNTNBMHg1MTkxNWQ3Y2M0YzU4M2VlJTIxMnNDbHViJTI1MjBkZSUyNTIwR29sZiUyNTIwVmFsbHJvbWFuZXMlMjE1ZTAlMjEzbTIlMjExc2VzJTIxMnNlcyUyMTR2MTU2OTA3NjY0ODMwNyUyMTVtMiUyMTFzZXMlMjEyc2VzJTIyJTIwd2lkdGglM0QlMjI2MDAlMjIlMjBoZWlnaHQlM0QlMjI0NTAlMjIlMjBmcmFtZWJvcmRlciUzRCUyMjAlMjIlMjBzdHlsZSUzRCUyMmJvcmRlciUzQTAlM0IlMjIlMjBhbGxvd2Z1bGxzY3JlZW4lM0QlMjIlMjIlM0UlM0MlMkZpZnJhbWUlM0U=\u00a0\u00bb][\/vc_column][\/vc_row]<\/p>\n<\/div>","protected":false},"excerpt":{"rendered":"<p>[vc_row css=\u00a0\u00bb.vc_custom_1571957549753{margin-top: 50px !important;}\u00a0\u00bb][vc_column][vc_column_text css=\u00a0\u00bb.vc_custom_1582235656729{margin-top: 30px !important;}\u00a0\u00bb] Depuis toujours, le Vallromanes Golf Club est un club empreint de tradition, capable de vous faire ressentir l&rsquo;atmosph\u00e8re authentique caract\u00e9ristique d&rsquo;un club de golf. Situ\u00e9 \u00e0 seulement 25 minutes en voiture du centre de Barcelone, n&rsquo;h\u00e9sitez pas \u00e0 venir partager l&rsquo;une des plus grandes exp\u00e9riences de golf de Catalogne. Le parcours a \u00e9t\u00e9 con\u00e7u et construit par F.W. Hawtree en 1972, l&rsquo;une des figures embl\u00e9matiques en mati\u00e8re de conception de parcours de golf. [&hellip;]<\/p>\n","protected":false},"author":1,"featured_media":0,"parent":0,"menu_order":0,"comment_status":"closed","ping_status":"closed","template":"","meta":{"footnotes":""},"class_list":["post-9055","page","type-page","status-publish","hentry"],"aioseo_notices":[],"_links":{"self":[{"href":"https:\/\/barcelonagolfdestination.com\/fr\/wp-json\/wp\/v2\/pages\/9055","targetHints":{"allow":["GET"]}}],"collection":[{"href":"https:\/\/barcelonagolfdestination.com\/fr\/wp-json\/wp\/v2\/pages"}],"about":[{"href":"https:\/\/barcelonagolfdestination.com\/fr\/wp-json\/wp\/v2\/types\/page"}],"author":[{"embeddable":true,"href":"https:\/\/barcelonagolfdestination.com\/fr\/wp-json\/wp\/v2\/users\/1"}],"replies":[{"embeddable":true,"href":"https:\/\/barcelonagolfdestination.com\/fr\/wp-json\/wp\/v2\/comments?post=9055"}],"version-history":[{"count":7,"href":"https:\/\/barcelonagolfdestination.com\/fr\/wp-json\/wp\/v2\/pages\/9055\/revisions"}],"predecessor-version":[{"id":52478,"href":"https:\/\/barcelonagolfdestination.com\/fr\/wp-json\/wp\/v2\/pages\/9055\/revisions\/52478"}],"wp:attachment":[{"href":"https:\/\/barcelonagolfdestination.com\/fr\/wp-json\/wp\/v2\/media?parent=9055"}],"curies":[{"name":"wp","href":"https:\/\/api.w.org\/{rel}","templated":true}]}}