{"id":52738,"date":"2026-01-14T00:41:35","date_gmt":"2026-01-13T23:41:35","guid":{"rendered":"https:\/\/barcelonagolfdestination.com\/club-de-golf-sant-cugat\/"},"modified":"2026-01-19T08:19:18","modified_gmt":"2026-01-19T07:19:18","slug":"club-de-golf-sant-cugat","status":"publish","type":"page","link":"https:\/\/barcelonagolfdestination.com\/fr\/club-de-golf-sant-cugat\/","title":{"rendered":"Club de Golf Sant Cugat"},"content":{"rendered":"<div class=\"wpb-content-wrapper\"><p>[vc_row css=\u00a0\u00bb.vc_custom_1571957571156{margin-top: 50px !important;}\u00a0\u00bb][vc_column]<div class=\"mkdf-section-title-holder titulo_ficha_club \" style=\"text-align: left\">\n\t<div class=\"mkdf-st-inner\">\n\t\t\t\t\t\t\t<h1 class=\"mkdf-st-title\" >\n\t\t\t\tClub de Golf Sant Cugat\t\t\t<\/h1>\n\t\t\t\t\t<\/div>\n<\/div>[vc_column_text css=\u00a0\u00bb.vc_custom_1768807133754{margin-top: 30px !important;}\u00a0\u00bb]<\/p>\n<p data-start=\"0\" data-end=\"137\">Le Club de Golf de Sant Cugat est le doyen des parcours de golf de Catalogne et se situe \u00e0 seulement 10 minutes de la ville de Barcelone.<\/p>\n<p data-start=\"139\" data-end=\"385\">Il s\u2019agit du premier parcours de 18 trous de notre pays \u00e0 \u00eatre rest\u00e9 sur ses terrains originels du Vall\u00e8s depuis 1914, lorsque les ing\u00e9nieurs de la Barcelona Traction Light &amp; Power, connue sous le nom de \u00abLa Canadiense\u00bb, ont commenc\u00e9 \u00e0 y jouer.<\/p>\n<p data-start=\"387\" data-end=\"541\">Depuis lors, le Club de Golf de Sant Cugat est rest\u00e9 une r\u00e9f\u00e9rence dans ce sport, un club familial \u00e9loign\u00e9 des \u00e9litismes qui ont longtemps marqu\u00e9 le golf.<\/p>\n<p data-start=\"543\" data-end=\"880\" data-is-last-node=\"\" data-is-only-node=\"\">Il a \u00e9t\u00e9 et continue d\u2019\u00eatre le berceau de nombreuses et excellentes g\u00e9n\u00e9rations de golfeurs, avec une attention particuli\u00e8re port\u00e9e aux plus jeunes, et constitue une partie centrale et pr\u00e9cieuse du patrimoine de Sant Cugat, que l\u2019on peut consid\u00e9rer comme le poumon naturel de la ville gr\u00e2ce \u00e0 son emplacement en plein c\u0153ur de la commune.<\/p>\n<p>[\/vc_column_text][\/vc_column][\/vc_row][vc_row full_width=\u00a0\u00bbstretch_row_content_no_spaces\u00a0\u00bb css=\u00a0\u00bb.vc_custom_1571608732328{margin-top: 30px !important;border-top-width: 0px !important;padding-top: 0px !important;background-color: #00374c !important;}\u00a0\u00bb][vc_column]<div class=\"mkdf-call-to-action-holder boton-reservar mkdf-simple-layout \">\n\t<div class=\"mkdf-cta-inner \">\n\t\t<div class=\"mkdf-cta-text-holder\">\n\t\t\t<div class=\"mkdf-cta-text\">\n<h4>R\u00e9servez au CLUB DE GOLF SANT CUGAT<\/h4>\n<\/div>\n\t\t<\/div>\n\t\t<div class=\"mkdf-cta-button-holder\" >\n\t\t\t<div class=\"mkdf-cta-button\"><a itemprop=\"url\" href=\"https:\/\/open.teeone.golf\/en\/santcugat\" target=\"_blank\" style=\"color: #00374c;background-color: #ffffff\" class=\"mkdf-btn mkdf-btn-large mkdf-btn-solid mkdf-btn-custom-hover-bg mkdf-btn-custom-border-hover\" data-hover-bg-color=\"#00374c\" data-hover-border-color=\"#ffffff\" >    <span class=\"mkdf-btn-text\">BOOK<\/span>    <\/a><\/div>\n\t\t<\/div>\n\t<\/div>\n<\/div>[\/vc_column][\/vc_row][vc_row css=\u00a0\u00bb.vc_custom_1571608816529{margin-top: 30px !important;margin-bottom: 30px !important;margin-left: 4px !important;}\u00a0\u00bb][vc_column css=\u00a0\u00bb.vc_custom_1571608799875{margin-top: 0px !important;padding-top: 0px !important;}\u00a0\u00bb]<div class=\"mkdf-section-title-holder subtitulo_ficha_club \" style=\"text-align: left\">\n\t<div class=\"mkdf-st-inner\">\n\t\t\t\t\t<h5 class=\"mkdf-st-subtitle\" >\n\t\t\t\tCoordonn\u00e9es du club\t\t\t<\/h5>\n\t\t\t\t\t\t\t<\/div>\n<\/div>[vc_column_text]<\/p>\n<ul class=\"datos_club\">\n<li><span class=\"titulo_datos_club\">Nom du club:<\/span><br \/>\n<span class=\"datos_club\">Club de Golf Sant Cugat<\/span><\/li>\n<li><span class=\"titulo_datos_club\">Adresse:<\/span><br \/>\n<span class=\"datos_club\">Villa, 79. 08173 Sant Cugat del Valles (Barcelona)<\/span><\/li>\n<li><span class=\"titulo_datos_club\">Ann\u00e9e de fondation:<\/span><br \/>\n<span class=\"datos_club\">1914<\/span><\/li>\n<li><span class=\"titulo_datos_club\">Site web:<\/span><br \/>\n<span class=\"datos_club\"><a href=\"https:\/\/golfsantcugat.com\/\" target=\"_blank\" rel=\"noopener\">golfsantcugat.com<\/a><\/span><\/li>\n<li><span class=\"titulo_datos_club\">E-mail pour contacter le Club (commerciaux\/r\u00e9servations):<\/span><br \/>\n<span class=\"datos_club\"><a href=\"mailto:recepcion@golfsantcugat.com\">recepcion@golfsantcugat.com<\/a><\/span><\/li>\n<li><span class=\"titulo_datos_club\">T\u00e9l\u00e9phone:<\/span><br \/>\n<span class=\"datos_club\">93 674 39 08<\/span><\/li>\n<li><span class=\"titulo_datos_club\">Jours de fermeture:<\/span><br \/>\n<span class=\"datos_club\">Lundis hors jours f\u00e9ri\u00e9s<\/span><\/li>\n<\/ul>\n<p>[\/vc_column_text][\/vc_column][\/vc_row][vc_row full_width=\u00a0\u00bbstretch_row_content_no_spaces\u00a0\u00bb css=\u00a0\u00bb.vc_custom_1571119486385{margin-bottom: 0px !important;border-bottom-width: 0px !important;padding-bottom: 0px !important;}\u00a0\u00bb][vc_column]<div class=\"mkdf-image-gallery  mkdf-ig-masonry-type mkdf-no-space  mkdf-image-behavior-lightbox\">\n\t<div class=\"mkdf-ig-inner mkdf-outer-space mkdf-ig-masonry mkdf-ig-three-columns\">\n\t\t<div class=\"mkdf-ig-grid-sizer\"><\/div>\n\t\t<div class=\"mkdf-ig-grid-gutter\"><\/div>\n\t\t\t\t\t\t\t\t<div class=\"mkdf-ig-image mkdf-item-space \">\n\t\t\t\t<div class=\"mkdf-ig-image-inner\">\n\t\t\t\t\t\t\t\t\t\t\t<a itemprop=\"image\" class=\"mkdf-ig-lightbox\" href=\"https:\/\/barcelonagolfdestination.com\/wp-content\/uploads\/2026\/01\/club-de-golf-sant-cugat-01.webp\" data-rel=\"prettyPhoto[image_gallery_pretty_photo-602]\" title=\"club-de-golf-sant-cugat-01\">\n\t\t\t\t\t\t\t\t\t\t\t<img loading=\"lazy\" decoding=\"async\" width=\"1920\" height=\"1080\" src=\"https:\/\/barcelonagolfdestination.com\/wp-content\/uploads\/2026\/01\/club-de-golf-sant-cugat-01.webp\" class=\"attachment- size-\" alt=\"\" srcset=\"https:\/\/barcelonagolfdestination.com\/wp-content\/uploads\/2026\/01\/club-de-golf-sant-cugat-01.webp 1920w, https:\/\/barcelonagolfdestination.com\/wp-content\/uploads\/2026\/01\/club-de-golf-sant-cugat-01-300x169.webp 300w, https:\/\/barcelonagolfdestination.com\/wp-content\/uploads\/2026\/01\/club-de-golf-sant-cugat-01-1024x576.webp 1024w, https:\/\/barcelonagolfdestination.com\/wp-content\/uploads\/2026\/01\/club-de-golf-sant-cugat-01-768x432.webp 768w, https:\/\/barcelonagolfdestination.com\/wp-content\/uploads\/2026\/01\/club-de-golf-sant-cugat-01-1536x864.webp 1536w\" sizes=\"auto, (max-width: 1920px) 100vw, 1920px\" \/>\t\t\t\t\t\t\t\t\t\t\t<\/a>\n\t\t\t\t\t\t\t\t\t<\/div>\n\t\t\t<\/div>\n\t\t\t\t\t\t\t\t<div class=\"mkdf-ig-image mkdf-item-space \">\n\t\t\t\t<div class=\"mkdf-ig-image-inner\">\n\t\t\t\t\t\t\t\t\t\t\t<a itemprop=\"image\" class=\"mkdf-ig-lightbox\" href=\"https:\/\/barcelonagolfdestination.com\/wp-content\/uploads\/2026\/01\/club-de-golf-sant-cugat-02.webp\" data-rel=\"prettyPhoto[image_gallery_pretty_photo-602]\" title=\"club-de-golf-sant-cugat-02\">\n\t\t\t\t\t\t\t\t\t\t\t<img loading=\"lazy\" decoding=\"async\" width=\"1920\" height=\"1080\" src=\"https:\/\/barcelonagolfdestination.com\/wp-content\/uploads\/2026\/01\/club-de-golf-sant-cugat-02.webp\" class=\"attachment- size-\" alt=\"\" srcset=\"https:\/\/barcelonagolfdestination.com\/wp-content\/uploads\/2026\/01\/club-de-golf-sant-cugat-02.webp 1920w, https:\/\/barcelonagolfdestination.com\/wp-content\/uploads\/2026\/01\/club-de-golf-sant-cugat-02-300x169.webp 300w, https:\/\/barcelonagolfdestination.com\/wp-content\/uploads\/2026\/01\/club-de-golf-sant-cugat-02-1024x576.webp 1024w, https:\/\/barcelonagolfdestination.com\/wp-content\/uploads\/2026\/01\/club-de-golf-sant-cugat-02-768x432.webp 768w, https:\/\/barcelonagolfdestination.com\/wp-content\/uploads\/2026\/01\/club-de-golf-sant-cugat-02-1536x864.webp 1536w\" sizes=\"auto, (max-width: 1920px) 100vw, 1920px\" \/>\t\t\t\t\t\t\t\t\t\t\t<\/a>\n\t\t\t\t\t\t\t\t\t<\/div>\n\t\t\t<\/div>\n\t\t\t\t\t\t\t\t<div class=\"mkdf-ig-image mkdf-item-space \">\n\t\t\t\t<div class=\"mkdf-ig-image-inner\">\n\t\t\t\t\t\t\t\t\t\t\t<a itemprop=\"image\" class=\"mkdf-ig-lightbox\" href=\"https:\/\/barcelonagolfdestination.com\/wp-content\/uploads\/2026\/01\/club-de-golf-sant-cugat-03.webp\" data-rel=\"prettyPhoto[image_gallery_pretty_photo-602]\" title=\"club-de-golf-sant-cugat-03\">\n\t\t\t\t\t\t\t\t\t\t\t<img loading=\"lazy\" decoding=\"async\" width=\"1920\" height=\"1080\" src=\"https:\/\/barcelonagolfdestination.com\/wp-content\/uploads\/2026\/01\/club-de-golf-sant-cugat-03.webp\" class=\"attachment- size-\" alt=\"\" srcset=\"https:\/\/barcelonagolfdestination.com\/wp-content\/uploads\/2026\/01\/club-de-golf-sant-cugat-03.webp 1920w, https:\/\/barcelonagolfdestination.com\/wp-content\/uploads\/2026\/01\/club-de-golf-sant-cugat-03-300x169.webp 300w, https:\/\/barcelonagolfdestination.com\/wp-content\/uploads\/2026\/01\/club-de-golf-sant-cugat-03-1024x576.webp 1024w, https:\/\/barcelonagolfdestination.com\/wp-content\/uploads\/2026\/01\/club-de-golf-sant-cugat-03-768x432.webp 768w, https:\/\/barcelonagolfdestination.com\/wp-content\/uploads\/2026\/01\/club-de-golf-sant-cugat-03-1536x864.webp 1536w\" sizes=\"auto, (max-width: 1920px) 100vw, 1920px\" \/>\t\t\t\t\t\t\t\t\t\t\t<\/a>\n\t\t\t\t\t\t\t\t\t<\/div>\n\t\t\t<\/div>\n\t\t\t\t\t\t\t\t<div class=\"mkdf-ig-image mkdf-item-space \">\n\t\t\t\t<div class=\"mkdf-ig-image-inner\">\n\t\t\t\t\t\t\t\t\t\t\t<a itemprop=\"image\" class=\"mkdf-ig-lightbox\" href=\"https:\/\/barcelonagolfdestination.com\/wp-content\/uploads\/2026\/01\/club-de-golf-sant-cugat-04.webp\" data-rel=\"prettyPhoto[image_gallery_pretty_photo-602]\" title=\"club-de-golf-sant-cugat-04\">\n\t\t\t\t\t\t\t\t\t\t\t<img loading=\"lazy\" decoding=\"async\" width=\"1920\" height=\"1080\" src=\"https:\/\/barcelonagolfdestination.com\/wp-content\/uploads\/2026\/01\/club-de-golf-sant-cugat-04.webp\" class=\"attachment- size-\" alt=\"\" srcset=\"https:\/\/barcelonagolfdestination.com\/wp-content\/uploads\/2026\/01\/club-de-golf-sant-cugat-04.webp 1920w, https:\/\/barcelonagolfdestination.com\/wp-content\/uploads\/2026\/01\/club-de-golf-sant-cugat-04-300x169.webp 300w, https:\/\/barcelonagolfdestination.com\/wp-content\/uploads\/2026\/01\/club-de-golf-sant-cugat-04-1024x576.webp 1024w, https:\/\/barcelonagolfdestination.com\/wp-content\/uploads\/2026\/01\/club-de-golf-sant-cugat-04-768x432.webp 768w, https:\/\/barcelonagolfdestination.com\/wp-content\/uploads\/2026\/01\/club-de-golf-sant-cugat-04-1536x864.webp 1536w\" sizes=\"auto, (max-width: 1920px) 100vw, 1920px\" \/>\t\t\t\t\t\t\t\t\t\t\t<\/a>\n\t\t\t\t\t\t\t\t\t<\/div>\n\t\t\t<\/div>\n\t\t\t\t\t\t\t\t<div class=\"mkdf-ig-image mkdf-item-space \">\n\t\t\t\t<div class=\"mkdf-ig-image-inner\">\n\t\t\t\t\t\t\t\t\t\t\t<a itemprop=\"image\" class=\"mkdf-ig-lightbox\" href=\"https:\/\/barcelonagolfdestination.com\/wp-content\/uploads\/2026\/01\/club-de-golf-sant-cugat-05.webp\" data-rel=\"prettyPhoto[image_gallery_pretty_photo-602]\" title=\"club-de-golf-sant-cugat-05\">\n\t\t\t\t\t\t\t\t\t\t\t<img loading=\"lazy\" decoding=\"async\" width=\"1920\" height=\"1080\" src=\"https:\/\/barcelonagolfdestination.com\/wp-content\/uploads\/2026\/01\/club-de-golf-sant-cugat-05.webp\" class=\"attachment- size-\" alt=\"\" srcset=\"https:\/\/barcelonagolfdestination.com\/wp-content\/uploads\/2026\/01\/club-de-golf-sant-cugat-05.webp 1920w, https:\/\/barcelonagolfdestination.com\/wp-content\/uploads\/2026\/01\/club-de-golf-sant-cugat-05-300x169.webp 300w, https:\/\/barcelonagolfdestination.com\/wp-content\/uploads\/2026\/01\/club-de-golf-sant-cugat-05-1024x576.webp 1024w, https:\/\/barcelonagolfdestination.com\/wp-content\/uploads\/2026\/01\/club-de-golf-sant-cugat-05-768x432.webp 768w, https:\/\/barcelonagolfdestination.com\/wp-content\/uploads\/2026\/01\/club-de-golf-sant-cugat-05-1536x864.webp 1536w\" sizes=\"auto, (max-width: 1920px) 100vw, 1920px\" \/>\t\t\t\t\t\t\t\t\t\t\t<\/a>\n\t\t\t\t\t\t\t\t\t<\/div>\n\t\t\t<\/div>\n\t\t\t\t\t\t\t\t<div class=\"mkdf-ig-image mkdf-item-space \">\n\t\t\t\t<div class=\"mkdf-ig-image-inner\">\n\t\t\t\t\t\t\t\t\t\t\t<a itemprop=\"image\" class=\"mkdf-ig-lightbox\" href=\"https:\/\/barcelonagolfdestination.com\/wp-content\/uploads\/2026\/01\/club-de-golf-sant-cugat-06.webp\" data-rel=\"prettyPhoto[image_gallery_pretty_photo-602]\" title=\"club-de-golf-sant-cugat-06\">\n\t\t\t\t\t\t\t\t\t\t\t<img loading=\"lazy\" decoding=\"async\" width=\"1920\" height=\"1080\" src=\"https:\/\/barcelonagolfdestination.com\/wp-content\/uploads\/2026\/01\/club-de-golf-sant-cugat-06.webp\" class=\"attachment- size-\" alt=\"\" srcset=\"https:\/\/barcelonagolfdestination.com\/wp-content\/uploads\/2026\/01\/club-de-golf-sant-cugat-06.webp 1920w, https:\/\/barcelonagolfdestination.com\/wp-content\/uploads\/2026\/01\/club-de-golf-sant-cugat-06-300x169.webp 300w, https:\/\/barcelonagolfdestination.com\/wp-content\/uploads\/2026\/01\/club-de-golf-sant-cugat-06-1024x576.webp 1024w, https:\/\/barcelonagolfdestination.com\/wp-content\/uploads\/2026\/01\/club-de-golf-sant-cugat-06-768x432.webp 768w, https:\/\/barcelonagolfdestination.com\/wp-content\/uploads\/2026\/01\/club-de-golf-sant-cugat-06-1536x864.webp 1536w\" sizes=\"auto, (max-width: 1920px) 100vw, 1920px\" \/>\t\t\t\t\t\t\t\t\t\t\t<\/a>\n\t\t\t\t\t\t\t\t\t<\/div>\n\t\t\t<\/div>\n\t\t\t<\/div>\n<\/div>[\/vc_column][\/vc_row][vc_row css=\u00a0\u00bb.vc_custom_1571608838449{margin-top: 30px !important;margin-bottom: 50px !important;}\u00a0\u00bb][vc_column]<div class=\"mkdf-section-title-holder subtitulo_ficha_club \" style=\"text-align: left\">\n\t<div class=\"mkdf-st-inner\">\n\t\t\t\t\t<h5 class=\"mkdf-st-subtitle\" >\n\t\t\t\t\u00c0 propos du terrain de golf\t\t\t<\/h5>\n\t\t\t\t\t\t\t<\/div>\n<\/div>[vc_row_inner css=\u00a0\u00bb.vc_custom_1569168007294{margin-top: 30px !important;}\u00a0\u00bb][vc_column_inner width=\u00a0\u00bb1\/5&Prime;][vc_column_text]<\/p>\n<p class=\"titulo_sobre_el_campo\">Concepteurs<\/p>\n<p>[\/vc_column_text][vc_separator color=\u00a0\u00bbcustom\u00a0\u00bb accent_color=\u00a0\u00bb#00374c\u00a0\u00bb][vc_column_text]<\/p>\n<p style=\"text-align: center;\">H.S. Colt<\/p>\n<p>[\/vc_column_text][\/vc_column_inner][vc_column_inner width=\u00a0\u00bb1\/5&Prime;][vc_column_text]<\/p>\n<p class=\"titulo_sobre_el_campo\">Nombre de trous<\/p>\n<p>[\/vc_column_text][vc_separator color=\u00a0\u00bbcustom\u00a0\u00bb accent_color=\u00a0\u00bb#00374c\u00a0\u00bb][vc_column_text]<\/p>\n<p style=\"text-align: center;\">18<\/p>\n<p>[\/vc_column_text][\/vc_column_inner][vc_column_inner width=\u00a0\u00bb1\/5&Prime;][vc_column_text]<\/p>\n<p class=\"titulo_sobre_el_campo\">Par<\/p>\n<p>[\/vc_column_text][vc_separator color=\u00a0\u00bbcustom\u00a0\u00bb accent_color=\u00a0\u00bb#00374c\u00a0\u00bb][vc_column_text]<\/p>\n<p style=\"text-align: center;\">70<\/p>\n<p>[\/vc_column_text][\/vc_column_inner][vc_column_inner width=\u00a0\u00bb1\/5&Prime;][vc_column_text]<\/p>\n<p class=\"titulo_sobre_el_campo\">M\u00e8tres<\/p>\n<p>[\/vc_column_text][vc_separator color=\u00a0\u00bbcustom\u00a0\u00bb accent_color=\u00a0\u00bb#2c4938&Prime;][vc_column_text]<\/p>\n<p style=\"text-align: center;\"><img decoding=\"async\" src=\"https:\/\/barcelonagolfdestination.com\/wp-content\/uploads\/2017\/08\/amarillas-1.png\" alt=\"\" \/> 5.211 m<\/p>\n<p style=\"text-align: center;\"><img decoding=\"async\" src=\"https:\/\/barcelonagolfdestination.com\/wp-content\/uploads\/2017\/08\/rojas-1.png\" alt=\"\" \/> 4.559 m<\/p>\n<p>[\/vc_column_text][\/vc_column_inner][vc_column_inner width=\u00a0\u00bb1\/5&Prime;][vc_column_text]<\/p>\n<p class=\"titulo_sobre_el_campo\">Ann\u00e9e de construction<\/p>\n<p>[\/vc_column_text][vc_separator color=\u00a0\u00bbcustom\u00a0\u00bb accent_color=\u00a0\u00bb#00374c\u00a0\u00bb][vc_column_text]<\/p>\n<p style=\"text-align: center;\">1914<\/p>\n<p>[\/vc_column_text][\/vc_column_inner][\/vc_row_inner][\/vc_column][\/vc_row][vc_row css=\u00a0\u00bb.vc_custom_1569187772478{margin-top: 30px !important;margin-bottom: 30px !important;}\u00a0\u00bb][vc_column][vc_column_text css=\u00a0\u00bb.vc_custom_1768646149149{margin-bottom: 30px !important;}\u00a0\u00bb]<span class=\"titulo_datos_club\">Services:<\/span><\/p>\n<ul class=\"lista_servicios\">\n<li><i class=\"fa fa-check\"><\/i> <span class=\"titulo_servicio\">Terrain de pratique <\/span> <span class=\"atributo_servicio\">(3\u20ac &#8211; 33 balles)<\/span><\/li>\n<li><i class=\"fa fa-check\"><\/i> <span class=\"titulo_servicio\">Vestiaires visiteurs<\/span><\/li>\n<li><i class=\"fa fa-check\"><\/i><span class=\"titulo_servicio\"> Bar &#8211; Snack<\/span><\/li>\n<li><i class=\"fa fa-check\"><\/i> <span class=\"titulo_servicio\"> Restaurant <\/span> <span class=\"atributo_servicio\"> (24\u20ac)<\/span><\/li>\n<li><i class=\"fa fa-check\"><\/i><span class=\"titulo_servicio\"> Location de clubs de golf<\/span> <span class=\"atributo_servicio\"> (45\u20ac)<\/span><\/li>\n<li><i class=\"fa fa-check\"><\/i> <span class=\"titulo_servicio\">Location de voiturettes de golf <\/span> <span class=\"atributo_servicio\">(32\u20ac) <\/span><\/li>\n<li><i class=\"fa fa-check\"><\/i><span class=\"titulo_servicio\"> Boutique de golf<\/span><\/li>\n<li><i class=\"fa fa-check\"><\/i><span class=\"titulo_servicio\"> Caddie de golf<\/span><\/li>\n<li><i class=\"fa fa-check\"><\/i><span class=\"titulo_servicio\"> Cours de golf<\/span> <span class=\"atributo_servicio\"> (50\u20ac)<\/span><\/li>\n<\/ul>\n<p>[\/vc_column_text][\/vc_column][\/vc_row][vc_row row_content_width=\u00a0\u00bbgrid\u00a0\u00bb][vc_column][vc_column_text css=\u00a0\u00bb.vc_custom_1768646218510{margin-bottom: 30px !important;}\u00a0\u00bb]<span class=\"titulo_datos_club\">Langues parl\u00e9es \u00e0 la r\u00e9ception:<\/span><br \/>\n<span class=\"datos_club\">Espagnol, catalan et anglais. <\/span>[\/vc_column_text][vc_column_text]<span class=\"titulo_datos_club\">Code vestimentaire:<\/span><br \/>\n<span class=\"datos_club\">La tenue du haut devra \u00eatre de type \u00abpolo\u00bb avec col ou col montant; les dames peuvent le porter sans manches. Les pantalons doivent \u00eatre adapt\u00e9s \u00e0 la pratique du golf. Le port de jeans, de leggings, de surv\u00eatements, de v\u00eatements militaires et de maillots de bain n\u2019est pas autoris\u00e9. Les chaussures devront \u00eatre adapt\u00e9es \u00e0 la pratique du golf; en r\u00e8gle g\u00e9n\u00e9rale, elles devront \u00eatre sans crampons, sauf d\u00e9cision contraire du comit\u00e9 de comp\u00e9tition.<\/span>[\/vc_column_text][\/vc_column][\/vc_row][vc_row css=\u00a0\u00bb.vc_custom_1569184012248{margin-top: 50px !important;margin-bottom: 50px !important;}\u00a0\u00bb][vc_column]<div class=\"mkdf-section-title-holder subtitulo_ficha_club \" style=\"text-align: left\">\n\t<div class=\"mkdf-st-inner\">\n\t\t\t\t\t<h5 class=\"mkdf-st-subtitle\" >\n\t\t\t\tLogement\t\t\t<\/h5>\n\t\t\t\t\t\t\t<\/div>\n<\/div>[vc_column_text css=\u00a0\u00bb.vc_custom_1768646530854{margin-top: 30px !important;margin-bottom: 30px !important;}\u00a0\u00bb]H\u00d4TEL LE PLUS PROCHE:<\/p>\n<ul class=\"hoteles_ficha\">\n<li><i class=\"fa fa-check\"><\/i> <a href=\"https:\/\/www.elsantcugathotel.com\/\" target=\"_blank\" rel=\"noopener noreferrer\"> Hotel El Sant Cugat<\/a><\/li>\n<\/ul>\n<p>[\/vc_column_text][vc_column_text]H\u00d4TELS CONSEILL\u00c9S:<\/p>\n<ul class=\"hoteles_ficha\">\n<li><i class=\"fa fa-check\"><\/i> <a href=\"https:\/\/www.qgathotel.com\/\" target=\"_blank\" rel=\"noopener noreferrer\"> Q Gat Hotel <\/a><\/li>\n<li><i class=\"fa fa-check\"><\/i> <a href=\"https:\/\/aparthotel-del-golf.webnode.es\/\" target=\"_blank\" rel=\"noopener noreferrer\"> Aparthotel del Golf <\/a><\/li>\n<\/ul>\n<p>[\/vc_column_text][\/vc_column][\/vc_row][vc_row css=\u00a0\u00bb.vc_custom_1569174189333{margin-top: 50px !important;margin-bottom: 30px !important;}\u00a0\u00bb][vc_column]<div class=\"mkdf-section-title-holder subtitulo_ficha_club \" style=\"text-align: left\">\n\t<div class=\"mkdf-st-inner\">\n\t\t\t\t\t<h5 class=\"mkdf-st-subtitle\" >\n\t\t\t\tNous trouver\t\t\t<\/h5>\n\t\t\t\t\t\t\t<\/div>\n<\/div>[\/vc_column][\/vc_row][vc_row full_width=\u00a0\u00bbstretch_row_content_no_spaces\u00a0\u00bb][vc_column][vc_gmaps link=\u00a0\u00bb#E-8_JTNDaWZyYW1lJTIwc3JjJTNEJTIyaHR0cHMlM0ElMkYlMkZ3d3cuZ29vZ2xlLmNvbSUyRm1hcHMlMkZlbWJlZCUzRnBiJTNEJTIxMW0xNCUyMTFtOCUyMTFtMyUyMTFkNTk3OS44MzI5Mzc4MTU4NzQlMjEyZDIuMDc2NzA1JTIxM2Q0MS40NjI3MjclMjEzbTIlMjExaTEwMjQlMjEyaTc2OCUyMTRmMTMuMSUyMTNtMyUyMTFtMiUyMTFzMHgxMmE0OTZkODczMjFjNDY3JTI1M0EweGJlN2YxYmE1ZmNiNzM5ZTAlMjEyc0NsdWIlMjUyMGRlJTI1MjBHb2xmJTI1MjBTYW50JTI1MjBDdWdhdCUyMTVlMCUyMTNtMiUyMTFzZXMlMjEyc2VzJTIxNHYxNzY4MzQ3NzUwMDk3JTIxNW0yJTIxMXNlcyUyMTJzZXMlMjIlMjB3aWR0aCUzRCUyMjYwMCUyMiUyMGhlaWdodCUzRCUyMjQ1MCUyMiUyMHN0eWxlJTNEJTIyYm9yZGVyJTNBMCUzQiUyMiUyMGFsbG93ZnVsbHNjcmVlbiUzRCUyMiUyMiUyMGxvYWRpbmclM0QlMjJsYXp5JTIyJTIwcmVmZXJyZXJwb2xpY3klM0QlMjJuby1yZWZlcnJlci13aGVuLWRvd25ncmFkZSUyMiUzRSUzQyUyRmlmcmFtZSUzRQ==\u00a0\u00bb][\/vc_column][\/vc_row]<\/p>\n<\/div>","protected":false},"excerpt":{"rendered":"<p>[vc_row css=\u00a0\u00bb.vc_custom_1571957571156{margin-top: 50px !important;}\u00a0\u00bb][vc_column][vc_column_text css=\u00a0\u00bb.vc_custom_1768807133754{margin-top: 30px !important;}\u00a0\u00bb] Le Club de Golf de Sant Cugat est le doyen des parcours de golf de Catalogne et se situe \u00e0 seulement 10 minutes de la ville de Barcelone. Il s\u2019agit du premier parcours de 18 trous de notre pays \u00e0 \u00eatre rest\u00e9 sur ses terrains originels du Vall\u00e8s depuis 1914, lorsque les ing\u00e9nieurs de la Barcelona Traction Light &amp; Power, connue sous le nom de \u00abLa Canadiense\u00bb, ont commenc\u00e9 \u00e0 y jouer. Depuis [&hellip;]<\/p>\n","protected":false},"author":5,"featured_media":0,"parent":0,"menu_order":0,"comment_status":"closed","ping_status":"closed","template":"","meta":{"footnotes":""},"class_list":["post-52738","page","type-page","status-publish","hentry"],"aioseo_notices":[],"_links":{"self":[{"href":"https:\/\/barcelonagolfdestination.com\/fr\/wp-json\/wp\/v2\/pages\/52738","targetHints":{"allow":["GET"]}}],"collection":[{"href":"https:\/\/barcelonagolfdestination.com\/fr\/wp-json\/wp\/v2\/pages"}],"about":[{"href":"https:\/\/barcelonagolfdestination.com\/fr\/wp-json\/wp\/v2\/types\/page"}],"author":[{"embeddable":true,"href":"https:\/\/barcelonagolfdestination.com\/fr\/wp-json\/wp\/v2\/users\/5"}],"replies":[{"embeddable":true,"href":"https:\/\/barcelonagolfdestination.com\/fr\/wp-json\/wp\/v2\/comments?post=52738"}],"version-history":[{"count":3,"href":"https:\/\/barcelonagolfdestination.com\/fr\/wp-json\/wp\/v2\/pages\/52738\/revisions"}],"predecessor-version":[{"id":52790,"href":"https:\/\/barcelonagolfdestination.com\/fr\/wp-json\/wp\/v2\/pages\/52738\/revisions\/52790"}],"wp:attachment":[{"href":"https:\/\/barcelonagolfdestination.com\/fr\/wp-json\/wp\/v2\/media?parent=52738"}],"curies":[{"name":"wp","href":"https:\/\/api.w.org\/{rel}","templated":true}]}}