{"id":40294,"date":"2020-04-07T14:00:57","date_gmt":"2020-04-07T12:00:57","guid":{"rendered":"https:\/\/barcelonagolfdestination.com\/blog\/"},"modified":"2020-04-07T14:00:57","modified_gmt":"2020-04-07T12:00:57","slug":"blog","status":"publish","type":"page","link":"https:\/\/barcelonagolfdestination.com\/fr\/blog\/","title":{"rendered":"Blog"},"content":{"rendered":"<div class=\"wpb-content-wrapper\"><p>[vc_row css=\u00a0\u00bb.vc_custom_1586261041561{margin-top: 50px !important;}\u00a0\u00bb][vc_column]<div class=\"mkdf-section-title-holder titulo_ficha_club \" style=\"text-align: center\">\n\t<div class=\"mkdf-st-inner\">\n\t\t\t\t\t\t\t<h1 class=\"mkdf-st-title\" >\n\t\t\t\tBlog\t\t\t<\/h1>\n\t\t\t\t\t<\/div>\n<\/div>[\/vc_column][\/vc_row][vc_row css=\u00a0\u00bb.vc_custom_1586261111960{margin-top: 30px !important;}\u00a0\u00bb][vc_column]<div class=\"mkdf-blog-list-holder mkdf-bl-standard mkdf-bl-three-columns mkdf-large-space mkdf-bl-pag-standard-blog-list\"  data-type=standard data-number-of-posts=-1 data-number-of-columns=3 data-space-between-items=large data-order-by=date data-order=DESC data-image-size=full data-title-tag=h4 data-excerpt-length=25 data-post-info-section=yes data-post-info-image=yes data-post-info-author=no data-post-info-date=yes data-post-info-category=no data-post-info-comments=no data-post-info-like=no data-post-info-share=no data-pagination-type=standard-blog-list data-holder-classes=mkdf-bl-standard mkdf-bl-three-columns mkdf-large-space mkdf-bl-pag-standard-blog-list data-max-num-pages=0 data-next-page=2>\n\t<div class=\"mkdf-bl-wrapper mkdf-outer-space\">\n\t\t<ul class=\"mkdf-blog-list\">\n\t\t\t<li class=\"mkdf-bl-item mkdf-item-space clearfix\">\n\t<div class=\"mkdf-bli-inner\">\n\t\t\n\t<div class=\"mkdf-post-image\">\n\t\t\t\t\t<a itemprop=\"url\" href=\"https:\/\/barcelonagolfdestination.com\/fr\/le-printemps-a-barcelona-golf-destination-leveil-du-golf-et-de-la-mediterranee\/\" title=\"Le printemps \u00e0 Barcelona Golf Destination: l\u2019\u00e9veil du golf et de la M\u00e9diterran\u00e9e\">\n\t\t\t\t\t\t\t\t\t<img loading=\"lazy\" decoding=\"async\" width=\"900\" height=\"550\" src=\"https:\/\/barcelonagolfdestination.com\/wp-content\/uploads\/2026\/03\/primavera-barcelona-golf-destination-3.webp\" class=\"attachment-full size-full wp-post-image\" alt=\"\" srcset=\"https:\/\/barcelonagolfdestination.com\/wp-content\/uploads\/2026\/03\/primavera-barcelona-golf-destination-3.webp 900w, https:\/\/barcelonagolfdestination.com\/wp-content\/uploads\/2026\/03\/primavera-barcelona-golf-destination-3-300x183.webp 300w, https:\/\/barcelonagolfdestination.com\/wp-content\/uploads\/2026\/03\/primavera-barcelona-golf-destination-3-768x469.webp 768w\" sizes=\"auto, (max-width: 900px) 100vw, 900px\" \/>\t\t\t\t\t\t\t\t<\/a>\n\t\t\t\t\t<\/div>\n        <div class=\"mkdf-bli-content\">\n                            <div class=\"mkdf-bli-info\">\n\t                <div itemprop=\"dateCreated\" class=\"mkdf-post-info-date entry-date published updated\">\n            <a itemprop=\"url\" href=\"https:\/\/barcelonagolfdestination.com\/fr\/2026\/03\/\">\n            \n            <div class=\"mkdf-post-date-wrap\">\n                13\/03\/2026            <\/div>\n        <\/a>\n        <meta itemprop=\"interactionCount\" content=\"UserComments: 0\"\/>\n<\/div>                <\/div>\n            \t\n\t        \n<h4 itemprop=\"name\" class=\"entry-title mkdf-post-title\" >\n            <a itemprop=\"url\" href=\"https:\/\/barcelonagolfdestination.com\/fr\/le-printemps-a-barcelona-golf-destination-leveil-du-golf-et-de-la-mediterranee\/\" title=\"Le printemps \u00e0 Barcelona Golf Destination: l\u2019\u00e9veil du golf et de la M\u00e9diterran\u00e9e\">\n            Le printemps \u00e0 Barcelona Golf Destination: l\u2019\u00e9veil du golf et de la M\u00e9diterran\u00e9e            <\/a>\n    <\/h4>\t\n\t        <div class=\"mkdf-bli-excerpt\">\n\t\t        \t\t<div class=\"mkdf-post-excerpt-holder\">\n\t\t\t<p itemprop=\"description\" class=\"mkdf-post-excerpt\">\n\t\t\t\tBarcelona ha sido celebrada durante mucho tiempo como una de las ciudades m\u00e1s vibrantes de Europa, pero en los \u00faltimos a\u00f1os ha consolidado discretamente otra\t\t\t<\/p>\n\t\t<\/div>\n\t\t\t        \t<div class=\"mkdf-post-read-more-button\">\n\t\t<a itemprop=\"url\" href=\"https:\/\/barcelonagolfdestination.com\/fr\/le-printemps-a-barcelona-golf-destination-leveil-du-golf-et-de-la-mediterranee\/\" target=\"_self\"  class=\"mkdf-btn mkdf-btn-medium mkdf-btn-simple mkdf-blog-list-button\"  >    <span class=\"mkdf-btn-text\">READ MORE<\/span>    <\/a>\t<\/div>\n\t        <\/div>\n        <\/div>\n\t<\/div>\n<\/li><li class=\"mkdf-bl-item mkdf-item-space clearfix\">\n\t<div class=\"mkdf-bli-inner\">\n\t\t\n\t<div class=\"mkdf-post-image\">\n\t\t\t\t\t<a itemprop=\"url\" href=\"https:\/\/barcelonagolfdestination.com\/fr\/decouvrir-barcelone-la-destination-golf-voyage-par-excellence\/\" title=\"D\u00e9couvrir Barcelone: la destination golf &#038; voyage par excellence\">\n\t\t\t\t\t\t\t\t\t<img loading=\"lazy\" decoding=\"async\" width=\"900\" height=\"550\" src=\"https:\/\/barcelonagolfdestination.com\/wp-content\/uploads\/2026\/01\/barcelona-ultimate-golf-travel-destination.webp\" class=\"attachment-full size-full wp-post-image\" alt=\"\" srcset=\"https:\/\/barcelonagolfdestination.com\/wp-content\/uploads\/2026\/01\/barcelona-ultimate-golf-travel-destination.webp 900w, https:\/\/barcelonagolfdestination.com\/wp-content\/uploads\/2026\/01\/barcelona-ultimate-golf-travel-destination-300x183.webp 300w, https:\/\/barcelonagolfdestination.com\/wp-content\/uploads\/2026\/01\/barcelona-ultimate-golf-travel-destination-768x469.webp 768w\" sizes=\"auto, (max-width: 900px) 100vw, 900px\" \/>\t\t\t\t\t\t\t\t<\/a>\n\t\t\t\t\t<\/div>\n        <div class=\"mkdf-bli-content\">\n                            <div class=\"mkdf-bli-info\">\n\t                <div itemprop=\"dateCreated\" class=\"mkdf-post-info-date entry-date published updated\">\n            <a itemprop=\"url\" href=\"https:\/\/barcelonagolfdestination.com\/fr\/2026\/01\/\">\n            \n            <div class=\"mkdf-post-date-wrap\">\n                10\/01\/2026            <\/div>\n        <\/a>\n        <meta itemprop=\"interactionCount\" content=\"UserComments: 0\"\/>\n<\/div>                <\/div>\n            \t\n\t        \n<h4 itemprop=\"name\" class=\"entry-title mkdf-post-title\" >\n            <a itemprop=\"url\" href=\"https:\/\/barcelonagolfdestination.com\/fr\/decouvrir-barcelone-la-destination-golf-voyage-par-excellence\/\" title=\"D\u00e9couvrir Barcelone: la destination golf &#038; voyage par excellence\">\n            D\u00e9couvrir Barcelone: la destination golf &#038; voyage par excellence            <\/a>\n    <\/h4>\t\n\t        <div class=\"mkdf-bli-excerpt\">\n\t\t        \t\t<div class=\"mkdf-post-excerpt-holder\">\n\t\t\t<p itemprop=\"description\" class=\"mkdf-post-excerpt\">\n\t\t\t\tBarcelone est depuis longtemps c\u00e9l\u00e9br\u00e9e comme l\u2019une des villes les plus vibrantes d\u2019Europe, mais ces derni\u00e8res ann\u00e9es, elle a aussi consolid\u00e9 \u2014 plus discr\u00e8tement \u2014\t\t\t<\/p>\n\t\t<\/div>\n\t\t\t        \t<div class=\"mkdf-post-read-more-button\">\n\t\t<a itemprop=\"url\" href=\"https:\/\/barcelonagolfdestination.com\/fr\/decouvrir-barcelone-la-destination-golf-voyage-par-excellence\/\" target=\"_self\"  class=\"mkdf-btn mkdf-btn-medium mkdf-btn-simple mkdf-blog-list-button\"  >    <span class=\"mkdf-btn-text\">READ MORE<\/span>    <\/a>\t<\/div>\n\t        <\/div>\n        <\/div>\n\t<\/div>\n<\/li><li class=\"mkdf-bl-item mkdf-item-space clearfix\">\n\t<div class=\"mkdf-bli-inner\">\n\t\t\n\t<div class=\"mkdf-post-image\">\n\t\t\t\t\t<a itemprop=\"url\" href=\"https:\/\/barcelonagolfdestination.com\/fr\/barcelone-destination-phare-pour-les-affaires-et-les-evenements-decouvrez-le-golf-a-barcelone\/\" title=\"Barcelone: Destination phare pour les affaires et les \u00e9v\u00e9nements \u2013 D\u00e9couvrez le golf \u00e0 Barcelone\">\n\t\t\t\t\t\t\t\t\t<img loading=\"lazy\" decoding=\"async\" width=\"900\" height=\"550\" src=\"https:\/\/barcelonagolfdestination.com\/wp-content\/uploads\/2025\/02\/barcelona-ciudad-empresas-eventos-y-golf-1.webp\" class=\"attachment-full size-full wp-post-image\" alt=\"\" srcset=\"https:\/\/barcelonagolfdestination.com\/wp-content\/uploads\/2025\/02\/barcelona-ciudad-empresas-eventos-y-golf-1.webp 900w, https:\/\/barcelonagolfdestination.com\/wp-content\/uploads\/2025\/02\/barcelona-ciudad-empresas-eventos-y-golf-1-300x183.webp 300w, https:\/\/barcelonagolfdestination.com\/wp-content\/uploads\/2025\/02\/barcelona-ciudad-empresas-eventos-y-golf-1-768x469.webp 768w\" sizes=\"auto, (max-width: 900px) 100vw, 900px\" \/>\t\t\t\t\t\t\t\t<\/a>\n\t\t\t\t\t<\/div>\n        <div class=\"mkdf-bli-content\">\n                            <div class=\"mkdf-bli-info\">\n\t                <div itemprop=\"dateCreated\" class=\"mkdf-post-info-date entry-date published updated\">\n            <a itemprop=\"url\" href=\"https:\/\/barcelonagolfdestination.com\/fr\/2025\/02\/\">\n            \n            <div class=\"mkdf-post-date-wrap\">\n                25\/02\/2025            <\/div>\n        <\/a>\n        <meta itemprop=\"interactionCount\" content=\"UserComments: 0\"\/>\n<\/div>                <\/div>\n            \t\n\t        \n<h4 itemprop=\"name\" class=\"entry-title mkdf-post-title\" >\n            <a itemprop=\"url\" href=\"https:\/\/barcelonagolfdestination.com\/fr\/barcelone-destination-phare-pour-les-affaires-et-les-evenements-decouvrez-le-golf-a-barcelone\/\" title=\"Barcelone: Destination phare pour les affaires et les \u00e9v\u00e9nements \u2013 D\u00e9couvrez le golf \u00e0 Barcelone\">\n            Barcelone: Destination phare pour les affaires et les \u00e9v\u00e9nements \u2013 D\u00e9couvrez le golf \u00e0 Barcelone            <\/a>\n    <\/h4>\t\n\t        <div class=\"mkdf-bli-excerpt\">\n\t\t        \t\t<div class=\"mkdf-post-excerpt-holder\">\n\t\t\t<p itemprop=\"description\" class=\"mkdf-post-excerpt\">\n\t\t\t\tBarcelone s'est impos\u00e9e comme une plaque tournante internationale de premier plan pour les \u00e9v\u00e9nements MICE, les comp\u00e9titions sportives, les festivals culturels et les r\u00e9unions d'affaires.\t\t\t<\/p>\n\t\t<\/div>\n\t\t\t        \t<div class=\"mkdf-post-read-more-button\">\n\t\t<a itemprop=\"url\" href=\"https:\/\/barcelonagolfdestination.com\/fr\/barcelone-destination-phare-pour-les-affaires-et-les-evenements-decouvrez-le-golf-a-barcelone\/\" target=\"_self\"  class=\"mkdf-btn mkdf-btn-medium mkdf-btn-simple mkdf-blog-list-button\"  >    <span class=\"mkdf-btn-text\">READ MORE<\/span>    <\/a>\t<\/div>\n\t        <\/div>\n        <\/div>\n\t<\/div>\n<\/li><li class=\"mkdf-bl-item mkdf-item-space clearfix\">\n\t<div class=\"mkdf-bli-inner\">\n\t\t\n\t<div class=\"mkdf-post-image\">\n\t\t\t\t\t<a itemprop=\"url\" href=\"https:\/\/barcelonagolfdestination.com\/fr\/10-raisons-pour-une-escapade-golfique-a-barcelone\/\" title=\"10 Raisons pour une Escapade Golfique \u00e0 Barcelone\">\n\t\t\t\t\t\t\t\t\t<img loading=\"lazy\" decoding=\"async\" width=\"900\" height=\"550\" src=\"https:\/\/barcelonagolfdestination.com\/wp-content\/uploads\/2025\/02\/10-razones-escapada-golf-barcelona-5.webp\" class=\"attachment-full size-full wp-post-image\" alt=\"10 razones para una escadada de golf a barcelona\" srcset=\"https:\/\/barcelonagolfdestination.com\/wp-content\/uploads\/2025\/02\/10-razones-escapada-golf-barcelona-5.webp 900w, https:\/\/barcelonagolfdestination.com\/wp-content\/uploads\/2025\/02\/10-razones-escapada-golf-barcelona-5-300x183.webp 300w, https:\/\/barcelonagolfdestination.com\/wp-content\/uploads\/2025\/02\/10-razones-escapada-golf-barcelona-5-768x469.webp 768w\" sizes=\"auto, (max-width: 900px) 100vw, 900px\" \/>\t\t\t\t\t\t\t\t<\/a>\n\t\t\t\t\t<\/div>\n        <div class=\"mkdf-bli-content\">\n                            <div class=\"mkdf-bli-info\">\n\t                <div itemprop=\"dateCreated\" class=\"mkdf-post-info-date entry-date published updated\">\n            <a itemprop=\"url\" href=\"https:\/\/barcelonagolfdestination.com\/fr\/2025\/02\/\">\n            \n            <div class=\"mkdf-post-date-wrap\">\n                17\/02\/2025            <\/div>\n        <\/a>\n        <meta itemprop=\"interactionCount\" content=\"UserComments: 0\"\/>\n<\/div>                <\/div>\n            \t\n\t        \n<h4 itemprop=\"name\" class=\"entry-title mkdf-post-title\" >\n            <a itemprop=\"url\" href=\"https:\/\/barcelonagolfdestination.com\/fr\/10-raisons-pour-une-escapade-golfique-a-barcelone\/\" title=\"10 Raisons pour une Escapade Golfique \u00e0 Barcelone\">\n            10 Raisons pour une Escapade Golfique \u00e0 Barcelone            <\/a>\n    <\/h4>\t\n\t        <div class=\"mkdf-bli-excerpt\">\n\t\t        \t\t<div class=\"mkdf-post-excerpt-holder\">\n\t\t\t<p itemprop=\"description\" class=\"mkdf-post-excerpt\">\n\t\t\t\tLe golf est bien plus qu'un simple sport; c'est une passion qui captive ceux qui le pratiquent. Le frisson de voir la balle s'envoler et\t\t\t<\/p>\n\t\t<\/div>\n\t\t\t        \t<div class=\"mkdf-post-read-more-button\">\n\t\t<a itemprop=\"url\" href=\"https:\/\/barcelonagolfdestination.com\/fr\/10-raisons-pour-une-escapade-golfique-a-barcelone\/\" target=\"_self\"  class=\"mkdf-btn mkdf-btn-medium mkdf-btn-simple mkdf-blog-list-button\"  >    <span class=\"mkdf-btn-text\">READ MORE<\/span>    <\/a>\t<\/div>\n\t        <\/div>\n        <\/div>\n\t<\/div>\n<\/li><li class=\"mkdf-bl-item mkdf-item-space clearfix\">\n\t<div class=\"mkdf-bli-inner\">\n\t\t\n\t<div class=\"mkdf-post-image\">\n\t\t\t\t\t<a itemprop=\"url\" href=\"https:\/\/barcelonagolfdestination.com\/fr\/barcelona-golf-destination-ou-le-golf-et-la-perfection-se-rencontrent-rendez-nous-visite-a-golfmesse\/\" title=\"Barcelona Golf Destination: O\u00f9 le Golf et la Perfection se Rencontrent \u2013 Rendez-nous visite \u00e0 Golfmesse\">\n\t\t\t\t\t\t\t\t\t<img loading=\"lazy\" decoding=\"async\" width=\"900\" height=\"550\" src=\"https:\/\/barcelonagolfdestination.com\/wp-content\/uploads\/2025\/01\/barcelona-golf-destination_golfmesse-2.webp\" class=\"attachment-full size-full wp-post-image\" alt=\"barcelona golf destination en golfmesse\" srcset=\"https:\/\/barcelonagolfdestination.com\/wp-content\/uploads\/2025\/01\/barcelona-golf-destination_golfmesse-2.webp 900w, https:\/\/barcelonagolfdestination.com\/wp-content\/uploads\/2025\/01\/barcelona-golf-destination_golfmesse-2-300x183.webp 300w, https:\/\/barcelonagolfdestination.com\/wp-content\/uploads\/2025\/01\/barcelona-golf-destination_golfmesse-2-768x469.webp 768w\" sizes=\"auto, (max-width: 900px) 100vw, 900px\" \/>\t\t\t\t\t\t\t\t<\/a>\n\t\t\t\t\t<\/div>\n        <div class=\"mkdf-bli-content\">\n                            <div class=\"mkdf-bli-info\">\n\t                <div itemprop=\"dateCreated\" class=\"mkdf-post-info-date entry-date published updated\">\n            <a itemprop=\"url\" href=\"https:\/\/barcelonagolfdestination.com\/fr\/2025\/01\/\">\n            \n            <div class=\"mkdf-post-date-wrap\">\n                19\/01\/2025            <\/div>\n        <\/a>\n        <meta itemprop=\"interactionCount\" content=\"UserComments: 0\"\/>\n<\/div>                <\/div>\n            \t\n\t        \n<h4 itemprop=\"name\" class=\"entry-title mkdf-post-title\" >\n            <a itemprop=\"url\" href=\"https:\/\/barcelonagolfdestination.com\/fr\/barcelona-golf-destination-ou-le-golf-et-la-perfection-se-rencontrent-rendez-nous-visite-a-golfmesse\/\" title=\"Barcelona Golf Destination: O\u00f9 le Golf et la Perfection se Rencontrent \u2013 Rendez-nous visite \u00e0 Golfmesse\">\n            Barcelona Golf Destination: O\u00f9 le Golf et la Perfection se Rencontrent \u2013 Rendez-nous visite \u00e0 Golfmesse            <\/a>\n    <\/h4>\t\n\t        <div class=\"mkdf-bli-excerpt\">\n\t\t        \t\t<div class=\"mkdf-post-excerpt-holder\">\n\t\t\t<p itemprop=\"description\" class=\"mkdf-post-excerpt\">\n\t\t\t\tBarcelona Golf Destination vous invite \u00e0 d\u00e9couvrir un v\u00e9ritable paradis pour les golfeurs. Du 30 janvier au 2 f\u00e9vrier 2025, nous serons pr\u00e9sents au prestigieux\t\t\t<\/p>\n\t\t<\/div>\n\t\t\t        \t<div class=\"mkdf-post-read-more-button\">\n\t\t<a itemprop=\"url\" href=\"https:\/\/barcelonagolfdestination.com\/fr\/barcelona-golf-destination-ou-le-golf-et-la-perfection-se-rencontrent-rendez-nous-visite-a-golfmesse\/\" target=\"_self\"  class=\"mkdf-btn mkdf-btn-medium mkdf-btn-simple mkdf-blog-list-button\"  >    <span class=\"mkdf-btn-text\">READ MORE<\/span>    <\/a>\t<\/div>\n\t        <\/div>\n        <\/div>\n\t<\/div>\n<\/li>\t\t<\/ul>\n\t<\/div>\n\t<\/div>[\/vc_column][\/vc_row]<\/p>\n<\/div>","protected":false},"excerpt":{"rendered":"<p>[vc_row css=\u00a0\u00bb.vc_custom_1586261041561{margin-top: 50px !important;}\u00a0\u00bb][vc_column][\/vc_column][\/vc_row][vc_row css=\u00a0\u00bb.vc_custom_1586261111960{margin-top: 30px !important;}\u00a0\u00bb][vc_column][\/vc_column][\/vc_row]<\/p>\n","protected":false},"author":1,"featured_media":0,"parent":0,"menu_order":0,"comment_status":"closed","ping_status":"closed","template":"","meta":{"footnotes":""},"class_list":["post-40294","page","type-page","status-publish","hentry"],"aioseo_notices":[],"_links":{"self":[{"href":"https:\/\/barcelonagolfdestination.com\/fr\/wp-json\/wp\/v2\/pages\/40294","targetHints":{"allow":["GET"]}}],"collection":[{"href":"https:\/\/barcelonagolfdestination.com\/fr\/wp-json\/wp\/v2\/pages"}],"about":[{"href":"https:\/\/barcelonagolfdestination.com\/fr\/wp-json\/wp\/v2\/types\/page"}],"author":[{"embeddable":true,"href":"https:\/\/barcelonagolfdestination.com\/fr\/wp-json\/wp\/v2\/users\/1"}],"replies":[{"embeddable":true,"href":"https:\/\/barcelonagolfdestination.com\/fr\/wp-json\/wp\/v2\/comments?post=40294"}],"version-history":[{"count":0,"href":"https:\/\/barcelonagolfdestination.com\/fr\/wp-json\/wp\/v2\/pages\/40294\/revisions"}],"wp:attachment":[{"href":"https:\/\/barcelonagolfdestination.com\/fr\/wp-json\/wp\/v2\/media?parent=40294"}],"curies":[{"name":"wp","href":"https:\/\/api.w.org\/{rel}","templated":true}]}}