{"id":30024,"date":"2024-03-12T01:23:57","date_gmt":"2024-03-12T00:23:57","guid":{"rendered":"https:\/\/barcelonagolfdestination.com\/sejours\/package-montanya-resort-and-spa\/"},"modified":"2024-03-12T01:34:31","modified_gmt":"2024-03-12T00:34:31","slug":"forfait-montanya-resort-and-spa","status":"publish","type":"page","link":"https:\/\/barcelonagolfdestination.com\/fr\/sejours\/forfait-montanya-resort-and-spa\/","title":{"rendered":"Forfait Montany\u00e0 Resort &#038; Spa"},"content":{"rendered":"<div class=\"wpb-content-wrapper\"><p>[vc_row full_width=\u00a0\u00bbstretch_row_content_no_spaces\u00a0\u00bb content_placement=\u00a0\u00bbtop\u00a0\u00bb content_text_aligment=\u00a0\u00bbcenter\u00a0\u00bb css=\u00a0\u00bb.vc_custom_1571957062292{margin-top: 0px !important;margin-bottom: 0px !important;border-top-width: 0px !important;border-bottom-width: 0px !important;padding-top: 0px !important;padding-bottom: 0px !important;}\u00a0\u00bb][vc_column css=\u00a0\u00bb.vc_custom_1571956958484{margin-top: 0px !important;margin-bottom: 0px !important;border-top-width: 0px !important;border-bottom-width: 0px !important;padding-top: 0px !important;padding-bottom: 0px !important;}\u00a0\u00bb][vc_single_image image=\u00a0\u00bb10684&Prime; img_size=\u00a0\u00bbfull\u00a0\u00bb alignment=\u00a0\u00bbcenter\u00a0\u00bb][\/vc_column][\/vc_row][vc_row][vc_column]<div class=\"mkdf-section-title-holder titulo_pagina \" style=\"text-align: left\">\n\t<div class=\"mkdf-st-inner\">\n\t\t\t\t\t\t\t<h3 class=\"mkdf-st-title\" >\n\t\t\t\tForfait \u00b7 Montany\u00e0 Resort &amp; Spa\t\t\t<\/h3>\n\t\t\t\t\t\t\t<p class=\"mkdf-st-text\" >\n\t\t\t\tLe forfait comprend 4 nuits en chambre partag\u00e9e avec petit d\u00e9jeuner buffet et 3 green fees \u00e0 partir de 499\u20ac \t\t\t<\/p>\n\t\t\t<\/div>\n<\/div>[\/vc_column][\/vc_row][vc_row gap=\u00a0\u00bb30&Prime; css=\u00a0\u00bb.vc_custom_1640733657578{margin-top: 50px !important;margin-bottom: 50px !important;}\u00a0\u00bb][vc_column width=\u00a0\u00bb2\/3&Prime;][vc_gallery type=\u00a0\u00bbflexslider_slide\u00a0\u00bb interval=\u00a0\u00bb15&Prime; images=\u00a0\u00bb8751,9322,9328&Prime; img_size=\u00a0\u00bb1030&#215;687&Prime; onclick=\u00a0\u00bb\u00a0\u00bb][\/vc_column][vc_column width=\u00a0\u00bb1\/3&Prime; css=\u00a0\u00bb.vc_custom_1571869565084{margin-bottom: 30px !important;}\u00a0\u00bb]<div class=\"mkdf-section-title-holder titulo_seccion_contacto \" style=\"text-align: left\">\n\t<div class=\"mkdf-st-inner\">\n\t\t\t\t\t\t\t<h3 class=\"mkdf-st-title\" >\n\t\t\t\t\u00c9crivez-nous\t\t\t<\/h3>\n\t\t\t\t\t<\/div>\n<\/div>[vc_row_inner css=\u00a0\u00bb.vc_custom_1571869581895{margin-top: 30px !important;}\u00a0\u00bb][vc_column_inner]\n<div class=\"wpcf7 no-js\" id=\"wpcf7-f13537-o1\" lang=\"es-ES\" dir=\"ltr\" data-wpcf7-id=\"13537\">\n<div class=\"screen-reader-response\"><p role=\"status\" aria-live=\"polite\" aria-atomic=\"true\"><\/p> <ul><\/ul><\/div>\n<form action=\"\/fr\/wp-json\/wp\/v2\/pages\/30024#wpcf7-f13537-o1\" method=\"post\" class=\"wpcf7-form init\" aria-label=\"Formulario de contacto\" novalidate=\"novalidate\" data-status=\"init\">\n<fieldset class=\"hidden-fields-container\"><input type=\"hidden\" name=\"_wpcf7\" value=\"13537\" \/><input type=\"hidden\" name=\"_wpcf7_version\" value=\"6.1.5\" \/><input type=\"hidden\" name=\"_wpcf7_locale\" value=\"es_ES\" \/><input type=\"hidden\" name=\"_wpcf7_unit_tag\" value=\"wpcf7-f13537-o1\" \/><input type=\"hidden\" name=\"_wpcf7_container_post\" value=\"0\" \/><input type=\"hidden\" name=\"_wpcf7_posted_data_hash\" value=\"\" \/><input type=\"hidden\" name=\"_wpcf7_recaptcha_response\" value=\"\" \/>\n<\/fieldset>\n<p><label> Name & Surname*<br \/>\n<span class=\"wpcf7-form-control-wrap\" data-name=\"your-name\"><input size=\"40\" maxlength=\"400\" class=\"wpcf7-form-control wpcf7-text wpcf7-validates-as-required\" aria-required=\"true\" aria-invalid=\"false\" value=\"\" type=\"text\" name=\"your-name\" \/><\/span> <\/label>\n<\/p>\n<p><label> Email address*<br \/>\n<span class=\"wpcf7-form-control-wrap\" data-name=\"your-email\"><input size=\"40\" maxlength=\"400\" class=\"wpcf7-form-control wpcf7-email wpcf7-validates-as-required wpcf7-text wpcf7-validates-as-email\" aria-required=\"true\" aria-invalid=\"false\" value=\"\" type=\"email\" name=\"your-email\" \/><\/span> <\/label>\n<\/p>\n<p><label> Phone*<br \/>\n<span class=\"wpcf7-form-control-wrap\" data-name=\"tel-199\"><input size=\"40\" maxlength=\"400\" class=\"wpcf7-form-control wpcf7-tel wpcf7-validates-as-required wpcf7-text wpcf7-validates-as-tel\" aria-required=\"true\" aria-invalid=\"false\" value=\"\" type=\"tel\" name=\"tel-199\" \/><\/span> <\/label>\n<\/p>\n<p><label> Your message<br \/>\n<span class=\"wpcf7-form-control-wrap\" data-name=\"your-message\"><textarea cols=\"40\" rows=\"10\" maxlength=\"2000\" class=\"wpcf7-form-control wpcf7-textarea\" aria-invalid=\"false\" name=\"your-message\"><\/textarea><\/span> <\/label>\n<\/p>\n<p><span class=\"wpcf7-form-control-wrap\" data-name=\"acceptance-19\"><span class=\"wpcf7-form-control wpcf7-acceptance\"><span class=\"wpcf7-list-item\"><label><input type=\"checkbox\" name=\"acceptance-19\" value=\"1\" aria-invalid=\"false\" \/><span class=\"wpcf7-list-item-label\">I have read and agree to the <a href=\"https:\/\/barcelonagolfdestination.com\/en\/privacy-policy-website-forms\/\" target=\"_blank\">Privacy Policy <\/a><\/span><\/label><\/span><\/span><\/span>\n<\/p>\n<p><input class=\"wpcf7-form-control wpcf7-submit has-spinner\" type=\"submit\" value=\"Send\" \/>\n<\/p><p style=\"display: none !important;\" class=\"akismet-fields-container\" data-prefix=\"_wpcf7_ak_\"><label>&#916;<textarea name=\"_wpcf7_ak_hp_textarea\" cols=\"45\" rows=\"8\" maxlength=\"100\"><\/textarea><\/label><input type=\"hidden\" id=\"ak_js_1\" name=\"_wpcf7_ak_js\" value=\"13\"\/><script>document.getElementById( \"ak_js_1\" ).setAttribute( \"value\", ( new Date() ).getTime() );<\/script><\/p><div class=\"wpcf7-response-output\" aria-hidden=\"true\"><\/div>\n<\/form>\n<\/div>\n[\/vc_column_inner][\/vc_row_inner][\/vc_column][\/vc_row][vc_row css=\u00a0\u00bb.vc_custom_1710202901216{margin-bottom: 50px !important;}\u00a0\u00bb][vc_column][vc_column_text el_class=\u00a0\u00bbpackage-description\u00a0\u00bb]Le Montany\u00e0 Resort 4 \u00e9toiles se trouve \u00e0 25 km du parc naturel du Montseny, une r\u00e9serve de biosph\u00e8re, \u00e0 moins d\u2019une heure de Barcelone. Parfait pour les voyageurs qui recherchent la paix et la tranquillit\u00e9 dans un bel environnement naturel.[\/vc_column_text][\/vc_column][\/vc_row][vc_row css=\u00a0\u00bb.vc_custom_1654202344845{margin-top: 50px !important;margin-bottom: 50px !important;}\u00a0\u00bb][vc_column]<div class=\"mkdf-section-title-holder subtitulo_ficha_club \" style=\"text-align: left\">\n\t<div class=\"mkdf-st-inner\">\n\t\t\t\t\t<h5 class=\"mkdf-st-subtitle\" >\n\t\t\t\tLes terrains de golf \t\t\t<\/h5>\n\t\t\t\t\t\t\t<\/div>\n<\/div>[vc_row_inner][vc_column_inner css=\u00a0\u00bb.vc_custom_1654202353235{margin-top: 20px !important;}\u00a0\u00bb][vc_column_text]<\/p>\n<div class=\"clubes-paquete\"><a title=\"Golf Montany\u00e0\" href=\"https:\/\/barcelonagolfdestination.com\/fr\/golf-montanya\/\">GOLF MONTANY\u00c0<\/a> &#8211; d\u00e8s <strong>499\u20ac<\/strong><\/div>\n<div class=\"clubes-paquete\"><a title=\"Golf Montany\u00e0\" href=\"https:\/\/barcelonagolfdestination.com\/fr\/golf-montanya\/\">GOLF MONTANY\u00c0<\/a>\u00a0 +\u00a0<a title=\"Club de Golf Vallromanes\" href=\"https:\/\/barcelonagolfdestination.com\/fr\/club-de-golf-vallromanes\/\">CLUB DE GOLF VALLROMANES<\/a> &#8211; d\u00e8s <strong>540\u20ac<\/strong><\/div>\n<p>[\/vc_column_text][\/vc_column_inner][\/vc_row_inner][\/vc_column][\/vc_row][vc_row][vc_column]<div class=\"mkdf-section-title-holder subtitulo_ficha_club \" style=\"text-align: left\">\n\t<div class=\"mkdf-st-inner\">\n\t\t\t\t\t<h5 class=\"mkdf-st-subtitle\" >\n\t\t\t\tL'h\u00f4tel\t\t\t<\/h5>\n\t\t\t\t\t\t\t<h3 class=\"mkdf-st-title\" >\n\t\t\t\tMontany\u00e0 Resort Spa Hotel 4****\t\t\t<\/h3>\n\t\t\t\t\t<\/div>\n<\/div>[vc_row_inner][vc_column_inner css=\u00a0\u00bb.vc_custom_1654202353235{margin-top: 20px !important;}\u00a0\u00bb][vc_column_text]<\/p>\n<div class=\"vc_row wpb_row vc_inner vc_row-fluid\">\n<div class=\"wpb_column vc_column_container vc_col-sm-12\">\n<div class=\"vc_column-inner vc_custom_1654202353235\">\n<div class=\"wpb_wrapper\">\n<div class=\"wpb_text_column wpb_content_element \">\n<div class=\"wpb_wrapper\">\n<div class=\"vc_row wpb_row vc_inner vc_row-fluid\">\n<div class=\"wpb_column vc_column_container vc_col-sm-12\">\n<div class=\"vc_column-inner vc_custom_1654202353235\">\n<div class=\"wpb_wrapper\">\n<div class=\"wpb_text_column wpb_content_element \">\n<div class=\"wpb_wrapper\">\n<p>Le complexe Montany\u00e1 Lodge &amp; Spa se niche au c\u0153ur de la r\u00e9serve naturelle du Montseny, \u00e0 moins d\u2019une heure de Barcelone, \u00e0 une heure de G\u00e9rone et \u00e0 15\u00a0minutes de Vic, entre les Pyr\u00e9n\u00e9es et la Costa Brava. C\u2019est l\u2019endroit id\u00e9al pour d\u00e9connecter et oublier la routine. Aux alentours, vous trouverez le club de golf Montany\u00e1, dot\u00e9 d\u2019un superbe terrain, pour le plus grand plaisir des pratiquants.<\/p>\n<p>Le complexe Resort Muntany\u00e1 a \u00e9t\u00e9 b\u00e2ti en suivant le style montagnard traditionnel, en bois et en pierre naturelle. Il se distingue par la beaut\u00e9 de son merveilleux environnement et \u00e9galement par ses installations, son spectaculaire espace bien-\u00eatre et par sa cuisine maison moderne.<\/p>\n<p>Montany\u00e1 Hotel &amp; Lodge propose 199 chambres: 124 Confort, 50 Standard, 8 Sup\u00e9rieur, 13 Deluxe et 4 Junior suite, et toutes avec vue.<\/p>\n<\/div>\n<\/div>\n<\/div>\n<\/div>\n<\/div>\n<\/div>\n<\/div>\n<\/div>\n<\/div>\n<\/div>\n<\/div>\n<\/div>\n<p>[\/vc_column_text][\/vc_column_inner][\/vc_row_inner][\/vc_column][\/vc_row][vc_row css=\u00a0\u00bb.vc_custom_1654202573086{margin-top: 50px !important;margin-bottom: 30px !important;}\u00a0\u00bb][vc_column]<div class=\"mkdf-image-gallery  mkdf-ig-grid-type mkdf-no-space  mkdf-image-behavior-lightbox\">\n\t<div class=\"mkdf-ig-inner mkdf-outer-space mkdf-ig-grid mkdf-ig-three-columns\">\n\t\t\t\t\t<div class=\"mkdf-ig-image mkdf-item-space\">\n\t\t\t\t<div class=\"mkdf-ig-image-inner\">\n\t\t\t\t\t\t\t\t\t\t\t<a itemprop=\"image\" class=\"mkdf-ig-lightbox\" href=\"https:\/\/barcelonagolfdestination.com\/wp-content\/uploads\/2022\/05\/hotel-montanya-resort-1.jpg\" data-rel=\"prettyPhoto[image_gallery_pretty_photo-997]\" title=\"hotel-montanya-resort-1\">\n\t\t\t\t\t\t\t\t\t\t\t<img loading=\"lazy\" decoding=\"async\" width=\"900\" height=\"550\" src=\"https:\/\/barcelonagolfdestination.com\/wp-content\/uploads\/2022\/05\/hotel-montanya-resort-1.jpg\" class=\"attachment-full size-full\" alt=\"\" srcset=\"https:\/\/barcelonagolfdestination.com\/wp-content\/uploads\/2022\/05\/hotel-montanya-resort-1.jpg 900w, https:\/\/barcelonagolfdestination.com\/wp-content\/uploads\/2022\/05\/hotel-montanya-resort-1-300x183.jpg 300w, https:\/\/barcelonagolfdestination.com\/wp-content\/uploads\/2022\/05\/hotel-montanya-resort-1-768x469.jpg 768w\" sizes=\"auto, (max-width: 900px) 100vw, 900px\" \/>\t\t\t\t\t\t\t\t\t\t\t<\/a>\n\t\t\t\t\t\t\t\t\t<\/div>\n\t\t\t<\/div>\n\t\t\t\t\t<div class=\"mkdf-ig-image mkdf-item-space\">\n\t\t\t\t<div class=\"mkdf-ig-image-inner\">\n\t\t\t\t\t\t\t\t\t\t\t<a itemprop=\"image\" class=\"mkdf-ig-lightbox\" href=\"https:\/\/barcelonagolfdestination.com\/wp-content\/uploads\/2022\/05\/hotel-montanya-resort-2.jpg\" data-rel=\"prettyPhoto[image_gallery_pretty_photo-997]\" title=\"hotel-montanya-resort-2\">\n\t\t\t\t\t\t\t\t\t\t\t<img loading=\"lazy\" decoding=\"async\" width=\"900\" height=\"550\" src=\"https:\/\/barcelonagolfdestination.com\/wp-content\/uploads\/2022\/05\/hotel-montanya-resort-2.jpg\" class=\"attachment-full size-full\" alt=\"\" srcset=\"https:\/\/barcelonagolfdestination.com\/wp-content\/uploads\/2022\/05\/hotel-montanya-resort-2.jpg 900w, https:\/\/barcelonagolfdestination.com\/wp-content\/uploads\/2022\/05\/hotel-montanya-resort-2-300x183.jpg 300w, https:\/\/barcelonagolfdestination.com\/wp-content\/uploads\/2022\/05\/hotel-montanya-resort-2-768x469.jpg 768w\" sizes=\"auto, (max-width: 900px) 100vw, 900px\" \/>\t\t\t\t\t\t\t\t\t\t\t<\/a>\n\t\t\t\t\t\t\t\t\t<\/div>\n\t\t\t<\/div>\n\t\t\t\t\t<div class=\"mkdf-ig-image mkdf-item-space\">\n\t\t\t\t<div class=\"mkdf-ig-image-inner\">\n\t\t\t\t\t\t\t\t\t\t\t<a itemprop=\"image\" class=\"mkdf-ig-lightbox\" href=\"https:\/\/barcelonagolfdestination.com\/wp-content\/uploads\/2022\/05\/hotel-montanya-resort-3.jpg\" data-rel=\"prettyPhoto[image_gallery_pretty_photo-997]\" title=\"hotel-montanya-resort-3\">\n\t\t\t\t\t\t\t\t\t\t\t<img loading=\"lazy\" decoding=\"async\" width=\"900\" height=\"550\" src=\"https:\/\/barcelonagolfdestination.com\/wp-content\/uploads\/2022\/05\/hotel-montanya-resort-3.jpg\" class=\"attachment-full size-full\" alt=\"\" srcset=\"https:\/\/barcelonagolfdestination.com\/wp-content\/uploads\/2022\/05\/hotel-montanya-resort-3.jpg 900w, https:\/\/barcelonagolfdestination.com\/wp-content\/uploads\/2022\/05\/hotel-montanya-resort-3-300x183.jpg 300w, https:\/\/barcelonagolfdestination.com\/wp-content\/uploads\/2022\/05\/hotel-montanya-resort-3-768x469.jpg 768w\" sizes=\"auto, (max-width: 900px) 100vw, 900px\" \/>\t\t\t\t\t\t\t\t\t\t\t<\/a>\n\t\t\t\t\t\t\t\t\t<\/div>\n\t\t\t<\/div>\n\t\t\t\t\t<div class=\"mkdf-ig-image mkdf-item-space\">\n\t\t\t\t<div class=\"mkdf-ig-image-inner\">\n\t\t\t\t\t\t\t\t\t\t\t<a itemprop=\"image\" class=\"mkdf-ig-lightbox\" href=\"https:\/\/barcelonagolfdestination.com\/wp-content\/uploads\/2022\/05\/hotel-montanya-resort-4.jpg\" data-rel=\"prettyPhoto[image_gallery_pretty_photo-997]\" title=\"hotel-montanya-resort-4\">\n\t\t\t\t\t\t\t\t\t\t\t<img loading=\"lazy\" decoding=\"async\" width=\"900\" height=\"550\" src=\"https:\/\/barcelonagolfdestination.com\/wp-content\/uploads\/2022\/05\/hotel-montanya-resort-4.jpg\" class=\"attachment-full size-full\" alt=\"\" srcset=\"https:\/\/barcelonagolfdestination.com\/wp-content\/uploads\/2022\/05\/hotel-montanya-resort-4.jpg 900w, https:\/\/barcelonagolfdestination.com\/wp-content\/uploads\/2022\/05\/hotel-montanya-resort-4-300x183.jpg 300w, https:\/\/barcelonagolfdestination.com\/wp-content\/uploads\/2022\/05\/hotel-montanya-resort-4-768x469.jpg 768w\" sizes=\"auto, (max-width: 900px) 100vw, 900px\" \/>\t\t\t\t\t\t\t\t\t\t\t<\/a>\n\t\t\t\t\t\t\t\t\t<\/div>\n\t\t\t<\/div>\n\t\t\t\t\t<div class=\"mkdf-ig-image mkdf-item-space\">\n\t\t\t\t<div class=\"mkdf-ig-image-inner\">\n\t\t\t\t\t\t\t\t\t\t\t<a itemprop=\"image\" class=\"mkdf-ig-lightbox\" href=\"https:\/\/barcelonagolfdestination.com\/wp-content\/uploads\/2022\/05\/hotel-montanya-resort-5.jpg\" data-rel=\"prettyPhoto[image_gallery_pretty_photo-997]\" title=\"hotel-montanya-resort-5\">\n\t\t\t\t\t\t\t\t\t\t\t<img loading=\"lazy\" decoding=\"async\" width=\"900\" height=\"550\" src=\"https:\/\/barcelonagolfdestination.com\/wp-content\/uploads\/2022\/05\/hotel-montanya-resort-5.jpg\" class=\"attachment-full size-full\" alt=\"\" srcset=\"https:\/\/barcelonagolfdestination.com\/wp-content\/uploads\/2022\/05\/hotel-montanya-resort-5.jpg 900w, https:\/\/barcelonagolfdestination.com\/wp-content\/uploads\/2022\/05\/hotel-montanya-resort-5-300x183.jpg 300w, https:\/\/barcelonagolfdestination.com\/wp-content\/uploads\/2022\/05\/hotel-montanya-resort-5-768x469.jpg 768w\" sizes=\"auto, (max-width: 900px) 100vw, 900px\" \/>\t\t\t\t\t\t\t\t\t\t\t<\/a>\n\t\t\t\t\t\t\t\t\t<\/div>\n\t\t\t<\/div>\n\t\t\t\t\t<div class=\"mkdf-ig-image mkdf-item-space\">\n\t\t\t\t<div class=\"mkdf-ig-image-inner\">\n\t\t\t\t\t\t\t\t\t\t\t<a itemprop=\"image\" class=\"mkdf-ig-lightbox\" href=\"https:\/\/barcelonagolfdestination.com\/wp-content\/uploads\/2022\/05\/hotel-montanya-resort-6.jpg\" data-rel=\"prettyPhoto[image_gallery_pretty_photo-997]\" title=\"hotel-montanya-resort-6\">\n\t\t\t\t\t\t\t\t\t\t\t<img loading=\"lazy\" decoding=\"async\" width=\"900\" height=\"550\" src=\"https:\/\/barcelonagolfdestination.com\/wp-content\/uploads\/2022\/05\/hotel-montanya-resort-6.jpg\" class=\"attachment-full size-full\" alt=\"\" srcset=\"https:\/\/barcelonagolfdestination.com\/wp-content\/uploads\/2022\/05\/hotel-montanya-resort-6.jpg 900w, https:\/\/barcelonagolfdestination.com\/wp-content\/uploads\/2022\/05\/hotel-montanya-resort-6-300x183.jpg 300w, https:\/\/barcelonagolfdestination.com\/wp-content\/uploads\/2022\/05\/hotel-montanya-resort-6-768x469.jpg 768w\" sizes=\"auto, (max-width: 900px) 100vw, 900px\" \/>\t\t\t\t\t\t\t\t\t\t\t<\/a>\n\t\t\t\t\t\t\t\t\t<\/div>\n\t\t\t<\/div>\n\t\t\t\t\t<div class=\"mkdf-ig-image mkdf-item-space\">\n\t\t\t\t<div class=\"mkdf-ig-image-inner\">\n\t\t\t\t\t\t\t\t\t\t\t<a itemprop=\"image\" class=\"mkdf-ig-lightbox\" href=\"https:\/\/barcelonagolfdestination.com\/wp-content\/uploads\/2022\/05\/hotel-montanya-resort-7.jpg\" data-rel=\"prettyPhoto[image_gallery_pretty_photo-997]\" title=\"hotel-montanya-resort-7\">\n\t\t\t\t\t\t\t\t\t\t\t<img loading=\"lazy\" decoding=\"async\" width=\"900\" height=\"550\" src=\"https:\/\/barcelonagolfdestination.com\/wp-content\/uploads\/2022\/05\/hotel-montanya-resort-7.jpg\" class=\"attachment-full size-full\" alt=\"\" srcset=\"https:\/\/barcelonagolfdestination.com\/wp-content\/uploads\/2022\/05\/hotel-montanya-resort-7.jpg 900w, https:\/\/barcelonagolfdestination.com\/wp-content\/uploads\/2022\/05\/hotel-montanya-resort-7-300x183.jpg 300w, https:\/\/barcelonagolfdestination.com\/wp-content\/uploads\/2022\/05\/hotel-montanya-resort-7-768x469.jpg 768w\" sizes=\"auto, (max-width: 900px) 100vw, 900px\" \/>\t\t\t\t\t\t\t\t\t\t\t<\/a>\n\t\t\t\t\t\t\t\t\t<\/div>\n\t\t\t<\/div>\n\t\t\t<\/div>\n<\/div>[\/vc_column][\/vc_row][vc_row full_width=\u00a0\u00bbstretch_row_content_no_spaces\u00a0\u00bb][vc_column][vc_gmaps link=\u00a0\u00bb#E-8_JTNDaWZyYW1lJTIwc3JjJTNEJTIyaHR0cHMlM0ElMkYlMkZ3d3cuZ29vZ2xlLmNvbSUyRm1hcHMlMkZkJTJGdSUyRjElMkZlbWJlZCUzRm1pZCUzRDFQUll0aFh1YlNvdEhyLUNmNWxDakhHQi1PTTRFUXRlNSUyNmVoYmMlM0QyRTMxMkYlMjZ6JTNEOSUyMiUyMHdpZHRoJTNEJTIyNjQwJTIyJTIwaGVpZ2h0JTNEJTIyNDgwJTIyJTNFJTNDJTJGaWZyYW1lJTNF\u00a0\u00bb][\/vc_column][\/vc_row]<\/p>\n<\/div>","protected":false},"excerpt":{"rendered":"<p>[vc_row full_width=\u00a0\u00bbstretch_row_content_no_spaces\u00a0\u00bb content_placement=\u00a0\u00bbtop\u00a0\u00bb content_text_aligment=\u00a0\u00bbcenter\u00a0\u00bb css=\u00a0\u00bb.vc_custom_1571957062292{margin-top: 0px !important;margin-bottom: 0px !important;border-top-width: 0px !important;border-bottom-width: 0px !important;padding-top: 0px !important;padding-bottom: 0px !important;}\u00a0\u00bb][vc_column css=\u00a0\u00bb.vc_custom_1571956958484{margin-top: 0px !important;margin-bottom: 0px !important;border-top-width: 0px !important;border-bottom-width: 0px !important;padding-top: 0px !important;padding-bottom: 0px !important;}\u00a0\u00bb][vc_single_image image=\u00a0\u00bb10684&Prime; img_size=\u00a0\u00bbfull\u00a0\u00bb alignment=\u00a0\u00bbcenter\u00a0\u00bb][\/vc_column][\/vc_row][vc_row][vc_column][\/vc_column][\/vc_row][vc_row gap=\u00a0\u00bb30&Prime; css=\u00a0\u00bb.vc_custom_1640733657578{margin-top: 50px !important;margin-bottom: 50px !important;}\u00a0\u00bb][vc_column width=\u00a0\u00bb2\/3&Prime;][vc_gallery type=\u00a0\u00bbflexslider_slide\u00a0\u00bb interval=\u00a0\u00bb15&Prime; images=\u00a0\u00bb8751,9322,9328&Prime; img_size=\u00a0\u00bb1030&#215;687&Prime; onclick=\u00a0\u00bb\u00a0\u00bb][\/vc_column][vc_column width=\u00a0\u00bb1\/3&Prime; css=\u00a0\u00bb.vc_custom_1571869565084{margin-bottom: 30px !important;}\u00a0\u00bb][vc_row_inner css=\u00a0\u00bb.vc_custom_1571869581895{margin-top: 30px !important;}\u00a0\u00bb][vc_column_inner][\/vc_column_inner][\/vc_row_inner][\/vc_column][\/vc_row][vc_row css=\u00a0\u00bb.vc_custom_1710202901216{margin-bottom: 50px !important;}\u00a0\u00bb][vc_column][vc_column_text el_class=\u00a0\u00bbpackage-description\u00a0\u00bb]Le Montany\u00e0 Resort 4 \u00e9toiles se trouve \u00e0 25 km du parc naturel du Montseny, une r\u00e9serve de biosph\u00e8re, \u00e0 moins d\u2019une heure de Barcelone. [&hellip;]<\/p>\n","protected":false},"author":1,"featured_media":0,"parent":9348,"menu_order":0,"comment_status":"closed","ping_status":"closed","template":"","meta":{"footnotes":""},"class_list":["post-30024","page","type-page","status-publish","hentry"],"aioseo_notices":[],"_links":{"self":[{"href":"https:\/\/barcelonagolfdestination.com\/fr\/wp-json\/wp\/v2\/pages\/30024","targetHints":{"allow":["GET"]}}],"collection":[{"href":"https:\/\/barcelonagolfdestination.com\/fr\/wp-json\/wp\/v2\/pages"}],"about":[{"href":"https:\/\/barcelonagolfdestination.com\/fr\/wp-json\/wp\/v2\/types\/page"}],"author":[{"embeddable":true,"href":"https:\/\/barcelonagolfdestination.com\/fr\/wp-json\/wp\/v2\/users\/1"}],"replies":[{"embeddable":true,"href":"https:\/\/barcelonagolfdestination.com\/fr\/wp-json\/wp\/v2\/comments?post=30024"}],"version-history":[{"count":2,"href":"https:\/\/barcelonagolfdestination.com\/fr\/wp-json\/wp\/v2\/pages\/30024\/revisions"}],"predecessor-version":[{"id":30026,"href":"https:\/\/barcelonagolfdestination.com\/fr\/wp-json\/wp\/v2\/pages\/30024\/revisions\/30026"}],"up":[{"embeddable":true,"href":"https:\/\/barcelonagolfdestination.com\/fr\/wp-json\/wp\/v2\/pages\/9348"}],"wp:attachment":[{"href":"https:\/\/barcelonagolfdestination.com\/fr\/wp-json\/wp\/v2\/media?parent=30024"}],"curies":[{"name":"wp","href":"https:\/\/api.w.org\/{rel}","templated":true}]}}