{"id":8411,"date":"2019-10-24T23:11:05","date_gmt":"2019-10-24T21:11:05","guid":{"rendered":"http:\/\/barcelonagolfdestination.com\/aviso-legal\/"},"modified":"2023-07-25T07:50:18","modified_gmt":"2023-07-25T05:50:18","slug":"aviso-legal","status":"publish","type":"page","link":"https:\/\/barcelonagolfdestination.com\/es\/aviso-legal\/","title":{"rendered":"Aviso Legal"},"content":{"rendered":"<div class=\"wpb-content-wrapper\"><p>[vc_row css=\u00bb.vc_custom_1627449458250{margin-bottom: 50px !important;}\u00bb][vc_column][vc_column_text]Esta p\u00e1gina Web es propiedad de ASSOCIACI\u00d3 DE CLUBS i CAMPS DE GOLF DE LA PROVINCIA DE BARCELONA (en adelante BARCELONA GOLF DESTINATION), con NIF n\u00ba G67465351 y domicilio en C\/ Calatrava 1 bajos 08017 \u2013 BARCELONA, Inscrita en el Registre d\u2019Associacions de la Generalitat de Catalunya a la secci\u00f3 1\u00aa el 14-nov. 2019 con el n\u00famero XXX<\/p>\n<p>Para cualquier consulta o propuesta, cont\u00e1ctenos llamando al tel\u00e9fono + 934105210 o en el e-mail <a href=\"mailto:info@barcelonagolfdestination.com\">info@barcelonagolfdestination.com<\/a><\/p>\n<p>Esta p\u00e1gina Web se rige por la normativa exclusivamente aplicable en Espa\u00f1a, quedando sometida a ella, tanto nacionales como extranjeros que utilicen esta Web.<\/p>\n<p>El acceso a nuestra p\u00e1gina Web por parte de la PERSONA USUARIA es gratuito y su uso se rige por las condiciones de uso vigentes en el momento del acceso, que rogamos lea detenidamente. Si la PERSONA USUARIA no estuviere de acuerdo con las presentes condiciones de uso, deber\u00e1 abstenerse de utilizar este portal y operar por medio del mismo, pudiendo contactar con nosotros para que le resolvamos cualquier duda en relaci\u00f3n a las mismas.<\/p>\n<p>El suministro de datos personales y la compra de productos a trav\u00e9s de nuestro portal requiere una edad m\u00ednima de 14 a\u00f1os, o en su caso, disponer de capacidad jur\u00eddica suficiente para contratar.<\/p>\n<p>En cualquier momento podremos modificar la presentaci\u00f3n y configuraci\u00f3n de nuestra Web, ampliar o reducir servicios, e incluso suprimirla de la Red, as\u00ed como los servicios y contenidos prestados.<\/p>\n<p>&nbsp;<\/p>\n<p><strong>A. PROPIEDAD INTELECTUAL<\/strong><\/p>\n<p>Todos los contenidos, textos, im\u00e1genes, y c\u00f3digos fuente son propiedad de BARCELONA GOLF DESTINATION o de terceros a los que se han adquirido sus derechos de explotaci\u00f3n, y est\u00e1n protegidos por los derechos de Propiedad Intelectual e Industrial.<\/p>\n<p>La PERSONA USUARIA \u00fanicamente tiene derecho a un uso privado de los mismos, sin \u00e1nimo de lucro, y necesita autorizaci\u00f3n expresa para modificarlos, reproducirlos, explotarlos, distribuirlos o ejercer cualquier derecho perteneciente a su titular.<\/p>\n<p>BARCELONA GOLF DESTINATION es una marca registrada, y est\u00e1 prohibida su reproducci\u00f3n, imitaci\u00f3n, utilizaci\u00f3n o inserci\u00f3n de estas marcas sin nuestra debida autorizaci\u00f3n.<\/p>\n<p>El establecimiento de enlaces a nuestro portal no confiere ning\u00fan derecho sobre el mismo. Asimismo, el simple hecho de establecer un enlace a nuestra p\u00e1gina web no da derecho a otorgarse la categor\u00eda de colaborador o socio.<\/p>\n<p>BARCELONA GOLF DESTINATION queda exonerado de responsabilidad por cualquier reclamaci\u00f3n respecto a los derechos de propiedad intelectual de los art\u00edculos e im\u00e1genes publicadas por terceros en su portal.<\/p>\n<p>Est\u00e1 absolutamente prohibida la imitaci\u00f3n ya sea total o parcial de nuestro portal o el establecimiento de enlaces a nuestra p\u00e1gina web sin la autorizaci\u00f3n previa de BARCELONA GOLF DESTINATION.<\/p>\n<p>&nbsp;<\/p>\n<p><strong>B. CONDICIONES DE ACCESO Y USO<\/strong><\/p>\n<p>El acceso a nuestra p\u00e1gina Web es gratuito y no exige suscripci\u00f3n o registro previo. Sin embargo, determinados servicios son de acceso restringido a determinadas PERSONAS USUARIAS y requieren haber realizado un proceso de registro y\/o la identificaci\u00f3n mediante contrase\u00f1as. Estos servicios quedar\u00e1n debidamente identificados en la Web.<\/p>\n<p>El env\u00edo de datos personales implica la aceptaci\u00f3n expresa por parte de la PERSONA USUARIA de nuestra pol\u00edtica de privacidad.<\/p>\n<p>La PERSONA USUARIA debe acceder a nuestra p\u00e1gina Web conforme a la buena fe, las normas de orden p\u00fablico y a las presentes Condiciones Generales de uso. El acceso a nuestro sitio Web se realiza bajo la propia y exclusiva responsabilidad de la PERSONA USUARIA, que responder\u00e1 en todo caso de los da\u00f1os y perjuicios que pueda causar a terceros o a nosotros mismos.<\/p>\n<p>La PERSONA USUARIA tiene expresamente prohibida la utilizaci\u00f3n y obtenci\u00f3n de los servicios, productos y contenidos ofrecidos en la presente p\u00e1gina web, por procedimientos distintos a los estipulados en las presentes condiciones de uso y, en su caso, en las condiciones particulares que regulen la adquisici\u00f3n de determinados productos.<\/p>\n<p>La PERSONA USUARIA tiene prohibido cualquier tipo de acci\u00f3n sobre nuestro portal que origine una excesiva sobrecarga de funcionamiento a nuestros sistemas inform\u00e1ticos, as\u00ed como la introducci\u00f3n de virus, o instalaci\u00f3n de robots, o software que altere el normal funcionamiento de nuestra web, o en definitiva pueda causar da\u00f1os a nuestros sistemas inform\u00e1ticos.<\/p>\n<p>Teniendo en cuenta la dificultad de control respecto a la informaci\u00f3n, contenidos y servicios que contengan p\u00e1ginas web de terceros disponibles desde nuestra p\u00e1gina web, le comunicamos que BARCELONA GOLF DESTINATION, no se hace responsable de los mismos, sin perjuicio de que intentar\u00e1, en la medida de lo posible, velar por su legalidad.<\/p>\n<p>BARCELONA GOLF DESTINATION se reserva el derecho a dar de baja a cualquier PERSONA USUARIA que la organizaci\u00f3n entienda que ha vulnerado las condiciones que rigen el uso de nuestra p\u00e1gina web. Asimismo, se reserva el derecho de ejercitar las acciones legales oportunas contra aquellos que vulneren las presentes condiciones generales de uso.<\/p>\n<p>&nbsp;<\/p>\n<p><strong>C. POL\u00cdTICA DE PRIVACIDAD<\/strong><\/p>\n<p>La confidencialidad y la seguridad son valores primordiales de BARCELONA GOLF DESTINATION y, en consecuencia, asumimos el compromiso de garantizar la privacidad de la PERSONA USUARIA en todo momento y de no recabar informaci\u00f3n innecesaria.<br \/>\nEl suministro de datos personales a trav\u00e9s de nuestro portal requiere una edad m\u00ednima de 14 a\u00f1os y la aceptaci\u00f3n expresa de nuestra Pol\u00edtica de Privacidad.<\/p>\n<p>&nbsp;<\/p>\n<p><strong>D. RESPONSABILIDADES<\/strong><\/p>\n<p>Al poner a disposici\u00f3n de la PERSONA USUARIA esta p\u00e1gina Web queremos ofrecerle un servicio de calidad, utilizando la m\u00e1xima diligencia en la prestaci\u00f3n del mismo, as\u00ed como en los medios tecnol\u00f3gicos utilizados. No obstante, BARCELONA GOLF DESTINATION no garantiza que la disponibilidad del servicio sea continua e ininterrumpida, por circunstancias originadas por problemas en la red de Internet, aver\u00edas en los dispositivos inform\u00e1ticos u otras circunstancias imprevisibles, de manera que la PERSONA USUARIA acepta soportar dentro de unos l\u00edmites razonables estas circunstancias.<\/p>\n<p>Esta p\u00e1gina web, salvo lo regulado, en su caso, por algunas condiciones de uso espec\u00edficas, es puramente informativa y de presentaci\u00f3n corporativa de nuestros productos y servicios, por lo que BARCELONA GOLF DESTINATION no se responsabiliza por las expectativas de cualquier tipo que pueda generar a la PERSONA USUARIA.<\/p>\n<p>Todo lo referente a nuestra p\u00e1gina web, se rige exclusivamente por las leyes espa\u00f1olas. En el caso de que se produzca cualquier tipo de discrepancia o diferencia entre las partes en relaci\u00f3n con la interpretaci\u00f3n y contenido de la presente p\u00e1gina web, todas las partes se someten a los Juzgados y Tribunales que legalmente correspondan.<\/p>\n<p>&nbsp;<\/p>\n<p><strong>E. VIGENCIA DE LAS CONDICIONES GENERALES DE ACCESO A LA WEB<\/strong><\/p>\n<p>Las presentes Condiciones Generales de Uso han sido modificadas con fecha 25\/07\/2023. En cualquier momento podemos proceder a su modificaci\u00f3n: por favor, compruebe la fecha de emisi\u00f3n en cada ocasi\u00f3n en que se conecte a nuestra p\u00e1gina Web y as\u00ed tendr\u00e1 la certeza de que no se ha producido modificaci\u00f3n alguna que le afecte.<\/p>\n<p>Para cualquier cuesti\u00f3n respecto a las Condiciones de Uso de nuestra p\u00e1gina web, puede ponerse en contacto con nosotros en los datos arriba indicados, o con Lant Abogados en info@lant-abogados.com o en https:\/\/www.lant-abogados.com\/.[\/vc_column_text][\/vc_column][\/vc_row]<\/p>\n<\/div>","protected":false},"excerpt":{"rendered":"<p>[vc_row css=\u00bb.vc_custom_1627449458250{margin-bottom: 50px !important;}\u00bb][vc_column][vc_column_text]Esta p\u00e1gina Web es propiedad de ASSOCIACI\u00d3 DE CLUBS i CAMPS DE GOLF DE LA PROVINCIA DE BARCELONA (en adelante BARCELONA GOLF DESTINATION), con NIF n\u00ba G67465351 y domicilio en C\/ Calatrava 1 bajos 08017 \u2013 BARCELONA, Inscrita en el Registre d\u2019Associacions de la Generalitat de Catalunya a la secci\u00f3 1\u00aa el 14-nov. 2019 con el n\u00famero XXX Para cualquier consulta o propuesta, cont\u00e1ctenos llamando al tel\u00e9fono + 934105210 o en el e-mail info@barcelonagolfdestination.com Esta p\u00e1gina Web [&hellip;]<\/p>\n","protected":false},"author":1,"featured_media":0,"parent":0,"menu_order":0,"comment_status":"closed","ping_status":"closed","template":"","meta":{"footnotes":""},"class_list":["post-8411","page","type-page","status-publish","hentry"],"aioseo_notices":[],"_links":{"self":[{"href":"https:\/\/barcelonagolfdestination.com\/es\/wp-json\/wp\/v2\/pages\/8411","targetHints":{"allow":["GET"]}}],"collection":[{"href":"https:\/\/barcelonagolfdestination.com\/es\/wp-json\/wp\/v2\/pages"}],"about":[{"href":"https:\/\/barcelonagolfdestination.com\/es\/wp-json\/wp\/v2\/types\/page"}],"author":[{"embeddable":true,"href":"https:\/\/barcelonagolfdestination.com\/es\/wp-json\/wp\/v2\/users\/1"}],"replies":[{"embeddable":true,"href":"https:\/\/barcelonagolfdestination.com\/es\/wp-json\/wp\/v2\/comments?post=8411"}],"version-history":[{"count":10,"href":"https:\/\/barcelonagolfdestination.com\/es\/wp-json\/wp\/v2\/pages\/8411\/revisions"}],"predecessor-version":[{"id":25583,"href":"https:\/\/barcelonagolfdestination.com\/es\/wp-json\/wp\/v2\/pages\/8411\/revisions\/25583"}],"wp:attachment":[{"href":"https:\/\/barcelonagolfdestination.com\/es\/wp-json\/wp\/v2\/media?parent=8411"}],"curies":[{"name":"wp","href":"https:\/\/api.w.org\/{rel}","templated":true}]}}