{"id":8132,"date":"2019-10-20T17:35:42","date_gmt":"2019-10-20T15:35:42","guid":{"rendered":"http:\/\/barcelonagolfdestination.com\/?page_id=8132"},"modified":"2026-01-16T16:00:44","modified_gmt":"2026-01-16T15:00:44","slug":"la-roca-golf","status":"publish","type":"page","link":"https:\/\/barcelonagolfdestination.com\/es\/la-roca-golf\/","title":{"rendered":"La Roca Golf"},"content":{"rendered":"<div class=\"wpb-content-wrapper\"><p>[vc_row css=\u00bb.vc_custom_1574289887075{margin-top: 50px !important;}\u00bb][vc_column]<div class=\"mkdf-section-title-holder titulo_ficha_club \" style=\"text-align: left\">\n\t<div class=\"mkdf-st-inner\">\n\t\t\t\t\t\t\t<h1 class=\"mkdf-st-title\" >\n\t\t\t\tLa Roca Golf\t\t\t<\/h1>\n\t\t\t\t\t<\/div>\n<\/div>[vc_column_text css=\u00bb.vc_custom_1574288857382{margin-top: 30px !important;}\u00bb]<\/p>\n<p style=\"text-align: justify;\">A menos de 30 km de Barcelona disfrutar\u00e1 de un campo de golf muy entretenido y saludable con 18 hoyos llanos que puede jugar a pie. Vivir\u00e1 y redescubrir\u00e1 un campo con 5 recorridos homologados, m\u00faltiples atractivos y un dise\u00f1o muy vers\u00e1til donde el sol abunda en pr\u00e1cticamente la totalidad de tees y greenes.<\/p>\n<p>[\/vc_column_text][\/vc_column][\/vc_row][vc_row full_width=\u00bbstretch_row_content_no_spaces\u00bb css=\u00bb.vc_custom_1571608732328{margin-top: 30px !important;border-top-width: 0px !important;padding-top: 0px !important;background-color: #00374c !important;}\u00bb][vc_column]<div class=\"mkdf-call-to-action-holder boton-reservar mkdf-simple-layout \">\n\t<div class=\"mkdf-cta-inner \">\n\t\t<div class=\"mkdf-cta-text-holder\">\n\t\t\t<div class=\"mkdf-cta-text\">\n<h4>Reserve en LA ROCA GOLF<\/h4>\n<\/div>\n\t\t<\/div>\n\t\t<div class=\"mkdf-cta-button-holder\" >\n\t\t\t<div class=\"mkdf-cta-button\"><a itemprop=\"url\" href=\"https:\/\/open.teeone.golf\/es\/roca\" target=\"_blank\" style=\"color: #00374c;background-color: #ffffff\" class=\"mkdf-btn mkdf-btn-large mkdf-btn-solid mkdf-btn-custom-hover-bg mkdf-btn-custom-border-hover\" data-hover-bg-color=\"#00374c\" data-hover-border-color=\"#ffffff\" >    <span class=\"mkdf-btn-text\">RESERVAR<\/span>    <\/a><\/div>\n\t\t<\/div>\n\t<\/div>\n<\/div>[\/vc_column][\/vc_row][vc_row css=\u00bb.vc_custom_1571608816529{margin-top: 30px !important;margin-bottom: 30px !important;margin-left: 4px !important;}\u00bb][vc_column css=\u00bb.vc_custom_1571608799875{margin-top: 0px !important;padding-top: 0px !important;}\u00bb]<div class=\"mkdf-section-title-holder subtitulo_ficha_club \" style=\"text-align: left\">\n\t<div class=\"mkdf-st-inner\">\n\t\t\t\t\t<h5 class=\"mkdf-st-subtitle\" >\n\t\t\t\tDatos del Club\t\t\t<\/h5>\n\t\t\t\t\t\t\t<\/div>\n<\/div>[vc_column_text]<\/p>\n<ul class=\"datos_club\">\n<li><span class=\"titulo_datos_club\">Nombre del Club:<\/span><br \/>\n<span class=\"datos_club\">La Roca Golf<\/span><\/li>\n<li><span class=\"titulo_datos_club\">Direcci\u00f3n:<\/span><br \/>\n<span class=\"datos_club\">Carretera de La Roca a Cardedeu, Km 4.5, 08430 La Roca del Vall\u00e8s, Barcelona<\/span><\/li>\n<li><span class=\"titulo_datos_club\">A\u00f1o de fundaci\u00f3n:<\/span><br \/>\n<span class=\"datos_club\">2006<\/span><\/li>\n<li><span class=\"titulo_datos_club\">P\u00e1gina web:<\/span><br \/>\n<span class=\"datos_club\"><a href=\"https:\/\/www.larocagolf.com\/\" target=\"_blank\" rel=\"noopener\">www.larocagolf.com\/<\/a><\/span><\/li>\n<li><span class=\"titulo_datos_club\">Email de contacto del Club (comercial \/ reservas):<\/span><br \/>\n<span class=\"datos_club\"><a href=\"mailto:hola@larocagolf.com\" target=\"_blank\" rel=\"noopener\">hola@larocagolf.com<\/a><\/span><\/li>\n<li><span class=\"titulo_datos_club\">Tel\u00e9fono:<\/span><br \/>\n<span class=\"datos_club\">0034 93 844 48 86<\/span><\/li>\n<li><span class=\"titulo_datos_club\">D\u00edas de cierre:<\/span><br \/>\n<span class=\"datos_club\">Abierto todos los d\u00edas del a\u00f1o (excepto 25 y 26 de diciembre y 1 y 6 de enero). Restaurante cerrado los lunes. Driving Range Cerrado los Lunes a partir de las 14:00 hrs.<\/span><\/li>\n<\/ul>\n<p>[\/vc_column_text][\/vc_column][\/vc_row][vc_row full_width=\u00bbstretch_row_content_no_spaces\u00bb css=\u00bb.vc_custom_1571119486385{margin-bottom: 0px !important;border-bottom-width: 0px !important;padding-bottom: 0px !important;}\u00bb][vc_column]<div class=\"mkdf-image-gallery  mkdf-ig-masonry-type mkdf-no-space  mkdf-image-behavior-lightbox\">\n\t<div class=\"mkdf-ig-inner mkdf-outer-space mkdf-ig-masonry mkdf-ig-three-columns\">\n\t\t<div class=\"mkdf-ig-grid-sizer\"><\/div>\n\t\t<div class=\"mkdf-ig-grid-gutter\"><\/div>\n\t\t\t\t\t\t\t\t<div class=\"mkdf-ig-image mkdf-item-space \">\n\t\t\t\t<div class=\"mkdf-ig-image-inner\">\n\t\t\t\t\t\t\t\t\t\t\t<a itemprop=\"image\" class=\"mkdf-ig-lightbox\" href=\"https:\/\/barcelonagolfdestination.com\/wp-content\/uploads\/2020\/11\/golf-la-roca-01.jpg\" data-rel=\"prettyPhoto[image_gallery_pretty_photo-648]\" title=\"campo de golf la roca manso vilalba y vistas monta\u00f1a\">\n\t\t\t\t\t\t\t\t\t\t\t<img loading=\"lazy\" decoding=\"async\" width=\"1920\" height=\"1080\" src=\"https:\/\/barcelonagolfdestination.com\/wp-content\/uploads\/2020\/11\/golf-la-roca-01.jpg\" class=\"attachment- size-\" alt=\"campo de golf la roca manso vilalba y vistas monta\u00f1a\" srcset=\"https:\/\/barcelonagolfdestination.com\/wp-content\/uploads\/2020\/11\/golf-la-roca-01.jpg 1920w, https:\/\/barcelonagolfdestination.com\/wp-content\/uploads\/2020\/11\/golf-la-roca-01-300x169.jpg 300w, https:\/\/barcelonagolfdestination.com\/wp-content\/uploads\/2020\/11\/golf-la-roca-01-1024x576.jpg 1024w, https:\/\/barcelonagolfdestination.com\/wp-content\/uploads\/2020\/11\/golf-la-roca-01-768x432.jpg 768w, https:\/\/barcelonagolfdestination.com\/wp-content\/uploads\/2020\/11\/golf-la-roca-01-1536x864.jpg 1536w\" sizes=\"auto, (max-width: 1920px) 100vw, 1920px\" \/>\t\t\t\t\t\t\t\t\t\t\t<\/a>\n\t\t\t\t\t\t\t\t\t<\/div>\n\t\t\t<\/div>\n\t\t\t\t\t\t\t\t<div class=\"mkdf-ig-image mkdf-item-space \">\n\t\t\t\t<div class=\"mkdf-ig-image-inner\">\n\t\t\t\t\t\t\t\t\t\t\t<a itemprop=\"image\" class=\"mkdf-ig-lightbox\" href=\"https:\/\/barcelonagolfdestination.com\/wp-content\/uploads\/2020\/11\/golf-la-roca-02.jpg\" data-rel=\"prettyPhoto[image_gallery_pretty_photo-648]\" title=\"campo de golf la roca lago y manso vilalba\">\n\t\t\t\t\t\t\t\t\t\t\t<img loading=\"lazy\" decoding=\"async\" width=\"1920\" height=\"1080\" src=\"https:\/\/barcelonagolfdestination.com\/wp-content\/uploads\/2020\/11\/golf-la-roca-02.jpg\" class=\"attachment- size-\" alt=\"campo de golf la roca lago y manso vilalba\" srcset=\"https:\/\/barcelonagolfdestination.com\/wp-content\/uploads\/2020\/11\/golf-la-roca-02.jpg 1920w, https:\/\/barcelonagolfdestination.com\/wp-content\/uploads\/2020\/11\/golf-la-roca-02-300x169.jpg 300w, https:\/\/barcelonagolfdestination.com\/wp-content\/uploads\/2020\/11\/golf-la-roca-02-1024x576.jpg 1024w, https:\/\/barcelonagolfdestination.com\/wp-content\/uploads\/2020\/11\/golf-la-roca-02-768x432.jpg 768w, https:\/\/barcelonagolfdestination.com\/wp-content\/uploads\/2020\/11\/golf-la-roca-02-1536x864.jpg 1536w\" sizes=\"auto, (max-width: 1920px) 100vw, 1920px\" \/>\t\t\t\t\t\t\t\t\t\t\t<\/a>\n\t\t\t\t\t\t\t\t\t<\/div>\n\t\t\t<\/div>\n\t\t\t\t\t\t\t\t<div class=\"mkdf-ig-image mkdf-item-space \">\n\t\t\t\t<div class=\"mkdf-ig-image-inner\">\n\t\t\t\t\t\t\t\t\t\t\t<a itemprop=\"image\" class=\"mkdf-ig-lightbox\" href=\"https:\/\/barcelonagolfdestination.com\/wp-content\/uploads\/2020\/11\/golf-la-roca-03.jpg\" data-rel=\"prettyPhoto[image_gallery_pretty_photo-648]\" title=\"campo de golf la roca arboles y bunkers\">\n\t\t\t\t\t\t\t\t\t\t\t<img loading=\"lazy\" decoding=\"async\" width=\"1920\" height=\"1080\" src=\"https:\/\/barcelonagolfdestination.com\/wp-content\/uploads\/2020\/11\/golf-la-roca-03.jpg\" class=\"attachment- size-\" alt=\"campo de golf la roca arboles y bunkers\" srcset=\"https:\/\/barcelonagolfdestination.com\/wp-content\/uploads\/2020\/11\/golf-la-roca-03.jpg 1920w, https:\/\/barcelonagolfdestination.com\/wp-content\/uploads\/2020\/11\/golf-la-roca-03-300x169.jpg 300w, https:\/\/barcelonagolfdestination.com\/wp-content\/uploads\/2020\/11\/golf-la-roca-03-1024x576.jpg 1024w, https:\/\/barcelonagolfdestination.com\/wp-content\/uploads\/2020\/11\/golf-la-roca-03-768x432.jpg 768w, https:\/\/barcelonagolfdestination.com\/wp-content\/uploads\/2020\/11\/golf-la-roca-03-1536x864.jpg 1536w\" sizes=\"auto, (max-width: 1920px) 100vw, 1920px\" \/>\t\t\t\t\t\t\t\t\t\t\t<\/a>\n\t\t\t\t\t\t\t\t\t<\/div>\n\t\t\t<\/div>\n\t\t\t\t\t\t\t\t<div class=\"mkdf-ig-image mkdf-item-space \">\n\t\t\t\t<div class=\"mkdf-ig-image-inner\">\n\t\t\t\t\t\t\t\t\t\t\t<a itemprop=\"image\" class=\"mkdf-ig-lightbox\" href=\"https:\/\/barcelonagolfdestination.com\/wp-content\/uploads\/2020\/11\/golf-la-roca-04.jpg\" data-rel=\"prettyPhoto[image_gallery_pretty_photo-648]\" title=\"campo de golf la roca lago y bunkers\">\n\t\t\t\t\t\t\t\t\t\t\t<img loading=\"lazy\" decoding=\"async\" width=\"1920\" height=\"1080\" src=\"https:\/\/barcelonagolfdestination.com\/wp-content\/uploads\/2020\/11\/golf-la-roca-04.jpg\" class=\"attachment- size-\" alt=\"campo de golf la roca lago y bunkers\" srcset=\"https:\/\/barcelonagolfdestination.com\/wp-content\/uploads\/2020\/11\/golf-la-roca-04.jpg 1920w, https:\/\/barcelonagolfdestination.com\/wp-content\/uploads\/2020\/11\/golf-la-roca-04-300x169.jpg 300w, https:\/\/barcelonagolfdestination.com\/wp-content\/uploads\/2020\/11\/golf-la-roca-04-1024x576.jpg 1024w, https:\/\/barcelonagolfdestination.com\/wp-content\/uploads\/2020\/11\/golf-la-roca-04-768x432.jpg 768w, https:\/\/barcelonagolfdestination.com\/wp-content\/uploads\/2020\/11\/golf-la-roca-04-1536x864.jpg 1536w\" sizes=\"auto, (max-width: 1920px) 100vw, 1920px\" \/>\t\t\t\t\t\t\t\t\t\t\t<\/a>\n\t\t\t\t\t\t\t\t\t<\/div>\n\t\t\t<\/div>\n\t\t\t\t\t\t\t\t<div class=\"mkdf-ig-image mkdf-item-space \">\n\t\t\t\t<div class=\"mkdf-ig-image-inner\">\n\t\t\t\t\t\t\t\t\t\t\t<a itemprop=\"image\" class=\"mkdf-ig-lightbox\" href=\"https:\/\/barcelonagolfdestination.com\/wp-content\/uploads\/2020\/11\/golf-la-roca-05.jpg\" data-rel=\"prettyPhoto[image_gallery_pretty_photo-648]\" title=\"campo de golf la roca arboles atardecer y camino\">\n\t\t\t\t\t\t\t\t\t\t\t<img loading=\"lazy\" decoding=\"async\" width=\"1920\" height=\"1080\" src=\"https:\/\/barcelonagolfdestination.com\/wp-content\/uploads\/2020\/11\/golf-la-roca-05.jpg\" class=\"attachment- size-\" alt=\"campo de golf la roca arboles atardecer y camino\" srcset=\"https:\/\/barcelonagolfdestination.com\/wp-content\/uploads\/2020\/11\/golf-la-roca-05.jpg 1920w, https:\/\/barcelonagolfdestination.com\/wp-content\/uploads\/2020\/11\/golf-la-roca-05-300x169.jpg 300w, https:\/\/barcelonagolfdestination.com\/wp-content\/uploads\/2020\/11\/golf-la-roca-05-1024x576.jpg 1024w, https:\/\/barcelonagolfdestination.com\/wp-content\/uploads\/2020\/11\/golf-la-roca-05-768x432.jpg 768w, https:\/\/barcelonagolfdestination.com\/wp-content\/uploads\/2020\/11\/golf-la-roca-05-1536x864.jpg 1536w\" sizes=\"auto, (max-width: 1920px) 100vw, 1920px\" \/>\t\t\t\t\t\t\t\t\t\t\t<\/a>\n\t\t\t\t\t\t\t\t\t<\/div>\n\t\t\t<\/div>\n\t\t\t\t\t\t\t\t<div class=\"mkdf-ig-image mkdf-item-space \">\n\t\t\t\t<div class=\"mkdf-ig-image-inner\">\n\t\t\t\t\t\t\t\t\t\t\t<a itemprop=\"image\" class=\"mkdf-ig-lightbox\" href=\"https:\/\/barcelonagolfdestination.com\/wp-content\/uploads\/2020\/11\/golf-la-roca-10.jpg\" data-rel=\"prettyPhoto[image_gallery_pretty_photo-648]\" title=\"club de golf la roca casa club vista exterior\">\n\t\t\t\t\t\t\t\t\t\t\t<img loading=\"lazy\" decoding=\"async\" width=\"1920\" height=\"1080\" src=\"https:\/\/barcelonagolfdestination.com\/wp-content\/uploads\/2020\/11\/golf-la-roca-10.jpg\" class=\"attachment- size-\" alt=\"club de golf la roca casa club vista exterior\" srcset=\"https:\/\/barcelonagolfdestination.com\/wp-content\/uploads\/2020\/11\/golf-la-roca-10.jpg 1920w, https:\/\/barcelonagolfdestination.com\/wp-content\/uploads\/2020\/11\/golf-la-roca-10-300x169.jpg 300w, https:\/\/barcelonagolfdestination.com\/wp-content\/uploads\/2020\/11\/golf-la-roca-10-1024x576.jpg 1024w, https:\/\/barcelonagolfdestination.com\/wp-content\/uploads\/2020\/11\/golf-la-roca-10-768x432.jpg 768w, https:\/\/barcelonagolfdestination.com\/wp-content\/uploads\/2020\/11\/golf-la-roca-10-1536x864.jpg 1536w\" sizes=\"auto, (max-width: 1920px) 100vw, 1920px\" \/>\t\t\t\t\t\t\t\t\t\t\t<\/a>\n\t\t\t\t\t\t\t\t\t<\/div>\n\t\t\t<\/div>\n\t\t\t<\/div>\n<\/div>[\/vc_column][\/vc_row][vc_row css=\u00bb.vc_custom_1571608838449{margin-top: 30px !important;margin-bottom: 50px !important;}\u00bb][vc_column]<div class=\"mkdf-section-title-holder subtitulo_ficha_club \" style=\"text-align: left\">\n\t<div class=\"mkdf-st-inner\">\n\t\t\t\t\t<h5 class=\"mkdf-st-subtitle\" >\n\t\t\t\tSobre el campo\t\t\t<\/h5>\n\t\t\t\t\t\t\t<\/div>\n<\/div>[vc_row_inner css=\u00bb.vc_custom_1569168007294{margin-top: 30px !important;}\u00bb][vc_column_inner width=\u00bb1\/5&#8243;][vc_column_text]<\/p>\n<p class=\"titulo_sobre_el_campo\">Dise\u00f1ador<\/p>\n<p>[\/vc_column_text][vc_separator color=\u00bbcustom\u00bb accent_color=\u00bb#00374c\u00bb][vc_column_text]<\/p>\n<p style=\"text-align: center;\">Alfonso Vidaor y Mag\u00ed Sard\u00e0<\/p>\n<p>[\/vc_column_text][\/vc_column_inner][vc_column_inner width=\u00bb1\/5&#8243;][vc_column_text]<\/p>\n<p class=\"titulo_sobre_el_campo\">N\u00famero de hoyos<\/p>\n<p>[\/vc_column_text][vc_separator color=\u00bbcustom\u00bb accent_color=\u00bb#00374c\u00bb][vc_column_text]<\/p>\n<p style=\"text-align: center;\">18<\/p>\n<p>[\/vc_column_text][\/vc_column_inner][vc_column_inner width=\u00bb1\/5&#8243;][vc_column_text]<\/p>\n<p class=\"titulo_sobre_el_campo\">Par<\/p>\n<p>[\/vc_column_text][vc_separator color=\u00bbcustom\u00bb accent_color=\u00bb#00374c\u00bb][vc_column_text]<\/p>\n<p style=\"text-align: center;\">71<\/p>\n<p>[\/vc_column_text][\/vc_column_inner][vc_column_inner width=\u00bb1\/5&#8243;][vc_column_text]<\/p>\n<p class=\"titulo_sobre_el_campo\">Metros<\/p>\n<p>[\/vc_column_text][vc_separator color=\u00bbcustom\u00bb accent_color=\u00bb#2c4938&#8243;][vc_column_text]<\/p>\n<p style=\"text-align: center;\"><img decoding=\"async\" src=\"http:\/\/barcelonagolfdestination.com\/wp-content\/uploads\/2017\/08\/blancas-1.png\" alt=\"\" \/> 5.997 m<\/p>\n<p style=\"text-align: center;\">Valor campo: 72,4. Slope: 132 (hombres)<\/p>\n<p style=\"text-align: center;\"><img decoding=\"async\" src=\"http:\/\/barcelonagolfdestination.com\/wp-content\/uploads\/2017\/08\/amarillas-1.png\" alt=\"\" \/> 5.621m<\/p>\n<p style=\"text-align: center;\">Valor campo: 70,7. Slope: 129 (hombres)<\/p>\n<p style=\"text-align: center;\"><img decoding=\"async\" src=\"http:\/\/barcelonagolfdestination.com\/wp-content\/uploads\/2017\/08\/naranjas.png\" alt=\"\" \/> 5.226 m<\/p>\n<p style=\"text-align: center;\">Valor campo: 68,6. Slope: 125 (hombres)<\/p>\n<p style=\"text-align: center;\">Valor campo: 73,7. Slope: 133 (mujeres)<\/p>\n<p style=\"text-align: center;\"><img decoding=\"async\" src=\"http:\/\/barcelonagolfdestination.com\/wp-content\/uploads\/2017\/08\/azules-1.png\" alt=\"\" \/> 4.953 m<\/p>\n<p style=\"text-align: center;\">Valor campo: 67,0. Slope: 119 (hombres)<\/p>\n<p style=\"text-align: center;\">Valor campo: 71,9. Slope: 127 (mujeres)<\/p>\n<p style=\"text-align: center;\"><img decoding=\"async\" src=\"http:\/\/barcelonagolfdestination.com\/wp-content\/uploads\/2017\/08\/rojas-1.png\" alt=\"\" \/> 4.857 m<\/p>\n<p style=\"text-align: center;\">Valor campo: 65,0. Slope: 113 (hombres)<\/p>\n<p style=\"text-align: center;\">Valor campo: 69,7. Slope: 123 (mujeres)<\/p>\n<p>[\/vc_column_text][\/vc_column_inner][vc_column_inner width=\u00bb1\/5&#8243;][vc_column_text]<\/p>\n<p class=\"titulo_sobre_el_campo\">A\u00f1o de construcci\u00f3n<\/p>\n<p>[\/vc_column_text][vc_separator color=\u00bbcustom\u00bb accent_color=\u00bb#00374c\u00bb][vc_column_text]<\/p>\n<p style=\"text-align: center;\">2005-2006<\/p>\n<p>[\/vc_column_text][\/vc_column_inner][\/vc_row_inner][\/vc_column][\/vc_row][vc_row css=\u00bb.vc_custom_1569187772478{margin-top: 30px !important;margin-bottom: 30px !important;}\u00bb][vc_column][vc_column_text css=\u00bb.vc_custom_1768575642591{margin-bottom: 30px !important;}\u00bb]<span class=\"titulo_datos_club\">Servicios:<\/span><\/p>\n<ul class=\"lista_servicios\">\n<li><i class=\"fa fa-check\"><\/i><span class=\"titulo_servicio\"> Green Fee<\/span> <span class=\"atributo_servicio\"> (74\u20ac laborable \/ 94\u20ac no laborable)<\/span><\/li>\n<li><i class=\"fa fa-check\"><\/i><span class=\"titulo_servicio\"> Green Fee Twilight <\/span><span class=\"atributo_servicio\">(a partir 13 hrs)<\/span><\/li>\n<li><i class=\"fa fa-check\"><\/i><span class=\"titulo_servicio\"> Centro de entrenamiento<\/span> <span class=\"atributo_servicio\"> (14\u20ac)<\/span><\/li>\n<li><i class=\"fa fa-check\"><\/i><span class=\"titulo_servicio\"> Vestuarios visitantes con disponibilidad de taquilla<\/span><\/li>\n<li><i class=\"fa fa-check\"><\/i><span class=\"titulo_servicio\"> Bar &#8211; Snack<\/span><\/li>\n<li><i class=\"fa fa-check\"><\/i><span class=\"titulo_servicio\"> Restaurante <\/span> <span class=\"atributo_servicio\"> (Precio men\u00fa del d\u00eda 2 platos + postre + bebida. Laborables 19,50\u20ac \/ fin de semana 28\u20ac)<\/span><\/li>\n<li><i class=\"fa fa-check\"><\/i><span class=\"titulo_servicio\"> Alquiler de palos de golf<\/span> <span class=\"atributo_servicio\"> (35\u20ac)<\/span><\/li>\n<li><i class=\"fa fa-check\"><\/i><span class=\"titulo_servicio\"> Alquiler de Buggies<\/span> <span class=\"atributo_servicio\"> (46\u20ac)<\/span><\/li>\n<li><i class=\"fa fa-check\"><\/i><span class=\"titulo_servicio\"> Tienda de Golf<\/span><\/li>\n<li><i class=\"fa fa-check\"><\/i><span class=\"titulo_servicio\"> Toptracer range<\/span><\/li>\n<li><i class=\"fa fa-check\"><\/i><span class=\"titulo_servicio\"> Clases de Golf<\/span><\/li>\n<\/ul>\n<p>[\/vc_column_text][\/vc_column][\/vc_row][vc_row row_content_width=\u00bbgrid\u00bb][vc_column][vc_column_text css=\u00bb.vc_custom_1575916074843{margin-bottom: 30px !important;}\u00bb]<span class=\"titulo_datos_club\">Idiomas hablados en recepci\u00f3n:<\/span><br \/>\n<span style=\"font-weight: 400;\">Catalan, Spanish, French, English<\/span>[\/vc_column_text][vc_column_text]<span class=\"titulo_datos_club\">Normas de etiqueta:<\/span><br \/>\n<span class=\"datos_club\">La pieza superior deber\u00e1 ser tipo \u201cpolo\u201d con cuello o de cuello alto, pudiendo las se\u00f1oras utilizarla sin mangas. Los pantalones deben ser apropiados para la pr\u00e1ctica del golf. No est\u00e1 permitido el uso de vaqueros, mallas, ch\u00e1ndales, ropa militar y trajes de ba\u00f1o. Los zapatos deber\u00e1n ser los adecuados para jugar al golf, como norma general deber\u00e1n ser zapatos sin claves salvo que lo establezca el comit\u00e9 de competici\u00f3n. <\/span>[\/vc_column_text][\/vc_column][\/vc_row][vc_row css=\u00bb.vc_custom_1569184012248{margin-top: 50px !important;margin-bottom: 50px !important;}\u00bb][vc_column]<div class=\"mkdf-section-title-holder subtitulo_ficha_club \" style=\"text-align: left\">\n\t<div class=\"mkdf-st-inner\">\n\t\t\t\t\t<h5 class=\"mkdf-st-subtitle\" >\n\t\t\t\tAlojamiento\t\t\t<\/h5>\n\t\t\t\t\t\t\t<\/div>\n<\/div>[vc_column_text css=\u00bb.vc_custom_1574289539845{margin-top: 30px !important;margin-bottom: 30px !important;}\u00bb]HOTELES M\u00c1S CERCANOS:<\/p>\n<ul class=\"hoteles_ficha\">\n<li><i class=\"fa fa-check\"><\/i> <a href=\"https:\/\/www.hotelciutatgranollers.com\" target=\"_blank\" rel=\"noopener noreferrer\"> Hotel Ciutat de Granollers 4* (a 5 km del club de golf)<\/a><\/li>\n<li><i class=\"fa fa-check\"><\/i> <a href=\"http:\/\/www.hotelblancafort.com\/\" target=\"_blank\" rel=\"noopener noreferrer\"> Hotel Blancafort Spa Termal 4* (a 7 km del club de golf)<\/a><\/li>\n<\/ul>\n<p>[\/vc_column_text][vc_column_text]LUGARES CERCANOS:<\/p>\n<ul class=\"hoteles_ficha\">\n<li><i class=\"fa fa-check\"><\/i> La Roca Village a 1 km del Club de golf: Centro comercial descubierto con calles peatonales, ambiente chic y tiendas de firmas de moda con descuentos<\/li>\n<\/ul>\n<p>[\/vc_column_text][\/vc_column][\/vc_row][vc_row css=\u00bb.vc_custom_1569174189333{margin-top: 50px !important;margin-bottom: 30px !important;}\u00bb][vc_column]<div class=\"mkdf-section-title-holder subtitulo_ficha_club \" style=\"text-align: left\">\n\t<div class=\"mkdf-st-inner\">\n\t\t\t\t\t<h5 class=\"mkdf-st-subtitle\" >\n\t\t\t\tD\u00f3nde estamos\t\t\t<\/h5>\n\t\t\t\t\t\t\t<\/div>\n<\/div>[\/vc_column][\/vc_row][vc_row full_width=\u00bbstretch_row_content_no_spaces\u00bb][vc_column][vc_gmaps link=\u00bb#E-8_JTNDaWZyYW1lJTIwc3JjJTNEJTIyaHR0cHMlM0ElMkYlMkZ3d3cuZ29vZ2xlLmNvbSUyRm1hcHMlMkZlbWJlZCUzRnBiJTNEJTIxMW0xNCUyMTFtOCUyMTFtMyUyMTFkMTE5MjkuMjk4ODAxMTc5Nzg0JTIxMmQyLjM0NjkzMjUlMjEzZDQxLjYyNzExMjUlMjEzbTIlMjExaTEwMjQlMjEyaTc2OCUyMTRmMTMuMSUyMTNtMyUyMTFtMiUyMTFzMHgwJTI1M0EweDNmYTM3NjgwNTUwNjlkODklMjEyc0dvbGYlMjUyMExhJTI1MjBSb2NhJTIxNWUwJTIxM20yJTIxMXNlcyUyMTJzZXMlMjE0djE1NzQyODk2MTUwNjQlMjE1bTIlMjExc2VzJTIxMnNlcyUyMiUyMHdpZHRoJTNEJTIyNjAwJTIyJTIwaGVpZ2h0JTNEJTIyNDUwJTIyJTIwZnJhbWVib3JkZXIlM0QlMjIwJTIyJTIwc3R5bGUlM0QlMjJib3JkZXIlM0EwJTNCJTIyJTIwYWxsb3dmdWxsc2NyZWVuJTNEJTIyJTIyJTNFJTNDJTJGaWZyYW1lJTNF\u00bb][\/vc_column][\/vc_row]<\/p>\n<\/div>","protected":false},"excerpt":{"rendered":"<p>[vc_row css=\u00bb.vc_custom_1574289887075{margin-top: 50px !important;}\u00bb][vc_column][vc_column_text css=\u00bb.vc_custom_1574288857382{margin-top: 30px !important;}\u00bb] A menos de 30 km de Barcelona disfrutar\u00e1 de un campo de golf muy entretenido y saludable con 18 hoyos llanos que puede jugar a pie. Vivir\u00e1 y redescubrir\u00e1 un campo con 5 recorridos homologados, m\u00faltiples atractivos y un dise\u00f1o muy vers\u00e1til donde el sol abunda en pr\u00e1cticamente la totalidad de tees y greenes. [\/vc_column_text][\/vc_column][\/vc_row][vc_row full_width=\u00bbstretch_row_content_no_spaces\u00bb css=\u00bb.vc_custom_1571608732328{margin-top: 30px !important;border-top-width: 0px !important;padding-top: 0px !important;background-color: #00374c !important;}\u00bb][vc_column][\/vc_column][\/vc_row][vc_row css=\u00bb.vc_custom_1571608816529{margin-top: 30px !important;margin-bottom: 30px !important;margin-left: 4px !important;}\u00bb][vc_column css=\u00bb.vc_custom_1571608799875{margin-top: [&hellip;]<\/p>\n","protected":false},"author":1,"featured_media":0,"parent":0,"menu_order":0,"comment_status":"closed","ping_status":"closed","template":"","meta":{"footnotes":""},"class_list":["post-8132","page","type-page","status-publish","hentry"],"aioseo_notices":[],"_links":{"self":[{"href":"https:\/\/barcelonagolfdestination.com\/es\/wp-json\/wp\/v2\/pages\/8132","targetHints":{"allow":["GET"]}}],"collection":[{"href":"https:\/\/barcelonagolfdestination.com\/es\/wp-json\/wp\/v2\/pages"}],"about":[{"href":"https:\/\/barcelonagolfdestination.com\/es\/wp-json\/wp\/v2\/types\/page"}],"author":[{"embeddable":true,"href":"https:\/\/barcelonagolfdestination.com\/es\/wp-json\/wp\/v2\/users\/1"}],"replies":[{"embeddable":true,"href":"https:\/\/barcelonagolfdestination.com\/es\/wp-json\/wp\/v2\/comments?post=8132"}],"version-history":[{"count":34,"href":"https:\/\/barcelonagolfdestination.com\/es\/wp-json\/wp\/v2\/pages\/8132\/revisions"}],"predecessor-version":[{"id":52716,"href":"https:\/\/barcelonagolfdestination.com\/es\/wp-json\/wp\/v2\/pages\/8132\/revisions\/52716"}],"wp:attachment":[{"href":"https:\/\/barcelonagolfdestination.com\/es\/wp-json\/wp\/v2\/media?parent=8132"}],"curies":[{"name":"wp","href":"https:\/\/api.w.org\/{rel}","templated":true}]}}