{"id":8020,"date":"2019-09-23T00:09:17","date_gmt":"2019-09-22T22:09:17","guid":{"rendered":"http:\/\/barcelonagolfdestination.com\/?page_id=8020"},"modified":"2026-01-10T01:15:47","modified_gmt":"2026-01-10T00:15:47","slug":"real-club-de-golf-el-prat","status":"publish","type":"page","link":"https:\/\/barcelonagolfdestination.com\/es\/real-club-de-golf-el-prat\/","title":{"rendered":"Real Club de Golf El Prat"},"content":{"rendered":"<div class=\"wpb-content-wrapper\"><p>[vc_row css=\u00bb.vc_custom_1571957571156{margin-top: 50px !important;}\u00bb][vc_column]<div class=\"mkdf-section-title-holder titulo_ficha_club \" style=\"text-align: left\">\n\t<div class=\"mkdf-st-inner\">\n\t\t\t\t\t\t\t<h1 class=\"mkdf-st-title\" >\n\t\t\t\tReal Club de Golf El Prat\t\t\t<\/h1>\n\t\t\t\t\t<\/div>\n<\/div>[vc_column_text css=\u00bb.vc_custom_1581690303340{margin-top: 30px !important;}\u00bb]<span style=\"font-weight: 400;\">Ubicado en pleno parque natural a tan solo 30 minutos de Barcelona, el Real Club de Golf El Prat se ha posicionado como uno de los clubes de golf m\u00e1s exclusivos de Europa. Los 45 hoyos dise\u00f1ados por el famoso arquitecto de golf Greg Norman han sido anfitriones de 10 ediciones del Open de Espa\u00f1a y sus instalaciones y servicios de primera clase han sido galardonados con numerosos premios internacionales.<\/span>[\/vc_column_text][\/vc_column][\/vc_row][vc_row full_width=\u00bbstretch_row_content_no_spaces\u00bb css=\u00bb.vc_custom_1571608732328{margin-top: 30px !important;border-top-width: 0px !important;padding-top: 0px !important;background-color: #00374c !important;}\u00bb][vc_column]<div class=\"mkdf-call-to-action-holder boton-reservar mkdf-simple-layout \">\n\t<div class=\"mkdf-cta-inner \">\n\t\t<div class=\"mkdf-cta-text-holder\">\n\t\t\t<div class=\"mkdf-cta-text\">\n<h4>Reserve en REAL CLUB DE GOLF EL PRAT<\/h4>\n<\/div>\n\t\t<\/div>\n\t\t<div class=\"mkdf-cta-button-holder\" >\n\t\t\t<div class=\"mkdf-cta-button\"><a itemprop=\"url\" href=\"https:\/\/open.teeone.golf\/es\/prat\" target=\"_blank\" style=\"color: #00374c;background-color: #ffffff\" class=\"mkdf-btn mkdf-btn-large mkdf-btn-solid mkdf-btn-custom-hover-bg mkdf-btn-custom-border-hover\" data-hover-bg-color=\"#00374c\" data-hover-border-color=\"#ffffff\" >    <span class=\"mkdf-btn-text\">RESERVAR<\/span>    <\/a><\/div>\n\t\t<\/div>\n\t<\/div>\n<\/div>[\/vc_column][\/vc_row][vc_row css=\u00bb.vc_custom_1571608816529{margin-top: 30px !important;margin-bottom: 30px !important;margin-left: 4px !important;}\u00bb][vc_column css=\u00bb.vc_custom_1571608799875{margin-top: 0px !important;padding-top: 0px !important;}\u00bb]<div class=\"mkdf-section-title-holder subtitulo_ficha_club \" style=\"text-align: left\">\n\t<div class=\"mkdf-st-inner\">\n\t\t\t\t\t<h5 class=\"mkdf-st-subtitle\" >\n\t\t\t\tDatos del Club\t\t\t<\/h5>\n\t\t\t\t\t\t\t<\/div>\n<\/div>[vc_column_text]<\/p>\n<ul class=\"datos_club\">\n<li><span class=\"titulo_datos_club\">Nombre del Club:<\/span><br \/>\n<span class=\"datos_club\">Real Club de Golf El Prat<\/span><\/li>\n<li><span class=\"titulo_datos_club\">Direcci\u00f3n:<\/span><br \/>\n<span class=\"datos_club\">Plans de Boonvilar, 17, 08227 Terrassa<\/span><\/li>\n<li><span class=\"titulo_datos_club\">A\u00f1o de fundaci\u00f3n:<\/span><br \/>\n<span class=\"datos_club\">1912<\/span><\/li>\n<li><span class=\"titulo_datos_club\">P\u00e1gina web:<\/span><br \/>\n<span class=\"datos_club\"><a href=\"http:\/\/www.realclubdegolfelprat.com\" target=\"_blank\" rel=\"noopener noreferrer\">www.realclubdegolfelprat.com <\/a><\/span><\/li>\n<li><span class=\"titulo_datos_club\">Email de contacto del Club (comercial \/ reservas):<\/span><br \/>\n<span class=\"datos_club\"><a href=\"mailto:reservations@rcgep.com\">reservations@rcgep.com<\/a><\/span><\/li>\n<li><span class=\"titulo_datos_club\">Tel\u00e9fono:<\/span><br \/>\n<span class=\"datos_club\">+34 937 28 10 10<\/span><\/li>\n<li><span class=\"titulo_datos_club\">D\u00edas de cierre:<\/span><br \/>\n<span class=\"datos_club\">25 de diciembre <\/span><\/li>\n<\/ul>\n<p>[\/vc_column_text][\/vc_column][\/vc_row][vc_row full_width=\u00bbstretch_row_content_no_spaces\u00bb css=\u00bb.vc_custom_1571119486385{margin-bottom: 0px !important;border-bottom-width: 0px !important;padding-bottom: 0px !important;}\u00bb][vc_column]<div class=\"mkdf-image-gallery  mkdf-ig-masonry-type mkdf-no-space  mkdf-image-behavior-lightbox\">\n\t<div class=\"mkdf-ig-inner mkdf-outer-space mkdf-ig-masonry mkdf-ig-three-columns\">\n\t\t<div class=\"mkdf-ig-grid-sizer\"><\/div>\n\t\t<div class=\"mkdf-ig-grid-gutter\"><\/div>\n\t\t\t\t\t\t\t\t<div class=\"mkdf-ig-image mkdf-item-space \">\n\t\t\t\t<div class=\"mkdf-ig-image-inner\">\n\t\t\t\t\t\t\t\t\t\t\t<a itemprop=\"image\" class=\"mkdf-ig-lightbox\" href=\"https:\/\/barcelonagolfdestination.com\/wp-content\/uploads\/2020\/11\/real-club-golf-el-prat-01.jpg\" data-rel=\"prettyPhoto[image_gallery_pretty_photo-756]\" title=\"real-club-golf-el-prat-01\">\n\t\t\t\t\t\t\t\t\t\t\t<img loading=\"lazy\" decoding=\"async\" width=\"1920\" height=\"1080\" src=\"https:\/\/barcelonagolfdestination.com\/wp-content\/uploads\/2020\/11\/real-club-golf-el-prat-01.jpg\" class=\"attachment- size-\" alt=\"\" srcset=\"https:\/\/barcelonagolfdestination.com\/wp-content\/uploads\/2020\/11\/real-club-golf-el-prat-01.jpg 1920w, https:\/\/barcelonagolfdestination.com\/wp-content\/uploads\/2020\/11\/real-club-golf-el-prat-01-300x169.jpg 300w, https:\/\/barcelonagolfdestination.com\/wp-content\/uploads\/2020\/11\/real-club-golf-el-prat-01-1024x576.jpg 1024w, https:\/\/barcelonagolfdestination.com\/wp-content\/uploads\/2020\/11\/real-club-golf-el-prat-01-768x432.jpg 768w, https:\/\/barcelonagolfdestination.com\/wp-content\/uploads\/2020\/11\/real-club-golf-el-prat-01-1536x864.jpg 1536w\" sizes=\"auto, (max-width: 1920px) 100vw, 1920px\" \/>\t\t\t\t\t\t\t\t\t\t\t<\/a>\n\t\t\t\t\t\t\t\t\t<\/div>\n\t\t\t<\/div>\n\t\t\t\t\t\t\t\t<div class=\"mkdf-ig-image mkdf-item-space \">\n\t\t\t\t<div class=\"mkdf-ig-image-inner\">\n\t\t\t\t\t\t\t\t\t\t\t<a itemprop=\"image\" class=\"mkdf-ig-lightbox\" href=\"https:\/\/barcelonagolfdestination.com\/wp-content\/uploads\/2020\/11\/real-club-golf-el-prat-02.jpg\" data-rel=\"prettyPhoto[image_gallery_pretty_photo-756]\" title=\"real-club-golf-el-prat-02\">\n\t\t\t\t\t\t\t\t\t\t\t<img loading=\"lazy\" decoding=\"async\" width=\"1920\" height=\"1080\" src=\"https:\/\/barcelonagolfdestination.com\/wp-content\/uploads\/2020\/11\/real-club-golf-el-prat-02.jpg\" class=\"attachment- size-\" alt=\"\" srcset=\"https:\/\/barcelonagolfdestination.com\/wp-content\/uploads\/2020\/11\/real-club-golf-el-prat-02.jpg 1920w, https:\/\/barcelonagolfdestination.com\/wp-content\/uploads\/2020\/11\/real-club-golf-el-prat-02-300x169.jpg 300w, https:\/\/barcelonagolfdestination.com\/wp-content\/uploads\/2020\/11\/real-club-golf-el-prat-02-1024x576.jpg 1024w, https:\/\/barcelonagolfdestination.com\/wp-content\/uploads\/2020\/11\/real-club-golf-el-prat-02-768x432.jpg 768w, https:\/\/barcelonagolfdestination.com\/wp-content\/uploads\/2020\/11\/real-club-golf-el-prat-02-1536x864.jpg 1536w\" sizes=\"auto, (max-width: 1920px) 100vw, 1920px\" \/>\t\t\t\t\t\t\t\t\t\t\t<\/a>\n\t\t\t\t\t\t\t\t\t<\/div>\n\t\t\t<\/div>\n\t\t\t\t\t\t\t\t<div class=\"mkdf-ig-image mkdf-item-space \">\n\t\t\t\t<div class=\"mkdf-ig-image-inner\">\n\t\t\t\t\t\t\t\t\t\t\t<a itemprop=\"image\" class=\"mkdf-ig-lightbox\" href=\"https:\/\/barcelonagolfdestination.com\/wp-content\/uploads\/2020\/11\/real-club-golf-el-prat-03.jpg\" data-rel=\"prettyPhoto[image_gallery_pretty_photo-756]\" title=\"real-club-golf-el-prat-03\">\n\t\t\t\t\t\t\t\t\t\t\t<img loading=\"lazy\" decoding=\"async\" width=\"1920\" height=\"1080\" src=\"https:\/\/barcelonagolfdestination.com\/wp-content\/uploads\/2020\/11\/real-club-golf-el-prat-03.jpg\" class=\"attachment- size-\" alt=\"\" srcset=\"https:\/\/barcelonagolfdestination.com\/wp-content\/uploads\/2020\/11\/real-club-golf-el-prat-03.jpg 1920w, https:\/\/barcelonagolfdestination.com\/wp-content\/uploads\/2020\/11\/real-club-golf-el-prat-03-300x169.jpg 300w, https:\/\/barcelonagolfdestination.com\/wp-content\/uploads\/2020\/11\/real-club-golf-el-prat-03-1024x576.jpg 1024w, https:\/\/barcelonagolfdestination.com\/wp-content\/uploads\/2020\/11\/real-club-golf-el-prat-03-768x432.jpg 768w, https:\/\/barcelonagolfdestination.com\/wp-content\/uploads\/2020\/11\/real-club-golf-el-prat-03-1536x864.jpg 1536w\" sizes=\"auto, (max-width: 1920px) 100vw, 1920px\" \/>\t\t\t\t\t\t\t\t\t\t\t<\/a>\n\t\t\t\t\t\t\t\t\t<\/div>\n\t\t\t<\/div>\n\t\t\t\t\t\t\t\t<div class=\"mkdf-ig-image mkdf-item-space \">\n\t\t\t\t<div class=\"mkdf-ig-image-inner\">\n\t\t\t\t\t\t\t\t\t\t\t<a itemprop=\"image\" class=\"mkdf-ig-lightbox\" href=\"https:\/\/barcelonagolfdestination.com\/wp-content\/uploads\/2020\/11\/real-club-golf-el-prat-04.jpg\" data-rel=\"prettyPhoto[image_gallery_pretty_photo-756]\" title=\"real-club-golf-el-prat-04\">\n\t\t\t\t\t\t\t\t\t\t\t<img loading=\"lazy\" decoding=\"async\" width=\"1920\" height=\"1080\" src=\"https:\/\/barcelonagolfdestination.com\/wp-content\/uploads\/2020\/11\/real-club-golf-el-prat-04.jpg\" class=\"attachment- size-\" alt=\"\" srcset=\"https:\/\/barcelonagolfdestination.com\/wp-content\/uploads\/2020\/11\/real-club-golf-el-prat-04.jpg 1920w, https:\/\/barcelonagolfdestination.com\/wp-content\/uploads\/2020\/11\/real-club-golf-el-prat-04-300x169.jpg 300w, https:\/\/barcelonagolfdestination.com\/wp-content\/uploads\/2020\/11\/real-club-golf-el-prat-04-1024x576.jpg 1024w, https:\/\/barcelonagolfdestination.com\/wp-content\/uploads\/2020\/11\/real-club-golf-el-prat-04-768x432.jpg 768w, https:\/\/barcelonagolfdestination.com\/wp-content\/uploads\/2020\/11\/real-club-golf-el-prat-04-1536x864.jpg 1536w\" sizes=\"auto, (max-width: 1920px) 100vw, 1920px\" \/>\t\t\t\t\t\t\t\t\t\t\t<\/a>\n\t\t\t\t\t\t\t\t\t<\/div>\n\t\t\t<\/div>\n\t\t\t\t\t\t\t\t<div class=\"mkdf-ig-image mkdf-item-space \">\n\t\t\t\t<div class=\"mkdf-ig-image-inner\">\n\t\t\t\t\t\t\t\t\t\t\t<a itemprop=\"image\" class=\"mkdf-ig-lightbox\" href=\"https:\/\/barcelonagolfdestination.com\/wp-content\/uploads\/2020\/11\/real-club-golf-el-prat-05.jpg\" data-rel=\"prettyPhoto[image_gallery_pretty_photo-756]\" title=\"real-club-golf-el-prat-05\">\n\t\t\t\t\t\t\t\t\t\t\t<img loading=\"lazy\" decoding=\"async\" width=\"1920\" height=\"1080\" src=\"https:\/\/barcelonagolfdestination.com\/wp-content\/uploads\/2020\/11\/real-club-golf-el-prat-05.jpg\" class=\"attachment- size-\" alt=\"\" srcset=\"https:\/\/barcelonagolfdestination.com\/wp-content\/uploads\/2020\/11\/real-club-golf-el-prat-05.jpg 1920w, https:\/\/barcelonagolfdestination.com\/wp-content\/uploads\/2020\/11\/real-club-golf-el-prat-05-300x169.jpg 300w, https:\/\/barcelonagolfdestination.com\/wp-content\/uploads\/2020\/11\/real-club-golf-el-prat-05-1024x576.jpg 1024w, https:\/\/barcelonagolfdestination.com\/wp-content\/uploads\/2020\/11\/real-club-golf-el-prat-05-768x432.jpg 768w, https:\/\/barcelonagolfdestination.com\/wp-content\/uploads\/2020\/11\/real-club-golf-el-prat-05-1536x864.jpg 1536w\" sizes=\"auto, (max-width: 1920px) 100vw, 1920px\" \/>\t\t\t\t\t\t\t\t\t\t\t<\/a>\n\t\t\t\t\t\t\t\t\t<\/div>\n\t\t\t<\/div>\n\t\t\t\t\t\t\t\t<div class=\"mkdf-ig-image mkdf-item-space \">\n\t\t\t\t<div class=\"mkdf-ig-image-inner\">\n\t\t\t\t\t\t\t\t\t\t\t<a itemprop=\"image\" class=\"mkdf-ig-lightbox\" href=\"https:\/\/barcelonagolfdestination.com\/wp-content\/uploads\/2020\/11\/real-club-golf-el-prat-06.jpg\" data-rel=\"prettyPhoto[image_gallery_pretty_photo-756]\" title=\"real-club-golf-el-prat-06\">\n\t\t\t\t\t\t\t\t\t\t\t<img loading=\"lazy\" decoding=\"async\" width=\"1920\" height=\"1080\" src=\"https:\/\/barcelonagolfdestination.com\/wp-content\/uploads\/2020\/11\/real-club-golf-el-prat-06.jpg\" class=\"attachment- size-\" alt=\"\" srcset=\"https:\/\/barcelonagolfdestination.com\/wp-content\/uploads\/2020\/11\/real-club-golf-el-prat-06.jpg 1920w, https:\/\/barcelonagolfdestination.com\/wp-content\/uploads\/2020\/11\/real-club-golf-el-prat-06-300x169.jpg 300w, https:\/\/barcelonagolfdestination.com\/wp-content\/uploads\/2020\/11\/real-club-golf-el-prat-06-1024x576.jpg 1024w, https:\/\/barcelonagolfdestination.com\/wp-content\/uploads\/2020\/11\/real-club-golf-el-prat-06-768x432.jpg 768w, https:\/\/barcelonagolfdestination.com\/wp-content\/uploads\/2020\/11\/real-club-golf-el-prat-06-1536x864.jpg 1536w\" sizes=\"auto, (max-width: 1920px) 100vw, 1920px\" \/>\t\t\t\t\t\t\t\t\t\t\t<\/a>\n\t\t\t\t\t\t\t\t\t<\/div>\n\t\t\t<\/div>\n\t\t\t<\/div>\n<\/div>[\/vc_column][\/vc_row][vc_row css=\u00bb.vc_custom_1571608838449{margin-top: 30px !important;margin-bottom: 50px !important;}\u00bb][vc_column]<div class=\"mkdf-section-title-holder subtitulo_ficha_club \" style=\"text-align: left\">\n\t<div class=\"mkdf-st-inner\">\n\t\t\t\t\t<h5 class=\"mkdf-st-subtitle\" >\n\t\t\t\tSobre el campo\t\t\t<\/h5>\n\t\t\t\t\t\t\t<\/div>\n<\/div>[vc_row_inner css=\u00bb.vc_custom_1569168007294{margin-top: 30px !important;}\u00bb][vc_column_inner width=\u00bb1\/5&#8243;][vc_column_text]<\/p>\n<p class=\"titulo_sobre_el_campo\">Dise\u00f1ador<\/p>\n<p>[\/vc_column_text][vc_separator color=\u00bbcustom\u00bb accent_color=\u00bb#00374c\u00bb][vc_column_text]<\/p>\n<p style=\"text-align: center;\">Greg Norman<\/p>\n<p>[\/vc_column_text][\/vc_column_inner][vc_column_inner width=\u00bb1\/5&#8243;][vc_column_text]<\/p>\n<p class=\"titulo_sobre_el_campo\">N\u00famero de hoyos<\/p>\n<p>[\/vc_column_text][vc_separator color=\u00bbcustom\u00bb accent_color=\u00bb#00374c\u00bb][vc_column_text]<\/p>\n<p style=\"text-align: center;\">45<\/p>\n<p>[\/vc_column_text][\/vc_column_inner][vc_column_inner width=\u00bb1\/5&#8243;][vc_column_text]<\/p>\n<p class=\"titulo_sobre_el_campo\">Par<\/p>\n<p>[\/vc_column_text][vc_separator color=\u00bbcustom\u00bb accent_color=\u00bb#00374c\u00bb][vc_column_text]<\/p>\n<p style=\"text-align: center;\">Pink 72<br \/>\nYellow 72<br \/>\nVall\u00e9s 36<\/p>\n<p>[\/vc_column_text][\/vc_column_inner][vc_column_inner width=\u00bb1\/5&#8243;][vc_column_text]<\/p>\n<p class=\"titulo_sobre_el_campo\">Metros<\/p>\n<p>[\/vc_column_text][vc_separator color=\u00bbcustom\u00bb accent_color=\u00bb#2c4938&#8243;][vc_column_text]<\/p>\n<p style=\"text-align: center;\"><strong><span style=\"color: #800080;\">Pink course<\/span> |\u00a0 \u00a0<span style=\"color: #ffcc00;\">Yellow course<\/span><\/strong><\/p>\n<p style=\"text-align: center;\"><img decoding=\"async\" src=\"http:\/\/barcelonagolfdestination.com\/wp-content\/uploads\/2017\/08\/blancas-1.png\" alt=\"\" \/> <span style=\"color: #333333;\">6672<\/span>\u00a0 \u00a0 <img decoding=\"async\" src=\"http:\/\/barcelonagolfdestination.com\/wp-content\/uploads\/2017\/08\/blancas-1.png\" alt=\"\" \/> 6673<\/p>\n<p style=\"text-align: center;\"><img decoding=\"async\" src=\"http:\/\/barcelonagolfdestination.com\/wp-content\/uploads\/2017\/08\/amarillas-1.png\" alt=\"\" \/> 6055\u00a0 \u00a0 <img decoding=\"async\" src=\"http:\/\/barcelonagolfdestination.com\/wp-content\/uploads\/2017\/08\/amarillas-1.png\" alt=\"\" \/> 6012<\/p>\n<p style=\"text-align: center;\"><img decoding=\"async\" src=\"http:\/\/barcelonagolfdestination.com\/wp-content\/uploads\/2017\/08\/azules-1.png\" alt=\"\" \/> 5453\u00a0 \u00a0 <img decoding=\"async\" src=\"http:\/\/barcelonagolfdestination.com\/wp-content\/uploads\/2017\/08\/azules-1.png\" alt=\"\" \/> 5315<\/p>\n<p style=\"text-align: center;\"><img decoding=\"async\" src=\"http:\/\/barcelonagolfdestination.com\/wp-content\/uploads\/2017\/08\/rojas-1.png\" alt=\"\" \/> 5131\u00a0 \u00a0 \u00a0<img decoding=\"async\" src=\"http:\/\/barcelonagolfdestination.com\/wp-content\/uploads\/2017\/08\/rojas-1.png\" alt=\"\" \/> 5035<\/p>\n<p>[\/vc_column_text][\/vc_column_inner][vc_column_inner width=\u00bb1\/5&#8243;][vc_column_text]<\/p>\n<p class=\"titulo_sobre_el_campo\">A\u00f1o de construcci\u00f3n<\/p>\n<p>[\/vc_column_text][vc_separator color=\u00bbcustom\u00bb accent_color=\u00bb#00374c\u00bb][vc_column_text]<\/p>\n<p style=\"text-align: center;\">2003<\/p>\n<p>[\/vc_column_text][\/vc_column_inner][\/vc_row_inner][\/vc_column][\/vc_row][vc_row css=\u00bb.vc_custom_1569187772478{margin-top: 30px !important;margin-bottom: 30px !important;}\u00bb][vc_column][vc_column_text css=\u00bb.vc_custom_1582178544867{margin-bottom: 30px !important;}\u00bb]<span class=\"titulo_datos_club\">Servicios:<\/span><\/p>\n<ul class=\"lista_servicios\">\n<li><i class=\"fa fa-check\"><\/i><span class=\"titulo_servicio\"> Campo de pr\u00e1cticas<\/span> <span class=\"atributo_servicio\"> (1\u20ac for 24 balls)<\/span><\/li>\n<li><i class=\"fa fa-check\"><\/i><span class=\"titulo_servicio\"> Vestuarios visitantes<\/span><\/li>\n<li><i class=\"fa fa-check\"><\/i><span class=\"titulo_servicio\"> Bar &#8211; Snack<\/span><\/li>\n<li><i class=\"fa fa-check\"><\/i><span class=\"titulo_servicio\"> Restaurante <\/span> <span class=\"atributo_servicio\"> (24\u20ac)<\/span><\/li>\n<li><i class=\"fa fa-check\"><\/i><span class=\"titulo_servicio\"> Alquiler de palos de golf<\/span> <span class=\"atributo_servicio\"> (45\u20ac)<\/span><\/li>\n<li><i class=\"fa fa-check\"><\/i><span class=\"titulo_servicio\"> Alquiler de Buggies<\/span> <span class=\"atributo_servicio\"> (45\u20ac)<\/span><\/li>\n<li><i class=\"fa fa-check\"><\/i><span class=\"titulo_servicio\"> Tienda de Golf<\/span><\/li>\n<li><i class=\"fa fa-check\"><\/i><span class=\"titulo_servicio\"> Golf Caddy<\/span><\/li>\n<li><i class=\"fa fa-check\"><\/i><span class=\"titulo_servicio\"> Clases de Golf<\/span> <span class=\"atributo_servicio\"> (on request)<\/span><\/li>\n<\/ul>\n<p>[\/vc_column_text][\/vc_column][\/vc_row][vc_row row_content_width=\u00bbgrid\u00bb][vc_column][vc_column_text css=\u00bb.vc_custom_1648295452646{margin-bottom: 30px !important;}\u00bb]<span class=\"titulo_datos_club\">Idiomas hablados en recepci\u00f3n:<\/span><br \/>\n<span class=\"datos_club\">Ingl\u00e9s, franc\u00e9s y espa\u00f1ol.<\/span>[\/vc_column_text][vc_column_text]<span class=\"titulo_datos_club\">Normas de etiqueta:<\/span><br \/>\n<span class=\"datos_club\"> La pieza superior deber\u00e1 ser tipo \u201cpolo\u201d con cuello o de cuello alto, pudiendo las se\u00f1oras utilizarla sin mangas. Los pantalones deben ser apropiados para la pr\u00e1ctica del golf. No est\u00e1 permitido el uso de vaqueros, mallas, ch\u00e1ndales, ropa militar y trajes de ba\u00f1o. Los zapatos deber\u00e1n ser los adecuados para jugar al golf, como norma general deber\u00e1n ser zapatos sin claves salvo que lo establezca el comit\u00e9 de competici\u00f3n.<br \/>\n<\/span>[\/vc_column_text][\/vc_column][\/vc_row][vc_row css=\u00bb.vc_custom_1569184012248{margin-top: 50px !important;margin-bottom: 50px !important;}\u00bb][vc_column]<div class=\"mkdf-section-title-holder subtitulo_ficha_club \" style=\"text-align: left\">\n\t<div class=\"mkdf-st-inner\">\n\t\t\t\t\t<h5 class=\"mkdf-st-subtitle\" >\n\t\t\t\tAlojamiento\t\t\t<\/h5>\n\t\t\t\t\t\t\t<\/div>\n<\/div>[vc_column_text css=\u00bb.vc_custom_1571779487036{margin-top: 30px !important;margin-bottom: 30px !important;}\u00bb]HOTEL M\u00c1S CERCANO:<\/p>\n<ul class=\"hoteles_ficha\">\n<li><i class=\"fa fa-check\"><\/i> <a href=\"http:\/\/www.realclubdegolfelprat.com\/en\/la-mola-resort-spa\" target=\"_blank\" rel=\"noopener noreferrer\"> Hotel La Mola <\/a><\/li>\n<\/ul>\n<p>[\/vc_column_text][vc_column_text]HOTELES RECOMENDADOS:<\/p>\n<ul class=\"hoteles_ficha\">\n<li><i class=\"fa fa-check\"><\/i> <a href=\"http:\/\/www.realclubdegolfelprat.com\/en\/la-mola-resort-spa\" target=\"_blank\" rel=\"noopener noreferrer\"> Hotel La Mola <\/a><\/li>\n<li><i class=\"fa fa-check\"><\/i> <a href=\"https:\/\/www.attica21hotels.com\/en\/aparthotel-attica21-valles\/\" target=\"_blank\" rel=\"noopener noreferrer\"> Attica 21 Vall\u00e9s <\/a><\/li>\n<li><i class=\"fa fa-check\"><\/i> <a href=\"http:\/\/www.hotel-santcugat.com\/es\/\" target=\"_blank\" rel=\"noopener noreferrer\"> Hotel Sant Cugat<\/a><\/li>\n<li><i class=\"fa fa-check\"><\/i> <a href=\"http:\/\/www.hotellaflorida.com\" target=\"_blank\" rel=\"noopener noreferrer\"> Gran Hotel La Florida<\/a><\/li>\n<\/ul>\n<p>[\/vc_column_text][\/vc_column][\/vc_row][vc_row css=\u00bb.vc_custom_1569174189333{margin-top: 50px !important;margin-bottom: 30px !important;}\u00bb][vc_column]<div class=\"mkdf-section-title-holder subtitulo_ficha_club \" style=\"text-align: left\">\n\t<div class=\"mkdf-st-inner\">\n\t\t\t\t\t<h5 class=\"mkdf-st-subtitle\" >\n\t\t\t\tD\u00f3nde estamos\t\t\t<\/h5>\n\t\t\t\t\t\t\t<\/div>\n<\/div>[\/vc_column][\/vc_row][vc_row full_width=\u00bbstretch_row_content_no_spaces\u00bb][vc_column][vc_gmaps link=\u00bb#E-8_JTNDaWZyYW1lJTIwc3JjJTNEJTIyaHR0cHMlM0ElMkYlMkZ3d3cuZ29vZ2xlLmNvbSUyRm1hcHMlMkZlbWJlZCUzRnBiJTNEJTIxMW0xNCUyMTFtOCUyMTFtMyUyMTFkMTE5MzkuNDY3MzM1NzEwMTIlMjEyZDIuMDU1ODQyOCUyMTNkNDEuNTcyMTI2NiUyMTNtMiUyMTFpMTAyNCUyMTJpNzY4JTIxNGYxMy4xJTIxM20zJTIxMW0yJTIxMXMweDAlMjUzQTB4NzczNTFiNzU2OTgxYTkyNSUyMTJzUmVhbCUyNTIwQ2x1YiUyNTIwZGUlMjUyMEdvbGYlMjUyMEVsJTI1MjBQcmF0JTIxNWUwJTIxM20yJTIxMXNlcyUyMTJzZXMlMjE0djE1NzE3Nzk2MjI1MzQlMjE1bTIlMjExc2VzJTIxMnNlcyUyMiUyMHdpZHRoJTNEJTIyNjAwJTIyJTIwaGVpZ2h0JTNEJTIyNDUwJTIyJTIwZnJhbWVib3JkZXIlM0QlMjIwJTIyJTIwc3R5bGUlM0QlMjJib3JkZXIlM0EwJTNCJTIyJTIwYWxsb3dmdWxsc2NyZWVuJTNEJTIyJTIyJTNFJTNDJTJGaWZyYW1lJTNF\u00bb][\/vc_column][\/vc_row]<\/p>\n<\/div>","protected":false},"excerpt":{"rendered":"<p>[vc_row css=\u00bb.vc_custom_1571957571156{margin-top: 50px !important;}\u00bb][vc_column][vc_column_text css=\u00bb.vc_custom_1581690303340{margin-top: 30px !important;}\u00bb]Ubicado en pleno parque natural a tan solo 30 minutos de Barcelona, el Real Club de Golf El Prat se ha posicionado como uno de los clubes de golf m\u00e1s exclusivos de Europa. Los 45 hoyos dise\u00f1ados por el famoso arquitecto de golf Greg Norman han sido anfitriones de 10 ediciones del Open de Espa\u00f1a y sus instalaciones y servicios de primera clase han sido galardonados con numerosos premios internacionales.[\/vc_column_text][\/vc_column][\/vc_row][vc_row full_width=\u00bbstretch_row_content_no_spaces\u00bb css=\u00bb.vc_custom_1571608732328{margin-top: 30px !important;border-top-width: [&hellip;]<\/p>\n","protected":false},"author":1,"featured_media":0,"parent":0,"menu_order":0,"comment_status":"closed","ping_status":"closed","template":"","meta":{"footnotes":""},"class_list":["post-8020","page","type-page","status-publish","hentry"],"aioseo_notices":[],"_links":{"self":[{"href":"https:\/\/barcelonagolfdestination.com\/es\/wp-json\/wp\/v2\/pages\/8020","targetHints":{"allow":["GET"]}}],"collection":[{"href":"https:\/\/barcelonagolfdestination.com\/es\/wp-json\/wp\/v2\/pages"}],"about":[{"href":"https:\/\/barcelonagolfdestination.com\/es\/wp-json\/wp\/v2\/types\/page"}],"author":[{"embeddable":true,"href":"https:\/\/barcelonagolfdestination.com\/es\/wp-json\/wp\/v2\/users\/1"}],"replies":[{"embeddable":true,"href":"https:\/\/barcelonagolfdestination.com\/es\/wp-json\/wp\/v2\/comments?post=8020"}],"version-history":[{"count":33,"href":"https:\/\/barcelonagolfdestination.com\/es\/wp-json\/wp\/v2\/pages\/8020\/revisions"}],"predecessor-version":[{"id":52472,"href":"https:\/\/barcelonagolfdestination.com\/es\/wp-json\/wp\/v2\/pages\/8020\/revisions\/52472"}],"wp:attachment":[{"href":"https:\/\/barcelonagolfdestination.com\/es\/wp-json\/wp\/v2\/media?parent=8020"}],"curies":[{"name":"wp","href":"https:\/\/api.w.org\/{rel}","templated":true}]}}