{"id":7255,"date":"2019-08-08T23:30:48","date_gmt":"2019-08-08T21:30:48","guid":{"rendered":"http:\/\/barcelonagolfdestination.com\/?page_id=7255"},"modified":"2026-01-10T01:23:35","modified_gmt":"2026-01-10T00:23:35","slug":"club-de-golf-vallromanes","status":"publish","type":"page","link":"https:\/\/barcelonagolfdestination.com\/es\/club-de-golf-vallromanes\/","title":{"rendered":"Club de Golf Vallromanes"},"content":{"rendered":"<div class=\"wpb-content-wrapper\"><p>[vc_row css=\u00bb.vc_custom_1571957549753{margin-top: 50px !important;}\u00bb][vc_column]<div class=\"mkdf-section-title-holder titulo_ficha_club \" style=\"text-align: left\">\n\t<div class=\"mkdf-st-inner\">\n\t\t\t\t\t\t\t<h1 class=\"mkdf-st-title\" >\n\t\t\t\tClub de Golf Vallromanes\t\t\t<\/h1>\n\t\t\t\t\t<\/div>\n<\/div>[vc_column_text css=\u00bb.vc_custom_1569184042908{margin-top: 30px !important;}\u00bb]<\/p>\n<p style=\"text-align: justify;\">La tradici\u00f3n y la aut\u00e9ntica atm\u00f3sfera de club de golf son todav\u00eda el alma del Club de Golf Vallromanes. A tan solo 25 minutos en coche del centro de Barcelona usted es bienvenido a una de las experiencias preeminentes de golf en Catalunya. El recorrido fue <a href=\"https:\/\/www.clubdegolfvallromanes.com\/campo\/\" target=\"_blank\" rel=\"noopener noreferrer\">dise\u00f1ado y construido por Mr. FW Hawtree<\/a> en 1972, miembro de una de las sagas m\u00e1s importantes en el \u00e1mbito del dise\u00f1o de campos de golf. Pero la tradici\u00f3n no se limita solo al recorrido, la casa club se encuentra en la <a href=\"https:\/\/www.clubdegolfvallromanes.com\/historia\/\" target=\"_blank\" rel=\"noopener noreferrer\">Torre Tabernera<\/a>, una imponente mansi\u00f3n se\u00f1orial construida sobre el antiguo Castell Vell dels Montornes en 1718.<\/p>\n<p>[\/vc_column_text][\/vc_column][\/vc_row][vc_row full_width=\u00bbstretch_row_content_no_spaces\u00bb css=\u00bb.vc_custom_1571608732328{margin-top: 30px !important;border-top-width: 0px !important;padding-top: 0px !important;background-color: #00374c !important;}\u00bb][vc_column]<div class=\"mkdf-call-to-action-holder boton-reservar mkdf-simple-layout \">\n\t<div class=\"mkdf-cta-inner \">\n\t\t<div class=\"mkdf-cta-text-holder\">\n\t\t\t<div class=\"mkdf-cta-text\">\n<h4>Reserve en CLUB DE GOLF VALLROMANES<\/h4>\n<\/div>\n\t\t<\/div>\n\t\t<div class=\"mkdf-cta-button-holder\" >\n\t\t\t<div class=\"mkdf-cta-button\"><a itemprop=\"url\" href=\"https:\/\/open.teeone.golf\/es\/vallromanes\" target=\"_blank\" style=\"color: #00374c;background-color: #ffffff\" class=\"mkdf-btn mkdf-btn-large mkdf-btn-solid mkdf-btn-custom-hover-bg mkdf-btn-custom-border-hover\" data-hover-bg-color=\"#00374c\" data-hover-border-color=\"#ffffff\" >    <span class=\"mkdf-btn-text\">RESERVAR<\/span>    <\/a><\/div>\n\t\t<\/div>\n\t<\/div>\n<\/div>[\/vc_column][\/vc_row][vc_row css=\u00bb.vc_custom_1571608816529{margin-top: 30px !important;margin-bottom: 30px !important;margin-left: 4px !important;}\u00bb][vc_column css=\u00bb.vc_custom_1571608799875{margin-top: 0px !important;padding-top: 0px !important;}\u00bb]<div class=\"mkdf-section-title-holder subtitulo_ficha_club \" style=\"text-align: left\">\n\t<div class=\"mkdf-st-inner\">\n\t\t\t\t\t<h5 class=\"mkdf-st-subtitle\" >\n\t\t\t\tDatos del Club\t\t\t<\/h5>\n\t\t\t\t\t\t\t<\/div>\n<\/div>[vc_column_text]<\/p>\n<ul class=\"datos_club\">\n<li><span class=\"titulo_datos_club\">Nombre del Club:<\/span><br \/>\n<span class=\"datos_club\">Club de Golf Vallromanes<\/span><\/li>\n<li><span class=\"titulo_datos_club\">Direcci\u00f3n:<\/span><br \/>\n<span class=\"datos_club\">Passeig de la Torre Tabernera, s\/n, 08188 Vallromanes, Barcelona<\/span><\/li>\n<li><span class=\"titulo_datos_club\">A\u00f1o de fundaci\u00f3n:<\/span><br \/>\n<span class=\"datos_club\">1972<\/span><\/li>\n<li><span class=\"titulo_datos_club\">P\u00e1gina web:<\/span><br \/>\n<span class=\"datos_club\"><a href=\"https:\/\/www.clubdegolfvallromanes.com\/\" target=\"_blank\" rel=\"noopener noreferrer\">www.golfvallromanes.com<\/a><\/span><\/li>\n<li><span class=\"titulo_datos_club\">Email de contacto del Club (comercial \/ reservas):<\/span><br \/>\n<span class=\"datos_club\"><a href=\"mailto:info@golfvallromanes.com\">info@golfvallromanes.com<\/a><\/span><\/li>\n<li><span class=\"titulo_datos_club\">Tel\u00e9fono:<\/span><br \/>\n<span class=\"datos_club\">935 729 330<\/span><\/li>\n<li><span class=\"titulo_datos_club\">D\u00edas de cierre:<\/span><br \/>\n<span class=\"datos_club\">Todos los martes, 1 de enero, 25 de diciembre<\/span><\/li>\n<\/ul>\n<p>[\/vc_column_text][\/vc_column][\/vc_row][vc_row full_width=\u00bbstretch_row_content_no_spaces\u00bb css=\u00bb.vc_custom_1571119486385{margin-bottom: 0px !important;border-bottom-width: 0px !important;padding-bottom: 0px !important;}\u00bb][vc_column]<div class=\"mkdf-image-gallery  mkdf-ig-masonry-type mkdf-no-space  mkdf-image-behavior-lightbox\">\n\t<div class=\"mkdf-ig-inner mkdf-outer-space mkdf-ig-masonry mkdf-ig-three-columns\">\n\t\t<div class=\"mkdf-ig-grid-sizer\"><\/div>\n\t\t<div class=\"mkdf-ig-grid-gutter\"><\/div>\n\t\t\t\t\t\t\t\t<div class=\"mkdf-ig-image mkdf-item-space \">\n\t\t\t\t<div class=\"mkdf-ig-image-inner\">\n\t\t\t\t\t\t\t\t\t\t\t<a itemprop=\"image\" class=\"mkdf-ig-lightbox\" href=\"https:\/\/barcelonagolfdestination.com\/wp-content\/uploads\/2020\/11\/club-golf-vallromanes-2.jpg\" data-rel=\"prettyPhoto[image_gallery_pretty_photo-329]\" title=\"club de golf vallromanes casa club torre tavernera\">\n\t\t\t\t\t\t\t\t\t\t\t<img loading=\"lazy\" decoding=\"async\" width=\"1920\" height=\"1080\" src=\"https:\/\/barcelonagolfdestination.com\/wp-content\/uploads\/2020\/11\/club-golf-vallromanes-2.jpg\" class=\"attachment- size-\" alt=\"club de golf vallromanes casa club torre tavernera\" srcset=\"https:\/\/barcelonagolfdestination.com\/wp-content\/uploads\/2020\/11\/club-golf-vallromanes-2.jpg 1920w, https:\/\/barcelonagolfdestination.com\/wp-content\/uploads\/2020\/11\/club-golf-vallromanes-2-300x169.jpg 300w, https:\/\/barcelonagolfdestination.com\/wp-content\/uploads\/2020\/11\/club-golf-vallromanes-2-1024x576.jpg 1024w, https:\/\/barcelonagolfdestination.com\/wp-content\/uploads\/2020\/11\/club-golf-vallromanes-2-768x432.jpg 768w, https:\/\/barcelonagolfdestination.com\/wp-content\/uploads\/2020\/11\/club-golf-vallromanes-2-1536x864.jpg 1536w\" sizes=\"auto, (max-width: 1920px) 100vw, 1920px\" \/>\t\t\t\t\t\t\t\t\t\t\t<\/a>\n\t\t\t\t\t\t\t\t\t<\/div>\n\t\t\t<\/div>\n\t\t\t\t\t\t\t\t<div class=\"mkdf-ig-image mkdf-item-space \">\n\t\t\t\t<div class=\"mkdf-ig-image-inner\">\n\t\t\t\t\t\t\t\t\t\t\t<a itemprop=\"image\" class=\"mkdf-ig-lightbox\" href=\"https:\/\/barcelonagolfdestination.com\/wp-content\/uploads\/2020\/11\/club-golf-vallromanes-3.jpg\" data-rel=\"prettyPhoto[image_gallery_pretty_photo-329]\" title=\"campo de golf vallromanes vistas bunkers y arboles\">\n\t\t\t\t\t\t\t\t\t\t\t<img loading=\"lazy\" decoding=\"async\" width=\"1920\" height=\"1080\" src=\"https:\/\/barcelonagolfdestination.com\/wp-content\/uploads\/2020\/11\/club-golf-vallromanes-3.jpg\" class=\"attachment- size-\" alt=\"campo de golf vallromanes vistas bunkers y arboles\" srcset=\"https:\/\/barcelonagolfdestination.com\/wp-content\/uploads\/2020\/11\/club-golf-vallromanes-3.jpg 1920w, https:\/\/barcelonagolfdestination.com\/wp-content\/uploads\/2020\/11\/club-golf-vallromanes-3-300x169.jpg 300w, https:\/\/barcelonagolfdestination.com\/wp-content\/uploads\/2020\/11\/club-golf-vallromanes-3-1024x576.jpg 1024w, https:\/\/barcelonagolfdestination.com\/wp-content\/uploads\/2020\/11\/club-golf-vallromanes-3-768x432.jpg 768w, https:\/\/barcelonagolfdestination.com\/wp-content\/uploads\/2020\/11\/club-golf-vallromanes-3-1536x864.jpg 1536w\" sizes=\"auto, (max-width: 1920px) 100vw, 1920px\" \/>\t\t\t\t\t\t\t\t\t\t\t<\/a>\n\t\t\t\t\t\t\t\t\t<\/div>\n\t\t\t<\/div>\n\t\t\t\t\t\t\t\t<div class=\"mkdf-ig-image mkdf-item-space \">\n\t\t\t\t<div class=\"mkdf-ig-image-inner\">\n\t\t\t\t\t\t\t\t\t\t\t<a itemprop=\"image\" class=\"mkdf-ig-lightbox\" href=\"https:\/\/barcelonagolfdestination.com\/wp-content\/uploads\/2020\/11\/club-golf-vallromanes-4.jpg\" data-rel=\"prettyPhoto[image_gallery_pretty_photo-329]\" title=\"campo de golf vallromanes vistas bunkers y arboles\">\n\t\t\t\t\t\t\t\t\t\t\t<img loading=\"lazy\" decoding=\"async\" width=\"1920\" height=\"1080\" src=\"https:\/\/barcelonagolfdestination.com\/wp-content\/uploads\/2020\/11\/club-golf-vallromanes-4.jpg\" class=\"attachment- size-\" alt=\"campo de golf vallromanes vistas bunkers y arboles\" srcset=\"https:\/\/barcelonagolfdestination.com\/wp-content\/uploads\/2020\/11\/club-golf-vallromanes-4.jpg 1920w, https:\/\/barcelonagolfdestination.com\/wp-content\/uploads\/2020\/11\/club-golf-vallromanes-4-300x169.jpg 300w, https:\/\/barcelonagolfdestination.com\/wp-content\/uploads\/2020\/11\/club-golf-vallromanes-4-1024x576.jpg 1024w, https:\/\/barcelonagolfdestination.com\/wp-content\/uploads\/2020\/11\/club-golf-vallromanes-4-768x432.jpg 768w, https:\/\/barcelonagolfdestination.com\/wp-content\/uploads\/2020\/11\/club-golf-vallromanes-4-1536x864.jpg 1536w\" sizes=\"auto, (max-width: 1920px) 100vw, 1920px\" \/>\t\t\t\t\t\t\t\t\t\t\t<\/a>\n\t\t\t\t\t\t\t\t\t<\/div>\n\t\t\t<\/div>\n\t\t\t\t\t\t\t\t<div class=\"mkdf-ig-image mkdf-item-space \">\n\t\t\t\t<div class=\"mkdf-ig-image-inner\">\n\t\t\t\t\t\t\t\t\t\t\t<a itemprop=\"image\" class=\"mkdf-ig-lightbox\" href=\"https:\/\/barcelonagolfdestination.com\/wp-content\/uploads\/2020\/11\/club-golf-vallromanes-5.jpg\" data-rel=\"prettyPhoto[image_gallery_pretty_photo-329]\" title=\"campo de golf vallromanes bunker y hombre con palos de golf\">\n\t\t\t\t\t\t\t\t\t\t\t<img loading=\"lazy\" decoding=\"async\" width=\"1920\" height=\"1080\" src=\"https:\/\/barcelonagolfdestination.com\/wp-content\/uploads\/2020\/11\/club-golf-vallromanes-5.jpg\" class=\"attachment- size-\" alt=\"campo de golf vallromanes bunker y hombre con palos de golf\" srcset=\"https:\/\/barcelonagolfdestination.com\/wp-content\/uploads\/2020\/11\/club-golf-vallromanes-5.jpg 1920w, https:\/\/barcelonagolfdestination.com\/wp-content\/uploads\/2020\/11\/club-golf-vallromanes-5-300x169.jpg 300w, https:\/\/barcelonagolfdestination.com\/wp-content\/uploads\/2020\/11\/club-golf-vallromanes-5-1024x576.jpg 1024w, https:\/\/barcelonagolfdestination.com\/wp-content\/uploads\/2020\/11\/club-golf-vallromanes-5-768x432.jpg 768w, https:\/\/barcelonagolfdestination.com\/wp-content\/uploads\/2020\/11\/club-golf-vallromanes-5-1536x864.jpg 1536w\" sizes=\"auto, (max-width: 1920px) 100vw, 1920px\" \/>\t\t\t\t\t\t\t\t\t\t\t<\/a>\n\t\t\t\t\t\t\t\t\t<\/div>\n\t\t\t<\/div>\n\t\t\t\t\t\t\t\t<div class=\"mkdf-ig-image mkdf-item-space \">\n\t\t\t\t<div class=\"mkdf-ig-image-inner\">\n\t\t\t\t\t\t\t\t\t\t\t<a itemprop=\"image\" class=\"mkdf-ig-lightbox\" href=\"https:\/\/barcelonagolfdestination.com\/wp-content\/uploads\/2020\/11\/club-golf-vallromanes-6.jpg\" data-rel=\"prettyPhoto[image_gallery_pretty_photo-329]\" title=\"campo de golf vallromanes bunkers y casa club torre tavernera\">\n\t\t\t\t\t\t\t\t\t\t\t<img loading=\"lazy\" decoding=\"async\" width=\"1920\" height=\"1080\" src=\"https:\/\/barcelonagolfdestination.com\/wp-content\/uploads\/2020\/11\/club-golf-vallromanes-6.jpg\" class=\"attachment- size-\" alt=\"campo de golf vallromanes bunkers y casa club torre tavernera\" srcset=\"https:\/\/barcelonagolfdestination.com\/wp-content\/uploads\/2020\/11\/club-golf-vallromanes-6.jpg 1920w, https:\/\/barcelonagolfdestination.com\/wp-content\/uploads\/2020\/11\/club-golf-vallromanes-6-300x169.jpg 300w, https:\/\/barcelonagolfdestination.com\/wp-content\/uploads\/2020\/11\/club-golf-vallromanes-6-1024x576.jpg 1024w, https:\/\/barcelonagolfdestination.com\/wp-content\/uploads\/2020\/11\/club-golf-vallromanes-6-768x432.jpg 768w, https:\/\/barcelonagolfdestination.com\/wp-content\/uploads\/2020\/11\/club-golf-vallromanes-6-1536x864.jpg 1536w\" sizes=\"auto, (max-width: 1920px) 100vw, 1920px\" \/>\t\t\t\t\t\t\t\t\t\t\t<\/a>\n\t\t\t\t\t\t\t\t\t<\/div>\n\t\t\t<\/div>\n\t\t\t\t\t\t\t\t<div class=\"mkdf-ig-image mkdf-item-space \">\n\t\t\t\t<div class=\"mkdf-ig-image-inner\">\n\t\t\t\t\t\t\t\t\t\t\t<a itemprop=\"image\" class=\"mkdf-ig-lightbox\" href=\"https:\/\/barcelonagolfdestination.com\/wp-content\/uploads\/2020\/11\/club-golf-vallromanes-1.jpg\" data-rel=\"prettyPhoto[image_gallery_pretty_photo-329]\" title=\"campo de golf vallromanes lago\">\n\t\t\t\t\t\t\t\t\t\t\t<img loading=\"lazy\" decoding=\"async\" width=\"1920\" height=\"1080\" src=\"https:\/\/barcelonagolfdestination.com\/wp-content\/uploads\/2020\/11\/club-golf-vallromanes-1.jpg\" class=\"attachment- size-\" alt=\"campo de golf vallromanes lago\" srcset=\"https:\/\/barcelonagolfdestination.com\/wp-content\/uploads\/2020\/11\/club-golf-vallromanes-1.jpg 1920w, https:\/\/barcelonagolfdestination.com\/wp-content\/uploads\/2020\/11\/club-golf-vallromanes-1-300x169.jpg 300w, https:\/\/barcelonagolfdestination.com\/wp-content\/uploads\/2020\/11\/club-golf-vallromanes-1-1024x576.jpg 1024w, https:\/\/barcelonagolfdestination.com\/wp-content\/uploads\/2020\/11\/club-golf-vallromanes-1-768x432.jpg 768w, https:\/\/barcelonagolfdestination.com\/wp-content\/uploads\/2020\/11\/club-golf-vallromanes-1-1536x864.jpg 1536w\" sizes=\"auto, (max-width: 1920px) 100vw, 1920px\" \/>\t\t\t\t\t\t\t\t\t\t\t<\/a>\n\t\t\t\t\t\t\t\t\t<\/div>\n\t\t\t<\/div>\n\t\t\t<\/div>\n<\/div>[\/vc_column][\/vc_row][vc_row css=\u00bb.vc_custom_1571608838449{margin-top: 30px !important;margin-bottom: 50px !important;}\u00bb][vc_column]<div class=\"mkdf-section-title-holder subtitulo_ficha_club \" style=\"text-align: left\">\n\t<div class=\"mkdf-st-inner\">\n\t\t\t\t\t<h5 class=\"mkdf-st-subtitle\" >\n\t\t\t\tSobre el campo\t\t\t<\/h5>\n\t\t\t\t\t\t\t<\/div>\n<\/div>[vc_row_inner css=\u00bb.vc_custom_1569168007294{margin-top: 30px !important;}\u00bb][vc_column_inner width=\u00bb1\/5&#8243;][vc_column_text]<\/p>\n<p class=\"titulo_sobre_el_campo\">Dise\u00f1ador<\/p>\n<p>[\/vc_column_text][vc_separator color=\u00bbcustom\u00bb accent_color=\u00bb#00374c\u00bb][vc_column_text]<\/p>\n<p style=\"text-align: center;\">F. W. Hawtree<\/p>\n<p>[\/vc_column_text][\/vc_column_inner][vc_column_inner width=\u00bb1\/5&#8243;][vc_column_text]<\/p>\n<p class=\"titulo_sobre_el_campo\">N\u00famero de hoyos<\/p>\n<p>[\/vc_column_text][vc_separator color=\u00bbcustom\u00bb accent_color=\u00bb#00374c\u00bb][vc_column_text]<\/p>\n<p style=\"text-align: center;\">18<\/p>\n<p>[\/vc_column_text][\/vc_column_inner][vc_column_inner width=\u00bb1\/5&#8243;][vc_column_text]<\/p>\n<p class=\"titulo_sobre_el_campo\">Par<\/p>\n<p>[\/vc_column_text][vc_separator color=\u00bbcustom\u00bb accent_color=\u00bb#00374c\u00bb][vc_column_text]<\/p>\n<p style=\"text-align: center;\">72<\/p>\n<p>[\/vc_column_text][\/vc_column_inner][vc_column_inner width=\u00bb1\/5&#8243;][vc_column_text]<\/p>\n<p class=\"titulo_sobre_el_campo\">Metros<\/p>\n<p>[\/vc_column_text][vc_separator color=\u00bbcustom\u00bb accent_color=\u00bb#2c4938&#8243;][vc_column_text]<\/p>\n<p style=\"text-align: center;\"><img decoding=\"async\" src=\"http:\/\/barcelonagolfdestination.com\/wp-content\/uploads\/2017\/08\/blancas-1.png\" alt=\"\" \/> 6044m<\/p>\n<p style=\"text-align: center;\"><img decoding=\"async\" src=\"http:\/\/barcelonagolfdestination.com\/wp-content\/uploads\/2017\/08\/amarillas-1.png\" alt=\"\" \/> 5857m<\/p>\n<p style=\"text-align: center;\"><img decoding=\"async\" src=\"http:\/\/barcelonagolfdestination.com\/wp-content\/uploads\/2017\/08\/azules-1.png\" alt=\"\" \/> 5244m<\/p>\n<p style=\"text-align: center;\"><img decoding=\"async\" src=\"http:\/\/barcelonagolfdestination.com\/wp-content\/uploads\/2017\/08\/rojas-1.png\" alt=\"\" \/> 5075m<\/p>\n<p>[\/vc_column_text][\/vc_column_inner][vc_column_inner width=\u00bb1\/5&#8243;][vc_column_text]<\/p>\n<p class=\"titulo_sobre_el_campo\">A\u00f1o de construcci\u00f3n<\/p>\n<p>[\/vc_column_text][vc_separator color=\u00bbcustom\u00bb accent_color=\u00bb#00374c\u00bb][vc_column_text]<\/p>\n<p style=\"text-align: center;\">1972<\/p>\n<p>[\/vc_column_text][\/vc_column_inner][\/vc_row_inner][\/vc_column][\/vc_row][vc_row][vc_column][vc_column_text css=\u00bb.vc_custom_1582235256233{margin-bottom: 30px !important;}\u00bb]<span class=\"titulo_datos_club\">Servicios:<\/span><\/p>\n<ul class=\"lista_servicios\">\n<li><i class=\"fa fa-check\"><\/i><span class=\"titulo_servicio\"> Campo de pr\u00e1cticas<\/span> <span class=\"atributo_servicio\"> (1\u20ac 25 balls)<\/span><\/li>\n<li><i class=\"fa fa-check\"><\/i><span class=\"titulo_servicio\"> Vestuarios visitantes<\/span><\/li>\n<li><i class=\"fa fa-check\"><\/i><span class=\"titulo_servicio\"> Bar &#8211; Snack<\/span><\/li>\n<li><i class=\"fa fa-check\"><\/i><span class=\"titulo_servicio\"> Restaurante <\/span> <span class=\"atributo_servicio\"> (17\u20ac &#8211; 26\u20ac)<\/span><\/li>\n<li><i class=\"fa fa-check\"><\/i><span class=\"titulo_servicio\"> Alquiler de palos de golf <span class=\"atributo_servicio\"> (35\u20ac)<\/span><\/span><\/li>\n<li><i class=\"fa fa-check\"><\/i><span class=\"titulo_servicio\"> Alquiler de Buggies<\/span> <span class=\"atributo_servicio\"> (34\u20ac)<\/span><\/li>\n<li><i class=\"fa fa-check\"><\/i><span class=\"titulo_servicio\"> Tienda de Golf<\/span><\/li>\n<li><i class=\"fa fa-check\"><\/i><span class=\"titulo_servicio\"> Golf Caddy<\/span> <span class=\"atributo_servicio\"> (150\u20ac)<\/span><\/li>\n<li><i class=\"fa fa-check\"><\/i><span class=\"titulo_servicio\"> Clases de Golf<\/span> <span class=\"atributo_servicio\"> (40\u20ac\/h)<\/span><\/li>\n<\/ul>\n<p>[\/vc_column_text][\/vc_column][\/vc_row][vc_row row_content_width=\u00bbgrid\u00bb][vc_column][vc_column_text css=\u00bb.vc_custom_1575916107071{margin-bottom: 30px !important;}\u00bb]<span class=\"titulo_datos_club\">Idiomas hablados en recepci\u00f3n:<\/span><br \/>\n<span class=\"datos_club\">English, french, spanish, catalan<\/span>[\/vc_column_text][vc_column_text]<span class=\"titulo_datos_club\">Normas de etiqueta:<\/span><br \/>\n<span class=\"datos_club\">La pieza superior deber\u00e1 ser tipo \u201cpolo\u201d con cuello o de cuello alto, pudiendo las se\u00f1oras utilizarla sin mangas.<br \/>\nLos pantalones deben ser apropiados para la pr\u00e1ctica del golf. No est\u00e1 permitido el uso de vaqueros, mallas, ch\u00e1ndales, ropa militar y trajes de ba\u00f1o.<br \/>\nLos zapatos deber\u00e1n ser los adecuados para jugar al golf, como norma general deber\u00e1n ser zapatos sin claves salvo que lo establezca el comit\u00e9 de competici\u00f3n.<br \/>\n<\/span>[\/vc_column_text][\/vc_column][\/vc_row][vc_row css=\u00bb.vc_custom_1569184012248{margin-top: 50px !important;margin-bottom: 50px !important;}\u00bb][vc_column]<div class=\"mkdf-section-title-holder subtitulo_ficha_club \" style=\"text-align: left\">\n\t<div class=\"mkdf-st-inner\">\n\t\t\t\t\t<h5 class=\"mkdf-st-subtitle\" >\n\t\t\t\tAlojamiento\t\t\t<\/h5>\n\t\t\t\t\t\t\t<\/div>\n<\/div>[vc_column_text css=\u00bb.vc_custom_1634120268856{margin-top: 30px !important;margin-bottom: 30px !important;}\u00bb]HOTEL M\u00c1S CERCANO:<\/p>\n<ul class=\"hoteles_ficha\">\n<li><i class=\"fa fa-check\"><\/i> <a href=\"https:\/\/www.massalagros.com\/ecoresort\/\" target=\"_blank\" rel=\"noopener noreferrer\"> Ecoresort Mas Salagros 5*****<\/a><\/li>\n<\/ul>\n<p>[\/vc_column_text][vc_column_text]HOTELES RECOMENDADOS:<\/p>\n<ul class=\"hoteles_ficha\">\n<li><i class=\"fa fa-check\"><\/i> <a href=\"https:\/\/www.massalagros.com\/ecoresort\/\" target=\"_blank\" rel=\"noopener noreferrer\"> Ecoresort Mas Salagros 5*****<\/a><\/li>\n<li><i class=\"fa fa-check\"><\/i> <a href=\"https:\/\/www.hotelaugustavalles.com\/\" target=\"_blank\" rel=\"noopener noreferrer\"> Hotel Augusta 4****<\/a><\/li>\n<\/ul>\n<p>[\/vc_column_text][\/vc_column][\/vc_row][vc_row css=\u00bb.vc_custom_1569174189333{margin-top: 50px !important;margin-bottom: 30px !important;}\u00bb][vc_column]<div class=\"mkdf-section-title-holder subtitulo_ficha_club \" style=\"text-align: left\">\n\t<div class=\"mkdf-st-inner\">\n\t\t\t\t\t<h5 class=\"mkdf-st-subtitle\" >\n\t\t\t\tD\u00f3nde estamos\t\t\t<\/h5>\n\t\t\t\t\t\t\t<\/div>\n<\/div>[\/vc_column][\/vc_row][vc_row full_width=\u00bbstretch_row_content_no_spaces\u00bb][vc_column][vc_gmaps link=\u00bb#E-8_JTNDaWZyYW1lJTIwc3JjJTNEJTIyaHR0cHMlM0ElMkYlMkZ3d3cuZ29vZ2xlLmNvbSUyRm1hcHMlMkZlbWJlZCUzRnBiJTNEJTIxMW0xNCUyMTFtOCUyMTFtMyUyMTFkMTE5NDcuMDEyNjgwOTUzMTg3JTIxMmQyLjI4NTgyNCUyMTNkNDEuNTMxMjg3JTIxM20yJTIxMWkxMDI0JTIxMmk3NjglMjE0ZjEzLjElMjEzbTMlMjExbTIlMjExczB4MCUyNTNBMHg1MTkxNWQ3Y2M0YzU4M2VlJTIxMnNDbHViJTI1MjBkZSUyNTIwR29sZiUyNTIwVmFsbHJvbWFuZXMlMjE1ZTAlMjEzbTIlMjExc2VzJTIxMnNlcyUyMTR2MTU2OTA3NjY0ODMwNyUyMTVtMiUyMTFzZXMlMjEyc2VzJTIyJTIwd2lkdGglM0QlMjI2MDAlMjIlMjBoZWlnaHQlM0QlMjI0NTAlMjIlMjBmcmFtZWJvcmRlciUzRCUyMjAlMjIlMjBzdHlsZSUzRCUyMmJvcmRlciUzQTAlM0IlMjIlMjBhbGxvd2Z1bGxzY3JlZW4lM0QlMjIlMjIlM0UlM0MlMkZpZnJhbWUlM0U=\u00bb][\/vc_column][\/vc_row]<\/p>\n<\/div>","protected":false},"excerpt":{"rendered":"<p>[vc_row css=\u00bb.vc_custom_1571957549753{margin-top: 50px !important;}\u00bb][vc_column][vc_column_text css=\u00bb.vc_custom_1569184042908{margin-top: 30px !important;}\u00bb] La tradici\u00f3n y la aut\u00e9ntica atm\u00f3sfera de club de golf son todav\u00eda el alma del Club de Golf Vallromanes. A tan solo 25 minutos en coche del centro de Barcelona usted es bienvenido a una de las experiencias preeminentes de golf en Catalunya. El recorrido fue dise\u00f1ado y construido por Mr. FW Hawtree en 1972, miembro de una de las sagas m\u00e1s importantes en el \u00e1mbito del dise\u00f1o de campos de golf. Pero [&hellip;]<\/p>\n","protected":false},"author":1,"featured_media":0,"parent":0,"menu_order":0,"comment_status":"closed","ping_status":"closed","template":"","meta":{"footnotes":""},"class_list":["post-7255","page","type-page","status-publish","hentry"],"aioseo_notices":[],"_links":{"self":[{"href":"https:\/\/barcelonagolfdestination.com\/es\/wp-json\/wp\/v2\/pages\/7255","targetHints":{"allow":["GET"]}}],"collection":[{"href":"https:\/\/barcelonagolfdestination.com\/es\/wp-json\/wp\/v2\/pages"}],"about":[{"href":"https:\/\/barcelonagolfdestination.com\/es\/wp-json\/wp\/v2\/types\/page"}],"author":[{"embeddable":true,"href":"https:\/\/barcelonagolfdestination.com\/es\/wp-json\/wp\/v2\/users\/1"}],"replies":[{"embeddable":true,"href":"https:\/\/barcelonagolfdestination.com\/es\/wp-json\/wp\/v2\/comments?post=7255"}],"version-history":[{"count":152,"href":"https:\/\/barcelonagolfdestination.com\/es\/wp-json\/wp\/v2\/pages\/7255\/revisions"}],"predecessor-version":[{"id":52480,"href":"https:\/\/barcelonagolfdestination.com\/es\/wp-json\/wp\/v2\/pages\/7255\/revisions\/52480"}],"wp:attachment":[{"href":"https:\/\/barcelonagolfdestination.com\/es\/wp-json\/wp\/v2\/media?parent=7255"}],"curies":[{"name":"wp","href":"https:\/\/api.w.org\/{rel}","templated":true}]}}