{"id":52636,"date":"2026-01-14T00:41:35","date_gmt":"2026-01-13T23:41:35","guid":{"rendered":"https:\/\/barcelonagolfdestination.com\/?page_id=52636"},"modified":"2026-01-17T10:26:54","modified_gmt":"2026-01-17T09:26:54","slug":"club-de-golf-sant-cugat","status":"publish","type":"page","link":"https:\/\/barcelonagolfdestination.com\/es\/club-de-golf-sant-cugat\/","title":{"rendered":"Club de Golf Sant Cugat"},"content":{"rendered":"<div class=\"wpb-content-wrapper\"><p>[vc_row css=\u00bb.vc_custom_1571957571156{margin-top: 50px !important;}\u00bb][vc_column]<div class=\"mkdf-section-title-holder titulo_ficha_club \" style=\"text-align: left\">\n\t<div class=\"mkdf-st-inner\">\n\t\t\t\t\t\t\t<h1 class=\"mkdf-st-title\" >\n\t\t\t\tClub de Golf Sant Cugat\t\t\t<\/h1>\n\t\t\t\t\t<\/div>\n<\/div>[vc_column_text css=\u00bb.vc_custom_1768426708812{margin-top: 30px !important;}\u00bb]<span style=\"font-weight: 400;\">El Club de Golf de Sant Cugat es el decano de los campos de golf de Catalu\u00f1a y se encuentra a 10 minutos de la ciudad de Barcelona.<\/span><\/p>\n<p><span style=\"font-weight: 400;\">Es el primer campo de 18 hoyos de nuestro pa\u00eds que sigue en sus terrenos originales del Vall\u00e9s desde que, en 1914, los ingenieros de la Barcelona Traction Light &amp; Power, conocida como \u201cLa Canadiense\u201d, empezaron a jugar en \u00e9l.<\/span><\/p>\n<p>Desde entonces, el Club de Golf de Sant Cugat se ha mantenido como un referente en el deporte, un club familiar lejos de los elitismos que durante mucho tiempo han marcado este deporte.<\/p>\n<p>Ha sido y es cuna de muchas y buenas generaciones de golfistas, con una dedicaci\u00f3n particular hacia los m\u00e1s j\u00f3venes, y una central y valiosa parte del patrimonio de Sant Cugat, que puede considerarlo el pulm\u00f3n natural de la ciudad por su ubicaci\u00f3n en pleno centro de la poblaci\u00f3n.[\/vc_column_text][\/vc_column][\/vc_row][vc_row full_width=\u00bbstretch_row_content_no_spaces\u00bb css=\u00bb.vc_custom_1571608732328{margin-top: 30px !important;border-top-width: 0px !important;padding-top: 0px !important;background-color: #00374c !important;}\u00bb][vc_column]<div class=\"mkdf-call-to-action-holder boton-reservar mkdf-simple-layout \">\n\t<div class=\"mkdf-cta-inner \">\n\t\t<div class=\"mkdf-cta-text-holder\">\n\t\t\t<div class=\"mkdf-cta-text\">\n<h4>Reserve en CLUB DE GOLF SANT CUGAT<\/h4>\n<\/div>\n\t\t<\/div>\n\t\t<div class=\"mkdf-cta-button-holder\" >\n\t\t\t<div class=\"mkdf-cta-button\"><a itemprop=\"url\" href=\"https:\/\/open.teeone.golf\/en\/santcugat\" target=\"_blank\" style=\"color: #00374c;background-color: #ffffff\" class=\"mkdf-btn mkdf-btn-large mkdf-btn-solid mkdf-btn-custom-hover-bg mkdf-btn-custom-border-hover\" data-hover-bg-color=\"#00374c\" data-hover-border-color=\"#ffffff\" >    <span class=\"mkdf-btn-text\">RESERVAR<\/span>    <\/a><\/div>\n\t\t<\/div>\n\t<\/div>\n<\/div>[\/vc_column][\/vc_row][vc_row css=\u00bb.vc_custom_1571608816529{margin-top: 30px !important;margin-bottom: 30px !important;margin-left: 4px !important;}\u00bb][vc_column css=\u00bb.vc_custom_1571608799875{margin-top: 0px !important;padding-top: 0px !important;}\u00bb]<div class=\"mkdf-section-title-holder subtitulo_ficha_club \" style=\"text-align: left\">\n\t<div class=\"mkdf-st-inner\">\n\t\t\t\t\t<h5 class=\"mkdf-st-subtitle\" >\n\t\t\t\tDatos del Club\t\t\t<\/h5>\n\t\t\t\t\t\t\t<\/div>\n<\/div>[vc_column_text]<\/p>\n<ul class=\"datos_club\">\n<li><span class=\"titulo_datos_club\">Nombre del Club:<\/span><br \/>\n<span class=\"datos_club\">Club de Golf Sant Cugat<\/span><\/li>\n<li><span class=\"titulo_datos_club\">Direcci\u00f3n:<\/span><br \/>\n<span class=\"datos_club\">Villa, 79. 08173 Sant Cugat del Valles (Barcelona)<\/span><\/li>\n<li><span class=\"titulo_datos_club\">A\u00f1o de fundaci\u00f3n:<\/span><br \/>\n<span class=\"datos_club\">1914<\/span><\/li>\n<li><span class=\"titulo_datos_club\">P\u00e1gina web:<\/span><br \/>\n<span class=\"datos_club\"><a href=\"https:\/\/golfsantcugat.com\/\" target=\"_blank\" rel=\"noopener\">golfsantcugat.com<\/a><\/span><\/li>\n<li><span class=\"titulo_datos_club\">Email de contacto del Club (comercial \/ reservas):<\/span><br \/>\n<span class=\"datos_club\"><a href=\"mailto:recepcion@golfsantcugat.com\">recepcion@golfsantcugat.com<\/a><\/span><\/li>\n<li><span class=\"titulo_datos_club\">Tel\u00e9fono:<\/span><br \/>\n<span class=\"datos_club\">93 674 39 08<\/span><\/li>\n<li><span class=\"titulo_datos_club\">D\u00edas de cierre:<\/span><br \/>\n<span class=\"datos_club\">Lunes no festivos<\/span><\/li>\n<\/ul>\n<p>[\/vc_column_text][\/vc_column][\/vc_row][vc_row full_width=\u00bbstretch_row_content_no_spaces\u00bb css=\u00bb.vc_custom_1571119486385{margin-bottom: 0px !important;border-bottom-width: 0px !important;padding-bottom: 0px !important;}\u00bb][vc_column]<div class=\"mkdf-image-gallery  mkdf-ig-masonry-type mkdf-no-space  mkdf-image-behavior-lightbox\">\n\t<div class=\"mkdf-ig-inner mkdf-outer-space mkdf-ig-masonry mkdf-ig-three-columns\">\n\t\t<div class=\"mkdf-ig-grid-sizer\"><\/div>\n\t\t<div class=\"mkdf-ig-grid-gutter\"><\/div>\n\t\t\t\t\t\t\t\t<div class=\"mkdf-ig-image mkdf-item-space \">\n\t\t\t\t<div class=\"mkdf-ig-image-inner\">\n\t\t\t\t\t\t\t\t\t\t\t<a itemprop=\"image\" class=\"mkdf-ig-lightbox\" href=\"https:\/\/barcelonagolfdestination.com\/wp-content\/uploads\/2026\/01\/club-de-golf-sant-cugat-01.webp\" data-rel=\"prettyPhoto[image_gallery_pretty_photo-495]\" title=\"club-de-golf-sant-cugat-01\">\n\t\t\t\t\t\t\t\t\t\t\t<img loading=\"lazy\" decoding=\"async\" width=\"1920\" height=\"1080\" src=\"https:\/\/barcelonagolfdestination.com\/wp-content\/uploads\/2026\/01\/club-de-golf-sant-cugat-01.webp\" class=\"attachment- size-\" alt=\"\" srcset=\"https:\/\/barcelonagolfdestination.com\/wp-content\/uploads\/2026\/01\/club-de-golf-sant-cugat-01.webp 1920w, https:\/\/barcelonagolfdestination.com\/wp-content\/uploads\/2026\/01\/club-de-golf-sant-cugat-01-300x169.webp 300w, https:\/\/barcelonagolfdestination.com\/wp-content\/uploads\/2026\/01\/club-de-golf-sant-cugat-01-1024x576.webp 1024w, https:\/\/barcelonagolfdestination.com\/wp-content\/uploads\/2026\/01\/club-de-golf-sant-cugat-01-768x432.webp 768w, https:\/\/barcelonagolfdestination.com\/wp-content\/uploads\/2026\/01\/club-de-golf-sant-cugat-01-1536x864.webp 1536w\" sizes=\"auto, (max-width: 1920px) 100vw, 1920px\" \/>\t\t\t\t\t\t\t\t\t\t\t<\/a>\n\t\t\t\t\t\t\t\t\t<\/div>\n\t\t\t<\/div>\n\t\t\t\t\t\t\t\t<div class=\"mkdf-ig-image mkdf-item-space \">\n\t\t\t\t<div class=\"mkdf-ig-image-inner\">\n\t\t\t\t\t\t\t\t\t\t\t<a itemprop=\"image\" class=\"mkdf-ig-lightbox\" href=\"https:\/\/barcelonagolfdestination.com\/wp-content\/uploads\/2026\/01\/club-de-golf-sant-cugat-02.webp\" data-rel=\"prettyPhoto[image_gallery_pretty_photo-495]\" title=\"club-de-golf-sant-cugat-02\">\n\t\t\t\t\t\t\t\t\t\t\t<img loading=\"lazy\" decoding=\"async\" width=\"1920\" height=\"1080\" src=\"https:\/\/barcelonagolfdestination.com\/wp-content\/uploads\/2026\/01\/club-de-golf-sant-cugat-02.webp\" class=\"attachment- size-\" alt=\"\" srcset=\"https:\/\/barcelonagolfdestination.com\/wp-content\/uploads\/2026\/01\/club-de-golf-sant-cugat-02.webp 1920w, https:\/\/barcelonagolfdestination.com\/wp-content\/uploads\/2026\/01\/club-de-golf-sant-cugat-02-300x169.webp 300w, https:\/\/barcelonagolfdestination.com\/wp-content\/uploads\/2026\/01\/club-de-golf-sant-cugat-02-1024x576.webp 1024w, https:\/\/barcelonagolfdestination.com\/wp-content\/uploads\/2026\/01\/club-de-golf-sant-cugat-02-768x432.webp 768w, https:\/\/barcelonagolfdestination.com\/wp-content\/uploads\/2026\/01\/club-de-golf-sant-cugat-02-1536x864.webp 1536w\" sizes=\"auto, (max-width: 1920px) 100vw, 1920px\" \/>\t\t\t\t\t\t\t\t\t\t\t<\/a>\n\t\t\t\t\t\t\t\t\t<\/div>\n\t\t\t<\/div>\n\t\t\t\t\t\t\t\t<div class=\"mkdf-ig-image mkdf-item-space \">\n\t\t\t\t<div class=\"mkdf-ig-image-inner\">\n\t\t\t\t\t\t\t\t\t\t\t<a itemprop=\"image\" class=\"mkdf-ig-lightbox\" href=\"https:\/\/barcelonagolfdestination.com\/wp-content\/uploads\/2026\/01\/club-de-golf-sant-cugat-03.webp\" data-rel=\"prettyPhoto[image_gallery_pretty_photo-495]\" title=\"club-de-golf-sant-cugat-03\">\n\t\t\t\t\t\t\t\t\t\t\t<img loading=\"lazy\" decoding=\"async\" width=\"1920\" height=\"1080\" src=\"https:\/\/barcelonagolfdestination.com\/wp-content\/uploads\/2026\/01\/club-de-golf-sant-cugat-03.webp\" class=\"attachment- size-\" alt=\"\" srcset=\"https:\/\/barcelonagolfdestination.com\/wp-content\/uploads\/2026\/01\/club-de-golf-sant-cugat-03.webp 1920w, https:\/\/barcelonagolfdestination.com\/wp-content\/uploads\/2026\/01\/club-de-golf-sant-cugat-03-300x169.webp 300w, https:\/\/barcelonagolfdestination.com\/wp-content\/uploads\/2026\/01\/club-de-golf-sant-cugat-03-1024x576.webp 1024w, https:\/\/barcelonagolfdestination.com\/wp-content\/uploads\/2026\/01\/club-de-golf-sant-cugat-03-768x432.webp 768w, https:\/\/barcelonagolfdestination.com\/wp-content\/uploads\/2026\/01\/club-de-golf-sant-cugat-03-1536x864.webp 1536w\" sizes=\"auto, (max-width: 1920px) 100vw, 1920px\" \/>\t\t\t\t\t\t\t\t\t\t\t<\/a>\n\t\t\t\t\t\t\t\t\t<\/div>\n\t\t\t<\/div>\n\t\t\t\t\t\t\t\t<div class=\"mkdf-ig-image mkdf-item-space \">\n\t\t\t\t<div class=\"mkdf-ig-image-inner\">\n\t\t\t\t\t\t\t\t\t\t\t<a itemprop=\"image\" class=\"mkdf-ig-lightbox\" href=\"https:\/\/barcelonagolfdestination.com\/wp-content\/uploads\/2026\/01\/club-de-golf-sant-cugat-04.webp\" data-rel=\"prettyPhoto[image_gallery_pretty_photo-495]\" title=\"club-de-golf-sant-cugat-04\">\n\t\t\t\t\t\t\t\t\t\t\t<img loading=\"lazy\" decoding=\"async\" width=\"1920\" height=\"1080\" src=\"https:\/\/barcelonagolfdestination.com\/wp-content\/uploads\/2026\/01\/club-de-golf-sant-cugat-04.webp\" class=\"attachment- size-\" alt=\"\" srcset=\"https:\/\/barcelonagolfdestination.com\/wp-content\/uploads\/2026\/01\/club-de-golf-sant-cugat-04.webp 1920w, https:\/\/barcelonagolfdestination.com\/wp-content\/uploads\/2026\/01\/club-de-golf-sant-cugat-04-300x169.webp 300w, https:\/\/barcelonagolfdestination.com\/wp-content\/uploads\/2026\/01\/club-de-golf-sant-cugat-04-1024x576.webp 1024w, https:\/\/barcelonagolfdestination.com\/wp-content\/uploads\/2026\/01\/club-de-golf-sant-cugat-04-768x432.webp 768w, https:\/\/barcelonagolfdestination.com\/wp-content\/uploads\/2026\/01\/club-de-golf-sant-cugat-04-1536x864.webp 1536w\" sizes=\"auto, (max-width: 1920px) 100vw, 1920px\" \/>\t\t\t\t\t\t\t\t\t\t\t<\/a>\n\t\t\t\t\t\t\t\t\t<\/div>\n\t\t\t<\/div>\n\t\t\t\t\t\t\t\t<div class=\"mkdf-ig-image mkdf-item-space \">\n\t\t\t\t<div class=\"mkdf-ig-image-inner\">\n\t\t\t\t\t\t\t\t\t\t\t<a itemprop=\"image\" class=\"mkdf-ig-lightbox\" href=\"https:\/\/barcelonagolfdestination.com\/wp-content\/uploads\/2026\/01\/club-de-golf-sant-cugat-05.webp\" data-rel=\"prettyPhoto[image_gallery_pretty_photo-495]\" title=\"club-de-golf-sant-cugat-05\">\n\t\t\t\t\t\t\t\t\t\t\t<img loading=\"lazy\" decoding=\"async\" width=\"1920\" height=\"1080\" src=\"https:\/\/barcelonagolfdestination.com\/wp-content\/uploads\/2026\/01\/club-de-golf-sant-cugat-05.webp\" class=\"attachment- size-\" alt=\"\" srcset=\"https:\/\/barcelonagolfdestination.com\/wp-content\/uploads\/2026\/01\/club-de-golf-sant-cugat-05.webp 1920w, https:\/\/barcelonagolfdestination.com\/wp-content\/uploads\/2026\/01\/club-de-golf-sant-cugat-05-300x169.webp 300w, https:\/\/barcelonagolfdestination.com\/wp-content\/uploads\/2026\/01\/club-de-golf-sant-cugat-05-1024x576.webp 1024w, https:\/\/barcelonagolfdestination.com\/wp-content\/uploads\/2026\/01\/club-de-golf-sant-cugat-05-768x432.webp 768w, https:\/\/barcelonagolfdestination.com\/wp-content\/uploads\/2026\/01\/club-de-golf-sant-cugat-05-1536x864.webp 1536w\" sizes=\"auto, (max-width: 1920px) 100vw, 1920px\" \/>\t\t\t\t\t\t\t\t\t\t\t<\/a>\n\t\t\t\t\t\t\t\t\t<\/div>\n\t\t\t<\/div>\n\t\t\t\t\t\t\t\t<div class=\"mkdf-ig-image mkdf-item-space \">\n\t\t\t\t<div class=\"mkdf-ig-image-inner\">\n\t\t\t\t\t\t\t\t\t\t\t<a itemprop=\"image\" class=\"mkdf-ig-lightbox\" href=\"https:\/\/barcelonagolfdestination.com\/wp-content\/uploads\/2026\/01\/club-de-golf-sant-cugat-06.webp\" data-rel=\"prettyPhoto[image_gallery_pretty_photo-495]\" title=\"club-de-golf-sant-cugat-06\">\n\t\t\t\t\t\t\t\t\t\t\t<img loading=\"lazy\" decoding=\"async\" width=\"1920\" height=\"1080\" src=\"https:\/\/barcelonagolfdestination.com\/wp-content\/uploads\/2026\/01\/club-de-golf-sant-cugat-06.webp\" class=\"attachment- size-\" alt=\"\" srcset=\"https:\/\/barcelonagolfdestination.com\/wp-content\/uploads\/2026\/01\/club-de-golf-sant-cugat-06.webp 1920w, https:\/\/barcelonagolfdestination.com\/wp-content\/uploads\/2026\/01\/club-de-golf-sant-cugat-06-300x169.webp 300w, https:\/\/barcelonagolfdestination.com\/wp-content\/uploads\/2026\/01\/club-de-golf-sant-cugat-06-1024x576.webp 1024w, https:\/\/barcelonagolfdestination.com\/wp-content\/uploads\/2026\/01\/club-de-golf-sant-cugat-06-768x432.webp 768w, https:\/\/barcelonagolfdestination.com\/wp-content\/uploads\/2026\/01\/club-de-golf-sant-cugat-06-1536x864.webp 1536w\" sizes=\"auto, (max-width: 1920px) 100vw, 1920px\" \/>\t\t\t\t\t\t\t\t\t\t\t<\/a>\n\t\t\t\t\t\t\t\t\t<\/div>\n\t\t\t<\/div>\n\t\t\t<\/div>\n<\/div>[\/vc_column][\/vc_row][vc_row css=\u00bb.vc_custom_1571608838449{margin-top: 30px !important;margin-bottom: 50px !important;}\u00bb][vc_column]<div class=\"mkdf-section-title-holder subtitulo_ficha_club \" style=\"text-align: left\">\n\t<div class=\"mkdf-st-inner\">\n\t\t\t\t\t<h5 class=\"mkdf-st-subtitle\" >\n\t\t\t\tSobre el campo\t\t\t<\/h5>\n\t\t\t\t\t\t\t<\/div>\n<\/div>[vc_row_inner css=\u00bb.vc_custom_1569168007294{margin-top: 30px !important;}\u00bb][vc_column_inner width=\u00bb1\/5&#8243;][vc_column_text]<\/p>\n<p class=\"titulo_sobre_el_campo\">Dise\u00f1ador<\/p>\n<p>[\/vc_column_text][vc_separator color=\u00bbcustom\u00bb accent_color=\u00bb#00374c\u00bb][vc_column_text]<\/p>\n<p style=\"text-align: center;\">H.S. Colt<\/p>\n<p>[\/vc_column_text][\/vc_column_inner][vc_column_inner width=\u00bb1\/5&#8243;][vc_column_text]<\/p>\n<p class=\"titulo_sobre_el_campo\">N\u00famero de hoyos<\/p>\n<p>[\/vc_column_text][vc_separator color=\u00bbcustom\u00bb accent_color=\u00bb#00374c\u00bb][vc_column_text]<\/p>\n<p style=\"text-align: center;\">18<\/p>\n<p>[\/vc_column_text][\/vc_column_inner][vc_column_inner width=\u00bb1\/5&#8243;][vc_column_text]<\/p>\n<p class=\"titulo_sobre_el_campo\">Par<\/p>\n<p>[\/vc_column_text][vc_separator color=\u00bbcustom\u00bb accent_color=\u00bb#00374c\u00bb][vc_column_text]<\/p>\n<p style=\"text-align: center;\">70<\/p>\n<p>[\/vc_column_text][\/vc_column_inner][vc_column_inner width=\u00bb1\/5&#8243;][vc_column_text]<\/p>\n<p class=\"titulo_sobre_el_campo\">Metros<\/p>\n<p>[\/vc_column_text][vc_separator color=\u00bbcustom\u00bb accent_color=\u00bb#2c4938&#8243;][vc_column_text]<\/p>\n<p style=\"text-align: center;\"><img decoding=\"async\" src=\"http:\/\/barcelonagolfdestination.com\/wp-content\/uploads\/2017\/08\/amarillas-1.png\" alt=\"\" \/> 5.211 m<\/p>\n<p style=\"text-align: center;\"><img decoding=\"async\" src=\"http:\/\/barcelonagolfdestination.com\/wp-content\/uploads\/2017\/08\/rojas-1.png\" alt=\"\" \/> 4.559 m<\/p>\n<p>[\/vc_column_text][\/vc_column_inner][vc_column_inner width=\u00bb1\/5&#8243;][vc_column_text]<\/p>\n<p class=\"titulo_sobre_el_campo\">A\u00f1o de construcci\u00f3n<\/p>\n<p>[\/vc_column_text][vc_separator color=\u00bbcustom\u00bb accent_color=\u00bb#00374c\u00bb][vc_column_text]<\/p>\n<p style=\"text-align: center;\">1914<\/p>\n<p>[\/vc_column_text][\/vc_column_inner][\/vc_row_inner][\/vc_column][\/vc_row][vc_row css=\u00bb.vc_custom_1569187772478{margin-top: 30px !important;margin-bottom: 30px !important;}\u00bb][vc_column][vc_column_text css=\u00bb.vc_custom_1768427384441{margin-bottom: 30px !important;}\u00bb]<span class=\"titulo_datos_club\">Servicios:<\/span><\/p>\n<ul class=\"lista_servicios\">\n<li><i class=\"fa fa-check\"><\/i> <span class=\"titulo_servicio\">Campo de pr\u00e1cticas\u00a0<\/span> <span class=\"atributo_servicio\">(3\u20ac 33 bolas)<\/span><\/li>\n<li><i class=\"fa fa-check\"><\/i> <span class=\"titulo_servicio\">Vestuarios visitantes<\/span><\/li>\n<li><i class=\"fa fa-check\"><\/i><span class=\"titulo_servicio\"> Bar &#8211; Snack<\/span><\/li>\n<li><i class=\"fa fa-check\"><\/i> <span class=\"titulo_servicio\"> Restaurante <\/span> <span class=\"atributo_servicio\"> (24\u20ac)<\/span><\/li>\n<li><i class=\"fa fa-check\"><\/i><span class=\"titulo_servicio\"> Alquiler de palos de golf<\/span> <span class=\"atributo_servicio\"> (45\u20ac)<\/span><\/li>\n<li><i class=\"fa fa-check\"><\/i> <span class=\"titulo_servicio\">Alquiler de motos <\/span> <span class=\"atributo_servicio\">(32\u20ac) <\/span><\/li>\n<li><i class=\"fa fa-check\"><\/i><span class=\"titulo_servicio\"> Tienda de Golf<\/span><\/li>\n<li><i class=\"fa fa-check\"><\/i><span class=\"titulo_servicio\"> Golf Caddy<\/span><\/li>\n<li><i class=\"fa fa-check\"><\/i><span class=\"titulo_servicio\"> Clases de Golf<\/span> <span class=\"atributo_servicio\"> (50\u20ac)<\/span><\/li>\n<\/ul>\n<p>[\/vc_column_text][\/vc_column][\/vc_row][vc_row row_content_width=\u00bbgrid\u00bb][vc_column][vc_column_text css=\u00bb.vc_custom_1768347467874{margin-bottom: 30px !important;}\u00bb]<span class=\"titulo_datos_club\">Idiomas hablados en recepci\u00f3n:<\/span><br \/>\n<span class=\"datos_club\">Espa\u00f1ol, catal\u00e1n e ingl\u00e9s.\u00a0<\/span>[\/vc_column_text][vc_column_text]<span class=\"titulo_datos_club\">Normas de etiqueta:<\/span><br \/>\n<span class=\"datos_club\">La pieza superior deber\u00e1 ser tipo \u201cpolo\u201d con cuello o de cuello alto, pudiendo las se\u00f1oras utilizarla sin mangas. Los pantalones deben ser apropiados para la pr\u00e1ctica del golf. No est\u00e1 permitido el uso de vaqueros, mallas, ch\u00e1ndales, ropa militar y trajes de ba\u00f1o. Los zapatos deber\u00e1n ser los adecuados para jugar al golf, como norma general deber\u00e1n ser zapatos sin claves salvo que lo establezca el comit\u00e9 de competici\u00f3n.<\/span>[\/vc_column_text][\/vc_column][\/vc_row][vc_row css=\u00bb.vc_custom_1569184012248{margin-top: 50px !important;margin-bottom: 50px !important;}\u00bb][vc_column]<div class=\"mkdf-section-title-holder subtitulo_ficha_club \" style=\"text-align: left\">\n\t<div class=\"mkdf-st-inner\">\n\t\t\t\t\t<h5 class=\"mkdf-st-subtitle\" >\n\t\t\t\tAlojamiento\t\t\t<\/h5>\n\t\t\t\t\t\t\t<\/div>\n<\/div>[vc_column_text css=\u00bb.vc_custom_1768347557322{margin-top: 30px !important;margin-bottom: 30px !important;}\u00bb]HOTEL M\u00c1S CERCANO:<\/p>\n<ul class=\"hoteles_ficha\">\n<li><i class=\"fa fa-check\"><\/i> <a href=\"https:\/\/www.elsantcugathotel.com\/\" target=\"_blank\" rel=\"noopener noreferrer\"> Hotel El Sant Cugat<\/a><\/li>\n<\/ul>\n<p>[\/vc_column_text][vc_column_text]HOTELES RECOMENDADOS:<\/p>\n<ul class=\"hoteles_ficha\">\n<li><i class=\"fa fa-check\"><\/i> <a href=\"https:\/\/www.qgathotel.com\/\" target=\"_blank\" rel=\"noopener noreferrer\"> Q Gat Hotel <\/a><\/li>\n<li><i class=\"fa fa-check\"><\/i> <a href=\"https:\/\/aparthotel-del-golf.webnode.es\/\" target=\"_blank\" rel=\"noopener noreferrer\"> Aparthotel del Golf <\/a><\/li>\n<\/ul>\n<p>[\/vc_column_text][\/vc_column][\/vc_row][vc_row css=\u00bb.vc_custom_1569174189333{margin-top: 50px !important;margin-bottom: 30px !important;}\u00bb][vc_column]<div class=\"mkdf-section-title-holder subtitulo_ficha_club \" style=\"text-align: left\">\n\t<div class=\"mkdf-st-inner\">\n\t\t\t\t\t<h5 class=\"mkdf-st-subtitle\" >\n\t\t\t\tD\u00f3nde estamos\t\t\t<\/h5>\n\t\t\t\t\t\t\t<\/div>\n<\/div>[\/vc_column][\/vc_row][vc_row full_width=\u00bbstretch_row_content_no_spaces\u00bb][vc_column][vc_gmaps link=\u00bb#E-8_JTNDaWZyYW1lJTIwc3JjJTNEJTIyaHR0cHMlM0ElMkYlMkZ3d3cuZ29vZ2xlLmNvbSUyRm1hcHMlMkZlbWJlZCUzRnBiJTNEJTIxMW0xNCUyMTFtOCUyMTFtMyUyMTFkNTk3OS44MzI5Mzc4MTU4NzQlMjEyZDIuMDc2NzA1JTIxM2Q0MS40NjI3MjclMjEzbTIlMjExaTEwMjQlMjEyaTc2OCUyMTRmMTMuMSUyMTNtMyUyMTFtMiUyMTFzMHgxMmE0OTZkODczMjFjNDY3JTI1M0EweGJlN2YxYmE1ZmNiNzM5ZTAlMjEyc0NsdWIlMjUyMGRlJTI1MjBHb2xmJTI1MjBTYW50JTI1MjBDdWdhdCUyMTVlMCUyMTNtMiUyMTFzZXMlMjEyc2VzJTIxNHYxNzY4MzQ3NzUwMDk3JTIxNW0yJTIxMXNlcyUyMTJzZXMlMjIlMjB3aWR0aCUzRCUyMjYwMCUyMiUyMGhlaWdodCUzRCUyMjQ1MCUyMiUyMHN0eWxlJTNEJTIyYm9yZGVyJTNBMCUzQiUyMiUyMGFsbG93ZnVsbHNjcmVlbiUzRCUyMiUyMiUyMGxvYWRpbmclM0QlMjJsYXp5JTIyJTIwcmVmZXJyZXJwb2xpY3klM0QlMjJuby1yZWZlcnJlci13aGVuLWRvd25ncmFkZSUyMiUzRSUzQyUyRmlmcmFtZSUzRQ==\u00bb][\/vc_column][\/vc_row]<\/p>\n<\/div>","protected":false},"excerpt":{"rendered":"<p>[vc_row css=\u00bb.vc_custom_1571957571156{margin-top: 50px !important;}\u00bb][vc_column][vc_column_text css=\u00bb.vc_custom_1768426708812{margin-top: 30px !important;}\u00bb]El Club de Golf de Sant Cugat es el decano de los campos de golf de Catalu\u00f1a y se encuentra a 10 minutos de la ciudad de Barcelona. Es el primer campo de 18 hoyos de nuestro pa\u00eds que sigue en sus terrenos originales del Vall\u00e9s desde que, en 1914, los ingenieros de la Barcelona Traction Light &amp; Power, conocida como \u201cLa Canadiense\u201d, empezaron a jugar en \u00e9l. Desde entonces, el Club de Golf [&hellip;]<\/p>\n","protected":false},"author":5,"featured_media":0,"parent":0,"menu_order":0,"comment_status":"closed","ping_status":"closed","template":"","meta":{"footnotes":""},"class_list":["post-52636","page","type-page","status-publish","hentry"],"aioseo_notices":[],"_links":{"self":[{"href":"https:\/\/barcelonagolfdestination.com\/es\/wp-json\/wp\/v2\/pages\/52636","targetHints":{"allow":["GET"]}}],"collection":[{"href":"https:\/\/barcelonagolfdestination.com\/es\/wp-json\/wp\/v2\/pages"}],"about":[{"href":"https:\/\/barcelonagolfdestination.com\/es\/wp-json\/wp\/v2\/types\/page"}],"author":[{"embeddable":true,"href":"https:\/\/barcelonagolfdestination.com\/es\/wp-json\/wp\/v2\/users\/5"}],"replies":[{"embeddable":true,"href":"https:\/\/barcelonagolfdestination.com\/es\/wp-json\/wp\/v2\/comments?post=52636"}],"version-history":[{"count":12,"href":"https:\/\/barcelonagolfdestination.com\/es\/wp-json\/wp\/v2\/pages\/52636\/revisions"}],"predecessor-version":[{"id":52677,"href":"https:\/\/barcelonagolfdestination.com\/es\/wp-json\/wp\/v2\/pages\/52636\/revisions\/52677"}],"wp:attachment":[{"href":"https:\/\/barcelonagolfdestination.com\/es\/wp-json\/wp\/v2\/media?parent=52636"}],"curies":[{"name":"wp","href":"https:\/\/api.w.org\/{rel}","templated":true}]}}