{"id":13528,"date":"2022-01-05T22:39:08","date_gmt":"2022-01-05T21:39:08","guid":{"rendered":"https:\/\/barcelonagolfdestination.com\/?page_id=13528"},"modified":"2024-06-13T00:06:16","modified_gmt":"2024-06-12T22:06:16","slug":"paquete-hotel-dolce-sitges","status":"publish","type":"page","link":"https:\/\/barcelonagolfdestination.com\/es\/paquetes\/paquete-hotel-dolce-sitges\/","title":{"rendered":"Paquete Hotel Dolce Sitges"},"content":{"rendered":"<div class=\"wpb-content-wrapper\"><p>[vc_row full_width=\u00bbstretch_row_content_no_spaces\u00bb content_placement=\u00bbtop\u00bb content_text_aligment=\u00bbcenter\u00bb css=\u00bb.vc_custom_1571957062292{margin-top: 0px !important;margin-bottom: 0px !important;border-top-width: 0px !important;border-bottom-width: 0px !important;padding-top: 0px !important;padding-bottom: 0px !important;}\u00bb][vc_column css=\u00bb.vc_custom_1571956958484{margin-top: 0px !important;margin-bottom: 0px !important;border-top-width: 0px !important;border-bottom-width: 0px !important;padding-top: 0px !important;padding-bottom: 0px !important;}\u00bb][vc_single_image image=\u00bb10684&#8243; img_size=\u00bbfull\u00bb alignment=\u00bbcenter\u00bb][\/vc_column][\/vc_row][vc_row][vc_column]<div class=\"mkdf-section-title-holder titulo_pagina \" style=\"text-align: left\">\n\t<div class=\"mkdf-st-inner\">\n\t\t\t\t\t\t\t<h3 class=\"mkdf-st-title\" >\n\t\t\t\tPaquete \u00b7 Hotel Dolce Sitges\t\t\t<\/h3>\n\t\t\t\t\t\t\t<p class=\"mkdf-st-text\" >\n\t\t\t\t4 noches y 3 green fees desde 565\u20ac\t\t\t<\/p>\n\t\t\t<\/div>\n<\/div>[\/vc_column][\/vc_row][vc_row gap=\u00bb30&#8243; css=\u00bb.vc_custom_1640733657578{margin-top: 50px !important;margin-bottom: 50px !important;}\u00bb][vc_column width=\u00bb2\/3&#8243;][vc_gallery type=\u00bbflexslider_slide\u00bb interval=\u00bb15&#8243; images=\u00bb8766,9325,9331&#8243; img_size=\u00bb1030&#215;687&#8243; onclick=\u00bb\u00bb][\/vc_column][vc_column width=\u00bb1\/3&#8243; css=\u00bb.vc_custom_1571869565084{margin-bottom: 30px !important;}\u00bb]<div class=\"mkdf-section-title-holder titulo_seccion_contacto \" style=\"text-align: left\">\n\t<div class=\"mkdf-st-inner\">\n\t\t\t\t\t\t\t<h3 class=\"mkdf-st-title\" >\n\t\t\t\tEscr\u00edbenos\t\t\t<\/h3>\n\t\t\t\t\t<\/div>\n<\/div>[vc_row_inner css=\u00bb.vc_custom_1571869581895{margin-top: 30px !important;}\u00bb][vc_column_inner]\n<div class=\"wpcf7 no-js\" id=\"wpcf7-f13500-o1\" lang=\"es-ES\" dir=\"ltr\" data-wpcf7-id=\"13500\">\n<div class=\"screen-reader-response\"><p role=\"status\" aria-live=\"polite\" aria-atomic=\"true\"><\/p> <ul><\/ul><\/div>\n<form action=\"\/es\/wp-json\/wp\/v2\/pages\/13528#wpcf7-f13500-o1\" method=\"post\" class=\"wpcf7-form init\" aria-label=\"Formulario de contacto\" novalidate=\"novalidate\" data-status=\"init\">\n<fieldset class=\"hidden-fields-container\"><input type=\"hidden\" name=\"_wpcf7\" value=\"13500\" \/><input type=\"hidden\" name=\"_wpcf7_version\" value=\"6.1.5\" \/><input type=\"hidden\" name=\"_wpcf7_locale\" value=\"es_ES\" \/><input type=\"hidden\" name=\"_wpcf7_unit_tag\" value=\"wpcf7-f13500-o1\" \/><input type=\"hidden\" name=\"_wpcf7_container_post\" value=\"0\" \/><input type=\"hidden\" name=\"_wpcf7_posted_data_hash\" value=\"\" \/><input type=\"hidden\" name=\"_wpcf7_recaptcha_response\" value=\"\" \/>\n<\/fieldset>\n<p><label> Nombre y apellidos*<br \/>\n<span class=\"wpcf7-form-control-wrap\" data-name=\"your-name\"><input size=\"40\" maxlength=\"400\" class=\"wpcf7-form-control wpcf7-text wpcf7-validates-as-required\" aria-required=\"true\" aria-invalid=\"false\" value=\"\" type=\"text\" name=\"your-name\" \/><\/span> <\/label>\n<\/p>\n<p><label> Direcci\u00f3n de correo electr\u00f3nico*<br \/>\n<span class=\"wpcf7-form-control-wrap\" data-name=\"your-email\"><input size=\"40\" maxlength=\"400\" class=\"wpcf7-form-control wpcf7-email wpcf7-validates-as-required wpcf7-text wpcf7-validates-as-email\" aria-required=\"true\" aria-invalid=\"false\" value=\"\" type=\"email\" name=\"your-email\" \/><\/span> <\/label>\n<\/p>\n<p><label> Tel\u00e9fono*<br \/>\n<span class=\"wpcf7-form-control-wrap\" data-name=\"tel-65\"><input size=\"40\" maxlength=\"400\" class=\"wpcf7-form-control wpcf7-tel wpcf7-validates-as-required wpcf7-text wpcf7-validates-as-tel\" aria-required=\"true\" aria-invalid=\"false\" value=\"\" type=\"tel\" name=\"tel-65\" \/><\/span> <\/label>\n<\/p>\n<p><label> Su mensaje<br \/>\n<span class=\"wpcf7-form-control-wrap\" data-name=\"your-message\"><textarea cols=\"40\" rows=\"10\" maxlength=\"2000\" class=\"wpcf7-form-control wpcf7-textarea\" aria-invalid=\"false\" name=\"your-message\"><\/textarea><\/span> <\/label>\n<\/p>\n<p><span class=\"wpcf7-form-control-wrap\" data-name=\"acceptance-19\"><span class=\"wpcf7-form-control wpcf7-acceptance\"><span class=\"wpcf7-list-item\"><label><input type=\"checkbox\" name=\"acceptance-19\" value=\"1\" aria-invalid=\"false\" \/><span class=\"wpcf7-list-item-label\">He le\u00eddo y acepto la <a href=\"https:\/\/barcelonagolfdestination.com\/politica-de-privacidad-formularios-web\/\" target=\"_blank\">pol\u00edtica de privacidad<\/a><\/span><\/label><\/span><\/span><\/span>\n<\/p>\n<p><input class=\"wpcf7-form-control wpcf7-submit has-spinner\" type=\"submit\" value=\"Enviar\" \/>\n<\/p><p style=\"display: none !important;\" class=\"akismet-fields-container\" data-prefix=\"_wpcf7_ak_\"><label>&#916;<textarea name=\"_wpcf7_ak_hp_textarea\" cols=\"45\" rows=\"8\" maxlength=\"100\"><\/textarea><\/label><input type=\"hidden\" id=\"ak_js_1\" name=\"_wpcf7_ak_js\" value=\"143\"\/><script>document.getElementById( \"ak_js_1\" ).setAttribute( \"value\", ( new Date() ).getTime() );<\/script><\/p><div class=\"wpcf7-response-output\" aria-hidden=\"true\"><\/div>\n<\/form>\n<\/div>\n[\/vc_column_inner][\/vc_row_inner][\/vc_column][\/vc_row][vc_row css=\u00bb.vc_custom_1654204001025{margin-top: 50px !important;margin-bottom: 50px !important;}\u00bb][vc_column]<div class=\"mkdf-section-title-holder subtitulo_ficha_club \" style=\"text-align: left\">\n\t<div class=\"mkdf-st-inner\">\n\t\t\t\t\t<h5 class=\"mkdf-st-subtitle\" >\n\t\t\t\tLos campos\t\t\t<\/h5>\n\t\t\t\t\t\t\t<\/div>\n<\/div>[vc_row_inner css=\u00bb.vc_custom_1654204007987{margin-top: 20px !important;}\u00bb][vc_column_inner][vc_column_text]<\/p>\n<div class=\"clubes-paquete\"><a href=\"https:\/\/barcelonagolfdestination.com\/es\/club-de-golf-terramar\/\">CLUB DE GOLF TERRAMAR<\/a> +\u00a0<a href=\"https:\/\/barcelonagolfdestination.com\/es\/club-de-golf-barcelona\/\">CLUB DE GOLF BARCELONA<\/a> &#8211; desde <strong>565\u20ac<\/strong><\/div>\n<p>[\/vc_column_text][\/vc_column_inner][\/vc_row_inner][\/vc_column][\/vc_row][vc_row css=\u00bb.vc_custom_1654204001025{margin-top: 50px !important;margin-bottom: 50px !important;}\u00bb][vc_column]<div class=\"mkdf-section-title-holder subtitulo_ficha_club \" style=\"text-align: left\">\n\t<div class=\"mkdf-st-inner\">\n\t\t\t\t\t<h5 class=\"mkdf-st-subtitle\" >\n\t\t\t\tEl hotel\t\t\t<\/h5>\n\t\t\t\t\t\t\t<h3 class=\"mkdf-st-title\" >\n\t\t\t\tHotel Dolce Sitges 5*****\t\t\t<\/h3>\n\t\t\t\t\t<\/div>\n<\/div>[vc_row_inner][vc_column_inner css=\u00bb.vc_custom_1654204273361{margin-top: 20px !important;}\u00bb][vc_column_text]El Hotel 5* Dolce Sitges se encuentra en la cima de una colina, enfrente del mar Mediterraneo y con vistas al Club de Golf Terramar en la bonita ciudad de Sitges. El comedor principal, el restaurante a-la-carte y los bares ofrecen diferentes opciones de servicio en interior y exterior. Instalaciones recreativas: 4 piscinas al aire libre, sala de fitness, spa con una amplia piscina interior, saunas, salas de masajes y tratamientos de belleza. Alojamiento: 219 habitaciones cuidadosamente dise\u00f1adas y 41 suites con terrazas con vistas al mar y a las piscinas. Restaurantes y Bares: Dos restaurantes de alta clase, especializados en cocina mediterranea e internacional. Cuenta con \u00e1reas y bares de paso donde relajarse. Escapadas: Sitges, la joya del Mediterraneo con fant\u00e1sticos restaurantes, edificios elegantes, hermosas playas y una lista sin fin de eventos culturales. Barcelona est\u00e1 a 30 minutos en coche. Zona vitivin\u00edcola del Pened\u00e9s con visitas guiadas. Patrimonio de la humanidad del centro hist\u00f3rico de Tarragona.[\/vc_column_text][\/vc_column_inner][\/vc_row_inner][\/vc_column][\/vc_row][vc_row css=\u00bb.vc_custom_1654204262946{margin-top: 50px !important;margin-bottom: 30px !important;}\u00bb][vc_column]<div class=\"mkdf-image-gallery  mkdf-ig-grid-type mkdf-no-space  mkdf-image-behavior-lightbox\">\n\t<div class=\"mkdf-ig-inner mkdf-outer-space mkdf-ig-grid mkdf-ig-three-columns\">\n\t\t\t\t\t<div class=\"mkdf-ig-image mkdf-item-space\">\n\t\t\t\t<div class=\"mkdf-ig-image-inner\">\n\t\t\t\t\t\t\t\t\t\t\t<a itemprop=\"image\" class=\"mkdf-ig-lightbox\" href=\"https:\/\/barcelonagolfdestination.com\/wp-content\/uploads\/2022\/05\/hotel-dolce-sitges-1.jpg\" data-rel=\"prettyPhoto[image_gallery_pretty_photo-355]\" title=\"hotel-dolce-sitges-1\">\n\t\t\t\t\t\t\t\t\t\t\t<img loading=\"lazy\" decoding=\"async\" width=\"900\" height=\"550\" src=\"https:\/\/barcelonagolfdestination.com\/wp-content\/uploads\/2022\/05\/hotel-dolce-sitges-1.jpg\" class=\"attachment-full size-full\" alt=\"\" srcset=\"https:\/\/barcelonagolfdestination.com\/wp-content\/uploads\/2022\/05\/hotel-dolce-sitges-1.jpg 900w, https:\/\/barcelonagolfdestination.com\/wp-content\/uploads\/2022\/05\/hotel-dolce-sitges-1-300x183.jpg 300w, https:\/\/barcelonagolfdestination.com\/wp-content\/uploads\/2022\/05\/hotel-dolce-sitges-1-768x469.jpg 768w\" sizes=\"auto, (max-width: 900px) 100vw, 900px\" \/>\t\t\t\t\t\t\t\t\t\t\t<\/a>\n\t\t\t\t\t\t\t\t\t<\/div>\n\t\t\t<\/div>\n\t\t\t\t\t<div class=\"mkdf-ig-image mkdf-item-space\">\n\t\t\t\t<div class=\"mkdf-ig-image-inner\">\n\t\t\t\t\t\t\t\t\t\t\t<a itemprop=\"image\" class=\"mkdf-ig-lightbox\" href=\"https:\/\/barcelonagolfdestination.com\/wp-content\/uploads\/2022\/05\/hotel-dolce-sitges-2.jpg\" data-rel=\"prettyPhoto[image_gallery_pretty_photo-355]\" title=\"hotel-dolce-sitges-2\">\n\t\t\t\t\t\t\t\t\t\t\t<img loading=\"lazy\" decoding=\"async\" width=\"900\" height=\"550\" src=\"https:\/\/barcelonagolfdestination.com\/wp-content\/uploads\/2022\/05\/hotel-dolce-sitges-2.jpg\" class=\"attachment-full size-full\" alt=\"\" srcset=\"https:\/\/barcelonagolfdestination.com\/wp-content\/uploads\/2022\/05\/hotel-dolce-sitges-2.jpg 900w, https:\/\/barcelonagolfdestination.com\/wp-content\/uploads\/2022\/05\/hotel-dolce-sitges-2-300x183.jpg 300w, https:\/\/barcelonagolfdestination.com\/wp-content\/uploads\/2022\/05\/hotel-dolce-sitges-2-768x469.jpg 768w\" sizes=\"auto, (max-width: 900px) 100vw, 900px\" \/>\t\t\t\t\t\t\t\t\t\t\t<\/a>\n\t\t\t\t\t\t\t\t\t<\/div>\n\t\t\t<\/div>\n\t\t\t\t\t<div class=\"mkdf-ig-image mkdf-item-space\">\n\t\t\t\t<div class=\"mkdf-ig-image-inner\">\n\t\t\t\t\t\t\t\t\t\t\t<a itemprop=\"image\" class=\"mkdf-ig-lightbox\" href=\"https:\/\/barcelonagolfdestination.com\/wp-content\/uploads\/2022\/05\/hotel-dolce-sitges-3.jpg\" data-rel=\"prettyPhoto[image_gallery_pretty_photo-355]\" title=\"hotel-dolce-sitges-3\">\n\t\t\t\t\t\t\t\t\t\t\t<img loading=\"lazy\" decoding=\"async\" width=\"900\" height=\"550\" src=\"https:\/\/barcelonagolfdestination.com\/wp-content\/uploads\/2022\/05\/hotel-dolce-sitges-3.jpg\" class=\"attachment-full size-full\" alt=\"\" srcset=\"https:\/\/barcelonagolfdestination.com\/wp-content\/uploads\/2022\/05\/hotel-dolce-sitges-3.jpg 900w, https:\/\/barcelonagolfdestination.com\/wp-content\/uploads\/2022\/05\/hotel-dolce-sitges-3-300x183.jpg 300w, https:\/\/barcelonagolfdestination.com\/wp-content\/uploads\/2022\/05\/hotel-dolce-sitges-3-768x469.jpg 768w\" sizes=\"auto, (max-width: 900px) 100vw, 900px\" \/>\t\t\t\t\t\t\t\t\t\t\t<\/a>\n\t\t\t\t\t\t\t\t\t<\/div>\n\t\t\t<\/div>\n\t\t\t\t\t<div class=\"mkdf-ig-image mkdf-item-space\">\n\t\t\t\t<div class=\"mkdf-ig-image-inner\">\n\t\t\t\t\t\t\t\t\t\t\t<a itemprop=\"image\" class=\"mkdf-ig-lightbox\" href=\"https:\/\/barcelonagolfdestination.com\/wp-content\/uploads\/2022\/05\/hotel-dolce-sitges-4.jpg\" data-rel=\"prettyPhoto[image_gallery_pretty_photo-355]\" title=\"hotel-dolce-sitges-4\">\n\t\t\t\t\t\t\t\t\t\t\t<img loading=\"lazy\" decoding=\"async\" width=\"900\" height=\"550\" src=\"https:\/\/barcelonagolfdestination.com\/wp-content\/uploads\/2022\/05\/hotel-dolce-sitges-4.jpg\" class=\"attachment-full size-full\" alt=\"\" srcset=\"https:\/\/barcelonagolfdestination.com\/wp-content\/uploads\/2022\/05\/hotel-dolce-sitges-4.jpg 900w, https:\/\/barcelonagolfdestination.com\/wp-content\/uploads\/2022\/05\/hotel-dolce-sitges-4-300x183.jpg 300w, https:\/\/barcelonagolfdestination.com\/wp-content\/uploads\/2022\/05\/hotel-dolce-sitges-4-768x469.jpg 768w\" sizes=\"auto, (max-width: 900px) 100vw, 900px\" \/>\t\t\t\t\t\t\t\t\t\t\t<\/a>\n\t\t\t\t\t\t\t\t\t<\/div>\n\t\t\t<\/div>\n\t\t\t\t\t<div class=\"mkdf-ig-image mkdf-item-space\">\n\t\t\t\t<div class=\"mkdf-ig-image-inner\">\n\t\t\t\t\t\t\t\t\t\t\t<a itemprop=\"image\" class=\"mkdf-ig-lightbox\" href=\"https:\/\/barcelonagolfdestination.com\/wp-content\/uploads\/2022\/05\/hotel-dolce-sitges-5.jpg\" data-rel=\"prettyPhoto[image_gallery_pretty_photo-355]\" title=\"hotel-dolce-sitges-5\">\n\t\t\t\t\t\t\t\t\t\t\t<img loading=\"lazy\" decoding=\"async\" width=\"900\" height=\"550\" src=\"https:\/\/barcelonagolfdestination.com\/wp-content\/uploads\/2022\/05\/hotel-dolce-sitges-5.jpg\" class=\"attachment-full size-full\" alt=\"\" srcset=\"https:\/\/barcelonagolfdestination.com\/wp-content\/uploads\/2022\/05\/hotel-dolce-sitges-5.jpg 900w, https:\/\/barcelonagolfdestination.com\/wp-content\/uploads\/2022\/05\/hotel-dolce-sitges-5-300x183.jpg 300w, https:\/\/barcelonagolfdestination.com\/wp-content\/uploads\/2022\/05\/hotel-dolce-sitges-5-768x469.jpg 768w\" sizes=\"auto, (max-width: 900px) 100vw, 900px\" \/>\t\t\t\t\t\t\t\t\t\t\t<\/a>\n\t\t\t\t\t\t\t\t\t<\/div>\n\t\t\t<\/div>\n\t\t\t\t\t<div class=\"mkdf-ig-image mkdf-item-space\">\n\t\t\t\t<div class=\"mkdf-ig-image-inner\">\n\t\t\t\t\t\t\t\t\t\t\t<a itemprop=\"image\" class=\"mkdf-ig-lightbox\" href=\"https:\/\/barcelonagolfdestination.com\/wp-content\/uploads\/2022\/05\/hotel-dolce-sitges-6.jpg\" data-rel=\"prettyPhoto[image_gallery_pretty_photo-355]\" title=\"hotel-dolce-sitges-6\">\n\t\t\t\t\t\t\t\t\t\t\t<img loading=\"lazy\" decoding=\"async\" width=\"900\" height=\"550\" src=\"https:\/\/barcelonagolfdestination.com\/wp-content\/uploads\/2022\/05\/hotel-dolce-sitges-6.jpg\" class=\"attachment-full size-full\" alt=\"\" srcset=\"https:\/\/barcelonagolfdestination.com\/wp-content\/uploads\/2022\/05\/hotel-dolce-sitges-6.jpg 900w, https:\/\/barcelonagolfdestination.com\/wp-content\/uploads\/2022\/05\/hotel-dolce-sitges-6-300x183.jpg 300w, https:\/\/barcelonagolfdestination.com\/wp-content\/uploads\/2022\/05\/hotel-dolce-sitges-6-768x469.jpg 768w\" sizes=\"auto, (max-width: 900px) 100vw, 900px\" \/>\t\t\t\t\t\t\t\t\t\t\t<\/a>\n\t\t\t\t\t\t\t\t\t<\/div>\n\t\t\t<\/div>\n\t\t\t\t\t<div class=\"mkdf-ig-image mkdf-item-space\">\n\t\t\t\t<div class=\"mkdf-ig-image-inner\">\n\t\t\t\t\t\t\t\t\t\t\t<a itemprop=\"image\" class=\"mkdf-ig-lightbox\" href=\"https:\/\/barcelonagolfdestination.com\/wp-content\/uploads\/2022\/05\/hotel-dolce-sitges-7.jpg\" data-rel=\"prettyPhoto[image_gallery_pretty_photo-355]\" title=\"hotel-dolce-sitges-7\">\n\t\t\t\t\t\t\t\t\t\t\t<img loading=\"lazy\" decoding=\"async\" width=\"900\" height=\"550\" src=\"https:\/\/barcelonagolfdestination.com\/wp-content\/uploads\/2022\/05\/hotel-dolce-sitges-7.jpg\" class=\"attachment-full size-full\" alt=\"\" srcset=\"https:\/\/barcelonagolfdestination.com\/wp-content\/uploads\/2022\/05\/hotel-dolce-sitges-7.jpg 900w, https:\/\/barcelonagolfdestination.com\/wp-content\/uploads\/2022\/05\/hotel-dolce-sitges-7-300x183.jpg 300w, https:\/\/barcelonagolfdestination.com\/wp-content\/uploads\/2022\/05\/hotel-dolce-sitges-7-768x469.jpg 768w\" sizes=\"auto, (max-width: 900px) 100vw, 900px\" \/>\t\t\t\t\t\t\t\t\t\t\t<\/a>\n\t\t\t\t\t\t\t\t\t<\/div>\n\t\t\t<\/div>\n\t\t\t\t\t<div class=\"mkdf-ig-image mkdf-item-space\">\n\t\t\t\t<div class=\"mkdf-ig-image-inner\">\n\t\t\t\t\t\t\t\t\t\t\t<a itemprop=\"image\" class=\"mkdf-ig-lightbox\" href=\"https:\/\/barcelonagolfdestination.com\/wp-content\/uploads\/2022\/05\/hotel-dolce-sitges-8.jpg\" data-rel=\"prettyPhoto[image_gallery_pretty_photo-355]\" title=\"hotel-dolce-sitges-8\">\n\t\t\t\t\t\t\t\t\t\t\t<img loading=\"lazy\" decoding=\"async\" width=\"900\" height=\"550\" src=\"https:\/\/barcelonagolfdestination.com\/wp-content\/uploads\/2022\/05\/hotel-dolce-sitges-8.jpg\" class=\"attachment-full size-full\" alt=\"\" srcset=\"https:\/\/barcelonagolfdestination.com\/wp-content\/uploads\/2022\/05\/hotel-dolce-sitges-8.jpg 900w, https:\/\/barcelonagolfdestination.com\/wp-content\/uploads\/2022\/05\/hotel-dolce-sitges-8-300x183.jpg 300w, https:\/\/barcelonagolfdestination.com\/wp-content\/uploads\/2022\/05\/hotel-dolce-sitges-8-768x469.jpg 768w\" sizes=\"auto, (max-width: 900px) 100vw, 900px\" \/>\t\t\t\t\t\t\t\t\t\t\t<\/a>\n\t\t\t\t\t\t\t\t\t<\/div>\n\t\t\t<\/div>\n\t\t\t\t\t<div class=\"mkdf-ig-image mkdf-item-space\">\n\t\t\t\t<div class=\"mkdf-ig-image-inner\">\n\t\t\t\t\t\t\t\t\t\t\t<a itemprop=\"image\" class=\"mkdf-ig-lightbox\" href=\"https:\/\/barcelonagolfdestination.com\/wp-content\/uploads\/2022\/05\/hotel-dolce-sitges-9.jpg\" data-rel=\"prettyPhoto[image_gallery_pretty_photo-355]\" title=\"hotel-dolce-sitges-9\">\n\t\t\t\t\t\t\t\t\t\t\t<img loading=\"lazy\" decoding=\"async\" width=\"900\" height=\"550\" src=\"https:\/\/barcelonagolfdestination.com\/wp-content\/uploads\/2022\/05\/hotel-dolce-sitges-9.jpg\" class=\"attachment-full size-full\" alt=\"\" srcset=\"https:\/\/barcelonagolfdestination.com\/wp-content\/uploads\/2022\/05\/hotel-dolce-sitges-9.jpg 900w, https:\/\/barcelonagolfdestination.com\/wp-content\/uploads\/2022\/05\/hotel-dolce-sitges-9-300x183.jpg 300w, https:\/\/barcelonagolfdestination.com\/wp-content\/uploads\/2022\/05\/hotel-dolce-sitges-9-768x469.jpg 768w\" sizes=\"auto, (max-width: 900px) 100vw, 900px\" \/>\t\t\t\t\t\t\t\t\t\t\t<\/a>\n\t\t\t\t\t\t\t\t\t<\/div>\n\t\t\t<\/div>\n\t\t\t\t\t<div class=\"mkdf-ig-image mkdf-item-space\">\n\t\t\t\t<div class=\"mkdf-ig-image-inner\">\n\t\t\t\t\t\t\t\t\t\t\t<a itemprop=\"image\" class=\"mkdf-ig-lightbox\" href=\"https:\/\/barcelonagolfdestination.com\/wp-content\/uploads\/2022\/05\/hotel-dolce-sitges-10.jpg\" data-rel=\"prettyPhoto[image_gallery_pretty_photo-355]\" title=\"hotel-dolce-sitges-10\">\n\t\t\t\t\t\t\t\t\t\t\t<img loading=\"lazy\" decoding=\"async\" width=\"900\" height=\"550\" src=\"https:\/\/barcelonagolfdestination.com\/wp-content\/uploads\/2022\/05\/hotel-dolce-sitges-10.jpg\" class=\"attachment-full size-full\" alt=\"\" srcset=\"https:\/\/barcelonagolfdestination.com\/wp-content\/uploads\/2022\/05\/hotel-dolce-sitges-10.jpg 900w, https:\/\/barcelonagolfdestination.com\/wp-content\/uploads\/2022\/05\/hotel-dolce-sitges-10-300x183.jpg 300w, https:\/\/barcelonagolfdestination.com\/wp-content\/uploads\/2022\/05\/hotel-dolce-sitges-10-768x469.jpg 768w\" sizes=\"auto, (max-width: 900px) 100vw, 900px\" \/>\t\t\t\t\t\t\t\t\t\t\t<\/a>\n\t\t\t\t\t\t\t\t\t<\/div>\n\t\t\t<\/div>\n\t\t\t\t\t<div class=\"mkdf-ig-image mkdf-item-space\">\n\t\t\t\t<div class=\"mkdf-ig-image-inner\">\n\t\t\t\t\t\t\t\t\t\t\t<a itemprop=\"image\" class=\"mkdf-ig-lightbox\" href=\"https:\/\/barcelonagolfdestination.com\/wp-content\/uploads\/2022\/05\/hotel-dolce-sitges-11.jpg\" data-rel=\"prettyPhoto[image_gallery_pretty_photo-355]\" title=\"hotel-dolce-sitges-11\">\n\t\t\t\t\t\t\t\t\t\t\t<img loading=\"lazy\" decoding=\"async\" width=\"900\" height=\"550\" src=\"https:\/\/barcelonagolfdestination.com\/wp-content\/uploads\/2022\/05\/hotel-dolce-sitges-11.jpg\" class=\"attachment-full size-full\" alt=\"\" srcset=\"https:\/\/barcelonagolfdestination.com\/wp-content\/uploads\/2022\/05\/hotel-dolce-sitges-11.jpg 900w, https:\/\/barcelonagolfdestination.com\/wp-content\/uploads\/2022\/05\/hotel-dolce-sitges-11-300x183.jpg 300w, https:\/\/barcelonagolfdestination.com\/wp-content\/uploads\/2022\/05\/hotel-dolce-sitges-11-768x469.jpg 768w\" sizes=\"auto, (max-width: 900px) 100vw, 900px\" \/>\t\t\t\t\t\t\t\t\t\t\t<\/a>\n\t\t\t\t\t\t\t\t\t<\/div>\n\t\t\t<\/div>\n\t\t\t\t\t<div class=\"mkdf-ig-image mkdf-item-space\">\n\t\t\t\t<div class=\"mkdf-ig-image-inner\">\n\t\t\t\t\t\t\t\t\t\t\t<a itemprop=\"image\" class=\"mkdf-ig-lightbox\" href=\"https:\/\/barcelonagolfdestination.com\/wp-content\/uploads\/2022\/05\/hotel-dolce-sitges-12.jpg\" data-rel=\"prettyPhoto[image_gallery_pretty_photo-355]\" title=\"hotel-dolce-sitges-12\">\n\t\t\t\t\t\t\t\t\t\t\t<img loading=\"lazy\" decoding=\"async\" width=\"900\" height=\"550\" src=\"https:\/\/barcelonagolfdestination.com\/wp-content\/uploads\/2022\/05\/hotel-dolce-sitges-12.jpg\" class=\"attachment-full size-full\" alt=\"\" srcset=\"https:\/\/barcelonagolfdestination.com\/wp-content\/uploads\/2022\/05\/hotel-dolce-sitges-12.jpg 900w, https:\/\/barcelonagolfdestination.com\/wp-content\/uploads\/2022\/05\/hotel-dolce-sitges-12-300x183.jpg 300w, https:\/\/barcelonagolfdestination.com\/wp-content\/uploads\/2022\/05\/hotel-dolce-sitges-12-768x469.jpg 768w\" sizes=\"auto, (max-width: 900px) 100vw, 900px\" \/>\t\t\t\t\t\t\t\t\t\t\t<\/a>\n\t\t\t\t\t\t\t\t\t<\/div>\n\t\t\t<\/div>\n\t\t\t<\/div>\n<\/div>[\/vc_column][\/vc_row][vc_row full_width=\u00bbstretch_row_content_no_spaces\u00bb][vc_column][vc_gmaps link=\u00bb#E-8_JTNDaWZyYW1lJTIwc3JjJTNEJTIyaHR0cHMlM0ElMkYlMkZ3d3cuZ29vZ2xlLmNvbSUyRm1hcHMlMkZkJTJGdSUyRjElMkZlbWJlZCUzRm1pZCUzRDFTTzczcWpyVWduQnZCZkRrdnlIX0RmY3lVNXg4NWN6VSUyNmVoYmMlM0QyRTMxMkYlMjZ6JTNEOSUyMiUyMHdpZHRoJTNEJTIyNjQwJTIyJTIwaGVpZ2h0JTNEJTIyNDgwJTIyJTNFJTNDJTJGaWZyYW1lJTNF\u00bb][\/vc_column][\/vc_row]<\/p>\n<\/div>","protected":false},"excerpt":{"rendered":"<p>[vc_row full_width=\u00bbstretch_row_content_no_spaces\u00bb content_placement=\u00bbtop\u00bb content_text_aligment=\u00bbcenter\u00bb css=\u00bb.vc_custom_1571957062292{margin-top: 0px !important;margin-bottom: 0px !important;border-top-width: 0px !important;border-bottom-width: 0px !important;padding-top: 0px !important;padding-bottom: 0px !important;}\u00bb][vc_column css=\u00bb.vc_custom_1571956958484{margin-top: 0px !important;margin-bottom: 0px !important;border-top-width: 0px !important;border-bottom-width: 0px !important;padding-top: 0px !important;padding-bottom: 0px !important;}\u00bb][vc_single_image image=\u00bb10684&#8243; img_size=\u00bbfull\u00bb alignment=\u00bbcenter\u00bb][\/vc_column][\/vc_row][vc_row][vc_column][\/vc_column][\/vc_row][vc_row gap=\u00bb30&#8243; css=\u00bb.vc_custom_1640733657578{margin-top: 50px !important;margin-bottom: 50px !important;}\u00bb][vc_column width=\u00bb2\/3&#8243;][vc_gallery type=\u00bbflexslider_slide\u00bb interval=\u00bb15&#8243; images=\u00bb8766,9325,9331&#8243; img_size=\u00bb1030&#215;687&#8243; onclick=\u00bb\u00bb][\/vc_column][vc_column width=\u00bb1\/3&#8243; css=\u00bb.vc_custom_1571869565084{margin-bottom: 30px !important;}\u00bb][vc_row_inner css=\u00bb.vc_custom_1571869581895{margin-top: 30px !important;}\u00bb][vc_column_inner][\/vc_column_inner][\/vc_row_inner][\/vc_column][\/vc_row][vc_row css=\u00bb.vc_custom_1654204001025{margin-top: 50px !important;margin-bottom: 50px !important;}\u00bb][vc_column][vc_row_inner css=\u00bb.vc_custom_1654204007987{margin-top: 20px !important;}\u00bb][vc_column_inner][vc_column_text] CLUB DE GOLF TERRAMAR +\u00a0CLUB DE GOLF BARCELONA &#8211; desde 565\u20ac [\/vc_column_text][\/vc_column_inner][\/vc_row_inner][\/vc_column][\/vc_row][vc_row css=\u00bb.vc_custom_1654204001025{margin-top: 50px !important;margin-bottom: 50px !important;}\u00bb][vc_column][vc_row_inner][vc_column_inner css=\u00bb.vc_custom_1654204273361{margin-top: 20px !important;}\u00bb][vc_column_text]El [&hellip;]<\/p>\n","protected":false},"author":1,"featured_media":0,"parent":8155,"menu_order":0,"comment_status":"closed","ping_status":"closed","template":"","meta":{"footnotes":""},"class_list":["post-13528","page","type-page","status-publish","hentry"],"aioseo_notices":[],"_links":{"self":[{"href":"https:\/\/barcelonagolfdestination.com\/es\/wp-json\/wp\/v2\/pages\/13528","targetHints":{"allow":["GET"]}}],"collection":[{"href":"https:\/\/barcelonagolfdestination.com\/es\/wp-json\/wp\/v2\/pages"}],"about":[{"href":"https:\/\/barcelonagolfdestination.com\/es\/wp-json\/wp\/v2\/types\/page"}],"author":[{"embeddable":true,"href":"https:\/\/barcelonagolfdestination.com\/es\/wp-json\/wp\/v2\/users\/1"}],"replies":[{"embeddable":true,"href":"https:\/\/barcelonagolfdestination.com\/es\/wp-json\/wp\/v2\/comments?post=13528"}],"version-history":[{"count":17,"href":"https:\/\/barcelonagolfdestination.com\/es\/wp-json\/wp\/v2\/pages\/13528\/revisions"}],"predecessor-version":[{"id":32023,"href":"https:\/\/barcelonagolfdestination.com\/es\/wp-json\/wp\/v2\/pages\/13528\/revisions\/32023"}],"up":[{"embeddable":true,"href":"https:\/\/barcelonagolfdestination.com\/es\/wp-json\/wp\/v2\/pages\/8155"}],"wp:attachment":[{"href":"https:\/\/barcelonagolfdestination.com\/es\/wp-json\/wp\/v2\/media?parent=13528"}],"curies":[{"name":"wp","href":"https:\/\/api.w.org\/{rel}","templated":true}]}}